{"id":1017,"date":"2024-10-18T10:34:47","date_gmt":"2024-10-18T10:34:47","guid":{"rendered":"https:\/\/bassiana.hu\/?page_id=1017"},"modified":"2024-10-18T10:36:32","modified_gmt":"2024-10-18T10:36:32","slug":"sokamra","status":"publish","type":"page","link":"https:\/\/bassiana.hu\/de\/wellness-hotel\/wellness\/sokamra\/","title":{"rendered":"Salzkammer"},"content":{"rendered":"","protected":false},"excerpt":{"rendered":"<p>Die Salztherapie ist eine Behandlung, bei der Salz in die Luft gespritzt wird, was eine wohltuende Wirkung auf den K\u00f6rper hat. Die Behandlung ist jedoch nicht nur f\u00fcr den menschlichen K\u00f6rper von Vorteil, sondern hilft auch bei der Bek\u00e4mpfung verschiedener Erkrankungen der Atemwege und der Atmungsorgane sowie bei Haut- und Gelenkproblemen.<br \/>\nDie saubere Luft der Salzr\u00e4ume, die hinsichtlich der elektrischen Ladungen ausgeglichen ist, hat viele positive Auswirkungen auf den K\u00f6rper. Zun\u00e4chst befreit sie die Atemwege und lindert so die Symptome von Atemwegserkrankungen wie Asthma, Heuschnupfen und Allergien, ist aber auch wirksam bei der Behandlung von Krupp, Bronchitis, Nasennebenh\u00f6hlenentz\u00fcndung, Rhinitis oder COPD. Au\u00dferdem hat es keine sch\u00e4dlichen Nebenwirkungen.<br \/>\nDie von den Salzkristallen \u00fcbertragene Bioenergie kann auch Stress abbauen, die Konzentration verbessern, Schlafst\u00f6rungen beseitigen, Arthritis und rheumatische Beschwerden lindern. Dar\u00fcber hinaus wirkt sich die Salzluft positiv auf das Nervensystem, den Hormonhaushalt und die Entgiftung aus.<\/p>\n","protected":false},"author":1,"featured_media":757,"parent":409,"menu_order":19,"comment_status":"closed","ping_status":"closed","template":"","meta":{"_acf_changed":false,"inline_featured_image":false,"pgc_sgb_lightbox_settings":"","footnotes":""},"class_list":["post-1017","page","type-page","status-publish","has-post-thumbnail","hentry"],"acf":[],"yoast_head":"<!-- This site is optimized with the Yoast SEO plugin v27.4 - https:\/\/yoast.com\/product\/yoast-seo-wordpress\/ -->\n<title>Salzkammer - Hotel Bassiana<\/title>\n<meta name=\"robots\" content=\"index, follow, max-snippet:-1, max-image-preview:large, max-video-preview:-1\" \/>\n<link rel=\"canonical\" href=\"https:\/\/bassiana.hu\/wellness-hotel\/wellness\/sokamra\/\" \/>\n<meta property=\"og:locale\" content=\"de_DE\" \/>\n<meta property=\"og:type\" content=\"article\" \/>\n<meta property=\"og:title\" content=\"Salzkammer - Hotel Bassiana\" \/>\n<meta property=\"og:description\" content=\"[:hu]A s\u00f3ter\u00e1pia l\u00e9nyege, hogy a kezel\u00e9s sor\u00e1n s\u00f3t juttatnak a leveg\u0151be, ami j\u00f3t\u00e9konyan hat a szervezetre. A kezel\u00e9s azonban nemcsak az emberi szervezetre hat pozit\u00edvan, hanem seg\u00edt a k\u00fcl\u00f6nf\u00e9le l\u00e9g\u00fati \u00e9s l\u00e9gz\u0151szervi betegs\u00e9gek lek\u00fczd\u00e9s\u00e9ben, a b\u0151r \u00e9s \u00edz\u00fcleti probl\u00e9m\u00e1k gy\u00f3gy\u00edt\u00e1s\u00e1ban. A s\u00f3szob\u00e1k tiszta, elektromos t\u00f6lt\u00e9sek szempontj\u00e1b\u00f3l kiegyens\u00falyozott leveg\u0151je sz\u00e1mos kedvez\u0151 hat\u00e1ssal van a szervezetre. El\u0151sz\u00f6r is tiszt\u00edtja a l\u00e9gutakat, ez\u00e1ltal cs\u00f6kkenti az olyan l\u00e9gz\u0151szervi betegs\u00e9gek t\u00fcneteit, mint p\u00e9ld\u00e1ul az asztma, sz\u00e9nan\u00e1tha, allergia, de hat\u00e1sos a krupp, a h\u00f6rghurut, az arc\u00fcreggyullad\u00e1s, a n\u00e1tha vagy a COPD kezel\u00e9s\u00e9ben is. R\u00e1ad\u00e1sul mindezt \u00fagy, hogy az alkalmaz\u00e1sa semmif\u00e9le k\u00e1ros mell\u00e9khat\u00e1ssal nem j\u00e1r. A s\u00f3krist\u00e1lyok \u00e1ltal k\u00f6zvet\u00edtett bioenergia emellett cs\u00f6kkenti a stresszt, jav\u00edtja a koncentr\u00e1ci\u00f3t, megsz\u00fcntetheti az alv\u00e1szavarokat, enyh\u00edtheti az \u00edz\u00fcleti gyullad\u00e1st, a reum\u00e1s t\u00fcneteket is. Ezenfel\u00fcl a s\u00f3s leveg\u0151 j\u00f3t\u00e9kony hat\u00e1ssal van az idegrendszerre, a hormonh\u00e1ztart\u00e1sra, \u00e9s el\u0151seg\u00edti a m\u00e9regtelen\u00edt\u00e9st is.[:en]Salt therapy is a treatment in which salt is injected into the air, which has a beneficial effect on the body. However, the treatment is not only beneficial for the human body, but also helps to combat various respiratory and respiratory diseases as well as skin and joint problems. The clean air of the salt rooms, which is balanced in terms of electrical charges, has many positive effects on the body. Firstly, it clears the airways and thus alleviates the symptoms of respiratory diseases such as asthma, hay fever and allergies, but is also effective in the treatment of croup, bronchitis, sinusitis, rhinitis or COPD. It also has no harmful side effects. The bioenergy transferred by the salt crystals can also reduce stress, improve concentration, eliminate sleep disorders, relieve arthritis and rheumatic complaints. In addition, the salt air has a positive effect on the nervous system, hormone balance and detoxification.[:de]Die Salztherapie ist eine Behandlung, bei der Salz in die Luft gespritzt wird, was eine wohltuende Wirkung auf den K\u00f6rper hat. Die Behandlung ist jedoch nicht nur f\u00fcr den menschlichen K\u00f6rper von Vorteil, sondern hilft auch bei der Bek\u00e4mpfung verschiedener Erkrankungen der Atemwege und der Atmungsorgane sowie bei Haut- und Gelenkproblemen. Die saubere Luft der Salzr\u00e4ume, die hinsichtlich der elektrischen Ladungen ausgeglichen ist, hat viele positive Auswirkungen auf den K\u00f6rper. Zun\u00e4chst befreit sie die Atemwege und lindert so die Symptome von Atemwegserkrankungen wie Asthma, Heuschnupfen und Allergien, ist aber auch wirksam bei der Behandlung von Krupp, Bronchitis, Nasennebenh\u00f6hlenentz\u00fcndung, Rhinitis oder COPD. Au\u00dferdem hat es keine sch\u00e4dlichen Nebenwirkungen. Die von den Salzkristallen \u00fcbertragene Bioenergie kann auch Stress abbauen, die Konzentration verbessern, Schlafst\u00f6rungen beseitigen, Arthritis und rheumatische Beschwerden lindern. Dar\u00fcber hinaus wirkt sich die Salzluft positiv auf das Nervensystem, den Hormonhaushalt und die Entgiftung aus.[:]\" \/>\n<meta property=\"og:url\" content=\"https:\/\/bassiana.hu\/wellness-hotel\/wellness\/sokamra\/\" \/>\n<meta property=\"og:site_name\" content=\"Hotel Bassiana\" \/>\n<meta property=\"article:modified_time\" content=\"2024-10-18T10:36:32+00:00\" \/>\n<meta property=\"og:image\" content=\"https:\/\/bassiana.hu\/wp-content\/uploads\/2024\/10\/Hotel_Bassiana_portfolio-0480.jpg\" \/>\n\t<meta property=\"og:image:width\" content=\"800\" \/>\n\t<meta property=\"og:image:height\" content=\"1200\" \/>\n\t<meta property=\"og:image:type\" content=\"image\/jpeg\" \/>\n<meta name=\"twitter:card\" content=\"summary_large_image\" \/>\n<meta name=\"twitter:label1\" content=\"Gesch\u00e4tzte Lesezeit\" \/>\n\t<meta name=\"twitter:data1\" content=\"1\u00a0Minute\" \/>\n<script type=\"application\/ld+json\" class=\"yoast-schema-graph\">{\"@context\":\"https:\\\/\\\/schema.org\",\"@graph\":[{\"@type\":\"WebPage\",\"@id\":\"https:\\\/\\\/bassiana.hu\\\/wellness-hotel\\\/wellness\\\/sokamra\\\/\",\"url\":\"https:\\\/\\\/bassiana.hu\\\/wellness-hotel\\\/wellness\\\/sokamra\\\/\",\"name\":\"[:hu]S\u00f3kamra[:en]Salt chamber[:de]Salzkammer[:] - Hotel Bassiana\",\"isPartOf\":{\"@id\":\"https:\\\/\\\/bassiana.hu\\\/#website\"},\"primaryImageOfPage\":{\"@id\":\"https:\\\/\\\/bassiana.hu\\\/wellness-hotel\\\/wellness\\\/sokamra\\\/#primaryimage\"},\"image\":{\"@id\":\"https:\\\/\\\/bassiana.hu\\\/wellness-hotel\\\/wellness\\\/sokamra\\\/#primaryimage\"},\"thumbnailUrl\":\"https:\\\/\\\/bassiana.hu\\\/wp-content\\\/uploads\\\/2024\\\/10\\\/Hotel_Bassiana_portfolio-0480.jpg\",\"datePublished\":\"2024-10-18T10:34:47+00:00\",\"dateModified\":\"2024-10-18T10:36:32+00:00\",\"breadcrumb\":{\"@id\":\"https:\\\/\\\/bassiana.hu\\\/wellness-hotel\\\/wellness\\\/sokamra\\\/#breadcrumb\"},\"inLanguage\":\"de\",\"potentialAction\":[{\"@type\":\"ReadAction\",\"target\":[\"https:\\\/\\\/bassiana.hu\\\/wellness-hotel\\\/wellness\\\/sokamra\\\/\"]}]},{\"@type\":\"ImageObject\",\"inLanguage\":\"de\",\"@id\":\"https:\\\/\\\/bassiana.hu\\\/wellness-hotel\\\/wellness\\\/sokamra\\\/#primaryimage\",\"url\":\"https:\\\/\\\/bassiana.hu\\\/wp-content\\\/uploads\\\/2024\\\/10\\\/Hotel_Bassiana_portfolio-0480.jpg\",\"contentUrl\":\"https:\\\/\\\/bassiana.hu\\\/wp-content\\\/uploads\\\/2024\\\/10\\\/Hotel_Bassiana_portfolio-0480.jpg\",\"width\":800,\"height\":1200},{\"@type\":\"BreadcrumbList\",\"@id\":\"https:\\\/\\\/bassiana.hu\\\/wellness-hotel\\\/wellness\\\/sokamra\\\/#breadcrumb\",\"itemListElement\":[{\"@type\":\"ListItem\",\"position\":1,\"name\":\"Kezd\u0151lap\",\"item\":\"https:\\\/\\\/bassiana.hu\\\/\"},{\"@type\":\"ListItem\",\"position\":2,\"name\":\"Wellness\",\"item\":\"https:\\\/\\\/bassiana.hu\\\/wellness-hotel\\\/\"},{\"@type\":\"ListItem\",\"position\":3,\"name\":\"Wellness &#038; Health\",\"item\":\"https:\\\/\\\/bassiana.hu\\\/wellness-hotel\\\/wellness\\\/\"},{\"@type\":\"ListItem\",\"position\":4,\"name\":\"S\u00f3kamra\"}]},{\"@type\":\"WebSite\",\"@id\":\"https:\\\/\\\/bassiana.hu\\\/#website\",\"url\":\"https:\\\/\\\/bassiana.hu\\\/\",\"name\":\"Hotel Bassiana\",\"description\":\"S\u00e1rv\u00e1r\",\"publisher\":{\"@id\":\"https:\\\/\\\/bassiana.hu\\\/#organization\"},\"potentialAction\":[{\"@type\":\"SearchAction\",\"target\":{\"@type\":\"EntryPoint\",\"urlTemplate\":\"https:\\\/\\\/bassiana.hu\\\/?s={search_term_string}\"},\"query-input\":{\"@type\":\"PropertyValueSpecification\",\"valueRequired\":true,\"valueName\":\"search_term_string\"}}],\"inLanguage\":\"de\"},{\"@type\":\"Organization\",\"@id\":\"https:\\\/\\\/bassiana.hu\\\/#organization\",\"name\":\"Hotel Bassiana\",\"url\":\"https:\\\/\\\/bassiana.hu\\\/\",\"logo\":{\"@type\":\"ImageObject\",\"inLanguage\":\"de\",\"@id\":\"https:\\\/\\\/bassiana.hu\\\/#\\\/schema\\\/logo\\\/image\\\/\",\"url\":\"https:\\\/\\\/bassiana.hu\\\/wp-content\\\/uploads\\\/2025\\\/04\\\/RGBbassiana_logo_RGB_bassiana_boutique_logo_csillaggal_szines_feher_felirat.svg\",\"contentUrl\":\"https:\\\/\\\/bassiana.hu\\\/wp-content\\\/uploads\\\/2025\\\/04\\\/RGBbassiana_logo_RGB_bassiana_boutique_logo_csillaggal_szines_feher_felirat.svg\",\"caption\":\"Hotel Bassiana\"},\"image\":{\"@id\":\"https:\\\/\\\/bassiana.hu\\\/#\\\/schema\\\/logo\\\/image\\\/\"}}]}<\/script>\n<!-- \/ Yoast SEO plugin. -->","yoast_head_json":{"title":"[:hu]S\u00f3kamra[:en]Salt chamber[:de]Salzkammer[:] - Hotel Bassiana","robots":{"index":"index","follow":"follow","max-snippet":"max-snippet:-1","max-image-preview":"max-image-preview:large","max-video-preview":"max-video-preview:-1"},"canonical":"https:\/\/bassiana.hu\/wellness-hotel\/wellness\/sokamra\/","og_locale":"de_DE","og_type":"article","og_title":"Salzkammer - Hotel Bassiana","og_description":"[:hu]A s\u00f3ter\u00e1pia l\u00e9nyege, hogy a kezel\u00e9s sor\u00e1n s\u00f3t juttatnak a leveg\u0151be, ami j\u00f3t\u00e9konyan hat a szervezetre. A kezel\u00e9s azonban nemcsak az emberi szervezetre hat pozit\u00edvan, hanem seg\u00edt a k\u00fcl\u00f6nf\u00e9le l\u00e9g\u00fati \u00e9s l\u00e9gz\u0151szervi betegs\u00e9gek lek\u00fczd\u00e9s\u00e9ben, a b\u0151r \u00e9s \u00edz\u00fcleti probl\u00e9m\u00e1k gy\u00f3gy\u00edt\u00e1s\u00e1ban. A s\u00f3szob\u00e1k tiszta, elektromos t\u00f6lt\u00e9sek szempontj\u00e1b\u00f3l kiegyens\u00falyozott leveg\u0151je sz\u00e1mos kedvez\u0151 hat\u00e1ssal van a szervezetre. El\u0151sz\u00f6r is tiszt\u00edtja a l\u00e9gutakat, ez\u00e1ltal cs\u00f6kkenti az olyan l\u00e9gz\u0151szervi betegs\u00e9gek t\u00fcneteit, mint p\u00e9ld\u00e1ul az asztma, sz\u00e9nan\u00e1tha, allergia, de hat\u00e1sos a krupp, a h\u00f6rghurut, az arc\u00fcreggyullad\u00e1s, a n\u00e1tha vagy a COPD kezel\u00e9s\u00e9ben is. R\u00e1ad\u00e1sul mindezt \u00fagy, hogy az alkalmaz\u00e1sa semmif\u00e9le k\u00e1ros mell\u00e9khat\u00e1ssal nem j\u00e1r. A s\u00f3krist\u00e1lyok \u00e1ltal k\u00f6zvet\u00edtett bioenergia emellett cs\u00f6kkenti a stresszt, jav\u00edtja a koncentr\u00e1ci\u00f3t, megsz\u00fcntetheti az alv\u00e1szavarokat, enyh\u00edtheti az \u00edz\u00fcleti gyullad\u00e1st, a reum\u00e1s t\u00fcneteket is. Ezenfel\u00fcl a s\u00f3s leveg\u0151 j\u00f3t\u00e9kony hat\u00e1ssal van az idegrendszerre, a hormonh\u00e1ztart\u00e1sra, \u00e9s el\u0151seg\u00edti a m\u00e9regtelen\u00edt\u00e9st is.[:en]Salt therapy is a treatment in which salt is injected into the air, which has a beneficial effect on the body. However, the treatment is not only beneficial for the human body, but also helps to combat various respiratory and respiratory diseases as well as skin and joint problems. The clean air of the salt rooms, which is balanced in terms of electrical charges, has many positive effects on the body. Firstly, it clears the airways and thus alleviates the symptoms of respiratory diseases such as asthma, hay fever and allergies, but is also effective in the treatment of croup, bronchitis, sinusitis, rhinitis or COPD. It also has no harmful side effects. The bioenergy transferred by the salt crystals can also reduce stress, improve concentration, eliminate sleep disorders, relieve arthritis and rheumatic complaints. In addition, the salt air has a positive effect on the nervous system, hormone balance and detoxification.[:de]Die Salztherapie ist eine Behandlung, bei der Salz in die Luft gespritzt wird, was eine wohltuende Wirkung auf den K\u00f6rper hat. Die Behandlung ist jedoch nicht nur f\u00fcr den menschlichen K\u00f6rper von Vorteil, sondern hilft auch bei der Bek\u00e4mpfung verschiedener Erkrankungen der Atemwege und der Atmungsorgane sowie bei Haut- und Gelenkproblemen. Die saubere Luft der Salzr\u00e4ume, die hinsichtlich der elektrischen Ladungen ausgeglichen ist, hat viele positive Auswirkungen auf den K\u00f6rper. Zun\u00e4chst befreit sie die Atemwege und lindert so die Symptome von Atemwegserkrankungen wie Asthma, Heuschnupfen und Allergien, ist aber auch wirksam bei der Behandlung von Krupp, Bronchitis, Nasennebenh\u00f6hlenentz\u00fcndung, Rhinitis oder COPD. Au\u00dferdem hat es keine sch\u00e4dlichen Nebenwirkungen. Die von den Salzkristallen \u00fcbertragene Bioenergie kann auch Stress abbauen, die Konzentration verbessern, Schlafst\u00f6rungen beseitigen, Arthritis und rheumatische Beschwerden lindern. Dar\u00fcber hinaus wirkt sich die Salzluft positiv auf das Nervensystem, den Hormonhaushalt und die Entgiftung aus.[:]","og_url":"https:\/\/bassiana.hu\/wellness-hotel\/wellness\/sokamra\/","og_site_name":"Hotel Bassiana","article_modified_time":"2024-10-18T10:36:32+00:00","og_image":[{"width":800,"height":1200,"url":"https:\/\/bassiana.hu\/wp-content\/uploads\/2024\/10\/Hotel_Bassiana_portfolio-0480.jpg","type":"image\/jpeg"}],"twitter_card":"summary_large_image","twitter_misc":{"Gesch\u00e4tzte Lesezeit":"1\u00a0Minute"},"schema":{"@context":"https:\/\/schema.org","@graph":[{"@type":"WebPage","@id":"https:\/\/bassiana.hu\/wellness-hotel\/wellness\/sokamra\/","url":"https:\/\/bassiana.hu\/wellness-hotel\/wellness\/sokamra\/","name":"[:hu]S\u00f3kamra[:en]Salt chamber[:de]Salzkammer[:] - Hotel Bassiana","isPartOf":{"@id":"https:\/\/bassiana.hu\/#website"},"primaryImageOfPage":{"@id":"https:\/\/bassiana.hu\/wellness-hotel\/wellness\/sokamra\/#primaryimage"},"image":{"@id":"https:\/\/bassiana.hu\/wellness-hotel\/wellness\/sokamra\/#primaryimage"},"thumbnailUrl":"https:\/\/bassiana.hu\/wp-content\/uploads\/2024\/10\/Hotel_Bassiana_portfolio-0480.jpg","datePublished":"2024-10-18T10:34:47+00:00","dateModified":"2024-10-18T10:36:32+00:00","breadcrumb":{"@id":"https:\/\/bassiana.hu\/wellness-hotel\/wellness\/sokamra\/#breadcrumb"},"inLanguage":"de","potentialAction":[{"@type":"ReadAction","target":["https:\/\/bassiana.hu\/wellness-hotel\/wellness\/sokamra\/"]}]},{"@type":"ImageObject","inLanguage":"de","@id":"https:\/\/bassiana.hu\/wellness-hotel\/wellness\/sokamra\/#primaryimage","url":"https:\/\/bassiana.hu\/wp-content\/uploads\/2024\/10\/Hotel_Bassiana_portfolio-0480.jpg","contentUrl":"https:\/\/bassiana.hu\/wp-content\/uploads\/2024\/10\/Hotel_Bassiana_portfolio-0480.jpg","width":800,"height":1200},{"@type":"BreadcrumbList","@id":"https:\/\/bassiana.hu\/wellness-hotel\/wellness\/sokamra\/#breadcrumb","itemListElement":[{"@type":"ListItem","position":1,"name":"Kezd\u0151lap","item":"https:\/\/bassiana.hu\/"},{"@type":"ListItem","position":2,"name":"Wellness","item":"https:\/\/bassiana.hu\/wellness-hotel\/"},{"@type":"ListItem","position":3,"name":"Wellness &#038; Health","item":"https:\/\/bassiana.hu\/wellness-hotel\/wellness\/"},{"@type":"ListItem","position":4,"name":"S\u00f3kamra"}]},{"@type":"WebSite","@id":"https:\/\/bassiana.hu\/#website","url":"https:\/\/bassiana.hu\/","name":"Hotel Bassiana","description":"S\u00e1rv\u00e1r","publisher":{"@id":"https:\/\/bassiana.hu\/#organization"},"potentialAction":[{"@type":"SearchAction","target":{"@type":"EntryPoint","urlTemplate":"https:\/\/bassiana.hu\/?s={search_term_string}"},"query-input":{"@type":"PropertyValueSpecification","valueRequired":true,"valueName":"search_term_string"}}],"inLanguage":"de"},{"@type":"Organization","@id":"https:\/\/bassiana.hu\/#organization","name":"Hotel Bassiana","url":"https:\/\/bassiana.hu\/","logo":{"@type":"ImageObject","inLanguage":"de","@id":"https:\/\/bassiana.hu\/#\/schema\/logo\/image\/","url":"https:\/\/bassiana.hu\/wp-content\/uploads\/2025\/04\/RGBbassiana_logo_RGB_bassiana_boutique_logo_csillaggal_szines_feher_felirat.svg","contentUrl":"https:\/\/bassiana.hu\/wp-content\/uploads\/2025\/04\/RGBbassiana_logo_RGB_bassiana_boutique_logo_csillaggal_szines_feher_felirat.svg","caption":"Hotel Bassiana"},"image":{"@id":"https:\/\/bassiana.hu\/#\/schema\/logo\/image\/"}}]}},"_links":{"self":[{"href":"https:\/\/bassiana.hu\/de\/wp-json\/wp\/v2\/pages\/1017","targetHints":{"allow":["GET"]}}],"collection":[{"href":"https:\/\/bassiana.hu\/de\/wp-json\/wp\/v2\/pages"}],"about":[{"href":"https:\/\/bassiana.hu\/de\/wp-json\/wp\/v2\/types\/page"}],"author":[{"embeddable":true,"href":"https:\/\/bassiana.hu\/de\/wp-json\/wp\/v2\/users\/1"}],"replies":[{"embeddable":true,"href":"https:\/\/bassiana.hu\/de\/wp-json\/wp\/v2\/comments?post=1017"}],"version-history":[{"count":5,"href":"https:\/\/bassiana.hu\/de\/wp-json\/wp\/v2\/pages\/1017\/revisions"}],"predecessor-version":[{"id":1023,"href":"https:\/\/bassiana.hu\/de\/wp-json\/wp\/v2\/pages\/1017\/revisions\/1023"}],"up":[{"embeddable":true,"href":"https:\/\/bassiana.hu\/de\/wp-json\/wp\/v2\/pages\/409"}],"wp:featuredmedia":[{"embeddable":true,"href":"https:\/\/bassiana.hu\/de\/wp-json\/wp\/v2\/media\/757"}],"wp:attachment":[{"href":"https:\/\/bassiana.hu\/de\/wp-json\/wp\/v2\/media?parent=1017"}],"curies":[{"name":"wp","href":"https:\/\/api.w.org\/{rel}","templated":true}]}}