{"id":122,"date":"2024-08-23T07:00:54","date_gmt":"2024-08-23T07:00:54","guid":{"rendered":"http:\/\/dev.bassiana.hu\/?page_id=122"},"modified":"2025-07-04T07:47:45","modified_gmt":"2025-07-04T07:47:45","slug":"ajandekutalvany","status":"publish","type":"page","link":"https:\/\/bassiana.hu\/de\/ajanlatok\/ajandekutalvany\/","title":{"rendered":"Geschenkgutscheine"},"content":{"rendered":"<p><\/p>\n<h2 style=\"text-align: center;\">Ein besonderes Geschenk mit einem einzigartigen Erlebnis, jeden Tag des Jahres<\/h2>\n<p>&nbsp;<\/p>\n<p>&nbsp;<\/p>\n<p style=\"text-align: center;\"><span style=\"font-size: 18px;\">W\u00e4hlen Sie zwischen unseren Gutscheinen f\u00fcr ein besonderes Erlebnis! Unsere Gutscheine sind schnell und einfach zu bestellen. Sie werden Ihnen nach dem Kauf per E-Mail zugestellt. Das perfekte Geschenk f\u00fcr jeden Anlass, das garantiert ein L\u00e4cheln auf die Gesichter Ihrer Lieben, Freunde und Bekannten zaubert.<\/span><\/p>\n<p><\/p>","protected":false},"excerpt":{"rendered":"<p>Ein besonderes Geschenk mit einem einzigartigen Erlebnis, jeden Tag des Jahres &nbsp; &nbsp; W\u00e4hlen Sie zwischen unseren Gutscheinen f\u00fcr ein besonderes Erlebnis! Unsere Gutscheine sind&#8230;<\/p>\n","protected":false},"author":1,"featured_media":844,"parent":118,"menu_order":46,"comment_status":"closed","ping_status":"closed","template":"","meta":{"_acf_changed":false,"inline_featured_image":false,"pgc_sgb_lightbox_settings":"","footnotes":""},"class_list":["post-122","page","type-page","status-publish","has-post-thumbnail","hentry"],"acf":[],"yoast_head":"<!-- This site is optimized with the Yoast SEO plugin v27.3 - https:\/\/yoast.com\/product\/yoast-seo-wordpress\/ -->\n<title>\u00c9lm\u00e9ny aj\u00e1nd\u00e9kba S\u00e1rv\u00e1ron - Hotel Bassiana<\/title>\n<meta name=\"description\" content=\"Lepje meg szeretteit k\u00fcl\u00f6nleges \u00e9lm\u00e9nnyel! A Hotel Bassiana aj\u00e1nd\u00e9kutalv\u00e1ny ide\u00e1lis v\u00e1laszt\u00e1s pihen\u00e9shez, wellnesshez.\" \/>\n<meta name=\"robots\" content=\"index, follow, max-snippet:-1, max-image-preview:large, max-video-preview:-1\" \/>\n<link rel=\"canonical\" href=\"https:\/\/bassiana.hu\/ajanlatok\/ajandekutalvany\/\" \/>\n<meta property=\"og:locale\" content=\"de_DE\" \/>\n<meta property=\"og:type\" content=\"article\" \/>\n<meta property=\"og:title\" content=\"\u00c9lm\u00e9ny aj\u00e1nd\u00e9kba S\u00e1rv\u00e1ron - Hotel Bassiana\" \/>\n<meta property=\"og:description\" content=\"Lepje meg szeretteit k\u00fcl\u00f6nleges \u00e9lm\u00e9nnyel! A Hotel Bassiana aj\u00e1nd\u00e9kutalv\u00e1ny ide\u00e1lis v\u00e1laszt\u00e1s pihen\u00e9shez, wellnesshez.\" \/>\n<meta property=\"og:url\" content=\"https:\/\/bassiana.hu\/ajanlatok\/ajandekutalvany\/\" \/>\n<meta property=\"og:site_name\" content=\"Hotel Bassiana\" \/>\n<meta property=\"article:modified_time\" content=\"2025-07-04T07:47:45+00:00\" \/>\n<meta property=\"og:image\" content=\"https:\/\/bassiana.hu\/wp-content\/uploads\/2024\/10\/Hotel_Bassiana_portfolio-0475-1.jpg\" \/>\n\t<meta property=\"og:image:width\" content=\"1600\" \/>\n\t<meta property=\"og:image:height\" content=\"1067\" \/>\n\t<meta property=\"og:image:type\" content=\"image\/jpeg\" \/>\n<meta name=\"twitter:card\" content=\"summary_large_image\" \/>\n<meta name=\"twitter:label1\" content=\"Gesch\u00e4tzte Lesezeit\" \/>\n\t<meta name=\"twitter:data1\" content=\"1\u00a0Minute\" \/>\n<script type=\"application\/ld+json\" class=\"yoast-schema-graph\">{\"@context\":\"https:\\\/\\\/schema.org\",\"@graph\":[{\"@type\":\"WebPage\",\"@id\":\"https:\\\/\\\/bassiana.hu\\\/ajanlatok\\\/ajandekutalvany\\\/\",\"url\":\"https:\\\/\\\/bassiana.hu\\\/ajanlatok\\\/ajandekutalvany\\\/\",\"name\":\"\u00c9lm\u00e9ny aj\u00e1nd\u00e9kba S\u00e1rv\u00e1ron - Hotel Bassiana\",\"isPartOf\":{\"@id\":\"https:\\\/\\\/bassiana.hu\\\/#website\"},\"primaryImageOfPage\":{\"@id\":\"https:\\\/\\\/bassiana.hu\\\/ajanlatok\\\/ajandekutalvany\\\/#primaryimage\"},\"image\":{\"@id\":\"https:\\\/\\\/bassiana.hu\\\/ajanlatok\\\/ajandekutalvany\\\/#primaryimage\"},\"thumbnailUrl\":\"https:\\\/\\\/bassiana.hu\\\/wp-content\\\/uploads\\\/2024\\\/10\\\/Hotel_Bassiana_portfolio-0475-1.jpg\",\"datePublished\":\"2024-08-23T07:00:54+00:00\",\"dateModified\":\"2025-07-04T07:47:45+00:00\",\"description\":\"Lepje meg szeretteit k\u00fcl\u00f6nleges \u00e9lm\u00e9nnyel! A Hotel Bassiana aj\u00e1nd\u00e9kutalv\u00e1ny ide\u00e1lis v\u00e1laszt\u00e1s pihen\u00e9shez, wellnesshez.\",\"breadcrumb\":{\"@id\":\"https:\\\/\\\/bassiana.hu\\\/ajanlatok\\\/ajandekutalvany\\\/#breadcrumb\"},\"inLanguage\":\"de\",\"potentialAction\":[{\"@type\":\"ReadAction\",\"target\":[\"https:\\\/\\\/bassiana.hu\\\/ajanlatok\\\/ajandekutalvany\\\/\"]}]},{\"@type\":\"ImageObject\",\"inLanguage\":\"de\",\"@id\":\"https:\\\/\\\/bassiana.hu\\\/ajanlatok\\\/ajandekutalvany\\\/#primaryimage\",\"url\":\"https:\\\/\\\/bassiana.hu\\\/wp-content\\\/uploads\\\/2024\\\/10\\\/Hotel_Bassiana_portfolio-0475-1.jpg\",\"contentUrl\":\"https:\\\/\\\/bassiana.hu\\\/wp-content\\\/uploads\\\/2024\\\/10\\\/Hotel_Bassiana_portfolio-0475-1.jpg\",\"width\":1600,\"height\":1067},{\"@type\":\"BreadcrumbList\",\"@id\":\"https:\\\/\\\/bassiana.hu\\\/ajanlatok\\\/ajandekutalvany\\\/#breadcrumb\",\"itemListElement\":[{\"@type\":\"ListItem\",\"position\":1,\"name\":\"Kezd\u0151lap\",\"item\":\"https:\\\/\\\/bassiana.hu\\\/\"},{\"@type\":\"ListItem\",\"position\":2,\"name\":\"Aj\u00e1nlatok\",\"item\":\"https:\\\/\\\/bassiana.hu\\\/ajanlatok\\\/\"},{\"@type\":\"ListItem\",\"position\":3,\"name\":\"Aj\u00e1nd\u00e9kutalv\u00e1nyok\"}]},{\"@type\":\"WebSite\",\"@id\":\"https:\\\/\\\/bassiana.hu\\\/#website\",\"url\":\"https:\\\/\\\/bassiana.hu\\\/\",\"name\":\"Hotel Bassiana\",\"description\":\"S\u00e1rv\u00e1r\",\"publisher\":{\"@id\":\"https:\\\/\\\/bassiana.hu\\\/#organization\"},\"potentialAction\":[{\"@type\":\"SearchAction\",\"target\":{\"@type\":\"EntryPoint\",\"urlTemplate\":\"https:\\\/\\\/bassiana.hu\\\/?s={search_term_string}\"},\"query-input\":{\"@type\":\"PropertyValueSpecification\",\"valueRequired\":true,\"valueName\":\"search_term_string\"}}],\"inLanguage\":\"de\"},{\"@type\":\"Organization\",\"@id\":\"https:\\\/\\\/bassiana.hu\\\/#organization\",\"name\":\"Hotel Bassiana\",\"url\":\"https:\\\/\\\/bassiana.hu\\\/\",\"logo\":{\"@type\":\"ImageObject\",\"inLanguage\":\"de\",\"@id\":\"https:\\\/\\\/bassiana.hu\\\/#\\\/schema\\\/logo\\\/image\\\/\",\"url\":\"https:\\\/\\\/bassiana.hu\\\/wp-content\\\/uploads\\\/2025\\\/04\\\/RGBbassiana_logo_RGB_bassiana_boutique_logo_csillaggal_szines_feher_felirat.svg\",\"contentUrl\":\"https:\\\/\\\/bassiana.hu\\\/wp-content\\\/uploads\\\/2025\\\/04\\\/RGBbassiana_logo_RGB_bassiana_boutique_logo_csillaggal_szines_feher_felirat.svg\",\"caption\":\"Hotel Bassiana\"},\"image\":{\"@id\":\"https:\\\/\\\/bassiana.hu\\\/#\\\/schema\\\/logo\\\/image\\\/\"}}]}<\/script>\n<!-- \/ Yoast SEO plugin. -->","yoast_head_json":{"title":"\u00c9lm\u00e9ny aj\u00e1nd\u00e9kba S\u00e1rv\u00e1ron - Hotel Bassiana","description":"Lepje meg szeretteit k\u00fcl\u00f6nleges \u00e9lm\u00e9nnyel! A Hotel Bassiana aj\u00e1nd\u00e9kutalv\u00e1ny ide\u00e1lis v\u00e1laszt\u00e1s pihen\u00e9shez, wellnesshez.","robots":{"index":"index","follow":"follow","max-snippet":"max-snippet:-1","max-image-preview":"max-image-preview:large","max-video-preview":"max-video-preview:-1"},"canonical":"https:\/\/bassiana.hu\/ajanlatok\/ajandekutalvany\/","og_locale":"de_DE","og_type":"article","og_title":"\u00c9lm\u00e9ny aj\u00e1nd\u00e9kba S\u00e1rv\u00e1ron - Hotel Bassiana","og_description":"Lepje meg szeretteit k\u00fcl\u00f6nleges \u00e9lm\u00e9nnyel! A Hotel Bassiana aj\u00e1nd\u00e9kutalv\u00e1ny ide\u00e1lis v\u00e1laszt\u00e1s pihen\u00e9shez, wellnesshez.","og_url":"https:\/\/bassiana.hu\/ajanlatok\/ajandekutalvany\/","og_site_name":"Hotel Bassiana","article_modified_time":"2025-07-04T07:47:45+00:00","og_image":[{"width":1600,"height":1067,"url":"https:\/\/bassiana.hu\/wp-content\/uploads\/2024\/10\/Hotel_Bassiana_portfolio-0475-1.jpg","type":"image\/jpeg"}],"twitter_card":"summary_large_image","twitter_misc":{"Gesch\u00e4tzte Lesezeit":"1\u00a0Minute"},"schema":{"@context":"https:\/\/schema.org","@graph":[{"@type":"WebPage","@id":"https:\/\/bassiana.hu\/ajanlatok\/ajandekutalvany\/","url":"https:\/\/bassiana.hu\/ajanlatok\/ajandekutalvany\/","name":"\u00c9lm\u00e9ny aj\u00e1nd\u00e9kba S\u00e1rv\u00e1ron - Hotel Bassiana","isPartOf":{"@id":"https:\/\/bassiana.hu\/#website"},"primaryImageOfPage":{"@id":"https:\/\/bassiana.hu\/ajanlatok\/ajandekutalvany\/#primaryimage"},"image":{"@id":"https:\/\/bassiana.hu\/ajanlatok\/ajandekutalvany\/#primaryimage"},"thumbnailUrl":"https:\/\/bassiana.hu\/wp-content\/uploads\/2024\/10\/Hotel_Bassiana_portfolio-0475-1.jpg","datePublished":"2024-08-23T07:00:54+00:00","dateModified":"2025-07-04T07:47:45+00:00","description":"Lepje meg szeretteit k\u00fcl\u00f6nleges \u00e9lm\u00e9nnyel! A Hotel Bassiana aj\u00e1nd\u00e9kutalv\u00e1ny ide\u00e1lis v\u00e1laszt\u00e1s pihen\u00e9shez, wellnesshez.","breadcrumb":{"@id":"https:\/\/bassiana.hu\/ajanlatok\/ajandekutalvany\/#breadcrumb"},"inLanguage":"de","potentialAction":[{"@type":"ReadAction","target":["https:\/\/bassiana.hu\/ajanlatok\/ajandekutalvany\/"]}]},{"@type":"ImageObject","inLanguage":"de","@id":"https:\/\/bassiana.hu\/ajanlatok\/ajandekutalvany\/#primaryimage","url":"https:\/\/bassiana.hu\/wp-content\/uploads\/2024\/10\/Hotel_Bassiana_portfolio-0475-1.jpg","contentUrl":"https:\/\/bassiana.hu\/wp-content\/uploads\/2024\/10\/Hotel_Bassiana_portfolio-0475-1.jpg","width":1600,"height":1067},{"@type":"BreadcrumbList","@id":"https:\/\/bassiana.hu\/ajanlatok\/ajandekutalvany\/#breadcrumb","itemListElement":[{"@type":"ListItem","position":1,"name":"Kezd\u0151lap","item":"https:\/\/bassiana.hu\/"},{"@type":"ListItem","position":2,"name":"Aj\u00e1nlatok","item":"https:\/\/bassiana.hu\/ajanlatok\/"},{"@type":"ListItem","position":3,"name":"Aj\u00e1nd\u00e9kutalv\u00e1nyok"}]},{"@type":"WebSite","@id":"https:\/\/bassiana.hu\/#website","url":"https:\/\/bassiana.hu\/","name":"Hotel Bassiana","description":"S\u00e1rv\u00e1r","publisher":{"@id":"https:\/\/bassiana.hu\/#organization"},"potentialAction":[{"@type":"SearchAction","target":{"@type":"EntryPoint","urlTemplate":"https:\/\/bassiana.hu\/?s={search_term_string}"},"query-input":{"@type":"PropertyValueSpecification","valueRequired":true,"valueName":"search_term_string"}}],"inLanguage":"de"},{"@type":"Organization","@id":"https:\/\/bassiana.hu\/#organization","name":"Hotel Bassiana","url":"https:\/\/bassiana.hu\/","logo":{"@type":"ImageObject","inLanguage":"de","@id":"https:\/\/bassiana.hu\/#\/schema\/logo\/image\/","url":"https:\/\/bassiana.hu\/wp-content\/uploads\/2025\/04\/RGBbassiana_logo_RGB_bassiana_boutique_logo_csillaggal_szines_feher_felirat.svg","contentUrl":"https:\/\/bassiana.hu\/wp-content\/uploads\/2025\/04\/RGBbassiana_logo_RGB_bassiana_boutique_logo_csillaggal_szines_feher_felirat.svg","caption":"Hotel Bassiana"},"image":{"@id":"https:\/\/bassiana.hu\/#\/schema\/logo\/image\/"}}]}},"_links":{"self":[{"href":"https:\/\/bassiana.hu\/de\/wp-json\/wp\/v2\/pages\/122","targetHints":{"allow":["GET"]}}],"collection":[{"href":"https:\/\/bassiana.hu\/de\/wp-json\/wp\/v2\/pages"}],"about":[{"href":"https:\/\/bassiana.hu\/de\/wp-json\/wp\/v2\/types\/page"}],"author":[{"embeddable":true,"href":"https:\/\/bassiana.hu\/de\/wp-json\/wp\/v2\/users\/1"}],"replies":[{"embeddable":true,"href":"https:\/\/bassiana.hu\/de\/wp-json\/wp\/v2\/comments?post=122"}],"version-history":[{"count":3,"href":"https:\/\/bassiana.hu\/de\/wp-json\/wp\/v2\/pages\/122\/revisions"}],"predecessor-version":[{"id":1903,"href":"https:\/\/bassiana.hu\/de\/wp-json\/wp\/v2\/pages\/122\/revisions\/1903"}],"up":[{"embeddable":true,"href":"https:\/\/bassiana.hu\/de\/wp-json\/wp\/v2\/pages\/118"}],"wp:featuredmedia":[{"embeddable":true,"href":"https:\/\/bassiana.hu\/de\/wp-json\/wp\/v2\/media\/844"}],"wp:attachment":[{"href":"https:\/\/bassiana.hu\/de\/wp-json\/wp\/v2\/media?parent=122"}],"curies":[{"name":"wp","href":"https:\/\/api.w.org\/{rel}","templated":true}]}}