{"id":137,"date":"2024-08-27T06:16:59","date_gmt":"2024-08-27T06:16:59","guid":{"rendered":"http:\/\/dev.bassiana.hu\/?page_id=137"},"modified":"2025-03-05T07:15:27","modified_gmt":"2025-03-05T07:15:27","slug":"hidegterapia","status":"publish","type":"page","link":"https:\/\/bassiana.hu\/de\/wellness-hotel\/wellness\/hidegterapia\/","title":{"rendered":"K\u00e4ltetherapie (Kryotherapie)"},"content":{"rendered":"","protected":false},"excerpt":{"rendered":"<p>9.900 HUF (28 EUR) \/ 30+120 Sekunden<br \/>\nDie Kryotherapie umfasst 30 Sekunden Vork\u00fchlung bei -55\/-60 \u00b0C und 120 Sekunden Gefrieren bei -120\/-140 \u00b0C.<\/p>\n<p>Die Kryotherapie, auch K\u00e4ltetherapie genannt, ist eine spezielle Behandlungsmethode, bei der extrem niedrige Temperaturen an verschiedenen Stellen des K\u00f6rpers zur Heilung eingesetzt werden. Die Auswirkungen von extrem niedrigen Temperaturen auf den K\u00f6rper sind vielf\u00e4ltig und hochwirksam. Wenn die Haut der K\u00e4lte ausgesetzt wird, reagiert das Nervensystem schnell und die Blutgef\u00e4\u00dfe ziehen sich zusammen, um den W\u00e4rmeverlust zu minimieren. Dieser Prozess verbessert auch die Blutzirkulation, da der K\u00f6rper sp\u00e4ter versucht, sich anzupassen und die gek\u00fchlten Bereiche aufzuw\u00e4rmen. Die Kryotherapie tr\u00e4gt auch zur Verringerung von Entz\u00fcndungen und \u00d6demen bei und stimuliert die Produktion von Endorphinen, nat\u00fcrlichen Schmerzmitteln. Sie eignet sich hervorragend zur Behandlung chronischer Schmerzen, zur Entz\u00fcndungshemmung, zur sportlichen Rehabilitation und nicht zuletzt zur Erhaltung des geistigen und k\u00f6rperlichen Wohlbefindens.<\/p>\n<p>F\u00fcr die Therapie ist eine Mindestteilnehmerzahl von 24 Personen erforderlich (Gruppenbuchungen f\u00fcr Min. 24 G\u00e4ste \/ Tag)!<\/p>\n","protected":false},"author":1,"featured_media":762,"parent":409,"menu_order":17,"comment_status":"closed","ping_status":"closed","template":"","meta":{"_acf_changed":false,"inline_featured_image":false,"pgc_sgb_lightbox_settings":"","footnotes":""},"class_list":["post-137","page","type-page","status-publish","has-post-thumbnail","hentry"],"acf":[],"yoast_head":"<!-- This site is optimized with the Yoast SEO plugin v27.3 - https:\/\/yoast.com\/product\/yoast-seo-wordpress\/ -->\n<title>K\u00e4ltetherapie (Kryotherapie) - Hotel Bassiana<\/title>\n<meta name=\"robots\" content=\"index, follow, max-snippet:-1, max-image-preview:large, max-video-preview:-1\" \/>\n<link rel=\"canonical\" href=\"https:\/\/bassiana.hu\/wellness-hotel\/wellness\/hidegterapia\/\" \/>\n<meta property=\"og:locale\" content=\"de_DE\" \/>\n<meta property=\"og:type\" content=\"article\" \/>\n<meta property=\"og:title\" content=\"K\u00e4ltetherapie (Kryotherapie) - Hotel Bassiana\" \/>\n<meta property=\"og:description\" content=\"[:hu]9.900 HUF (28 EUR) \/ 30+120 m\u00e1sodperc A krioter\u00e1pia tartalma 30 m\u00e1sodperc el\u0151h\u0171t\u00e9s -55\/-60 \u00b0C-on, majd 120 m\u00e1sodperc fagyaszt\u00e1s -120\/-140 \u00b0C-on.  A krioter\u00e1pia, m\u00e1s n\u00e9ven hidegter\u00e1pia, egy speci\u00e1lis kezel\u00e9si m\u00f3dszer extr\u00e9m alacsony h\u0151m\u00e9rs\u00e9kletet alkalmaz a test k\u00fcl\u00f6nb\u00f6z\u0151 r\u00e9szein gy\u00f3gy\u00edt\u00e1s c\u00e9lj\u00e1b\u00f3l. Az extr\u00e9m alacsony h\u0151m\u00e9rs\u00e9klet hat\u00e1sa a testre sokr\u00e9t\u0171 \u00e9s rendk\u00edv\u00fcl hat\u00e9kony. Amikor a b\u0151rre hideg hat\u00e1s \u00e9ri, az idegrendszer gyorsan reag\u00e1l, \u00e9s a v\u00e9rerek \u00f6sszeh\u00faz\u00f3dnak, hogy minimaliz\u00e1lj\u00e1k a h\u0151vesztes\u00e9get. Ez a folyamat a v\u00e9rkering\u00e9st is jav\u00edtja, mivel a test k\u00e9s\u0151bb megpr\u00f3b\u00e1l alkalmazkodni \u00e9s felmeleg\u00edteni a leh\u0171lt ter\u00fcleteket. A krioter\u00e1pia emellett seg\u00edt cs\u00f6kkenteni a gyullad\u00e1st \u00e9s az \u00f6d\u00e9m\u00e1t, valamint serkenti az endorfinok, a term\u00e9szetes f\u00e1jdalomcsillap\u00edt\u00f3k termel\u00e9s\u00e9t. Kiv\u00e1l\u00f3an alkalmas kr\u00f3nikus f\u00e1jdalom kezel\u00e9se, gyullad\u00e1scs\u00f6kkent\u00e9s, sportrehabilit\u00e1ci\u00f3ra \u00e9s nem utols\u00f3 sorban a ment\u00e1lis \u00e9s fizikai j\u00f3l\u00e9t fenntart\u00e1s\u00e1ra.  Minimum 24 f\u0151t\u0151l vehet\u0151 ig\u00e9nybe a ter\u00e1pia (csoportos id\u0151pontfoglal\u00e1ssal \/ nap)![:en]9.900 HUF (28 EUR) \/ 30+120 seconds Cryotherapy includes 30 seconds of pre-cooling at -55\/-60 \u00b0C and 120 seconds of freezing at -120\/-140 \u00b0C.  Cryotherapy, also known as cold therapy, is a special treatment method that uses extremely low temperatures on different parts of the body to heal. The effects of extremely low temperatures on the body are multifaceted and highly effective. When the skin is exposed to cold, the nervous system reacts quickly and blood vessels contract to minimise heat loss. This process also improves blood circulation as the body later tries to adapt and warm up the cooled areas. Cryotherapy also helps reduce inflammation and oedema and stimulates the production of endorphins, natural painkillers. It is excellent for chronic pain management, anti-inflammation, sports rehabilitation and last but not least for maintaining mental and physical well-being.  A minimum of 24 people are required for the therapy (group bookings for 24 guests \/ day)![:de]9.900 HUF (28 EUR) \/ 30+120 Sekunden Die Kryotherapie umfasst 30 Sekunden Vork\u00fchlung bei -55\/-60 \u00b0C und 120 Sekunden Gefrieren bei -120\/-140 \u00b0C.  Die Kryotherapie, auch K\u00e4ltetherapie genannt, ist eine spezielle Behandlungsmethode, bei der extrem niedrige Temperaturen an verschiedenen Stellen des K\u00f6rpers zur Heilung eingesetzt werden. Die Auswirkungen von extrem niedrigen Temperaturen auf den K\u00f6rper sind vielf\u00e4ltig und hochwirksam. Wenn die Haut der K\u00e4lte ausgesetzt wird, reagiert das Nervensystem schnell und die Blutgef\u00e4\u00dfe ziehen sich zusammen, um den W\u00e4rmeverlust zu minimieren. Dieser Prozess verbessert auch die Blutzirkulation, da der K\u00f6rper sp\u00e4ter versucht, sich anzupassen und die gek\u00fchlten Bereiche aufzuw\u00e4rmen. Die Kryotherapie tr\u00e4gt auch zur Verringerung von Entz\u00fcndungen und \u00d6demen bei und stimuliert die Produktion von Endorphinen, nat\u00fcrlichen Schmerzmitteln. Sie eignet sich hervorragend zur Behandlung chronischer Schmerzen, zur Entz\u00fcndungshemmung, zur sportlichen Rehabilitation und nicht zuletzt zur Erhaltung des geistigen und k\u00f6rperlichen Wohlbefindens.  F\u00fcr die Therapie ist eine Mindestteilnehmerzahl von 24 Personen erforderlich (Gruppenbuchungen f\u00fcr Min. 24 G\u00e4ste \/ Tag)![:]\" \/>\n<meta property=\"og:url\" content=\"https:\/\/bassiana.hu\/wellness-hotel\/wellness\/hidegterapia\/\" \/>\n<meta property=\"og:site_name\" content=\"Hotel Bassiana\" \/>\n<meta property=\"article:modified_time\" content=\"2025-03-05T07:15:27+00:00\" \/>\n<meta property=\"og:image\" content=\"https:\/\/bassiana.hu\/wp-content\/uploads\/2024\/10\/Hotel_Bassiana_portfolio-0489.jpg\" \/>\n\t<meta property=\"og:image:width\" content=\"800\" \/>\n\t<meta property=\"og:image:height\" content=\"1200\" \/>\n\t<meta property=\"og:image:type\" content=\"image\/jpeg\" \/>\n<meta name=\"twitter:card\" content=\"summary_large_image\" \/>\n<meta name=\"twitter:label1\" content=\"Gesch\u00e4tzte Lesezeit\" \/>\n\t<meta name=\"twitter:data1\" content=\"1\u00a0Minute\" \/>\n<script type=\"application\/ld+json\" class=\"yoast-schema-graph\">{\"@context\":\"https:\\\/\\\/schema.org\",\"@graph\":[{\"@type\":\"WebPage\",\"@id\":\"https:\\\/\\\/bassiana.hu\\\/wellness-hotel\\\/wellness\\\/hidegterapia\\\/\",\"url\":\"https:\\\/\\\/bassiana.hu\\\/wellness-hotel\\\/wellness\\\/hidegterapia\\\/\",\"name\":\"[:hu]Hidegter\u00e1pia (Cryoter\u00e1pia)[:en]Cold therapy (Cryotherapy)[:de]K\u00e4ltetherapie (Kryotherapie)[:] - Hotel Bassiana\",\"isPartOf\":{\"@id\":\"https:\\\/\\\/bassiana.hu\\\/#website\"},\"primaryImageOfPage\":{\"@id\":\"https:\\\/\\\/bassiana.hu\\\/wellness-hotel\\\/wellness\\\/hidegterapia\\\/#primaryimage\"},\"image\":{\"@id\":\"https:\\\/\\\/bassiana.hu\\\/wellness-hotel\\\/wellness\\\/hidegterapia\\\/#primaryimage\"},\"thumbnailUrl\":\"https:\\\/\\\/bassiana.hu\\\/wp-content\\\/uploads\\\/2024\\\/10\\\/Hotel_Bassiana_portfolio-0489.jpg\",\"datePublished\":\"2024-08-27T06:16:59+00:00\",\"dateModified\":\"2025-03-05T07:15:27+00:00\",\"breadcrumb\":{\"@id\":\"https:\\\/\\\/bassiana.hu\\\/wellness-hotel\\\/wellness\\\/hidegterapia\\\/#breadcrumb\"},\"inLanguage\":\"de\",\"potentialAction\":[{\"@type\":\"ReadAction\",\"target\":[\"https:\\\/\\\/bassiana.hu\\\/wellness-hotel\\\/wellness\\\/hidegterapia\\\/\"]}]},{\"@type\":\"ImageObject\",\"inLanguage\":\"de\",\"@id\":\"https:\\\/\\\/bassiana.hu\\\/wellness-hotel\\\/wellness\\\/hidegterapia\\\/#primaryimage\",\"url\":\"https:\\\/\\\/bassiana.hu\\\/wp-content\\\/uploads\\\/2024\\\/10\\\/Hotel_Bassiana_portfolio-0489.jpg\",\"contentUrl\":\"https:\\\/\\\/bassiana.hu\\\/wp-content\\\/uploads\\\/2024\\\/10\\\/Hotel_Bassiana_portfolio-0489.jpg\",\"width\":800,\"height\":1200},{\"@type\":\"BreadcrumbList\",\"@id\":\"https:\\\/\\\/bassiana.hu\\\/wellness-hotel\\\/wellness\\\/hidegterapia\\\/#breadcrumb\",\"itemListElement\":[{\"@type\":\"ListItem\",\"position\":1,\"name\":\"Kezd\u0151lap\",\"item\":\"https:\\\/\\\/bassiana.hu\\\/\"},{\"@type\":\"ListItem\",\"position\":2,\"name\":\"Wellness\",\"item\":\"https:\\\/\\\/bassiana.hu\\\/wellness-hotel\\\/\"},{\"@type\":\"ListItem\",\"position\":3,\"name\":\"Wellness &#038; Health\",\"item\":\"https:\\\/\\\/bassiana.hu\\\/wellness-hotel\\\/wellness\\\/\"},{\"@type\":\"ListItem\",\"position\":4,\"name\":\"Hidegter\u00e1pia (Cryoter\u00e1pia)\"}]},{\"@type\":\"WebSite\",\"@id\":\"https:\\\/\\\/bassiana.hu\\\/#website\",\"url\":\"https:\\\/\\\/bassiana.hu\\\/\",\"name\":\"Hotel Bassiana\",\"description\":\"S\u00e1rv\u00e1r\",\"publisher\":{\"@id\":\"https:\\\/\\\/bassiana.hu\\\/#organization\"},\"potentialAction\":[{\"@type\":\"SearchAction\",\"target\":{\"@type\":\"EntryPoint\",\"urlTemplate\":\"https:\\\/\\\/bassiana.hu\\\/?s={search_term_string}\"},\"query-input\":{\"@type\":\"PropertyValueSpecification\",\"valueRequired\":true,\"valueName\":\"search_term_string\"}}],\"inLanguage\":\"de\"},{\"@type\":\"Organization\",\"@id\":\"https:\\\/\\\/bassiana.hu\\\/#organization\",\"name\":\"Hotel Bassiana\",\"url\":\"https:\\\/\\\/bassiana.hu\\\/\",\"logo\":{\"@type\":\"ImageObject\",\"inLanguage\":\"de\",\"@id\":\"https:\\\/\\\/bassiana.hu\\\/#\\\/schema\\\/logo\\\/image\\\/\",\"url\":\"https:\\\/\\\/bassiana.hu\\\/wp-content\\\/uploads\\\/2025\\\/04\\\/RGBbassiana_logo_RGB_bassiana_boutique_logo_csillaggal_szines_feher_felirat.svg\",\"contentUrl\":\"https:\\\/\\\/bassiana.hu\\\/wp-content\\\/uploads\\\/2025\\\/04\\\/RGBbassiana_logo_RGB_bassiana_boutique_logo_csillaggal_szines_feher_felirat.svg\",\"caption\":\"Hotel Bassiana\"},\"image\":{\"@id\":\"https:\\\/\\\/bassiana.hu\\\/#\\\/schema\\\/logo\\\/image\\\/\"}}]}<\/script>\n<!-- \/ Yoast SEO plugin. -->","yoast_head_json":{"title":"[:hu]Hidegter\u00e1pia (Cryoter\u00e1pia)[:en]Cold therapy (Cryotherapy)[:de]K\u00e4ltetherapie (Kryotherapie)[:] - Hotel Bassiana","robots":{"index":"index","follow":"follow","max-snippet":"max-snippet:-1","max-image-preview":"max-image-preview:large","max-video-preview":"max-video-preview:-1"},"canonical":"https:\/\/bassiana.hu\/wellness-hotel\/wellness\/hidegterapia\/","og_locale":"de_DE","og_type":"article","og_title":"K\u00e4ltetherapie (Kryotherapie) - Hotel Bassiana","og_description":"[:hu]9.900 HUF (28 EUR) \/ 30+120 m\u00e1sodperc A krioter\u00e1pia tartalma 30 m\u00e1sodperc el\u0151h\u0171t\u00e9s -55\/-60 \u00b0C-on, majd 120 m\u00e1sodperc fagyaszt\u00e1s -120\/-140 \u00b0C-on.  A krioter\u00e1pia, m\u00e1s n\u00e9ven hidegter\u00e1pia, egy speci\u00e1lis kezel\u00e9si m\u00f3dszer extr\u00e9m alacsony h\u0151m\u00e9rs\u00e9kletet alkalmaz a test k\u00fcl\u00f6nb\u00f6z\u0151 r\u00e9szein gy\u00f3gy\u00edt\u00e1s c\u00e9lj\u00e1b\u00f3l. Az extr\u00e9m alacsony h\u0151m\u00e9rs\u00e9klet hat\u00e1sa a testre sokr\u00e9t\u0171 \u00e9s rendk\u00edv\u00fcl hat\u00e9kony. Amikor a b\u0151rre hideg hat\u00e1s \u00e9ri, az idegrendszer gyorsan reag\u00e1l, \u00e9s a v\u00e9rerek \u00f6sszeh\u00faz\u00f3dnak, hogy minimaliz\u00e1lj\u00e1k a h\u0151vesztes\u00e9get. Ez a folyamat a v\u00e9rkering\u00e9st is jav\u00edtja, mivel a test k\u00e9s\u0151bb megpr\u00f3b\u00e1l alkalmazkodni \u00e9s felmeleg\u00edteni a leh\u0171lt ter\u00fcleteket. A krioter\u00e1pia emellett seg\u00edt cs\u00f6kkenteni a gyullad\u00e1st \u00e9s az \u00f6d\u00e9m\u00e1t, valamint serkenti az endorfinok, a term\u00e9szetes f\u00e1jdalomcsillap\u00edt\u00f3k termel\u00e9s\u00e9t. Kiv\u00e1l\u00f3an alkalmas kr\u00f3nikus f\u00e1jdalom kezel\u00e9se, gyullad\u00e1scs\u00f6kkent\u00e9s, sportrehabilit\u00e1ci\u00f3ra \u00e9s nem utols\u00f3 sorban a ment\u00e1lis \u00e9s fizikai j\u00f3l\u00e9t fenntart\u00e1s\u00e1ra.  Minimum 24 f\u0151t\u0151l vehet\u0151 ig\u00e9nybe a ter\u00e1pia (csoportos id\u0151pontfoglal\u00e1ssal \/ nap)![:en]9.900 HUF (28 EUR) \/ 30+120 seconds Cryotherapy includes 30 seconds of pre-cooling at -55\/-60 \u00b0C and 120 seconds of freezing at -120\/-140 \u00b0C.  Cryotherapy, also known as cold therapy, is a special treatment method that uses extremely low temperatures on different parts of the body to heal. The effects of extremely low temperatures on the body are multifaceted and highly effective. When the skin is exposed to cold, the nervous system reacts quickly and blood vessels contract to minimise heat loss. This process also improves blood circulation as the body later tries to adapt and warm up the cooled areas. Cryotherapy also helps reduce inflammation and oedema and stimulates the production of endorphins, natural painkillers. It is excellent for chronic pain management, anti-inflammation, sports rehabilitation and last but not least for maintaining mental and physical well-being.  A minimum of 24 people are required for the therapy (group bookings for 24 guests \/ day)![:de]9.900 HUF (28 EUR) \/ 30+120 Sekunden Die Kryotherapie umfasst 30 Sekunden Vork\u00fchlung bei -55\/-60 \u00b0C und 120 Sekunden Gefrieren bei -120\/-140 \u00b0C.  Die Kryotherapie, auch K\u00e4ltetherapie genannt, ist eine spezielle Behandlungsmethode, bei der extrem niedrige Temperaturen an verschiedenen Stellen des K\u00f6rpers zur Heilung eingesetzt werden. Die Auswirkungen von extrem niedrigen Temperaturen auf den K\u00f6rper sind vielf\u00e4ltig und hochwirksam. Wenn die Haut der K\u00e4lte ausgesetzt wird, reagiert das Nervensystem schnell und die Blutgef\u00e4\u00dfe ziehen sich zusammen, um den W\u00e4rmeverlust zu minimieren. Dieser Prozess verbessert auch die Blutzirkulation, da der K\u00f6rper sp\u00e4ter versucht, sich anzupassen und die gek\u00fchlten Bereiche aufzuw\u00e4rmen. Die Kryotherapie tr\u00e4gt auch zur Verringerung von Entz\u00fcndungen und \u00d6demen bei und stimuliert die Produktion von Endorphinen, nat\u00fcrlichen Schmerzmitteln. Sie eignet sich hervorragend zur Behandlung chronischer Schmerzen, zur Entz\u00fcndungshemmung, zur sportlichen Rehabilitation und nicht zuletzt zur Erhaltung des geistigen und k\u00f6rperlichen Wohlbefindens.  F\u00fcr die Therapie ist eine Mindestteilnehmerzahl von 24 Personen erforderlich (Gruppenbuchungen f\u00fcr Min. 24 G\u00e4ste \/ Tag)![:]","og_url":"https:\/\/bassiana.hu\/wellness-hotel\/wellness\/hidegterapia\/","og_site_name":"Hotel Bassiana","article_modified_time":"2025-03-05T07:15:27+00:00","og_image":[{"width":800,"height":1200,"url":"https:\/\/bassiana.hu\/wp-content\/uploads\/2024\/10\/Hotel_Bassiana_portfolio-0489.jpg","type":"image\/jpeg"}],"twitter_card":"summary_large_image","twitter_misc":{"Gesch\u00e4tzte Lesezeit":"1\u00a0Minute"},"schema":{"@context":"https:\/\/schema.org","@graph":[{"@type":"WebPage","@id":"https:\/\/bassiana.hu\/wellness-hotel\/wellness\/hidegterapia\/","url":"https:\/\/bassiana.hu\/wellness-hotel\/wellness\/hidegterapia\/","name":"[:hu]Hidegter\u00e1pia (Cryoter\u00e1pia)[:en]Cold therapy (Cryotherapy)[:de]K\u00e4ltetherapie (Kryotherapie)[:] - Hotel Bassiana","isPartOf":{"@id":"https:\/\/bassiana.hu\/#website"},"primaryImageOfPage":{"@id":"https:\/\/bassiana.hu\/wellness-hotel\/wellness\/hidegterapia\/#primaryimage"},"image":{"@id":"https:\/\/bassiana.hu\/wellness-hotel\/wellness\/hidegterapia\/#primaryimage"},"thumbnailUrl":"https:\/\/bassiana.hu\/wp-content\/uploads\/2024\/10\/Hotel_Bassiana_portfolio-0489.jpg","datePublished":"2024-08-27T06:16:59+00:00","dateModified":"2025-03-05T07:15:27+00:00","breadcrumb":{"@id":"https:\/\/bassiana.hu\/wellness-hotel\/wellness\/hidegterapia\/#breadcrumb"},"inLanguage":"de","potentialAction":[{"@type":"ReadAction","target":["https:\/\/bassiana.hu\/wellness-hotel\/wellness\/hidegterapia\/"]}]},{"@type":"ImageObject","inLanguage":"de","@id":"https:\/\/bassiana.hu\/wellness-hotel\/wellness\/hidegterapia\/#primaryimage","url":"https:\/\/bassiana.hu\/wp-content\/uploads\/2024\/10\/Hotel_Bassiana_portfolio-0489.jpg","contentUrl":"https:\/\/bassiana.hu\/wp-content\/uploads\/2024\/10\/Hotel_Bassiana_portfolio-0489.jpg","width":800,"height":1200},{"@type":"BreadcrumbList","@id":"https:\/\/bassiana.hu\/wellness-hotel\/wellness\/hidegterapia\/#breadcrumb","itemListElement":[{"@type":"ListItem","position":1,"name":"Kezd\u0151lap","item":"https:\/\/bassiana.hu\/"},{"@type":"ListItem","position":2,"name":"Wellness","item":"https:\/\/bassiana.hu\/wellness-hotel\/"},{"@type":"ListItem","position":3,"name":"Wellness &#038; Health","item":"https:\/\/bassiana.hu\/wellness-hotel\/wellness\/"},{"@type":"ListItem","position":4,"name":"Hidegter\u00e1pia (Cryoter\u00e1pia)"}]},{"@type":"WebSite","@id":"https:\/\/bassiana.hu\/#website","url":"https:\/\/bassiana.hu\/","name":"Hotel Bassiana","description":"S\u00e1rv\u00e1r","publisher":{"@id":"https:\/\/bassiana.hu\/#organization"},"potentialAction":[{"@type":"SearchAction","target":{"@type":"EntryPoint","urlTemplate":"https:\/\/bassiana.hu\/?s={search_term_string}"},"query-input":{"@type":"PropertyValueSpecification","valueRequired":true,"valueName":"search_term_string"}}],"inLanguage":"de"},{"@type":"Organization","@id":"https:\/\/bassiana.hu\/#organization","name":"Hotel Bassiana","url":"https:\/\/bassiana.hu\/","logo":{"@type":"ImageObject","inLanguage":"de","@id":"https:\/\/bassiana.hu\/#\/schema\/logo\/image\/","url":"https:\/\/bassiana.hu\/wp-content\/uploads\/2025\/04\/RGBbassiana_logo_RGB_bassiana_boutique_logo_csillaggal_szines_feher_felirat.svg","contentUrl":"https:\/\/bassiana.hu\/wp-content\/uploads\/2025\/04\/RGBbassiana_logo_RGB_bassiana_boutique_logo_csillaggal_szines_feher_felirat.svg","caption":"Hotel Bassiana"},"image":{"@id":"https:\/\/bassiana.hu\/#\/schema\/logo\/image\/"}}]}},"_links":{"self":[{"href":"https:\/\/bassiana.hu\/de\/wp-json\/wp\/v2\/pages\/137","targetHints":{"allow":["GET"]}}],"collection":[{"href":"https:\/\/bassiana.hu\/de\/wp-json\/wp\/v2\/pages"}],"about":[{"href":"https:\/\/bassiana.hu\/de\/wp-json\/wp\/v2\/types\/page"}],"author":[{"embeddable":true,"href":"https:\/\/bassiana.hu\/de\/wp-json\/wp\/v2\/users\/1"}],"replies":[{"embeddable":true,"href":"https:\/\/bassiana.hu\/de\/wp-json\/wp\/v2\/comments?post=137"}],"version-history":[{"count":11,"href":"https:\/\/bassiana.hu\/de\/wp-json\/wp\/v2\/pages\/137\/revisions"}],"predecessor-version":[{"id":1587,"href":"https:\/\/bassiana.hu\/de\/wp-json\/wp\/v2\/pages\/137\/revisions\/1587"}],"up":[{"embeddable":true,"href":"https:\/\/bassiana.hu\/de\/wp-json\/wp\/v2\/pages\/409"}],"wp:featuredmedia":[{"embeddable":true,"href":"https:\/\/bassiana.hu\/de\/wp-json\/wp\/v2\/media\/762"}],"wp:attachment":[{"href":"https:\/\/bassiana.hu\/de\/wp-json\/wp\/v2\/media?parent=137"}],"curies":[{"name":"wp","href":"https:\/\/api.w.org\/{rel}","templated":true}]}}