{"id":1647,"date":"2025-03-14T11:47:26","date_gmt":"2025-03-14T11:47:26","guid":{"rendered":"https:\/\/bassiana.hu\/?page_id=1647"},"modified":"2025-03-18T13:32:41","modified_gmt":"2025-03-18T13:32:41","slug":"mesteri-termal","status":"publish","type":"page","link":"https:\/\/bassiana.hu\/de\/galeria\/mesteri-termal\/","title":{"rendered":"Thermal Spa Mesteri"},"content":{"rendered":"<div class=\"pgc-sgb-cb wp-block-pgcsimplygalleryblock-grid \" data-gallery-id=\"1d808595\"><div class=\"sgb-preloader\" id=\"pr_1d808595\">\n\t<div class=\"sgb-square\" style=\"background:#d4d4d4\"><\/div>\n\t<div class=\"sgb-square\" style=\"background:#d4d4d4\"><\/div>\n\t<div class=\"sgb-square\" style=\"background:#d4d4d4\"><\/div>\n\t<div class=\"sgb-square\" style=\"background:#d4d4d4\"><\/div><\/div><div class=\"simply-gallery-amp pgc_sgb_slider \"><noscript><div class=\"sgb-gallery\"><div class=\"sgb-item\"><a href=\"https:\/\/bassiana.hu\/wp-content\/uploads\/2025\/03\/geleria_belso_02.jpg\"><img decoding=\"async\" alt=\"\" width=\"300\" height=\"200\" loading=\"lazy\" src=\"https:\/\/bassiana.hu\/wp-content\/uploads\/2025\/03\/geleria_belso_02-300x200.jpg\" srcset=\"https:\/\/bassiana.hu\/wp-content\/uploads\/2025\/03\/geleria_belso_02-300x200.jpg 300w,https:\/\/bassiana.hu\/wp-content\/uploads\/2025\/03\/geleria_belso_02.jpg 960w\" sizes=\"auto, 250px\"\/><\/a><\/div><div class=\"sgb-item\"><a href=\"https:\/\/bassiana.hu\/wp-content\/uploads\/2025\/03\/geleria_kulso_04.jpg\"><img decoding=\"async\" alt=\"\" width=\"300\" height=\"195\" loading=\"lazy\" src=\"https:\/\/bassiana.hu\/wp-content\/uploads\/2025\/03\/geleria_kulso_04-300x195.jpg\" srcset=\"https:\/\/bassiana.hu\/wp-content\/uploads\/2025\/03\/geleria_kulso_04-300x195.jpg 300w,https:\/\/bassiana.hu\/wp-content\/uploads\/2025\/03\/geleria_kulso_04.jpg 900w\" sizes=\"auto, 250px\"\/><\/a><\/div><div class=\"sgb-item\"><a href=\"https:\/\/bassiana.hu\/wp-content\/uploads\/2025\/03\/geleria_belso_03.jpg\"><img decoding=\"async\" alt=\"s\u00e1rv\u00e1r gy\u00f3gyf\u00fcrd\u0151\" width=\"300\" height=\"200\" loading=\"lazy\" src=\"https:\/\/bassiana.hu\/wp-content\/uploads\/2025\/03\/geleria_belso_03-300x200.jpg\" srcset=\"https:\/\/bassiana.hu\/wp-content\/uploads\/2025\/03\/geleria_belso_03-300x200.jpg 300w,https:\/\/bassiana.hu\/wp-content\/uploads\/2025\/03\/geleria_belso_03.jpg 960w\" sizes=\"auto, 250px\"\/><\/a><div class=\"sgb-item-caption\"><em>s\u00e1rv\u00e1r gy\u00f3gyf\u00fcrd\u0151<\/em><\/div><\/div><div class=\"sgb-item\"><a href=\"https:\/\/bassiana.hu\/wp-content\/uploads\/2025\/03\/geleria_kulso_02.jpg\"><img decoding=\"async\" alt=\"\" width=\"300\" height=\"200\" loading=\"lazy\" src=\"https:\/\/bassiana.hu\/wp-content\/uploads\/2025\/03\/geleria_kulso_02-300x200.jpg\" srcset=\"https:\/\/bassiana.hu\/wp-content\/uploads\/2025\/03\/geleria_kulso_02-300x200.jpg 300w,https:\/\/bassiana.hu\/wp-content\/uploads\/2025\/03\/geleria_kulso_02.jpg 900w\" sizes=\"auto, 250px\"\/><\/a><\/div><\/div><\/noscript><\/div><script type=\"application\/json\" class=\"sgb-data\">{\"galleryType\":\"pgc_sgb_grid\",\"galleryId\":\"1d808595\",\"images\":[{\"id\":1687,\"title\":\"geleria_belso_02\",\"url\":\"https:\/\/bassiana.hu\/wp-content\/uploads\/2025\/03\/geleria_belso_02.jpg\",\"link\":\"https:\/\/bassiana.hu\/pgc_simply_gallery\/mesteri-termal\/geleria_belso_02\/\",\"alt\":\"\",\"description\":\"\",\"caption\":\"\",\"mime\":\"image\/jpeg\",\"type\":\"image\",\"width\":960,\"height\":640,\"sizes\":{\"thumbnail\":{\"height\":150,\"width\":150,\"url\":\"https:\/\/bassiana.hu\/wp-content\/uploads\/2025\/03\/geleria_belso_02-150x150.jpg\",\"orientation\":\"landscape\"},\"medium\":{\"height\":200,\"width\":300,\"url\":\"https:\/\/bassiana.hu\/wp-content\/uploads\/2025\/03\/geleria_belso_02-300x200.jpg\",\"orientation\":\"landscape\"},\"full\":{\"url\":\"https:\/\/bassiana.hu\/wp-content\/uploads\/2025\/03\/geleria_belso_02.jpg\",\"height\":640,\"width\":960,\"orientation\":\"landscape\"}},\"imageMeta\":{\"aperture\":\"6.3\",\"credit\":\"www.tigerphoto.hu\",\"camera\":\"Canon EOS 5D Mark II\",\"caption\":\"\",\"created_timestamp\":\"1351440680\",\"copyright\":\"www.tigerphoto.hu\",\"focal_length\":\"15\",\"iso\":\"200\",\"shutter_speed\":\"0.4\",\"title\":\"\",\"orientation\":\"1\",\"keywords\":[]},\"meta\":false},{\"id\":1690,\"title\":\"geleria_kulso_04\",\"url\":\"https:\/\/bassiana.hu\/wp-content\/uploads\/2025\/03\/geleria_kulso_04.jpg\",\"link\":\"https:\/\/bassiana.hu\/pgc_simply_gallery\/mesteri-termal\/geleria_kulso_04\/\",\"alt\":\"\",\"description\":\"\",\"caption\":\"\",\"mime\":\"image\/jpeg\",\"type\":\"image\",\"width\":900,\"height\":584,\"sizes\":{\"thumbnail\":{\"height\":150,\"width\":150,\"url\":\"https:\/\/bassiana.hu\/wp-content\/uploads\/2025\/03\/geleria_kulso_04-150x150.jpg\",\"orientation\":\"landscape\"},\"medium\":{\"height\":195,\"width\":300,\"url\":\"https:\/\/bassiana.hu\/wp-content\/uploads\/2025\/03\/geleria_kulso_04-300x195.jpg\",\"orientation\":\"landscape\"},\"full\":{\"url\":\"https:\/\/bassiana.hu\/wp-content\/uploads\/2025\/03\/geleria_kulso_04.jpg\",\"height\":584,\"width\":900,\"orientation\":\"landscape\"}},\"imageMeta\":{\"aperture\":\"0\",\"credit\":\"\",\"camera\":\"\",\"caption\":\"\",\"created_timestamp\":\"0\",\"copyright\":\"\",\"focal_length\":\"0\",\"iso\":\"0\",\"shutter_speed\":\"0\",\"title\":\"\",\"orientation\":\"0\",\"keywords\":[]},\"meta\":false},{\"id\":1688,\"title\":\"s\u00e1rv\u00e1r gy\u00f3gyf\u00fcrd\u0151\",\"url\":\"https:\/\/bassiana.hu\/wp-content\/uploads\/2025\/03\/geleria_belso_03.jpg\",\"link\":\"https:\/\/bassiana.hu\/pgc_simply_gallery\/mesteri-termal\/geleria_belso_03\/\",\"alt\":\"s\u00e1rv\u00e1r gy\u00f3gyf\u00fcrd\u0151\",\"description\":\"s\u00e1rv\u00e1r gy\u00f3gyf\u00fcrd\u0151\",\"caption\":\"s\u00e1rv\u00e1r gy\u00f3gyf\u00fcrd\u0151\",\"mime\":\"image\/jpeg\",\"type\":\"image\",\"width\":960,\"height\":640,\"sizes\":{\"thumbnail\":{\"height\":150,\"width\":150,\"url\":\"https:\/\/bassiana.hu\/wp-content\/uploads\/2025\/03\/geleria_belso_03-150x150.jpg\",\"orientation\":\"landscape\"},\"medium\":{\"height\":200,\"width\":300,\"url\":\"https:\/\/bassiana.hu\/wp-content\/uploads\/2025\/03\/geleria_belso_03-300x200.jpg\",\"orientation\":\"landscape\"},\"full\":{\"url\":\"https:\/\/bassiana.hu\/wp-content\/uploads\/2025\/03\/geleria_belso_03.jpg\",\"height\":640,\"width\":960,\"orientation\":\"landscape\"}},\"imageMeta\":{\"aperture\":\"6.3\",\"credit\":\"www.tigerphoto.hu\",\"camera\":\"Canon EOS 5D Mark II\",\"caption\":\"\",\"created_timestamp\":\"1351440597\",\"copyright\":\"www.tigerphoto.hu\",\"focal_length\":\"20\",\"iso\":\"200\",\"shutter_speed\":\"0.5\",\"title\":\"\",\"orientation\":\"1\",\"keywords\":[]},\"meta\":false},{\"id\":1689,\"title\":\"geleria_kulso_02\",\"url\":\"https:\/\/bassiana.hu\/wp-content\/uploads\/2025\/03\/geleria_kulso_02.jpg\",\"link\":\"https:\/\/bassiana.hu\/pgc_simply_gallery\/mesteri-termal\/geleria_kulso_02\/\",\"alt\":\"\",\"description\":\"\",\"caption\":\"\",\"mime\":\"image\/jpeg\",\"type\":\"image\",\"width\":900,\"height\":600,\"sizes\":{\"thumbnail\":{\"height\":150,\"width\":150,\"url\":\"https:\/\/bassiana.hu\/wp-content\/uploads\/2025\/03\/geleria_kulso_02-150x150.jpg\",\"orientation\":\"landscape\"},\"medium\":{\"height\":200,\"width\":300,\"url\":\"https:\/\/bassiana.hu\/wp-content\/uploads\/2025\/03\/geleria_kulso_02-300x200.jpg\",\"orientation\":\"landscape\"},\"full\":{\"url\":\"https:\/\/bassiana.hu\/wp-content\/uploads\/2025\/03\/geleria_kulso_02.jpg\",\"height\":600,\"width\":900,\"orientation\":\"landscape\"}},\"imageMeta\":{\"aperture\":\"0\",\"credit\":\"\",\"camera\":\"\",\"caption\":\"\",\"created_timestamp\":\"0\",\"copyright\":\"\",\"focal_length\":\"0\",\"iso\":\"0\",\"shutter_speed\":\"0\",\"title\":\"\",\"orientation\":\"0\",\"keywords\":[]},\"meta\":false}],\"openPopupId\":\"\",\"itemsMetaDataCollection\":[]}<\/script><script>(function(){if(window.PGC_SGB && window.PGC_SGB.searcher){window.PGC_SGB.searcher.initBlocks()}})()<\/script><\/div>\n","protected":false},"excerpt":{"rendered":"","protected":false},"author":1,"featured_media":1689,"parent":111,"menu_order":37,"comment_status":"closed","ping_status":"closed","template":"template_galeria.php","meta":{"_acf_changed":false,"inline_featured_image":false,"pgc_sgb_lightbox_settings":"","footnotes":""},"class_list":["post-1647","page","type-page","status-publish","has-post-thumbnail","hentry"],"acf":[],"yoast_head":"<!-- This site is optimized with the Yoast SEO plugin v27.3 - https:\/\/yoast.com\/product\/yoast-seo-wordpress\/ -->\n<title>Thermal Spa Mesteri - Hotel Bassiana<\/title>\n<meta name=\"robots\" content=\"index, follow, max-snippet:-1, max-image-preview:large, max-video-preview:-1\" \/>\n<link rel=\"canonical\" href=\"https:\/\/bassiana.hu\/galeria\/mesteri-termal\/\" \/>\n<meta property=\"og:locale\" content=\"de_DE\" \/>\n<meta property=\"og:type\" content=\"article\" \/>\n<meta property=\"og:title\" content=\"Thermal Spa Mesteri - Hotel Bassiana\" \/>\n<meta property=\"og:url\" content=\"https:\/\/bassiana.hu\/galeria\/mesteri-termal\/\" \/>\n<meta property=\"og:site_name\" content=\"Hotel Bassiana\" \/>\n<meta property=\"article:modified_time\" content=\"2025-03-18T13:32:41+00:00\" \/>\n<meta property=\"og:image\" content=\"https:\/\/bassiana.hu\/wp-content\/uploads\/2025\/03\/geleria_kulso_02.jpg\" \/>\n\t<meta property=\"og:image:width\" content=\"900\" \/>\n\t<meta property=\"og:image:height\" content=\"600\" \/>\n\t<meta property=\"og:image:type\" content=\"image\/jpeg\" \/>\n<meta name=\"twitter:card\" content=\"summary_large_image\" \/>\n<meta name=\"twitter:label1\" content=\"Gesch\u00e4tzte Lesezeit\" \/>\n\t<meta name=\"twitter:data1\" content=\"1\u00a0Minute\" \/>\n<script type=\"application\/ld+json\" class=\"yoast-schema-graph\">{\"@context\":\"https:\\\/\\\/schema.org\",\"@graph\":[{\"@type\":\"WebPage\",\"@id\":\"https:\\\/\\\/bassiana.hu\\\/galeria\\\/mesteri-termal\\\/\",\"url\":\"https:\\\/\\\/bassiana.hu\\\/galeria\\\/mesteri-termal\\\/\",\"name\":\"[:hu]Mesteri Term\u00e1l[:en]Thermal Spa Mesteri[:de]Thermal Spa Mesteri[:] - Hotel Bassiana\",\"isPartOf\":{\"@id\":\"https:\\\/\\\/bassiana.hu\\\/#website\"},\"primaryImageOfPage\":{\"@id\":\"https:\\\/\\\/bassiana.hu\\\/galeria\\\/mesteri-termal\\\/#primaryimage\"},\"image\":{\"@id\":\"https:\\\/\\\/bassiana.hu\\\/galeria\\\/mesteri-termal\\\/#primaryimage\"},\"thumbnailUrl\":\"https:\\\/\\\/bassiana.hu\\\/wp-content\\\/uploads\\\/2025\\\/03\\\/geleria_kulso_02.jpg\",\"datePublished\":\"2025-03-14T11:47:26+00:00\",\"dateModified\":\"2025-03-18T13:32:41+00:00\",\"breadcrumb\":{\"@id\":\"https:\\\/\\\/bassiana.hu\\\/galeria\\\/mesteri-termal\\\/#breadcrumb\"},\"inLanguage\":\"de\",\"potentialAction\":[{\"@type\":\"ReadAction\",\"target\":[\"https:\\\/\\\/bassiana.hu\\\/galeria\\\/mesteri-termal\\\/\"]}]},{\"@type\":\"ImageObject\",\"inLanguage\":\"de\",\"@id\":\"https:\\\/\\\/bassiana.hu\\\/galeria\\\/mesteri-termal\\\/#primaryimage\",\"url\":\"https:\\\/\\\/bassiana.hu\\\/wp-content\\\/uploads\\\/2025\\\/03\\\/geleria_kulso_02.jpg\",\"contentUrl\":\"https:\\\/\\\/bassiana.hu\\\/wp-content\\\/uploads\\\/2025\\\/03\\\/geleria_kulso_02.jpg\",\"width\":900,\"height\":600},{\"@type\":\"BreadcrumbList\",\"@id\":\"https:\\\/\\\/bassiana.hu\\\/galeria\\\/mesteri-termal\\\/#breadcrumb\",\"itemListElement\":[{\"@type\":\"ListItem\",\"position\":1,\"name\":\"Kezd\u0151lap\",\"item\":\"https:\\\/\\\/bassiana.hu\\\/\"},{\"@type\":\"ListItem\",\"position\":2,\"name\":\"Gal\u00e9ria\",\"item\":\"https:\\\/\\\/bassiana.hu\\\/galeria\\\/\"},{\"@type\":\"ListItem\",\"position\":3,\"name\":\"Mesteri Term\u00e1l\"}]},{\"@type\":\"WebSite\",\"@id\":\"https:\\\/\\\/bassiana.hu\\\/#website\",\"url\":\"https:\\\/\\\/bassiana.hu\\\/\",\"name\":\"Hotel Bassiana\",\"description\":\"S\u00e1rv\u00e1r\",\"publisher\":{\"@id\":\"https:\\\/\\\/bassiana.hu\\\/#organization\"},\"potentialAction\":[{\"@type\":\"SearchAction\",\"target\":{\"@type\":\"EntryPoint\",\"urlTemplate\":\"https:\\\/\\\/bassiana.hu\\\/?s={search_term_string}\"},\"query-input\":{\"@type\":\"PropertyValueSpecification\",\"valueRequired\":true,\"valueName\":\"search_term_string\"}}],\"inLanguage\":\"de\"},{\"@type\":\"Organization\",\"@id\":\"https:\\\/\\\/bassiana.hu\\\/#organization\",\"name\":\"Hotel Bassiana\",\"url\":\"https:\\\/\\\/bassiana.hu\\\/\",\"logo\":{\"@type\":\"ImageObject\",\"inLanguage\":\"de\",\"@id\":\"https:\\\/\\\/bassiana.hu\\\/#\\\/schema\\\/logo\\\/image\\\/\",\"url\":\"https:\\\/\\\/bassiana.hu\\\/wp-content\\\/uploads\\\/2025\\\/04\\\/RGBbassiana_logo_RGB_bassiana_boutique_logo_csillaggal_szines_feher_felirat.svg\",\"contentUrl\":\"https:\\\/\\\/bassiana.hu\\\/wp-content\\\/uploads\\\/2025\\\/04\\\/RGBbassiana_logo_RGB_bassiana_boutique_logo_csillaggal_szines_feher_felirat.svg\",\"caption\":\"Hotel Bassiana\"},\"image\":{\"@id\":\"https:\\\/\\\/bassiana.hu\\\/#\\\/schema\\\/logo\\\/image\\\/\"}}]}<\/script>\n<!-- \/ Yoast SEO plugin. -->","yoast_head_json":{"title":"[:hu]Mesteri Term\u00e1l[:en]Thermal Spa Mesteri[:de]Thermal Spa Mesteri[:] - Hotel Bassiana","robots":{"index":"index","follow":"follow","max-snippet":"max-snippet:-1","max-image-preview":"max-image-preview:large","max-video-preview":"max-video-preview:-1"},"canonical":"https:\/\/bassiana.hu\/galeria\/mesteri-termal\/","og_locale":"de_DE","og_type":"article","og_title":"Thermal Spa Mesteri - Hotel Bassiana","og_url":"https:\/\/bassiana.hu\/galeria\/mesteri-termal\/","og_site_name":"Hotel Bassiana","article_modified_time":"2025-03-18T13:32:41+00:00","og_image":[{"width":900,"height":600,"url":"https:\/\/bassiana.hu\/wp-content\/uploads\/2025\/03\/geleria_kulso_02.jpg","type":"image\/jpeg"}],"twitter_card":"summary_large_image","twitter_misc":{"Gesch\u00e4tzte Lesezeit":"1\u00a0Minute"},"schema":{"@context":"https:\/\/schema.org","@graph":[{"@type":"WebPage","@id":"https:\/\/bassiana.hu\/galeria\/mesteri-termal\/","url":"https:\/\/bassiana.hu\/galeria\/mesteri-termal\/","name":"[:hu]Mesteri Term\u00e1l[:en]Thermal Spa Mesteri[:de]Thermal Spa Mesteri[:] - Hotel Bassiana","isPartOf":{"@id":"https:\/\/bassiana.hu\/#website"},"primaryImageOfPage":{"@id":"https:\/\/bassiana.hu\/galeria\/mesteri-termal\/#primaryimage"},"image":{"@id":"https:\/\/bassiana.hu\/galeria\/mesteri-termal\/#primaryimage"},"thumbnailUrl":"https:\/\/bassiana.hu\/wp-content\/uploads\/2025\/03\/geleria_kulso_02.jpg","datePublished":"2025-03-14T11:47:26+00:00","dateModified":"2025-03-18T13:32:41+00:00","breadcrumb":{"@id":"https:\/\/bassiana.hu\/galeria\/mesteri-termal\/#breadcrumb"},"inLanguage":"de","potentialAction":[{"@type":"ReadAction","target":["https:\/\/bassiana.hu\/galeria\/mesteri-termal\/"]}]},{"@type":"ImageObject","inLanguage":"de","@id":"https:\/\/bassiana.hu\/galeria\/mesteri-termal\/#primaryimage","url":"https:\/\/bassiana.hu\/wp-content\/uploads\/2025\/03\/geleria_kulso_02.jpg","contentUrl":"https:\/\/bassiana.hu\/wp-content\/uploads\/2025\/03\/geleria_kulso_02.jpg","width":900,"height":600},{"@type":"BreadcrumbList","@id":"https:\/\/bassiana.hu\/galeria\/mesteri-termal\/#breadcrumb","itemListElement":[{"@type":"ListItem","position":1,"name":"Kezd\u0151lap","item":"https:\/\/bassiana.hu\/"},{"@type":"ListItem","position":2,"name":"Gal\u00e9ria","item":"https:\/\/bassiana.hu\/galeria\/"},{"@type":"ListItem","position":3,"name":"Mesteri Term\u00e1l"}]},{"@type":"WebSite","@id":"https:\/\/bassiana.hu\/#website","url":"https:\/\/bassiana.hu\/","name":"Hotel Bassiana","description":"S\u00e1rv\u00e1r","publisher":{"@id":"https:\/\/bassiana.hu\/#organization"},"potentialAction":[{"@type":"SearchAction","target":{"@type":"EntryPoint","urlTemplate":"https:\/\/bassiana.hu\/?s={search_term_string}"},"query-input":{"@type":"PropertyValueSpecification","valueRequired":true,"valueName":"search_term_string"}}],"inLanguage":"de"},{"@type":"Organization","@id":"https:\/\/bassiana.hu\/#organization","name":"Hotel Bassiana","url":"https:\/\/bassiana.hu\/","logo":{"@type":"ImageObject","inLanguage":"de","@id":"https:\/\/bassiana.hu\/#\/schema\/logo\/image\/","url":"https:\/\/bassiana.hu\/wp-content\/uploads\/2025\/04\/RGBbassiana_logo_RGB_bassiana_boutique_logo_csillaggal_szines_feher_felirat.svg","contentUrl":"https:\/\/bassiana.hu\/wp-content\/uploads\/2025\/04\/RGBbassiana_logo_RGB_bassiana_boutique_logo_csillaggal_szines_feher_felirat.svg","caption":"Hotel Bassiana"},"image":{"@id":"https:\/\/bassiana.hu\/#\/schema\/logo\/image\/"}}]}},"_links":{"self":[{"href":"https:\/\/bassiana.hu\/de\/wp-json\/wp\/v2\/pages\/1647","targetHints":{"allow":["GET"]}}],"collection":[{"href":"https:\/\/bassiana.hu\/de\/wp-json\/wp\/v2\/pages"}],"about":[{"href":"https:\/\/bassiana.hu\/de\/wp-json\/wp\/v2\/types\/page"}],"author":[{"embeddable":true,"href":"https:\/\/bassiana.hu\/de\/wp-json\/wp\/v2\/users\/1"}],"replies":[{"embeddable":true,"href":"https:\/\/bassiana.hu\/de\/wp-json\/wp\/v2\/comments?post=1647"}],"version-history":[{"count":1,"href":"https:\/\/bassiana.hu\/de\/wp-json\/wp\/v2\/pages\/1647\/revisions"}],"predecessor-version":[{"id":1648,"href":"https:\/\/bassiana.hu\/de\/wp-json\/wp\/v2\/pages\/1647\/revisions\/1648"}],"up":[{"embeddable":true,"href":"https:\/\/bassiana.hu\/de\/wp-json\/wp\/v2\/pages\/111"}],"wp:featuredmedia":[{"embeddable":true,"href":"https:\/\/bassiana.hu\/de\/wp-json\/wp\/v2\/media\/1689"}],"wp:attachment":[{"href":"https:\/\/bassiana.hu\/de\/wp-json\/wp\/v2\/media?parent=1647"}],"curies":[{"name":"wp","href":"https:\/\/api.w.org\/{rel}","templated":true}]}}