{"id":1655,"date":"2025-03-14T12:57:04","date_gmt":"2025-03-14T12:57:04","guid":{"rendered":"https:\/\/bassiana.hu\/?page_id=1655"},"modified":"2025-08-14T13:04:11","modified_gmt":"2025-08-14T13:04:11","slug":"gyogyfurdo-sarvar","status":"publish","type":"page","link":"https:\/\/bassiana.hu\/de\/wellness-hotel\/gyogyfurdo-sarvar\/","title":{"rendered":"Therme"},"content":{"rendered":"","protected":false},"excerpt":{"rendered":"","protected":false},"author":1,"featured_media":1688,"parent":27,"menu_order":11,"comment_status":"closed","ping_status":"closed","template":"","meta":{"_acf_changed":false,"inline_featured_image":false,"pgc_sgb_lightbox_settings":"","footnotes":""},"class_list":["post-1655","page","type-page","status-publish","has-post-thumbnail","hentry"],"acf":[],"yoast_head":"<!-- This site is optimized with the Yoast SEO plugin v27.3 - https:\/\/yoast.com\/product\/yoast-seo-wordpress\/ -->\n<title>S\u00e1rv\u00e1r gy\u00f3gyf\u00fcrd\u0151k - Hotel Bassiana<\/title>\n<meta name=\"description\" content=\"Fedezze fel a S\u00e1rv\u00e1r gy\u00f3gyf\u00fcrd\u0151 lehet\u0151s\u00e9geit! A Hotel Bassiana vend\u00e9gek\u00e9nt a Mesteri Term\u00e1l \u00e9s S\u00e1rv\u00e1ri Gy\u00f3gyf\u00fcrd\u0151 k\u00f6zels\u00e9g\u00e9t is \u00e9lvezheti.\" \/>\n<meta name=\"robots\" content=\"index, follow, max-snippet:-1, max-image-preview:large, max-video-preview:-1\" \/>\n<link rel=\"canonical\" href=\"https:\/\/bassiana.hu\/wellness-hotel\/gyogyfurdo-sarvar\/\" \/>\n<meta property=\"og:locale\" content=\"de_DE\" \/>\n<meta property=\"og:type\" content=\"article\" \/>\n<meta property=\"og:title\" content=\"S\u00e1rv\u00e1r gy\u00f3gyf\u00fcrd\u0151k - Hotel Bassiana\" \/>\n<meta property=\"og:description\" content=\"Fedezze fel a S\u00e1rv\u00e1r gy\u00f3gyf\u00fcrd\u0151 lehet\u0151s\u00e9geit! A Hotel Bassiana vend\u00e9gek\u00e9nt a Mesteri Term\u00e1l \u00e9s S\u00e1rv\u00e1ri Gy\u00f3gyf\u00fcrd\u0151 k\u00f6zels\u00e9g\u00e9t is \u00e9lvezheti.\" \/>\n<meta property=\"og:url\" content=\"https:\/\/bassiana.hu\/wellness-hotel\/gyogyfurdo-sarvar\/\" \/>\n<meta property=\"og:site_name\" content=\"Hotel Bassiana\" \/>\n<meta property=\"article:modified_time\" content=\"2025-08-14T13:04:11+00:00\" \/>\n<meta property=\"og:image\" content=\"https:\/\/bassiana.hu\/wp-content\/uploads\/2025\/03\/geleria_belso_03.jpg\" \/>\n\t<meta property=\"og:image:width\" content=\"960\" \/>\n\t<meta property=\"og:image:height\" content=\"640\" \/>\n\t<meta property=\"og:image:type\" content=\"image\/jpeg\" \/>\n<meta name=\"twitter:card\" content=\"summary_large_image\" \/>\n<meta name=\"twitter:label1\" content=\"Gesch\u00e4tzte Lesezeit\" \/>\n\t<meta name=\"twitter:data1\" content=\"1\u00a0Minute\" \/>\n<script type=\"application\/ld+json\" class=\"yoast-schema-graph\">{\"@context\":\"https:\\\/\\\/schema.org\",\"@graph\":[{\"@type\":\"WebPage\",\"@id\":\"https:\\\/\\\/bassiana.hu\\\/wellness-hotel\\\/gyogyfurdo-sarvar\\\/\",\"url\":\"https:\\\/\\\/bassiana.hu\\\/wellness-hotel\\\/gyogyfurdo-sarvar\\\/\",\"name\":\"S\u00e1rv\u00e1r gy\u00f3gyf\u00fcrd\u0151k - Hotel Bassiana\",\"isPartOf\":{\"@id\":\"https:\\\/\\\/bassiana.hu\\\/#website\"},\"primaryImageOfPage\":{\"@id\":\"https:\\\/\\\/bassiana.hu\\\/wellness-hotel\\\/gyogyfurdo-sarvar\\\/#primaryimage\"},\"image\":{\"@id\":\"https:\\\/\\\/bassiana.hu\\\/wellness-hotel\\\/gyogyfurdo-sarvar\\\/#primaryimage\"},\"thumbnailUrl\":\"https:\\\/\\\/bassiana.hu\\\/wp-content\\\/uploads\\\/2025\\\/03\\\/geleria_belso_03.jpg\",\"datePublished\":\"2025-03-14T12:57:04+00:00\",\"dateModified\":\"2025-08-14T13:04:11+00:00\",\"description\":\"Fedezze fel a S\u00e1rv\u00e1r gy\u00f3gyf\u00fcrd\u0151 lehet\u0151s\u00e9geit! A Hotel Bassiana vend\u00e9gek\u00e9nt a Mesteri Term\u00e1l \u00e9s S\u00e1rv\u00e1ri Gy\u00f3gyf\u00fcrd\u0151 k\u00f6zels\u00e9g\u00e9t is \u00e9lvezheti.\",\"breadcrumb\":{\"@id\":\"https:\\\/\\\/bassiana.hu\\\/wellness-hotel\\\/gyogyfurdo-sarvar\\\/#breadcrumb\"},\"inLanguage\":\"de\",\"potentialAction\":[{\"@type\":\"ReadAction\",\"target\":[\"https:\\\/\\\/bassiana.hu\\\/wellness-hotel\\\/gyogyfurdo-sarvar\\\/\"]}]},{\"@type\":\"ImageObject\",\"inLanguage\":\"de\",\"@id\":\"https:\\\/\\\/bassiana.hu\\\/wellness-hotel\\\/gyogyfurdo-sarvar\\\/#primaryimage\",\"url\":\"https:\\\/\\\/bassiana.hu\\\/wp-content\\\/uploads\\\/2025\\\/03\\\/geleria_belso_03.jpg\",\"contentUrl\":\"https:\\\/\\\/bassiana.hu\\\/wp-content\\\/uploads\\\/2025\\\/03\\\/geleria_belso_03.jpg\",\"width\":960,\"height\":640,\"caption\":\"s\u00e1rv\u00e1r gy\u00f3gyf\u00fcrd\u0151\"},{\"@type\":\"BreadcrumbList\",\"@id\":\"https:\\\/\\\/bassiana.hu\\\/wellness-hotel\\\/gyogyfurdo-sarvar\\\/#breadcrumb\",\"itemListElement\":[{\"@type\":\"ListItem\",\"position\":1,\"name\":\"Kezd\u0151lap\",\"item\":\"https:\\\/\\\/bassiana.hu\\\/\"},{\"@type\":\"ListItem\",\"position\":2,\"name\":\"Wellness\",\"item\":\"https:\\\/\\\/bassiana.hu\\\/wellness-hotel\\\/\"},{\"@type\":\"ListItem\",\"position\":3,\"name\":\"Gy\u00f3gyf\u00fcrd\u0151k\"}]},{\"@type\":\"WebSite\",\"@id\":\"https:\\\/\\\/bassiana.hu\\\/#website\",\"url\":\"https:\\\/\\\/bassiana.hu\\\/\",\"name\":\"Hotel Bassiana\",\"description\":\"S\u00e1rv\u00e1r\",\"publisher\":{\"@id\":\"https:\\\/\\\/bassiana.hu\\\/#organization\"},\"potentialAction\":[{\"@type\":\"SearchAction\",\"target\":{\"@type\":\"EntryPoint\",\"urlTemplate\":\"https:\\\/\\\/bassiana.hu\\\/?s={search_term_string}\"},\"query-input\":{\"@type\":\"PropertyValueSpecification\",\"valueRequired\":true,\"valueName\":\"search_term_string\"}}],\"inLanguage\":\"de\"},{\"@type\":\"Organization\",\"@id\":\"https:\\\/\\\/bassiana.hu\\\/#organization\",\"name\":\"Hotel Bassiana\",\"url\":\"https:\\\/\\\/bassiana.hu\\\/\",\"logo\":{\"@type\":\"ImageObject\",\"inLanguage\":\"de\",\"@id\":\"https:\\\/\\\/bassiana.hu\\\/#\\\/schema\\\/logo\\\/image\\\/\",\"url\":\"https:\\\/\\\/bassiana.hu\\\/wp-content\\\/uploads\\\/2025\\\/04\\\/RGBbassiana_logo_RGB_bassiana_boutique_logo_csillaggal_szines_feher_felirat.svg\",\"contentUrl\":\"https:\\\/\\\/bassiana.hu\\\/wp-content\\\/uploads\\\/2025\\\/04\\\/RGBbassiana_logo_RGB_bassiana_boutique_logo_csillaggal_szines_feher_felirat.svg\",\"caption\":\"Hotel Bassiana\"},\"image\":{\"@id\":\"https:\\\/\\\/bassiana.hu\\\/#\\\/schema\\\/logo\\\/image\\\/\"}}]}<\/script>\n<!-- \/ Yoast SEO plugin. -->","yoast_head_json":{"title":"S\u00e1rv\u00e1r gy\u00f3gyf\u00fcrd\u0151k - Hotel Bassiana","description":"Fedezze fel a S\u00e1rv\u00e1r gy\u00f3gyf\u00fcrd\u0151 lehet\u0151s\u00e9geit! A Hotel Bassiana vend\u00e9gek\u00e9nt a Mesteri Term\u00e1l \u00e9s S\u00e1rv\u00e1ri Gy\u00f3gyf\u00fcrd\u0151 k\u00f6zels\u00e9g\u00e9t is \u00e9lvezheti.","robots":{"index":"index","follow":"follow","max-snippet":"max-snippet:-1","max-image-preview":"max-image-preview:large","max-video-preview":"max-video-preview:-1"},"canonical":"https:\/\/bassiana.hu\/wellness-hotel\/gyogyfurdo-sarvar\/","og_locale":"de_DE","og_type":"article","og_title":"S\u00e1rv\u00e1r gy\u00f3gyf\u00fcrd\u0151k - Hotel Bassiana","og_description":"Fedezze fel a S\u00e1rv\u00e1r gy\u00f3gyf\u00fcrd\u0151 lehet\u0151s\u00e9geit! A Hotel Bassiana vend\u00e9gek\u00e9nt a Mesteri Term\u00e1l \u00e9s S\u00e1rv\u00e1ri Gy\u00f3gyf\u00fcrd\u0151 k\u00f6zels\u00e9g\u00e9t is \u00e9lvezheti.","og_url":"https:\/\/bassiana.hu\/wellness-hotel\/gyogyfurdo-sarvar\/","og_site_name":"Hotel Bassiana","article_modified_time":"2025-08-14T13:04:11+00:00","og_image":[{"width":960,"height":640,"url":"https:\/\/bassiana.hu\/wp-content\/uploads\/2025\/03\/geleria_belso_03.jpg","type":"image\/jpeg"}],"twitter_card":"summary_large_image","twitter_misc":{"Gesch\u00e4tzte Lesezeit":"1\u00a0Minute"},"schema":{"@context":"https:\/\/schema.org","@graph":[{"@type":"WebPage","@id":"https:\/\/bassiana.hu\/wellness-hotel\/gyogyfurdo-sarvar\/","url":"https:\/\/bassiana.hu\/wellness-hotel\/gyogyfurdo-sarvar\/","name":"S\u00e1rv\u00e1r gy\u00f3gyf\u00fcrd\u0151k - Hotel Bassiana","isPartOf":{"@id":"https:\/\/bassiana.hu\/#website"},"primaryImageOfPage":{"@id":"https:\/\/bassiana.hu\/wellness-hotel\/gyogyfurdo-sarvar\/#primaryimage"},"image":{"@id":"https:\/\/bassiana.hu\/wellness-hotel\/gyogyfurdo-sarvar\/#primaryimage"},"thumbnailUrl":"https:\/\/bassiana.hu\/wp-content\/uploads\/2025\/03\/geleria_belso_03.jpg","datePublished":"2025-03-14T12:57:04+00:00","dateModified":"2025-08-14T13:04:11+00:00","description":"Fedezze fel a S\u00e1rv\u00e1r gy\u00f3gyf\u00fcrd\u0151 lehet\u0151s\u00e9geit! A Hotel Bassiana vend\u00e9gek\u00e9nt a Mesteri Term\u00e1l \u00e9s S\u00e1rv\u00e1ri Gy\u00f3gyf\u00fcrd\u0151 k\u00f6zels\u00e9g\u00e9t is \u00e9lvezheti.","breadcrumb":{"@id":"https:\/\/bassiana.hu\/wellness-hotel\/gyogyfurdo-sarvar\/#breadcrumb"},"inLanguage":"de","potentialAction":[{"@type":"ReadAction","target":["https:\/\/bassiana.hu\/wellness-hotel\/gyogyfurdo-sarvar\/"]}]},{"@type":"ImageObject","inLanguage":"de","@id":"https:\/\/bassiana.hu\/wellness-hotel\/gyogyfurdo-sarvar\/#primaryimage","url":"https:\/\/bassiana.hu\/wp-content\/uploads\/2025\/03\/geleria_belso_03.jpg","contentUrl":"https:\/\/bassiana.hu\/wp-content\/uploads\/2025\/03\/geleria_belso_03.jpg","width":960,"height":640,"caption":"s\u00e1rv\u00e1r gy\u00f3gyf\u00fcrd\u0151"},{"@type":"BreadcrumbList","@id":"https:\/\/bassiana.hu\/wellness-hotel\/gyogyfurdo-sarvar\/#breadcrumb","itemListElement":[{"@type":"ListItem","position":1,"name":"Kezd\u0151lap","item":"https:\/\/bassiana.hu\/"},{"@type":"ListItem","position":2,"name":"Wellness","item":"https:\/\/bassiana.hu\/wellness-hotel\/"},{"@type":"ListItem","position":3,"name":"Gy\u00f3gyf\u00fcrd\u0151k"}]},{"@type":"WebSite","@id":"https:\/\/bassiana.hu\/#website","url":"https:\/\/bassiana.hu\/","name":"Hotel Bassiana","description":"S\u00e1rv\u00e1r","publisher":{"@id":"https:\/\/bassiana.hu\/#organization"},"potentialAction":[{"@type":"SearchAction","target":{"@type":"EntryPoint","urlTemplate":"https:\/\/bassiana.hu\/?s={search_term_string}"},"query-input":{"@type":"PropertyValueSpecification","valueRequired":true,"valueName":"search_term_string"}}],"inLanguage":"de"},{"@type":"Organization","@id":"https:\/\/bassiana.hu\/#organization","name":"Hotel Bassiana","url":"https:\/\/bassiana.hu\/","logo":{"@type":"ImageObject","inLanguage":"de","@id":"https:\/\/bassiana.hu\/#\/schema\/logo\/image\/","url":"https:\/\/bassiana.hu\/wp-content\/uploads\/2025\/04\/RGBbassiana_logo_RGB_bassiana_boutique_logo_csillaggal_szines_feher_felirat.svg","contentUrl":"https:\/\/bassiana.hu\/wp-content\/uploads\/2025\/04\/RGBbassiana_logo_RGB_bassiana_boutique_logo_csillaggal_szines_feher_felirat.svg","caption":"Hotel Bassiana"},"image":{"@id":"https:\/\/bassiana.hu\/#\/schema\/logo\/image\/"}}]}},"_links":{"self":[{"href":"https:\/\/bassiana.hu\/de\/wp-json\/wp\/v2\/pages\/1655","targetHints":{"allow":["GET"]}}],"collection":[{"href":"https:\/\/bassiana.hu\/de\/wp-json\/wp\/v2\/pages"}],"about":[{"href":"https:\/\/bassiana.hu\/de\/wp-json\/wp\/v2\/types\/page"}],"author":[{"embeddable":true,"href":"https:\/\/bassiana.hu\/de\/wp-json\/wp\/v2\/users\/1"}],"replies":[{"embeddable":true,"href":"https:\/\/bassiana.hu\/de\/wp-json\/wp\/v2\/comments?post=1655"}],"version-history":[{"count":2,"href":"https:\/\/bassiana.hu\/de\/wp-json\/wp\/v2\/pages\/1655\/revisions"}],"predecessor-version":[{"id":1700,"href":"https:\/\/bassiana.hu\/de\/wp-json\/wp\/v2\/pages\/1655\/revisions\/1700"}],"up":[{"embeddable":true,"href":"https:\/\/bassiana.hu\/de\/wp-json\/wp\/v2\/pages\/27"}],"wp:featuredmedia":[{"embeddable":true,"href":"https:\/\/bassiana.hu\/de\/wp-json\/wp\/v2\/media\/1688"}],"wp:attachment":[{"href":"https:\/\/bassiana.hu\/de\/wp-json\/wp\/v2\/media?parent=1655"}],"curies":[{"name":"wp","href":"https:\/\/api.w.org\/{rel}","templated":true}]}}