{"id":1800,"date":"2025-05-29T10:20:25","date_gmt":"2025-05-29T10:20:25","guid":{"rendered":"https:\/\/bassiana.hu\/?page_id=1800"},"modified":"2026-02-25T10:41:03","modified_gmt":"2026-02-25T10:41:03","slug":"bodymed","status":"publish","type":"page","link":"https:\/\/bassiana.hu\/de\/wellness-hotel\/bodymed\/","title":{"rendered":"bodyMED"},"content":{"rendered":"<p><\/p>\n<p style=\"text-align: center;\"><span style=\"font-size: 18px;\">Die bodyMED-Abteilung unseres Hotels wurde um Wellness-Dienstleistungen erweitert bietet erstklassige <strong>physiotherapeutische Behandlungen<\/strong> zur Wiederherstellung und Erhaltung der Gesundheit des Bewegungsapparats. Unsere G\u00e4ste k\u00f6nnen von individuellen Therapieprogrammen profitieren, die moderne Physiotherapie-Methoden wie die Mulligan- und Maitland-Therapie, FDM, Faszien- und Triggerpunkt-Behandlungen kombinieren. Von der Schmerzlinderung bis zur vollst\u00e4ndigen Genesung zielen alle unsere Behandlungen darauf ab, die <strong>Mobilit\u00e4t zu erh\u00f6hen, die Lebensqualit\u00e4t zu verbessern und das nat\u00fcrliche Gleichgewicht des K\u00f6rpers wiederherzustellen<\/strong>. Unsere innovativen Techniken &#8211; wie Flossing, Spinning, Kinesiotape oder SMR &#8211; helfen unseren Kunden, sich wieder frei und schmerzfrei zu bewegen. <strong>Entdecken Sie die Kraft von bodyMED<\/strong> und machen Sie das Beste aus Ihrem eigenen k\u00f6rperlichen und geistigen Wohlbefinden!<\/span><\/p>\n<p style=\"text-align: center;\"><span style=\"font-size: 18px;\"><strong>Unsere Behandlungen werden von N\u00f3ra Horv\u00e1th, Physiotherapeutin und Manualtherapeutin, durchgef\u00fchrt<\/strong>. Sie hat ihr Studium an der Universit\u00e4t P\u00e9cs 2019 abgeschlossen. W\u00e4hrend ihrer Studienzeit und seither hat sie mehrere Kurse besucht, um sich weiterzubilden, vor allem im Bereich der manuellen Therapie und der Faszienbehandlung. Sie arbeitete bis 2022 in einem Krankenhaus und nach 2022 drei Jahre lang im Profisport, bei der NB1-Meistermannschaft der Damen im Basketball. <\/span><span style=\"font-size: 18px;\"><strong>Ihr Hauptziel ist es, die Lebensqualit\u00e4t der Menschen zu verbessern<\/strong>. Sie findet das Engagement der Profisportler sehr motivierend und betrachtet die Behandlungen und die Physiotherapie als eine weitere M\u00f6glichkeit auf ihrem Weg der Entwicklung. Sie freut sich, dass immer mehr nicht-professionelle Athleten und normale Menschen das enorme Potenzial dieses Bereichs erkennen. <\/span><strong><span style=\"font-size: 18px;\">Die M\u00f6glichkeiten, die der Beruf bietet: Pr\u00e4ventivarbeit, Vorbeugung und Korrektur von Funktionsst\u00f6rungen und Verletzungen, akute, fr\u00fchzeitige Behandlung von Verletzungen und langfristige Rehabilitation, Rehabilitation nach eventuellen Operationen, Erkennung, Verringerung und Beseitigung von Schmerzen unterschiedlicher Ursache.<\/span><\/strong><\/p>\n<p>&nbsp;<\/p>\n<p style=\"text-align: center;\"><span style=\"font-size: 18px;\">Individuell abgestimmte Bewegungstherapien f\u00fcr einen schmerzfreien Alltag<\/span><\/p>\n<p style=\"text-align: center;\"><span style=\"font-size: 18px;\">Von Physiotherapeuten geleitete Behandlungen mit modernen therapeutischen Methoden<\/span><\/p>\n<p style=\"text-align: center;\"><span style=\"font-size: 18px;\">Regeneration auf h\u00f6chstem Niveau f\u00fcr mehr K\u00f6rper- und Bewegungsfreiheit<\/span><\/p>\n<p>&nbsp;<\/p>\n<p style=\"text-align: center;\"><strong><span style=\"font-size: 18px;\">Anfragen und Termine: +36 70 788 1188<\/span><\/strong><\/p>\n<p style=\"text-align: center;\"><strong><span style=\"font-size: 18px;\">E-Mail: reservation@bassiana.hu<\/span><\/strong><\/p>\n<p><\/p>","protected":false},"excerpt":{"rendered":"<p>Die bodyMED-Abteilung ist darauf ausgerichtet, das nat\u00fcrliche Gleichgewicht des K\u00f6rpers wiederherzustellen und Beschwerden des Bewegungsapparats wirksam zu behandeln &#8211; damit Ihre Erholung im Hotel Bassiana wirklich komplett ist. Unsere personalisierten Therapien helfen, Gelenkschmerzen zu lindern, die Mobilit\u00e4t zu verbessern und die Rehabilitation nach Verletzungen oder Operationen zu unterst\u00fctzen. Unsere fortschrittlichen manuellen Therapiemethoden, Faszienbehandlungen und regenerativen Techniken reduzieren chronische Verspannungen, f\u00f6rdern die Durchblutung und unterst\u00fctzen die Heilung des Gewebes. Die BodyMED-Behandlungen sind darauf ausgerichtet, die Gesundheit, das Wohlbefinden und die aktive Lebensqualit\u00e4t unserer G\u00e4ste zu f\u00f6rdern.<\/p>\n","protected":false},"author":1,"featured_media":1801,"parent":27,"menu_order":4,"comment_status":"closed","ping_status":"closed","template":"","meta":{"_acf_changed":false,"inline_featured_image":false,"pgc_sgb_lightbox_settings":"","footnotes":""},"class_list":["post-1800","page","type-page","status-publish","has-post-thumbnail","hentry"],"acf":[],"yoast_head":"<!-- This site is optimized with the Yoast SEO plugin v27.3 - https:\/\/yoast.com\/product\/yoast-seo-wordpress\/ -->\n<title>bodyMED - Hotel Bassiana<\/title>\n<meta name=\"description\" content=\"S\u00e1rv\u00e1ri sz\u00e1llod\u00e1nk egyed\u00fcl\u00e1ll\u00f3 pr\u00e9mium szint\u0171 gy\u00f3gyter\u00e1pi\u00e1s kezel\u00e9seket k\u00edn\u00e1l. Fedezze fel a bodyMED erej\u00e9t, \u00e9s hozza ki a legt\u00f6bbet saj\u00e1t testi-lelki j\u00f3l\u00e9t\u00e9b\u0151l!\" \/>\n<meta name=\"robots\" content=\"index, follow, max-snippet:-1, max-image-preview:large, max-video-preview:-1\" \/>\n<link rel=\"canonical\" href=\"https:\/\/bassiana.hu\/wellness-hotel\/bodymed\/\" \/>\n<meta property=\"og:locale\" content=\"de_DE\" \/>\n<meta property=\"og:type\" content=\"article\" \/>\n<meta property=\"og:title\" content=\"bodyMED - Hotel Bassiana\" \/>\n<meta property=\"og:description\" content=\"S\u00e1rv\u00e1ri sz\u00e1llod\u00e1nk egyed\u00fcl\u00e1ll\u00f3 pr\u00e9mium szint\u0171 gy\u00f3gyter\u00e1pi\u00e1s kezel\u00e9seket k\u00edn\u00e1l. Fedezze fel a bodyMED erej\u00e9t, \u00e9s hozza ki a legt\u00f6bbet saj\u00e1t testi-lelki j\u00f3l\u00e9t\u00e9b\u0151l!\" \/>\n<meta property=\"og:url\" content=\"https:\/\/bassiana.hu\/wellness-hotel\/bodymed\/\" \/>\n<meta property=\"og:site_name\" content=\"Hotel Bassiana\" \/>\n<meta property=\"article:modified_time\" content=\"2026-02-25T10:41:03+00:00\" \/>\n<meta property=\"og:image\" content=\"https:\/\/bassiana.hu\/wp-content\/uploads\/2025\/05\/gyogytorna_bodyMED-scaled.jpg\" \/>\n\t<meta property=\"og:image:width\" content=\"2560\" \/>\n\t<meta property=\"og:image:height\" content=\"1707\" \/>\n\t<meta property=\"og:image:type\" content=\"image\/jpeg\" \/>\n<meta name=\"twitter:card\" content=\"summary_large_image\" \/>\n<meta name=\"twitter:label1\" content=\"Gesch\u00e4tzte Lesezeit\" \/>\n\t<meta name=\"twitter:data1\" content=\"2\u00a0Minuten\" \/>\n<script type=\"application\/ld+json\" class=\"yoast-schema-graph\">{\"@context\":\"https:\\\/\\\/schema.org\",\"@graph\":[{\"@type\":\"WebPage\",\"@id\":\"https:\\\/\\\/bassiana.hu\\\/wellness-hotel\\\/bodymed\\\/\",\"url\":\"https:\\\/\\\/bassiana.hu\\\/wellness-hotel\\\/bodymed\\\/\",\"name\":\"bodyMED - Hotel Bassiana\",\"isPartOf\":{\"@id\":\"https:\\\/\\\/bassiana.hu\\\/#website\"},\"primaryImageOfPage\":{\"@id\":\"https:\\\/\\\/bassiana.hu\\\/wellness-hotel\\\/bodymed\\\/#primaryimage\"},\"image\":{\"@id\":\"https:\\\/\\\/bassiana.hu\\\/wellness-hotel\\\/bodymed\\\/#primaryimage\"},\"thumbnailUrl\":\"https:\\\/\\\/bassiana.hu\\\/wp-content\\\/uploads\\\/2025\\\/05\\\/gyogytorna_bodyMED-scaled.jpg\",\"datePublished\":\"2025-05-29T10:20:25+00:00\",\"dateModified\":\"2026-02-25T10:41:03+00:00\",\"description\":\"S\u00e1rv\u00e1ri sz\u00e1llod\u00e1nk egyed\u00fcl\u00e1ll\u00f3 pr\u00e9mium szint\u0171 gy\u00f3gyter\u00e1pi\u00e1s kezel\u00e9seket k\u00edn\u00e1l. Fedezze fel a bodyMED erej\u00e9t, \u00e9s hozza ki a legt\u00f6bbet saj\u00e1t testi-lelki j\u00f3l\u00e9t\u00e9b\u0151l!\",\"breadcrumb\":{\"@id\":\"https:\\\/\\\/bassiana.hu\\\/wellness-hotel\\\/bodymed\\\/#breadcrumb\"},\"inLanguage\":\"de\",\"potentialAction\":[{\"@type\":\"ReadAction\",\"target\":[\"https:\\\/\\\/bassiana.hu\\\/wellness-hotel\\\/bodymed\\\/\"]}]},{\"@type\":\"ImageObject\",\"inLanguage\":\"de\",\"@id\":\"https:\\\/\\\/bassiana.hu\\\/wellness-hotel\\\/bodymed\\\/#primaryimage\",\"url\":\"https:\\\/\\\/bassiana.hu\\\/wp-content\\\/uploads\\\/2025\\\/05\\\/gyogytorna_bodyMED-scaled.jpg\",\"contentUrl\":\"https:\\\/\\\/bassiana.hu\\\/wp-content\\\/uploads\\\/2025\\\/05\\\/gyogytorna_bodyMED-scaled.jpg\",\"width\":2560,\"height\":1707,\"caption\":\"bodymed s\u00e1rv\u00e1r\"},{\"@type\":\"BreadcrumbList\",\"@id\":\"https:\\\/\\\/bassiana.hu\\\/wellness-hotel\\\/bodymed\\\/#breadcrumb\",\"itemListElement\":[{\"@type\":\"ListItem\",\"position\":1,\"name\":\"Kezd\u0151lap\",\"item\":\"https:\\\/\\\/bassiana.hu\\\/\"},{\"@type\":\"ListItem\",\"position\":2,\"name\":\"Wellness\",\"item\":\"https:\\\/\\\/bassiana.hu\\\/wellness-hotel\\\/\"},{\"@type\":\"ListItem\",\"position\":3,\"name\":\"bodyMED\"}]},{\"@type\":\"WebSite\",\"@id\":\"https:\\\/\\\/bassiana.hu\\\/#website\",\"url\":\"https:\\\/\\\/bassiana.hu\\\/\",\"name\":\"Hotel Bassiana\",\"description\":\"S\u00e1rv\u00e1r\",\"publisher\":{\"@id\":\"https:\\\/\\\/bassiana.hu\\\/#organization\"},\"potentialAction\":[{\"@type\":\"SearchAction\",\"target\":{\"@type\":\"EntryPoint\",\"urlTemplate\":\"https:\\\/\\\/bassiana.hu\\\/?s={search_term_string}\"},\"query-input\":{\"@type\":\"PropertyValueSpecification\",\"valueRequired\":true,\"valueName\":\"search_term_string\"}}],\"inLanguage\":\"de\"},{\"@type\":\"Organization\",\"@id\":\"https:\\\/\\\/bassiana.hu\\\/#organization\",\"name\":\"Hotel Bassiana\",\"url\":\"https:\\\/\\\/bassiana.hu\\\/\",\"logo\":{\"@type\":\"ImageObject\",\"inLanguage\":\"de\",\"@id\":\"https:\\\/\\\/bassiana.hu\\\/#\\\/schema\\\/logo\\\/image\\\/\",\"url\":\"https:\\\/\\\/bassiana.hu\\\/wp-content\\\/uploads\\\/2025\\\/04\\\/RGBbassiana_logo_RGB_bassiana_boutique_logo_csillaggal_szines_feher_felirat.svg\",\"contentUrl\":\"https:\\\/\\\/bassiana.hu\\\/wp-content\\\/uploads\\\/2025\\\/04\\\/RGBbassiana_logo_RGB_bassiana_boutique_logo_csillaggal_szines_feher_felirat.svg\",\"caption\":\"Hotel Bassiana\"},\"image\":{\"@id\":\"https:\\\/\\\/bassiana.hu\\\/#\\\/schema\\\/logo\\\/image\\\/\"}}]}<\/script>\n<!-- \/ Yoast SEO plugin. -->","yoast_head_json":{"title":"bodyMED - Hotel Bassiana","description":"S\u00e1rv\u00e1ri sz\u00e1llod\u00e1nk egyed\u00fcl\u00e1ll\u00f3 pr\u00e9mium szint\u0171 gy\u00f3gyter\u00e1pi\u00e1s kezel\u00e9seket k\u00edn\u00e1l. Fedezze fel a bodyMED erej\u00e9t, \u00e9s hozza ki a legt\u00f6bbet saj\u00e1t testi-lelki j\u00f3l\u00e9t\u00e9b\u0151l!","robots":{"index":"index","follow":"follow","max-snippet":"max-snippet:-1","max-image-preview":"max-image-preview:large","max-video-preview":"max-video-preview:-1"},"canonical":"https:\/\/bassiana.hu\/wellness-hotel\/bodymed\/","og_locale":"de_DE","og_type":"article","og_title":"bodyMED - Hotel Bassiana","og_description":"S\u00e1rv\u00e1ri sz\u00e1llod\u00e1nk egyed\u00fcl\u00e1ll\u00f3 pr\u00e9mium szint\u0171 gy\u00f3gyter\u00e1pi\u00e1s kezel\u00e9seket k\u00edn\u00e1l. Fedezze fel a bodyMED erej\u00e9t, \u00e9s hozza ki a legt\u00f6bbet saj\u00e1t testi-lelki j\u00f3l\u00e9t\u00e9b\u0151l!","og_url":"https:\/\/bassiana.hu\/wellness-hotel\/bodymed\/","og_site_name":"Hotel Bassiana","article_modified_time":"2026-02-25T10:41:03+00:00","og_image":[{"width":2560,"height":1707,"url":"https:\/\/bassiana.hu\/wp-content\/uploads\/2025\/05\/gyogytorna_bodyMED-scaled.jpg","type":"image\/jpeg"}],"twitter_card":"summary_large_image","twitter_misc":{"Gesch\u00e4tzte Lesezeit":"2\u00a0Minuten"},"schema":{"@context":"https:\/\/schema.org","@graph":[{"@type":"WebPage","@id":"https:\/\/bassiana.hu\/wellness-hotel\/bodymed\/","url":"https:\/\/bassiana.hu\/wellness-hotel\/bodymed\/","name":"bodyMED - Hotel Bassiana","isPartOf":{"@id":"https:\/\/bassiana.hu\/#website"},"primaryImageOfPage":{"@id":"https:\/\/bassiana.hu\/wellness-hotel\/bodymed\/#primaryimage"},"image":{"@id":"https:\/\/bassiana.hu\/wellness-hotel\/bodymed\/#primaryimage"},"thumbnailUrl":"https:\/\/bassiana.hu\/wp-content\/uploads\/2025\/05\/gyogytorna_bodyMED-scaled.jpg","datePublished":"2025-05-29T10:20:25+00:00","dateModified":"2026-02-25T10:41:03+00:00","description":"S\u00e1rv\u00e1ri sz\u00e1llod\u00e1nk egyed\u00fcl\u00e1ll\u00f3 pr\u00e9mium szint\u0171 gy\u00f3gyter\u00e1pi\u00e1s kezel\u00e9seket k\u00edn\u00e1l. Fedezze fel a bodyMED erej\u00e9t, \u00e9s hozza ki a legt\u00f6bbet saj\u00e1t testi-lelki j\u00f3l\u00e9t\u00e9b\u0151l!","breadcrumb":{"@id":"https:\/\/bassiana.hu\/wellness-hotel\/bodymed\/#breadcrumb"},"inLanguage":"de","potentialAction":[{"@type":"ReadAction","target":["https:\/\/bassiana.hu\/wellness-hotel\/bodymed\/"]}]},{"@type":"ImageObject","inLanguage":"de","@id":"https:\/\/bassiana.hu\/wellness-hotel\/bodymed\/#primaryimage","url":"https:\/\/bassiana.hu\/wp-content\/uploads\/2025\/05\/gyogytorna_bodyMED-scaled.jpg","contentUrl":"https:\/\/bassiana.hu\/wp-content\/uploads\/2025\/05\/gyogytorna_bodyMED-scaled.jpg","width":2560,"height":1707,"caption":"bodymed s\u00e1rv\u00e1r"},{"@type":"BreadcrumbList","@id":"https:\/\/bassiana.hu\/wellness-hotel\/bodymed\/#breadcrumb","itemListElement":[{"@type":"ListItem","position":1,"name":"Kezd\u0151lap","item":"https:\/\/bassiana.hu\/"},{"@type":"ListItem","position":2,"name":"Wellness","item":"https:\/\/bassiana.hu\/wellness-hotel\/"},{"@type":"ListItem","position":3,"name":"bodyMED"}]},{"@type":"WebSite","@id":"https:\/\/bassiana.hu\/#website","url":"https:\/\/bassiana.hu\/","name":"Hotel Bassiana","description":"S\u00e1rv\u00e1r","publisher":{"@id":"https:\/\/bassiana.hu\/#organization"},"potentialAction":[{"@type":"SearchAction","target":{"@type":"EntryPoint","urlTemplate":"https:\/\/bassiana.hu\/?s={search_term_string}"},"query-input":{"@type":"PropertyValueSpecification","valueRequired":true,"valueName":"search_term_string"}}],"inLanguage":"de"},{"@type":"Organization","@id":"https:\/\/bassiana.hu\/#organization","name":"Hotel Bassiana","url":"https:\/\/bassiana.hu\/","logo":{"@type":"ImageObject","inLanguage":"de","@id":"https:\/\/bassiana.hu\/#\/schema\/logo\/image\/","url":"https:\/\/bassiana.hu\/wp-content\/uploads\/2025\/04\/RGBbassiana_logo_RGB_bassiana_boutique_logo_csillaggal_szines_feher_felirat.svg","contentUrl":"https:\/\/bassiana.hu\/wp-content\/uploads\/2025\/04\/RGBbassiana_logo_RGB_bassiana_boutique_logo_csillaggal_szines_feher_felirat.svg","caption":"Hotel Bassiana"},"image":{"@id":"https:\/\/bassiana.hu\/#\/schema\/logo\/image\/"}}]}},"_links":{"self":[{"href":"https:\/\/bassiana.hu\/de\/wp-json\/wp\/v2\/pages\/1800","targetHints":{"allow":["GET"]}}],"collection":[{"href":"https:\/\/bassiana.hu\/de\/wp-json\/wp\/v2\/pages"}],"about":[{"href":"https:\/\/bassiana.hu\/de\/wp-json\/wp\/v2\/types\/page"}],"author":[{"embeddable":true,"href":"https:\/\/bassiana.hu\/de\/wp-json\/wp\/v2\/users\/1"}],"replies":[{"embeddable":true,"href":"https:\/\/bassiana.hu\/de\/wp-json\/wp\/v2\/comments?post=1800"}],"version-history":[{"count":23,"href":"https:\/\/bassiana.hu\/de\/wp-json\/wp\/v2\/pages\/1800\/revisions"}],"predecessor-version":[{"id":2365,"href":"https:\/\/bassiana.hu\/de\/wp-json\/wp\/v2\/pages\/1800\/revisions\/2365"}],"up":[{"embeddable":true,"href":"https:\/\/bassiana.hu\/de\/wp-json\/wp\/v2\/pages\/27"}],"wp:featuredmedia":[{"embeddable":true,"href":"https:\/\/bassiana.hu\/de\/wp-json\/wp\/v2\/media\/1801"}],"wp:attachment":[{"href":"https:\/\/bassiana.hu\/de\/wp-json\/wp\/v2\/media?parent=1800"}],"curies":[{"name":"wp","href":"https:\/\/api.w.org\/{rel}","templated":true}]}}