{"id":1808,"date":"2025-05-29T10:50:01","date_gmt":"2025-05-29T10:50:01","guid":{"rendered":"https:\/\/bassiana.hu\/?page_id=1808"},"modified":"2025-05-29T10:58:49","modified_gmt":"2025-05-29T10:58:49","slug":"vacuum-65-body","status":"publish","type":"page","link":"https:\/\/bassiana.hu\/de\/wellness-hotel\/bodymed\/vacuum-65-body\/","title":{"rendered":"Allgemeine Physiotherapie"},"content":{"rendered":"","protected":false},"excerpt":{"rendered":"<p>7.900 &#8211; 9.900 HUF \/ 30-45 Minuten<\/p>\n<p>Die bodyMED-Bewegungstherapie unterst\u00fctzt die Wiederherstellung, Verbesserung und Erhaltung des Bewegungsapparates mit einer gezielten, individuell abgestimmten \u00dcbungsreihe. Die Behandlungen zielen darauf ab, Schmerzen zu lindern, den Bewegungsumfang der Gelenke zu vergr\u00f6\u00dfern, Muskelkraft, Ausdauer und Koordination zu verbessern und korrekte Haltungs- und Bewegungsmuster wiederherzustellen. Die Physiotherapie kann zur Pr\u00e4vention, Rehabilitation und Behandlung chronischer Erkrankungen eingesetzt werden.<\/p>\n","protected":false},"author":1,"featured_media":1801,"parent":1800,"menu_order":5,"comment_status":"closed","ping_status":"closed","template":"","meta":{"_acf_changed":false,"inline_featured_image":false,"pgc_sgb_lightbox_settings":"","footnotes":""},"class_list":["post-1808","page","type-page","status-publish","has-post-thumbnail","hentry"],"acf":[],"yoast_head":"<!-- This site is optimized with the Yoast SEO plugin v27.5 - https:\/\/yoast.com\/product\/yoast-seo-wordpress\/ -->\n<title>Allgemeine Physiotherapie - Hotel Bassiana<\/title>\n<meta name=\"robots\" content=\"index, follow, max-snippet:-1, max-image-preview:large, max-video-preview:-1\" \/>\n<link rel=\"canonical\" href=\"https:\/\/bassiana.hu\/wellness-hotel\/bodymed\/vacuum-65-body\/\" \/>\n<meta property=\"og:locale\" content=\"de_DE\" \/>\n<meta property=\"og:type\" content=\"article\" \/>\n<meta property=\"og:title\" content=\"Allgemeine Physiotherapie - Hotel Bassiana\" \/>\n<meta property=\"og:description\" content=\"[:hu]7.900 \u2013 9.900 HUF \/ 30-45 perc  A bodyMED mozg\u00e1ster\u00e1pia c\u00e9lzott, egy\u00e9nre szabott gyakorlatsorokkal t\u00e1mogatja a mozg\u00e1sszervi funkci\u00f3k helyre\u00e1ll\u00edt\u00e1s\u00e1t, jav\u00edt\u00e1s\u00e1t \u00e9s meg\u0151rz\u00e9s\u00e9t. A kezel\u00e9sek c\u00e9lja a f\u00e1jdalom cs\u00f6kkent\u00e9se, az \u00edz\u00fcleti mozg\u00e1sterjedelem n\u00f6vel\u00e9se, az izomer\u0151, az \u00e1ll\u00f3k\u00e9pess\u00e9g \u00e9s a koordin\u00e1ci\u00f3 fejleszt\u00e9se, valamint a helyes testtart\u00e1s \u00e9s mozg\u00e1smint\u00e1k vissza\u00e1ll\u00edt\u00e1sa. A gy\u00f3gytorna alkalmazhat\u00f3 megel\u0151z\u00e9sre, rehabilit\u00e1ci\u00f3ra \u00e9s kr\u00f3nikus \u00e1llapotok kezel\u00e9s\u00e9re egyar\u00e1nt.[:en]7.900 - 9.900 HUF \/ 30-45 minutes  The bodyMED movement therapy supports the restoration, improvement and preservation of locomotor functions with a targeted, individualized series of exercises. Treatments aim to reduce pain, increase joint range of motion, improve muscle strength, endurance and coordination, and restore correct posture and movement patterns. Physiotherapy can be used for prevention, rehabilitation and treatment of chronic conditions.[:de]7.900 - 9.900 HUF \/ 30-45 Minuten  Die bodyMED-Bewegungstherapie unterst\u00fctzt die Wiederherstellung, Verbesserung und Erhaltung des Bewegungsapparates mit einer gezielten, individuell abgestimmten \u00dcbungsreihe. Die Behandlungen zielen darauf ab, Schmerzen zu lindern, den Bewegungsumfang der Gelenke zu vergr\u00f6\u00dfern, Muskelkraft, Ausdauer und Koordination zu verbessern und korrekte Haltungs- und Bewegungsmuster wiederherzustellen. Die Physiotherapie kann zur Pr\u00e4vention, Rehabilitation und Behandlung chronischer Erkrankungen eingesetzt werden.[:]\" \/>\n<meta property=\"og:url\" content=\"https:\/\/bassiana.hu\/wellness-hotel\/bodymed\/vacuum-65-body\/\" \/>\n<meta property=\"og:site_name\" content=\"Hotel Bassiana\" \/>\n<meta property=\"article:modified_time\" content=\"2025-05-29T10:58:49+00:00\" \/>\n<meta property=\"og:image\" content=\"https:\/\/bassiana.hu\/wp-content\/uploads\/2025\/05\/gyogytorna_bodyMED-scaled.jpg\" \/>\n\t<meta property=\"og:image:width\" content=\"2560\" \/>\n\t<meta property=\"og:image:height\" content=\"1707\" \/>\n\t<meta property=\"og:image:type\" content=\"image\/jpeg\" \/>\n<meta name=\"twitter:card\" content=\"summary_large_image\" \/>\n<meta name=\"twitter:label1\" content=\"Gesch\u00e4tzte Lesezeit\" \/>\n\t<meta name=\"twitter:data1\" content=\"1\u00a0Minute\" \/>\n<script type=\"application\/ld+json\" class=\"yoast-schema-graph\">{\"@context\":\"https:\\\/\\\/schema.org\",\"@graph\":[{\"@type\":\"WebPage\",\"@id\":\"https:\\\/\\\/bassiana.hu\\\/wellness-hotel\\\/bodymed\\\/vacuum-65-body\\\/\",\"url\":\"https:\\\/\\\/bassiana.hu\\\/wellness-hotel\\\/bodymed\\\/vacuum-65-body\\\/\",\"name\":\"[:hu]\u00c1ltal\u00e1nos gy\u00f3gytorna[:en]General physiotherapy[:de]Allgemeine Physiotherapie[:] - Hotel Bassiana\",\"isPartOf\":{\"@id\":\"https:\\\/\\\/bassiana.hu\\\/#website\"},\"primaryImageOfPage\":{\"@id\":\"https:\\\/\\\/bassiana.hu\\\/wellness-hotel\\\/bodymed\\\/vacuum-65-body\\\/#primaryimage\"},\"image\":{\"@id\":\"https:\\\/\\\/bassiana.hu\\\/wellness-hotel\\\/bodymed\\\/vacuum-65-body\\\/#primaryimage\"},\"thumbnailUrl\":\"https:\\\/\\\/bassiana.hu\\\/wp-content\\\/uploads\\\/2025\\\/05\\\/gyogytorna_bodyMED-scaled.jpg\",\"datePublished\":\"2025-05-29T10:50:01+00:00\",\"dateModified\":\"2025-05-29T10:58:49+00:00\",\"breadcrumb\":{\"@id\":\"https:\\\/\\\/bassiana.hu\\\/wellness-hotel\\\/bodymed\\\/vacuum-65-body\\\/#breadcrumb\"},\"inLanguage\":\"de\",\"potentialAction\":[{\"@type\":\"ReadAction\",\"target\":[\"https:\\\/\\\/bassiana.hu\\\/wellness-hotel\\\/bodymed\\\/vacuum-65-body\\\/\"]}]},{\"@type\":\"ImageObject\",\"inLanguage\":\"de\",\"@id\":\"https:\\\/\\\/bassiana.hu\\\/wellness-hotel\\\/bodymed\\\/vacuum-65-body\\\/#primaryimage\",\"url\":\"https:\\\/\\\/bassiana.hu\\\/wp-content\\\/uploads\\\/2025\\\/05\\\/gyogytorna_bodyMED-scaled.jpg\",\"contentUrl\":\"https:\\\/\\\/bassiana.hu\\\/wp-content\\\/uploads\\\/2025\\\/05\\\/gyogytorna_bodyMED-scaled.jpg\",\"width\":2560,\"height\":1707,\"caption\":\"bodymed s\u00e1rv\u00e1r\"},{\"@type\":\"BreadcrumbList\",\"@id\":\"https:\\\/\\\/bassiana.hu\\\/wellness-hotel\\\/bodymed\\\/vacuum-65-body\\\/#breadcrumb\",\"itemListElement\":[{\"@type\":\"ListItem\",\"position\":1,\"name\":\"Kezd\u0151lap\",\"item\":\"https:\\\/\\\/bassiana.hu\\\/\"},{\"@type\":\"ListItem\",\"position\":2,\"name\":\"Wellness\",\"item\":\"https:\\\/\\\/bassiana.hu\\\/wellness-hotel\\\/\"},{\"@type\":\"ListItem\",\"position\":3,\"name\":\"bodyMED\",\"item\":\"https:\\\/\\\/bassiana.hu\\\/wellness-hotel\\\/bodymed\\\/\"},{\"@type\":\"ListItem\",\"position\":4,\"name\":\"\u00c1ltal\u00e1nos gy\u00f3gytorna\"}]},{\"@type\":\"WebSite\",\"@id\":\"https:\\\/\\\/bassiana.hu\\\/#website\",\"url\":\"https:\\\/\\\/bassiana.hu\\\/\",\"name\":\"Hotel Bassiana\",\"description\":\"S\u00e1rv\u00e1r\",\"publisher\":{\"@id\":\"https:\\\/\\\/bassiana.hu\\\/#organization\"},\"potentialAction\":[{\"@type\":\"SearchAction\",\"target\":{\"@type\":\"EntryPoint\",\"urlTemplate\":\"https:\\\/\\\/bassiana.hu\\\/?s={search_term_string}\"},\"query-input\":{\"@type\":\"PropertyValueSpecification\",\"valueRequired\":true,\"valueName\":\"search_term_string\"}}],\"inLanguage\":\"de\"},{\"@type\":\"Organization\",\"@id\":\"https:\\\/\\\/bassiana.hu\\\/#organization\",\"name\":\"Hotel Bassiana\",\"url\":\"https:\\\/\\\/bassiana.hu\\\/\",\"logo\":{\"@type\":\"ImageObject\",\"inLanguage\":\"de\",\"@id\":\"https:\\\/\\\/bassiana.hu\\\/#\\\/schema\\\/logo\\\/image\\\/\",\"url\":\"https:\\\/\\\/bassiana.hu\\\/wp-content\\\/uploads\\\/2025\\\/04\\\/RGBbassiana_logo_RGB_bassiana_boutique_logo_csillaggal_szines_feher_felirat.svg\",\"contentUrl\":\"https:\\\/\\\/bassiana.hu\\\/wp-content\\\/uploads\\\/2025\\\/04\\\/RGBbassiana_logo_RGB_bassiana_boutique_logo_csillaggal_szines_feher_felirat.svg\",\"caption\":\"Hotel Bassiana\"},\"image\":{\"@id\":\"https:\\\/\\\/bassiana.hu\\\/#\\\/schema\\\/logo\\\/image\\\/\"}}]}<\/script>\n<!-- \/ Yoast SEO plugin. -->","yoast_head_json":{"title":"[:hu]\u00c1ltal\u00e1nos gy\u00f3gytorna[:en]General physiotherapy[:de]Allgemeine Physiotherapie[:] - Hotel Bassiana","robots":{"index":"index","follow":"follow","max-snippet":"max-snippet:-1","max-image-preview":"max-image-preview:large","max-video-preview":"max-video-preview:-1"},"canonical":"https:\/\/bassiana.hu\/wellness-hotel\/bodymed\/vacuum-65-body\/","og_locale":"de_DE","og_type":"article","og_title":"Allgemeine Physiotherapie - Hotel Bassiana","og_description":"[:hu]7.900 \u2013 9.900 HUF \/ 30-45 perc  A bodyMED mozg\u00e1ster\u00e1pia c\u00e9lzott, egy\u00e9nre szabott gyakorlatsorokkal t\u00e1mogatja a mozg\u00e1sszervi funkci\u00f3k helyre\u00e1ll\u00edt\u00e1s\u00e1t, jav\u00edt\u00e1s\u00e1t \u00e9s meg\u0151rz\u00e9s\u00e9t. A kezel\u00e9sek c\u00e9lja a f\u00e1jdalom cs\u00f6kkent\u00e9se, az \u00edz\u00fcleti mozg\u00e1sterjedelem n\u00f6vel\u00e9se, az izomer\u0151, az \u00e1ll\u00f3k\u00e9pess\u00e9g \u00e9s a koordin\u00e1ci\u00f3 fejleszt\u00e9se, valamint a helyes testtart\u00e1s \u00e9s mozg\u00e1smint\u00e1k vissza\u00e1ll\u00edt\u00e1sa. A gy\u00f3gytorna alkalmazhat\u00f3 megel\u0151z\u00e9sre, rehabilit\u00e1ci\u00f3ra \u00e9s kr\u00f3nikus \u00e1llapotok kezel\u00e9s\u00e9re egyar\u00e1nt.[:en]7.900 - 9.900 HUF \/ 30-45 minutes  The bodyMED movement therapy supports the restoration, improvement and preservation of locomotor functions with a targeted, individualized series of exercises. Treatments aim to reduce pain, increase joint range of motion, improve muscle strength, endurance and coordination, and restore correct posture and movement patterns. Physiotherapy can be used for prevention, rehabilitation and treatment of chronic conditions.[:de]7.900 - 9.900 HUF \/ 30-45 Minuten  Die bodyMED-Bewegungstherapie unterst\u00fctzt die Wiederherstellung, Verbesserung und Erhaltung des Bewegungsapparates mit einer gezielten, individuell abgestimmten \u00dcbungsreihe. Die Behandlungen zielen darauf ab, Schmerzen zu lindern, den Bewegungsumfang der Gelenke zu vergr\u00f6\u00dfern, Muskelkraft, Ausdauer und Koordination zu verbessern und korrekte Haltungs- und Bewegungsmuster wiederherzustellen. Die Physiotherapie kann zur Pr\u00e4vention, Rehabilitation und Behandlung chronischer Erkrankungen eingesetzt werden.[:]","og_url":"https:\/\/bassiana.hu\/wellness-hotel\/bodymed\/vacuum-65-body\/","og_site_name":"Hotel Bassiana","article_modified_time":"2025-05-29T10:58:49+00:00","og_image":[{"width":2560,"height":1707,"url":"https:\/\/bassiana.hu\/wp-content\/uploads\/2025\/05\/gyogytorna_bodyMED-scaled.jpg","type":"image\/jpeg"}],"twitter_card":"summary_large_image","twitter_misc":{"Gesch\u00e4tzte Lesezeit":"1\u00a0Minute"},"schema":{"@context":"https:\/\/schema.org","@graph":[{"@type":"WebPage","@id":"https:\/\/bassiana.hu\/wellness-hotel\/bodymed\/vacuum-65-body\/","url":"https:\/\/bassiana.hu\/wellness-hotel\/bodymed\/vacuum-65-body\/","name":"[:hu]\u00c1ltal\u00e1nos gy\u00f3gytorna[:en]General physiotherapy[:de]Allgemeine Physiotherapie[:] - Hotel Bassiana","isPartOf":{"@id":"https:\/\/bassiana.hu\/#website"},"primaryImageOfPage":{"@id":"https:\/\/bassiana.hu\/wellness-hotel\/bodymed\/vacuum-65-body\/#primaryimage"},"image":{"@id":"https:\/\/bassiana.hu\/wellness-hotel\/bodymed\/vacuum-65-body\/#primaryimage"},"thumbnailUrl":"https:\/\/bassiana.hu\/wp-content\/uploads\/2025\/05\/gyogytorna_bodyMED-scaled.jpg","datePublished":"2025-05-29T10:50:01+00:00","dateModified":"2025-05-29T10:58:49+00:00","breadcrumb":{"@id":"https:\/\/bassiana.hu\/wellness-hotel\/bodymed\/vacuum-65-body\/#breadcrumb"},"inLanguage":"de","potentialAction":[{"@type":"ReadAction","target":["https:\/\/bassiana.hu\/wellness-hotel\/bodymed\/vacuum-65-body\/"]}]},{"@type":"ImageObject","inLanguage":"de","@id":"https:\/\/bassiana.hu\/wellness-hotel\/bodymed\/vacuum-65-body\/#primaryimage","url":"https:\/\/bassiana.hu\/wp-content\/uploads\/2025\/05\/gyogytorna_bodyMED-scaled.jpg","contentUrl":"https:\/\/bassiana.hu\/wp-content\/uploads\/2025\/05\/gyogytorna_bodyMED-scaled.jpg","width":2560,"height":1707,"caption":"bodymed s\u00e1rv\u00e1r"},{"@type":"BreadcrumbList","@id":"https:\/\/bassiana.hu\/wellness-hotel\/bodymed\/vacuum-65-body\/#breadcrumb","itemListElement":[{"@type":"ListItem","position":1,"name":"Kezd\u0151lap","item":"https:\/\/bassiana.hu\/"},{"@type":"ListItem","position":2,"name":"Wellness","item":"https:\/\/bassiana.hu\/wellness-hotel\/"},{"@type":"ListItem","position":3,"name":"bodyMED","item":"https:\/\/bassiana.hu\/wellness-hotel\/bodymed\/"},{"@type":"ListItem","position":4,"name":"\u00c1ltal\u00e1nos gy\u00f3gytorna"}]},{"@type":"WebSite","@id":"https:\/\/bassiana.hu\/#website","url":"https:\/\/bassiana.hu\/","name":"Hotel Bassiana","description":"S\u00e1rv\u00e1r","publisher":{"@id":"https:\/\/bassiana.hu\/#organization"},"potentialAction":[{"@type":"SearchAction","target":{"@type":"EntryPoint","urlTemplate":"https:\/\/bassiana.hu\/?s={search_term_string}"},"query-input":{"@type":"PropertyValueSpecification","valueRequired":true,"valueName":"search_term_string"}}],"inLanguage":"de"},{"@type":"Organization","@id":"https:\/\/bassiana.hu\/#organization","name":"Hotel Bassiana","url":"https:\/\/bassiana.hu\/","logo":{"@type":"ImageObject","inLanguage":"de","@id":"https:\/\/bassiana.hu\/#\/schema\/logo\/image\/","url":"https:\/\/bassiana.hu\/wp-content\/uploads\/2025\/04\/RGBbassiana_logo_RGB_bassiana_boutique_logo_csillaggal_szines_feher_felirat.svg","contentUrl":"https:\/\/bassiana.hu\/wp-content\/uploads\/2025\/04\/RGBbassiana_logo_RGB_bassiana_boutique_logo_csillaggal_szines_feher_felirat.svg","caption":"Hotel Bassiana"},"image":{"@id":"https:\/\/bassiana.hu\/#\/schema\/logo\/image\/"}}]}},"_links":{"self":[{"href":"https:\/\/bassiana.hu\/de\/wp-json\/wp\/v2\/pages\/1808","targetHints":{"allow":["GET"]}}],"collection":[{"href":"https:\/\/bassiana.hu\/de\/wp-json\/wp\/v2\/pages"}],"about":[{"href":"https:\/\/bassiana.hu\/de\/wp-json\/wp\/v2\/types\/page"}],"author":[{"embeddable":true,"href":"https:\/\/bassiana.hu\/de\/wp-json\/wp\/v2\/users\/1"}],"replies":[{"embeddable":true,"href":"https:\/\/bassiana.hu\/de\/wp-json\/wp\/v2\/comments?post=1808"}],"version-history":[{"count":2,"href":"https:\/\/bassiana.hu\/de\/wp-json\/wp\/v2\/pages\/1808\/revisions"}],"predecessor-version":[{"id":1810,"href":"https:\/\/bassiana.hu\/de\/wp-json\/wp\/v2\/pages\/1808\/revisions\/1810"}],"up":[{"embeddable":true,"href":"https:\/\/bassiana.hu\/de\/wp-json\/wp\/v2\/pages\/1800"}],"wp:featuredmedia":[{"embeddable":true,"href":"https:\/\/bassiana.hu\/de\/wp-json\/wp\/v2\/media\/1801"}],"wp:attachment":[{"href":"https:\/\/bassiana.hu\/de\/wp-json\/wp\/v2\/media?parent=1808"}],"curies":[{"name":"wp","href":"https:\/\/api.w.org\/{rel}","templated":true}]}}