{"id":1819,"date":"2025-05-29T11:19:38","date_gmt":"2025-05-29T11:19:38","guid":{"rendered":"https:\/\/bassiana.hu\/?page_id=1819"},"modified":"2025-05-30T07:17:48","modified_gmt":"2025-05-30T07:17:48","slug":"kinezio-tape","status":"publish","type":"page","link":"https:\/\/bassiana.hu\/de\/wellness-hotel\/bodymed\/kinezio-tape\/","title":{"rendered":"Kinesio-Tape &#038; Dynamic-Tape"},"content":{"rendered":"","protected":false},"excerpt":{"rendered":"<p>4.800 &#8211; 6.800 HUF \/ 10 Minuten<\/p>\n<p>Kinezio Tape ist ein flexibles, hautfreundliches Klebeband, das zur Behandlung von Problemen des Bewegungsapparates entwickelt wurde. Es wurde entwickelt, um gesch\u00e4digte Muskeln und Gelenke zu unterst\u00fctzen, ohne die Bewegung einzuschr\u00e4nken. Wirkungen: Schmerzlinderung, Unterst\u00fctzung und Stabilisierung der Muskeln, Verbesserung der Blut- und Lymphzirkulation, Verringerung von Entz\u00fcndungen, schnellere Regeneration. Beeinflusst die Muskelfunktion oder den Zustand der Faszien durch Anlegen des Tapes in verschiedenen Richtungen. Weit verbreitet bei Sportlern, in der Rehabilitation und auch bei allt\u00e4glichen Beschwerden des Bewegungsapparates.<br \/>\nDynamic Tape ist ein starkes, flexibles Tape, das f\u00fcr Sportler und Menschen mit Problemen des Bewegungsapparats entwickelt wurde. Es ist elastischer als herk\u00f6mmliches Kinesio-Tape und st\u00fctzt Muskeln und Gelenke, ohne die Bewegung einzuschr\u00e4nken. Es hilft bei der Bewegungskontrolle, verteilt die Belastung und verbessert die K\u00f6rperhaltung und die Bewegungsmuster. Es kann auch zur Behandlung und Vorbeugung akuter Verletzungen eingesetzt werden, insbesondere bei dynamischen, hochbelasteten Bewegungen.<\/p>\n","protected":false},"author":1,"featured_media":1820,"parent":1800,"menu_order":9,"comment_status":"closed","ping_status":"closed","template":"","meta":{"_acf_changed":false,"inline_featured_image":false,"pgc_sgb_lightbox_settings":"","footnotes":""},"class_list":["post-1819","page","type-page","status-publish","has-post-thumbnail","hentry"],"acf":[],"yoast_head":"<!-- This site is optimized with the Yoast SEO plugin v27.4 - https:\/\/yoast.com\/product\/yoast-seo-wordpress\/ -->\n<title>Kinesio-Tape &amp; Dynamic-Tape - Hotel Bassiana<\/title>\n<meta name=\"robots\" content=\"index, follow, max-snippet:-1, max-image-preview:large, max-video-preview:-1\" \/>\n<link rel=\"canonical\" href=\"https:\/\/bassiana.hu\/wellness-hotel\/bodymed\/kinezio-tape\/\" \/>\n<meta property=\"og:locale\" content=\"de_DE\" \/>\n<meta property=\"og:type\" content=\"article\" \/>\n<meta property=\"og:title\" content=\"Kinesio-Tape &amp; Dynamic-Tape - Hotel Bassiana\" \/>\n<meta property=\"og:description\" content=\"[:hu]4.800 - 6.800 HUF \/ 10 perc  A Kinezio tape egy rugalmas, b\u0151rbar\u00e1t ragaszt\u00f3szalag, amelyet a mozg\u00e1sszervi probl\u00e9m\u00e1k kezel\u00e9s\u00e9re fejlesztettek ki. C\u00e9lja a s\u00e9r\u00fclt izmok, \u00edz\u00fcletek t\u00e1mogat\u00e1sa an\u00e9lk\u00fcl, hogy korl\u00e1tozn\u00e1 a mozg\u00e1st. Hat\u00e1sai: f\u00e1jdalomcsillap\u00edt\u00e1s, izomt\u00e1mogat\u00e1s \u00e9s stabiliz\u00e1ci\u00f3, v\u00e9r- \u00e9s nyirokkering\u00e9s jav\u00edt\u00e1sa, gyullad\u00e1s cs\u00f6kkent\u00e9se, gyorsabb regener\u00e1ci\u00f3. A tape k\u00fcl\u00f6nb\u00f6z\u0151 ir\u00e1ny\u00fa felragaszt\u00e1s\u00e1val befoly\u00e1solj\u00e1k az izmok m\u0171k\u00f6d\u00e9s\u00e9t vagy a fascia \u00e1llapot\u00e1t. Sz\u00e9les k\u00f6rben haszn\u00e1lj\u00e1k sportol\u00f3k, rehabilit\u00e1ci\u00f3ban \u00e9s ak\u00e1r mindennapi mozg\u00e1sszervi panaszok eset\u00e9n is. A Dynamic tape egy er\u0151teljes, rugalmas tapasz, amelyet sportol\u00f3k \u00e9s mozg\u00e1sszervi probl\u00e9m\u00e1kkal k\u00fczd\u0151k sz\u00e1m\u00e1ra fejlesztettek ki. Nagyobb teherb\u00edr\u00e1s\u00fa, mint a hagyom\u00e1nyos kinesio tape, t\u00e1mogatja az izmokat \u00e9s \u00edz\u00fcleteket an\u00e9lk\u00fcl, hogy korl\u00e1tozn\u00e1 a mozg\u00e1st. Seg\u00edti a mozg\u00e1s ir\u00e1ny\u00edt\u00e1s\u00e1t, a tehereloszt\u00e1st, jav\u00edtja a testtart\u00e1st \u00e9s a mozg\u00e1smint\u00e1kat. Akut s\u00e9r\u00fcl\u00e9sek kezel\u00e9s\u00e9re \u00e9s megel\u0151z\u00e9sre is alkalmas, k\u00fcl\u00f6n\u00f6sen dinamikus, nagy terhel\u00e9s\u0171 mozg\u00e1sok eset\u00e9n.[:en]4.800 - 6.800 HUF \/ 10 minutes  Kinezio tape is a flexible, skin-friendly adhesive tape developed to treat musculoskeletal problems. It is designed to support damaged muscles and joints without restricting movement. Effects: pain relief, muscle support and stabilisation, improved blood and lymph circulation, reduced inflammation, faster recovery. Influences muscle function or fascia condition by applying the tape in different directions. Widely used by athletes, in rehabilitation and even for everyday musculoskeletal complaints. Dynamic Tape is a strong, flexible tape designed for athletes and people with musculoskeletal problems. It is more resilient than traditional kinesio tape, supporting muscles and joints without restricting movement. It helps control movement, distributes load, improves posture and movement patterns. It can also be used to treat and prevent acute injuries, especially in dynamic, high-load movements.[:de]4.800 - 6.800 HUF \/ 10 Minuten  Kinezio Tape ist ein flexibles, hautfreundliches Klebeband, das zur Behandlung von Problemen des Bewegungsapparates entwickelt wurde. Es wurde entwickelt, um gesch\u00e4digte Muskeln und Gelenke zu unterst\u00fctzen, ohne die Bewegung einzuschr\u00e4nken. Wirkungen: Schmerzlinderung, Unterst\u00fctzung und Stabilisierung der Muskeln, Verbesserung der Blut- und Lymphzirkulation, Verringerung von Entz\u00fcndungen, schnellere Regeneration. Beeinflusst die Muskelfunktion oder den Zustand der Faszien durch Anlegen des Tapes in verschiedenen Richtungen. Weit verbreitet bei Sportlern, in der Rehabilitation und auch bei allt\u00e4glichen Beschwerden des Bewegungsapparates. Dynamic Tape ist ein starkes, flexibles Tape, das f\u00fcr Sportler und Menschen mit Problemen des Bewegungsapparats entwickelt wurde. Es ist elastischer als herk\u00f6mmliches Kinesio-Tape und st\u00fctzt Muskeln und Gelenke, ohne die Bewegung einzuschr\u00e4nken. Es hilft bei der Bewegungskontrolle, verteilt die Belastung und verbessert die K\u00f6rperhaltung und die Bewegungsmuster. Es kann auch zur Behandlung und Vorbeugung akuter Verletzungen eingesetzt werden, insbesondere bei dynamischen, hochbelasteten Bewegungen.[:]\" \/>\n<meta property=\"og:url\" content=\"https:\/\/bassiana.hu\/wellness-hotel\/bodymed\/kinezio-tape\/\" \/>\n<meta property=\"og:site_name\" content=\"Hotel Bassiana\" \/>\n<meta property=\"article:modified_time\" content=\"2025-05-30T07:17:48+00:00\" \/>\n<meta property=\"og:image\" content=\"https:\/\/bassiana.hu\/wp-content\/uploads\/2025\/05\/tape_bodyMED-scaled.jpg\" \/>\n\t<meta property=\"og:image:width\" content=\"2560\" \/>\n\t<meta property=\"og:image:height\" content=\"1703\" \/>\n\t<meta property=\"og:image:type\" content=\"image\/jpeg\" \/>\n<meta name=\"twitter:card\" content=\"summary_large_image\" \/>\n<meta name=\"twitter:label1\" content=\"Gesch\u00e4tzte Lesezeit\" \/>\n\t<meta name=\"twitter:data1\" content=\"1\u00a0Minute\" \/>\n<script type=\"application\/ld+json\" class=\"yoast-schema-graph\">{\"@context\":\"https:\\\/\\\/schema.org\",\"@graph\":[{\"@type\":\"WebPage\",\"@id\":\"https:\\\/\\\/bassiana.hu\\\/wellness-hotel\\\/bodymed\\\/kinezio-tape\\\/\",\"url\":\"https:\\\/\\\/bassiana.hu\\\/wellness-hotel\\\/bodymed\\\/kinezio-tape\\\/\",\"name\":\"[:hu]Kinezio tape & Dynamic tape[:en]Kinesio tape & Dynamic tape[:de]Kinesio-Tape & Dynamic-Tape[:] - Hotel Bassiana\",\"isPartOf\":{\"@id\":\"https:\\\/\\\/bassiana.hu\\\/#website\"},\"primaryImageOfPage\":{\"@id\":\"https:\\\/\\\/bassiana.hu\\\/wellness-hotel\\\/bodymed\\\/kinezio-tape\\\/#primaryimage\"},\"image\":{\"@id\":\"https:\\\/\\\/bassiana.hu\\\/wellness-hotel\\\/bodymed\\\/kinezio-tape\\\/#primaryimage\"},\"thumbnailUrl\":\"https:\\\/\\\/bassiana.hu\\\/wp-content\\\/uploads\\\/2025\\\/05\\\/tape_bodyMED-scaled.jpg\",\"datePublished\":\"2025-05-29T11:19:38+00:00\",\"dateModified\":\"2025-05-30T07:17:48+00:00\",\"breadcrumb\":{\"@id\":\"https:\\\/\\\/bassiana.hu\\\/wellness-hotel\\\/bodymed\\\/kinezio-tape\\\/#breadcrumb\"},\"inLanguage\":\"de\",\"potentialAction\":[{\"@type\":\"ReadAction\",\"target\":[\"https:\\\/\\\/bassiana.hu\\\/wellness-hotel\\\/bodymed\\\/kinezio-tape\\\/\"]}]},{\"@type\":\"ImageObject\",\"inLanguage\":\"de\",\"@id\":\"https:\\\/\\\/bassiana.hu\\\/wellness-hotel\\\/bodymed\\\/kinezio-tape\\\/#primaryimage\",\"url\":\"https:\\\/\\\/bassiana.hu\\\/wp-content\\\/uploads\\\/2025\\\/05\\\/tape_bodyMED-scaled.jpg\",\"contentUrl\":\"https:\\\/\\\/bassiana.hu\\\/wp-content\\\/uploads\\\/2025\\\/05\\\/tape_bodyMED-scaled.jpg\",\"width\":2560,\"height\":1703},{\"@type\":\"BreadcrumbList\",\"@id\":\"https:\\\/\\\/bassiana.hu\\\/wellness-hotel\\\/bodymed\\\/kinezio-tape\\\/#breadcrumb\",\"itemListElement\":[{\"@type\":\"ListItem\",\"position\":1,\"name\":\"Kezd\u0151lap\",\"item\":\"https:\\\/\\\/bassiana.hu\\\/\"},{\"@type\":\"ListItem\",\"position\":2,\"name\":\"Wellness\",\"item\":\"https:\\\/\\\/bassiana.hu\\\/wellness-hotel\\\/\"},{\"@type\":\"ListItem\",\"position\":3,\"name\":\"bodyMED\",\"item\":\"https:\\\/\\\/bassiana.hu\\\/wellness-hotel\\\/bodymed\\\/\"},{\"@type\":\"ListItem\",\"position\":4,\"name\":\"Kinezio tape &#038; Dynamic tape\"}]},{\"@type\":\"WebSite\",\"@id\":\"https:\\\/\\\/bassiana.hu\\\/#website\",\"url\":\"https:\\\/\\\/bassiana.hu\\\/\",\"name\":\"Hotel Bassiana\",\"description\":\"S\u00e1rv\u00e1r\",\"publisher\":{\"@id\":\"https:\\\/\\\/bassiana.hu\\\/#organization\"},\"potentialAction\":[{\"@type\":\"SearchAction\",\"target\":{\"@type\":\"EntryPoint\",\"urlTemplate\":\"https:\\\/\\\/bassiana.hu\\\/?s={search_term_string}\"},\"query-input\":{\"@type\":\"PropertyValueSpecification\",\"valueRequired\":true,\"valueName\":\"search_term_string\"}}],\"inLanguage\":\"de\"},{\"@type\":\"Organization\",\"@id\":\"https:\\\/\\\/bassiana.hu\\\/#organization\",\"name\":\"Hotel Bassiana\",\"url\":\"https:\\\/\\\/bassiana.hu\\\/\",\"logo\":{\"@type\":\"ImageObject\",\"inLanguage\":\"de\",\"@id\":\"https:\\\/\\\/bassiana.hu\\\/#\\\/schema\\\/logo\\\/image\\\/\",\"url\":\"https:\\\/\\\/bassiana.hu\\\/wp-content\\\/uploads\\\/2025\\\/04\\\/RGBbassiana_logo_RGB_bassiana_boutique_logo_csillaggal_szines_feher_felirat.svg\",\"contentUrl\":\"https:\\\/\\\/bassiana.hu\\\/wp-content\\\/uploads\\\/2025\\\/04\\\/RGBbassiana_logo_RGB_bassiana_boutique_logo_csillaggal_szines_feher_felirat.svg\",\"caption\":\"Hotel Bassiana\"},\"image\":{\"@id\":\"https:\\\/\\\/bassiana.hu\\\/#\\\/schema\\\/logo\\\/image\\\/\"}}]}<\/script>\n<!-- \/ Yoast SEO plugin. -->","yoast_head_json":{"title":"[:hu]Kinezio tape & Dynamic tape[:en]Kinesio tape & Dynamic tape[:de]Kinesio-Tape & Dynamic-Tape[:] - Hotel Bassiana","robots":{"index":"index","follow":"follow","max-snippet":"max-snippet:-1","max-image-preview":"max-image-preview:large","max-video-preview":"max-video-preview:-1"},"canonical":"https:\/\/bassiana.hu\/wellness-hotel\/bodymed\/kinezio-tape\/","og_locale":"de_DE","og_type":"article","og_title":"Kinesio-Tape & Dynamic-Tape - Hotel Bassiana","og_description":"[:hu]4.800 - 6.800 HUF \/ 10 perc  A Kinezio tape egy rugalmas, b\u0151rbar\u00e1t ragaszt\u00f3szalag, amelyet a mozg\u00e1sszervi probl\u00e9m\u00e1k kezel\u00e9s\u00e9re fejlesztettek ki. C\u00e9lja a s\u00e9r\u00fclt izmok, \u00edz\u00fcletek t\u00e1mogat\u00e1sa an\u00e9lk\u00fcl, hogy korl\u00e1tozn\u00e1 a mozg\u00e1st. Hat\u00e1sai: f\u00e1jdalomcsillap\u00edt\u00e1s, izomt\u00e1mogat\u00e1s \u00e9s stabiliz\u00e1ci\u00f3, v\u00e9r- \u00e9s nyirokkering\u00e9s jav\u00edt\u00e1sa, gyullad\u00e1s cs\u00f6kkent\u00e9se, gyorsabb regener\u00e1ci\u00f3. A tape k\u00fcl\u00f6nb\u00f6z\u0151 ir\u00e1ny\u00fa felragaszt\u00e1s\u00e1val befoly\u00e1solj\u00e1k az izmok m\u0171k\u00f6d\u00e9s\u00e9t vagy a fascia \u00e1llapot\u00e1t. Sz\u00e9les k\u00f6rben haszn\u00e1lj\u00e1k sportol\u00f3k, rehabilit\u00e1ci\u00f3ban \u00e9s ak\u00e1r mindennapi mozg\u00e1sszervi panaszok eset\u00e9n is. A Dynamic tape egy er\u0151teljes, rugalmas tapasz, amelyet sportol\u00f3k \u00e9s mozg\u00e1sszervi probl\u00e9m\u00e1kkal k\u00fczd\u0151k sz\u00e1m\u00e1ra fejlesztettek ki. Nagyobb teherb\u00edr\u00e1s\u00fa, mint a hagyom\u00e1nyos kinesio tape, t\u00e1mogatja az izmokat \u00e9s \u00edz\u00fcleteket an\u00e9lk\u00fcl, hogy korl\u00e1tozn\u00e1 a mozg\u00e1st. Seg\u00edti a mozg\u00e1s ir\u00e1ny\u00edt\u00e1s\u00e1t, a tehereloszt\u00e1st, jav\u00edtja a testtart\u00e1st \u00e9s a mozg\u00e1smint\u00e1kat. Akut s\u00e9r\u00fcl\u00e9sek kezel\u00e9s\u00e9re \u00e9s megel\u0151z\u00e9sre is alkalmas, k\u00fcl\u00f6n\u00f6sen dinamikus, nagy terhel\u00e9s\u0171 mozg\u00e1sok eset\u00e9n.[:en]4.800 - 6.800 HUF \/ 10 minutes  Kinezio tape is a flexible, skin-friendly adhesive tape developed to treat musculoskeletal problems. It is designed to support damaged muscles and joints without restricting movement. Effects: pain relief, muscle support and stabilisation, improved blood and lymph circulation, reduced inflammation, faster recovery. Influences muscle function or fascia condition by applying the tape in different directions. Widely used by athletes, in rehabilitation and even for everyday musculoskeletal complaints. Dynamic Tape is a strong, flexible tape designed for athletes and people with musculoskeletal problems. It is more resilient than traditional kinesio tape, supporting muscles and joints without restricting movement. It helps control movement, distributes load, improves posture and movement patterns. It can also be used to treat and prevent acute injuries, especially in dynamic, high-load movements.[:de]4.800 - 6.800 HUF \/ 10 Minuten  Kinezio Tape ist ein flexibles, hautfreundliches Klebeband, das zur Behandlung von Problemen des Bewegungsapparates entwickelt wurde. Es wurde entwickelt, um gesch\u00e4digte Muskeln und Gelenke zu unterst\u00fctzen, ohne die Bewegung einzuschr\u00e4nken. Wirkungen: Schmerzlinderung, Unterst\u00fctzung und Stabilisierung der Muskeln, Verbesserung der Blut- und Lymphzirkulation, Verringerung von Entz\u00fcndungen, schnellere Regeneration. Beeinflusst die Muskelfunktion oder den Zustand der Faszien durch Anlegen des Tapes in verschiedenen Richtungen. Weit verbreitet bei Sportlern, in der Rehabilitation und auch bei allt\u00e4glichen Beschwerden des Bewegungsapparates. Dynamic Tape ist ein starkes, flexibles Tape, das f\u00fcr Sportler und Menschen mit Problemen des Bewegungsapparats entwickelt wurde. Es ist elastischer als herk\u00f6mmliches Kinesio-Tape und st\u00fctzt Muskeln und Gelenke, ohne die Bewegung einzuschr\u00e4nken. Es hilft bei der Bewegungskontrolle, verteilt die Belastung und verbessert die K\u00f6rperhaltung und die Bewegungsmuster. Es kann auch zur Behandlung und Vorbeugung akuter Verletzungen eingesetzt werden, insbesondere bei dynamischen, hochbelasteten Bewegungen.[:]","og_url":"https:\/\/bassiana.hu\/wellness-hotel\/bodymed\/kinezio-tape\/","og_site_name":"Hotel Bassiana","article_modified_time":"2025-05-30T07:17:48+00:00","og_image":[{"width":2560,"height":1703,"url":"https:\/\/bassiana.hu\/wp-content\/uploads\/2025\/05\/tape_bodyMED-scaled.jpg","type":"image\/jpeg"}],"twitter_card":"summary_large_image","twitter_misc":{"Gesch\u00e4tzte Lesezeit":"1\u00a0Minute"},"schema":{"@context":"https:\/\/schema.org","@graph":[{"@type":"WebPage","@id":"https:\/\/bassiana.hu\/wellness-hotel\/bodymed\/kinezio-tape\/","url":"https:\/\/bassiana.hu\/wellness-hotel\/bodymed\/kinezio-tape\/","name":"[:hu]Kinezio tape & Dynamic tape[:en]Kinesio tape & Dynamic tape[:de]Kinesio-Tape & Dynamic-Tape[:] - Hotel Bassiana","isPartOf":{"@id":"https:\/\/bassiana.hu\/#website"},"primaryImageOfPage":{"@id":"https:\/\/bassiana.hu\/wellness-hotel\/bodymed\/kinezio-tape\/#primaryimage"},"image":{"@id":"https:\/\/bassiana.hu\/wellness-hotel\/bodymed\/kinezio-tape\/#primaryimage"},"thumbnailUrl":"https:\/\/bassiana.hu\/wp-content\/uploads\/2025\/05\/tape_bodyMED-scaled.jpg","datePublished":"2025-05-29T11:19:38+00:00","dateModified":"2025-05-30T07:17:48+00:00","breadcrumb":{"@id":"https:\/\/bassiana.hu\/wellness-hotel\/bodymed\/kinezio-tape\/#breadcrumb"},"inLanguage":"de","potentialAction":[{"@type":"ReadAction","target":["https:\/\/bassiana.hu\/wellness-hotel\/bodymed\/kinezio-tape\/"]}]},{"@type":"ImageObject","inLanguage":"de","@id":"https:\/\/bassiana.hu\/wellness-hotel\/bodymed\/kinezio-tape\/#primaryimage","url":"https:\/\/bassiana.hu\/wp-content\/uploads\/2025\/05\/tape_bodyMED-scaled.jpg","contentUrl":"https:\/\/bassiana.hu\/wp-content\/uploads\/2025\/05\/tape_bodyMED-scaled.jpg","width":2560,"height":1703},{"@type":"BreadcrumbList","@id":"https:\/\/bassiana.hu\/wellness-hotel\/bodymed\/kinezio-tape\/#breadcrumb","itemListElement":[{"@type":"ListItem","position":1,"name":"Kezd\u0151lap","item":"https:\/\/bassiana.hu\/"},{"@type":"ListItem","position":2,"name":"Wellness","item":"https:\/\/bassiana.hu\/wellness-hotel\/"},{"@type":"ListItem","position":3,"name":"bodyMED","item":"https:\/\/bassiana.hu\/wellness-hotel\/bodymed\/"},{"@type":"ListItem","position":4,"name":"Kinezio tape &#038; Dynamic tape"}]},{"@type":"WebSite","@id":"https:\/\/bassiana.hu\/#website","url":"https:\/\/bassiana.hu\/","name":"Hotel Bassiana","description":"S\u00e1rv\u00e1r","publisher":{"@id":"https:\/\/bassiana.hu\/#organization"},"potentialAction":[{"@type":"SearchAction","target":{"@type":"EntryPoint","urlTemplate":"https:\/\/bassiana.hu\/?s={search_term_string}"},"query-input":{"@type":"PropertyValueSpecification","valueRequired":true,"valueName":"search_term_string"}}],"inLanguage":"de"},{"@type":"Organization","@id":"https:\/\/bassiana.hu\/#organization","name":"Hotel Bassiana","url":"https:\/\/bassiana.hu\/","logo":{"@type":"ImageObject","inLanguage":"de","@id":"https:\/\/bassiana.hu\/#\/schema\/logo\/image\/","url":"https:\/\/bassiana.hu\/wp-content\/uploads\/2025\/04\/RGBbassiana_logo_RGB_bassiana_boutique_logo_csillaggal_szines_feher_felirat.svg","contentUrl":"https:\/\/bassiana.hu\/wp-content\/uploads\/2025\/04\/RGBbassiana_logo_RGB_bassiana_boutique_logo_csillaggal_szines_feher_felirat.svg","caption":"Hotel Bassiana"},"image":{"@id":"https:\/\/bassiana.hu\/#\/schema\/logo\/image\/"}}]}},"_links":{"self":[{"href":"https:\/\/bassiana.hu\/de\/wp-json\/wp\/v2\/pages\/1819","targetHints":{"allow":["GET"]}}],"collection":[{"href":"https:\/\/bassiana.hu\/de\/wp-json\/wp\/v2\/pages"}],"about":[{"href":"https:\/\/bassiana.hu\/de\/wp-json\/wp\/v2\/types\/page"}],"author":[{"embeddable":true,"href":"https:\/\/bassiana.hu\/de\/wp-json\/wp\/v2\/users\/1"}],"replies":[{"embeddable":true,"href":"https:\/\/bassiana.hu\/de\/wp-json\/wp\/v2\/comments?post=1819"}],"version-history":[{"count":2,"href":"https:\/\/bassiana.hu\/de\/wp-json\/wp\/v2\/pages\/1819\/revisions"}],"predecessor-version":[{"id":1852,"href":"https:\/\/bassiana.hu\/de\/wp-json\/wp\/v2\/pages\/1819\/revisions\/1852"}],"up":[{"embeddable":true,"href":"https:\/\/bassiana.hu\/de\/wp-json\/wp\/v2\/pages\/1800"}],"wp:featuredmedia":[{"embeddable":true,"href":"https:\/\/bassiana.hu\/de\/wp-json\/wp\/v2\/media\/1820"}],"wp:attachment":[{"href":"https:\/\/bassiana.hu\/de\/wp-json\/wp\/v2\/media?parent=1819"}],"curies":[{"name":"wp","href":"https:\/\/api.w.org\/{rel}","templated":true}]}}