{"id":218,"date":"2024-09-10T10:04:57","date_gmt":"2024-09-10T10:04:57","guid":{"rendered":"http:\/\/dev.bassiana.hu\/?page_id=218"},"modified":"2025-01-08T11:24:12","modified_gmt":"2025-01-08T11:24:12","slug":"masszazs","status":"publish","type":"page","link":"https:\/\/bassiana.hu\/de\/wellness-hotel\/bodylab\/masszazs\/","title":{"rendered":"Vacuum 65 body"},"content":{"rendered":"","protected":false},"excerpt":{"rendered":"<p>14.500 HUF (38 EUR) \/ 45 Minuten<br \/>\nDie Dienstleistung kann als Einzelbehandlung oder als 5 \/ 10 passende Gutscheine gekauft werden. Die 11. Behandlung ist beim Kauf von 10 passenden Gutscheinen kostenlos!<\/p>\n<p>Das Hotel Bassiana ist das einzige Hotel in Ungarn, das die nat\u00fcrliche K\u00f6rperbehandlung Vacuum 65 anbietet! Unter Verwendung nat\u00fcrlicher Zutaten aus Serbien und traditioneller und alter Rezepte garantiert das Verfahren, dass in einer einzigen Sitzung bis zu 6,5 Zentimeter der f\u00fcnf gemessenen K\u00f6rperbereiche neu geformt werden. Das kann bis zu 2,5 Zentimeter pro Zone bedeuten. Die Behandlung eignet sich hervorragend f\u00fcr medizinische Zwecke: Sie beschleunigt die Stoffwechselprozesse in den Zellen, regt die Blutzirkulation und das Lymphsystem an und reduziert das Volumen des Unterhautgewebes. Sie hat eine hervorragende Wirkung auf den weiblichen Hormonhaushalt und ist somit eine therapeutische Methode f\u00fcr Frauen in den Wechseljahren und Frauen mit Hormonproblemen!<\/p>\n<p>\u201eNur wer nicht wei\u00df, wie man sie richtig anwendet, hat keine Zeit\u201c. &#8211; Gaspar Melchor de Jovellanos<\/p>\n","protected":false},"author":1,"featured_media":570,"parent":35,"menu_order":14,"comment_status":"closed","ping_status":"closed","template":"","meta":{"_acf_changed":false,"inline_featured_image":false,"pgc_sgb_lightbox_settings":"","footnotes":""},"class_list":["post-218","page","type-page","status-publish","has-post-thumbnail","hentry"],"acf":[],"yoast_head":"<!-- This site is optimized with the Yoast SEO plugin v27.5 - https:\/\/yoast.com\/product\/yoast-seo-wordpress\/ -->\n<title>Vacuum 65 body - Hotel Bassiana<\/title>\n<meta name=\"robots\" content=\"index, follow, max-snippet:-1, max-image-preview:large, max-video-preview:-1\" \/>\n<link rel=\"canonical\" href=\"https:\/\/bassiana.hu\/wellness-hotel\/bodylab\/masszazs\/\" \/>\n<meta property=\"og:locale\" content=\"de_DE\" \/>\n<meta property=\"og:type\" content=\"article\" \/>\n<meta property=\"og:title\" content=\"Vacuum 65 body - Hotel Bassiana\" \/>\n<meta property=\"og:description\" content=\"[:hu]14.500 HUF (38 EUR) \/ 45 perc A szolg\u00e1ltat\u00e1s egy\u00e9ni kezel\u00e9sk\u00e9nt, vagy 5 \/ 10 alkalmas b\u00e9rletben v\u00e1s\u00e1rolhat\u00f3 meg. A 10 alkalmas b\u00e9rlet v\u00e1s\u00e1rl\u00e1sa set\u00e9n a 11. alkalom aj\u00e1nd\u00e9k!   A Hotel Bassiana az egyetlen Magyarorsz\u00e1gi sz\u00e1lloda, amely a Vacuum 65 body term\u00e9szetes kezel\u00e9s\u00e9t k\u00edn\u00e1lja! A Szerbi\u00e1b\u00f3l sz\u00e1rmaz\u00f3, natur\u00e1lis alapanyagokat haszn\u00e1l\u00f3, hagyom\u00e1nyos \u00e9s r\u00e9gi recepteket alkalmaz\u00f3 elj\u00e1r\u00e1s egyetlen alkalommal garant\u00e1ltan ak\u00e1r 6,5 centim\u00e9tert is form\u00e1lhat az \u00f6t m\u00e9rt testter\u00fcletr\u0151l. Ez ter\u00fcletenk\u00e9nt ak\u00e1r 2,5 centim\u00e9tert is jelenthet. A kezel\u00e9s kiv\u00e1l\u00f3an alkalmas gy\u00f3gy\u00e1szati c\u00e9lokra: a sejtekben zajl\u00f3 anyagcsere folyamatokat felgyors\u00edtja, a v\u00e9rkering\u00e9st \u00e9s a nyirokrendszert stimul\u00e1lja, a b\u0151r alatti sz\u00f6vetekben t\u00e9rfogat cs\u00f6kken\u00e9st eredm\u00e9nyez. Kiv\u00e1l\u00f3an hat a n\u0151i hormonh\u00e1ztart\u00e1sra, \u00edgy v\u00e1ltoz\u00f3korban l\u00e9v\u0151 h\u00f6lgyek \u00e9s hormonprobl\u00e9m\u00e1kkal k\u00fczd\u0151k sz\u00e1m\u00e1ra is alkalmazhat\u00f3 ter\u00e1pi\u00e1s m\u00f3dszer!  \u201eCsak annak nincs ideje, aki nem tudja j\u00f3l felhaszn\u00e1lni.\u201d - Gaspar Melchor de Jovellanos[:en]14.500 HUF (38 EUR) \/ 45 minutes The service can be purchased as an individual treatment or as a 5 \/ 10 suitable voucher. The 11th treatment is free with the purchase of 10 suitable voucher!  Hotel Bassiana is the only hotel in Hungary that offers Vacuum 65 body natural treatment! Using natural ingredients from Serbia and traditional and ancient recipes, the procedure is guaranteed to reshape up to 6.5 centimetres of the five measured body areas in a single session. This can mean up to 2.5 centimetres per area. The treatment is excellent for medical purposes: it speeds up metabolic processes in the cells, stimulates blood circulation and the lymphatic system, and reduces volume in the subcutaneous tissues. It has an excellent effect on the female hormonal balance, making it a therapeutic method for menopausal women and women with hormonal problems!  &quot;Only those who don&#039;t know how to use it well don&#039;t have time.&quot; - Gaspar Melchor de Jovellanos[:de]14.500 HUF (38 EUR) \/ 45 Minuten Die Dienstleistung kann als Einzelbehandlung oder als 5 \/ 10 passende Gutscheine gekauft werden. Die 11. Behandlung ist beim Kauf von 10 passenden Gutscheinen kostenlos!  Das Hotel Bassiana ist das einzige Hotel in Ungarn, das die nat\u00fcrliche K\u00f6rperbehandlung Vacuum 65 anbietet! Unter Verwendung nat\u00fcrlicher Zutaten aus Serbien und traditioneller und alter Rezepte garantiert das Verfahren, dass in einer einzigen Sitzung bis zu 6,5 Zentimeter der f\u00fcnf gemessenen K\u00f6rperbereiche neu geformt werden. Das kann bis zu 2,5 Zentimeter pro Zone bedeuten. Die Behandlung eignet sich hervorragend f\u00fcr medizinische Zwecke: Sie beschleunigt die Stoffwechselprozesse in den Zellen, regt die Blutzirkulation und das Lymphsystem an und reduziert das Volumen des Unterhautgewebes. Sie hat eine hervorragende Wirkung auf den weiblichen Hormonhaushalt und ist somit eine therapeutische Methode f\u00fcr Frauen in den Wechseljahren und Frauen mit Hormonproblemen!  \u201eNur wer nicht wei\u00df, wie man sie richtig anwendet, hat keine Zeit\u201c. - Gaspar Melchor de Jovellanos[:]\" \/>\n<meta property=\"og:url\" content=\"https:\/\/bassiana.hu\/wellness-hotel\/bodylab\/masszazs\/\" \/>\n<meta property=\"og:site_name\" content=\"Hotel Bassiana\" \/>\n<meta property=\"article:modified_time\" content=\"2025-01-08T11:24:12+00:00\" \/>\n<meta property=\"og:image\" content=\"https:\/\/bassiana.hu\/wp-content\/uploads\/2024\/10\/Vacuum65body.jpg\" \/>\n\t<meta property=\"og:image:width\" content=\"1024\" \/>\n\t<meta property=\"og:image:height\" content=\"819\" \/>\n\t<meta property=\"og:image:type\" content=\"image\/jpeg\" \/>\n<meta name=\"twitter:card\" content=\"summary_large_image\" \/>\n<meta name=\"twitter:label1\" content=\"Gesch\u00e4tzte Lesezeit\" \/>\n\t<meta name=\"twitter:data1\" content=\"1\u00a0Minute\" \/>\n<script type=\"application\/ld+json\" class=\"yoast-schema-graph\">{\"@context\":\"https:\\\/\\\/schema.org\",\"@graph\":[{\"@type\":\"WebPage\",\"@id\":\"https:\\\/\\\/bassiana.hu\\\/wellness-hotel\\\/bodylab\\\/masszazs\\\/\",\"url\":\"https:\\\/\\\/bassiana.hu\\\/wellness-hotel\\\/bodylab\\\/masszazs\\\/\",\"name\":\"Vacuum 65 body - Hotel Bassiana\",\"isPartOf\":{\"@id\":\"https:\\\/\\\/bassiana.hu\\\/#website\"},\"primaryImageOfPage\":{\"@id\":\"https:\\\/\\\/bassiana.hu\\\/wellness-hotel\\\/bodylab\\\/masszazs\\\/#primaryimage\"},\"image\":{\"@id\":\"https:\\\/\\\/bassiana.hu\\\/wellness-hotel\\\/bodylab\\\/masszazs\\\/#primaryimage\"},\"thumbnailUrl\":\"https:\\\/\\\/bassiana.hu\\\/wp-content\\\/uploads\\\/2024\\\/10\\\/Vacuum65body.jpg\",\"datePublished\":\"2024-09-10T10:04:57+00:00\",\"dateModified\":\"2025-01-08T11:24:12+00:00\",\"breadcrumb\":{\"@id\":\"https:\\\/\\\/bassiana.hu\\\/wellness-hotel\\\/bodylab\\\/masszazs\\\/#breadcrumb\"},\"inLanguage\":\"de\",\"potentialAction\":[{\"@type\":\"ReadAction\",\"target\":[\"https:\\\/\\\/bassiana.hu\\\/wellness-hotel\\\/bodylab\\\/masszazs\\\/\"]}]},{\"@type\":\"ImageObject\",\"inLanguage\":\"de\",\"@id\":\"https:\\\/\\\/bassiana.hu\\\/wellness-hotel\\\/bodylab\\\/masszazs\\\/#primaryimage\",\"url\":\"https:\\\/\\\/bassiana.hu\\\/wp-content\\\/uploads\\\/2024\\\/10\\\/Vacuum65body.jpg\",\"contentUrl\":\"https:\\\/\\\/bassiana.hu\\\/wp-content\\\/uploads\\\/2024\\\/10\\\/Vacuum65body.jpg\",\"width\":1024,\"height\":819},{\"@type\":\"BreadcrumbList\",\"@id\":\"https:\\\/\\\/bassiana.hu\\\/wellness-hotel\\\/bodylab\\\/masszazs\\\/#breadcrumb\",\"itemListElement\":[{\"@type\":\"ListItem\",\"position\":1,\"name\":\"Kezd\u0151lap\",\"item\":\"https:\\\/\\\/bassiana.hu\\\/\"},{\"@type\":\"ListItem\",\"position\":2,\"name\":\"Wellness\",\"item\":\"https:\\\/\\\/bassiana.hu\\\/wellness-hotel\\\/\"},{\"@type\":\"ListItem\",\"position\":3,\"name\":\"bodyLAB &#038; Beauty\",\"item\":\"https:\\\/\\\/bassiana.hu\\\/wellness-hotel\\\/bodylab\\\/\"},{\"@type\":\"ListItem\",\"position\":4,\"name\":\"Vacuum 65 body\"}]},{\"@type\":\"WebSite\",\"@id\":\"https:\\\/\\\/bassiana.hu\\\/#website\",\"url\":\"https:\\\/\\\/bassiana.hu\\\/\",\"name\":\"Hotel Bassiana\",\"description\":\"S\u00e1rv\u00e1r\",\"publisher\":{\"@id\":\"https:\\\/\\\/bassiana.hu\\\/#organization\"},\"potentialAction\":[{\"@type\":\"SearchAction\",\"target\":{\"@type\":\"EntryPoint\",\"urlTemplate\":\"https:\\\/\\\/bassiana.hu\\\/?s={search_term_string}\"},\"query-input\":{\"@type\":\"PropertyValueSpecification\",\"valueRequired\":true,\"valueName\":\"search_term_string\"}}],\"inLanguage\":\"de\"},{\"@type\":\"Organization\",\"@id\":\"https:\\\/\\\/bassiana.hu\\\/#organization\",\"name\":\"Hotel Bassiana\",\"url\":\"https:\\\/\\\/bassiana.hu\\\/\",\"logo\":{\"@type\":\"ImageObject\",\"inLanguage\":\"de\",\"@id\":\"https:\\\/\\\/bassiana.hu\\\/#\\\/schema\\\/logo\\\/image\\\/\",\"url\":\"https:\\\/\\\/bassiana.hu\\\/wp-content\\\/uploads\\\/2025\\\/04\\\/RGBbassiana_logo_RGB_bassiana_boutique_logo_csillaggal_szines_feher_felirat.svg\",\"contentUrl\":\"https:\\\/\\\/bassiana.hu\\\/wp-content\\\/uploads\\\/2025\\\/04\\\/RGBbassiana_logo_RGB_bassiana_boutique_logo_csillaggal_szines_feher_felirat.svg\",\"caption\":\"Hotel Bassiana\"},\"image\":{\"@id\":\"https:\\\/\\\/bassiana.hu\\\/#\\\/schema\\\/logo\\\/image\\\/\"}}]}<\/script>\n<!-- \/ Yoast SEO plugin. -->","yoast_head_json":{"title":"Vacuum 65 body - Hotel Bassiana","robots":{"index":"index","follow":"follow","max-snippet":"max-snippet:-1","max-image-preview":"max-image-preview:large","max-video-preview":"max-video-preview:-1"},"canonical":"https:\/\/bassiana.hu\/wellness-hotel\/bodylab\/masszazs\/","og_locale":"de_DE","og_type":"article","og_title":"Vacuum 65 body - Hotel Bassiana","og_description":"[:hu]14.500 HUF (38 EUR) \/ 45 perc A szolg\u00e1ltat\u00e1s egy\u00e9ni kezel\u00e9sk\u00e9nt, vagy 5 \/ 10 alkalmas b\u00e9rletben v\u00e1s\u00e1rolhat\u00f3 meg. A 10 alkalmas b\u00e9rlet v\u00e1s\u00e1rl\u00e1sa set\u00e9n a 11. alkalom aj\u00e1nd\u00e9k!   A Hotel Bassiana az egyetlen Magyarorsz\u00e1gi sz\u00e1lloda, amely a Vacuum 65 body term\u00e9szetes kezel\u00e9s\u00e9t k\u00edn\u00e1lja! A Szerbi\u00e1b\u00f3l sz\u00e1rmaz\u00f3, natur\u00e1lis alapanyagokat haszn\u00e1l\u00f3, hagyom\u00e1nyos \u00e9s r\u00e9gi recepteket alkalmaz\u00f3 elj\u00e1r\u00e1s egyetlen alkalommal garant\u00e1ltan ak\u00e1r 6,5 centim\u00e9tert is form\u00e1lhat az \u00f6t m\u00e9rt testter\u00fcletr\u0151l. Ez ter\u00fcletenk\u00e9nt ak\u00e1r 2,5 centim\u00e9tert is jelenthet. A kezel\u00e9s kiv\u00e1l\u00f3an alkalmas gy\u00f3gy\u00e1szati c\u00e9lokra: a sejtekben zajl\u00f3 anyagcsere folyamatokat felgyors\u00edtja, a v\u00e9rkering\u00e9st \u00e9s a nyirokrendszert stimul\u00e1lja, a b\u0151r alatti sz\u00f6vetekben t\u00e9rfogat cs\u00f6kken\u00e9st eredm\u00e9nyez. Kiv\u00e1l\u00f3an hat a n\u0151i hormonh\u00e1ztart\u00e1sra, \u00edgy v\u00e1ltoz\u00f3korban l\u00e9v\u0151 h\u00f6lgyek \u00e9s hormonprobl\u00e9m\u00e1kkal k\u00fczd\u0151k sz\u00e1m\u00e1ra is alkalmazhat\u00f3 ter\u00e1pi\u00e1s m\u00f3dszer!  \u201eCsak annak nincs ideje, aki nem tudja j\u00f3l felhaszn\u00e1lni.\u201d - Gaspar Melchor de Jovellanos[:en]14.500 HUF (38 EUR) \/ 45 minutes The service can be purchased as an individual treatment or as a 5 \/ 10 suitable voucher. The 11th treatment is free with the purchase of 10 suitable voucher!  Hotel Bassiana is the only hotel in Hungary that offers Vacuum 65 body natural treatment! Using natural ingredients from Serbia and traditional and ancient recipes, the procedure is guaranteed to reshape up to 6.5 centimetres of the five measured body areas in a single session. This can mean up to 2.5 centimetres per area. The treatment is excellent for medical purposes: it speeds up metabolic processes in the cells, stimulates blood circulation and the lymphatic system, and reduces volume in the subcutaneous tissues. It has an excellent effect on the female hormonal balance, making it a therapeutic method for menopausal women and women with hormonal problems!  \"Only those who don't know how to use it well don't have time.\" - Gaspar Melchor de Jovellanos[:de]14.500 HUF (38 EUR) \/ 45 Minuten Die Dienstleistung kann als Einzelbehandlung oder als 5 \/ 10 passende Gutscheine gekauft werden. Die 11. Behandlung ist beim Kauf von 10 passenden Gutscheinen kostenlos!  Das Hotel Bassiana ist das einzige Hotel in Ungarn, das die nat\u00fcrliche K\u00f6rperbehandlung Vacuum 65 anbietet! Unter Verwendung nat\u00fcrlicher Zutaten aus Serbien und traditioneller und alter Rezepte garantiert das Verfahren, dass in einer einzigen Sitzung bis zu 6,5 Zentimeter der f\u00fcnf gemessenen K\u00f6rperbereiche neu geformt werden. Das kann bis zu 2,5 Zentimeter pro Zone bedeuten. Die Behandlung eignet sich hervorragend f\u00fcr medizinische Zwecke: Sie beschleunigt die Stoffwechselprozesse in den Zellen, regt die Blutzirkulation und das Lymphsystem an und reduziert das Volumen des Unterhautgewebes. Sie hat eine hervorragende Wirkung auf den weiblichen Hormonhaushalt und ist somit eine therapeutische Methode f\u00fcr Frauen in den Wechseljahren und Frauen mit Hormonproblemen!  \u201eNur wer nicht wei\u00df, wie man sie richtig anwendet, hat keine Zeit\u201c. - Gaspar Melchor de Jovellanos[:]","og_url":"https:\/\/bassiana.hu\/wellness-hotel\/bodylab\/masszazs\/","og_site_name":"Hotel Bassiana","article_modified_time":"2025-01-08T11:24:12+00:00","og_image":[{"width":1024,"height":819,"url":"https:\/\/bassiana.hu\/wp-content\/uploads\/2024\/10\/Vacuum65body.jpg","type":"image\/jpeg"}],"twitter_card":"summary_large_image","twitter_misc":{"Gesch\u00e4tzte Lesezeit":"1\u00a0Minute"},"schema":{"@context":"https:\/\/schema.org","@graph":[{"@type":"WebPage","@id":"https:\/\/bassiana.hu\/wellness-hotel\/bodylab\/masszazs\/","url":"https:\/\/bassiana.hu\/wellness-hotel\/bodylab\/masszazs\/","name":"Vacuum 65 body - Hotel Bassiana","isPartOf":{"@id":"https:\/\/bassiana.hu\/#website"},"primaryImageOfPage":{"@id":"https:\/\/bassiana.hu\/wellness-hotel\/bodylab\/masszazs\/#primaryimage"},"image":{"@id":"https:\/\/bassiana.hu\/wellness-hotel\/bodylab\/masszazs\/#primaryimage"},"thumbnailUrl":"https:\/\/bassiana.hu\/wp-content\/uploads\/2024\/10\/Vacuum65body.jpg","datePublished":"2024-09-10T10:04:57+00:00","dateModified":"2025-01-08T11:24:12+00:00","breadcrumb":{"@id":"https:\/\/bassiana.hu\/wellness-hotel\/bodylab\/masszazs\/#breadcrumb"},"inLanguage":"de","potentialAction":[{"@type":"ReadAction","target":["https:\/\/bassiana.hu\/wellness-hotel\/bodylab\/masszazs\/"]}]},{"@type":"ImageObject","inLanguage":"de","@id":"https:\/\/bassiana.hu\/wellness-hotel\/bodylab\/masszazs\/#primaryimage","url":"https:\/\/bassiana.hu\/wp-content\/uploads\/2024\/10\/Vacuum65body.jpg","contentUrl":"https:\/\/bassiana.hu\/wp-content\/uploads\/2024\/10\/Vacuum65body.jpg","width":1024,"height":819},{"@type":"BreadcrumbList","@id":"https:\/\/bassiana.hu\/wellness-hotel\/bodylab\/masszazs\/#breadcrumb","itemListElement":[{"@type":"ListItem","position":1,"name":"Kezd\u0151lap","item":"https:\/\/bassiana.hu\/"},{"@type":"ListItem","position":2,"name":"Wellness","item":"https:\/\/bassiana.hu\/wellness-hotel\/"},{"@type":"ListItem","position":3,"name":"bodyLAB &#038; Beauty","item":"https:\/\/bassiana.hu\/wellness-hotel\/bodylab\/"},{"@type":"ListItem","position":4,"name":"Vacuum 65 body"}]},{"@type":"WebSite","@id":"https:\/\/bassiana.hu\/#website","url":"https:\/\/bassiana.hu\/","name":"Hotel Bassiana","description":"S\u00e1rv\u00e1r","publisher":{"@id":"https:\/\/bassiana.hu\/#organization"},"potentialAction":[{"@type":"SearchAction","target":{"@type":"EntryPoint","urlTemplate":"https:\/\/bassiana.hu\/?s={search_term_string}"},"query-input":{"@type":"PropertyValueSpecification","valueRequired":true,"valueName":"search_term_string"}}],"inLanguage":"de"},{"@type":"Organization","@id":"https:\/\/bassiana.hu\/#organization","name":"Hotel Bassiana","url":"https:\/\/bassiana.hu\/","logo":{"@type":"ImageObject","inLanguage":"de","@id":"https:\/\/bassiana.hu\/#\/schema\/logo\/image\/","url":"https:\/\/bassiana.hu\/wp-content\/uploads\/2025\/04\/RGBbassiana_logo_RGB_bassiana_boutique_logo_csillaggal_szines_feher_felirat.svg","contentUrl":"https:\/\/bassiana.hu\/wp-content\/uploads\/2025\/04\/RGBbassiana_logo_RGB_bassiana_boutique_logo_csillaggal_szines_feher_felirat.svg","caption":"Hotel Bassiana"},"image":{"@id":"https:\/\/bassiana.hu\/#\/schema\/logo\/image\/"}}]}},"_links":{"self":[{"href":"https:\/\/bassiana.hu\/de\/wp-json\/wp\/v2\/pages\/218","targetHints":{"allow":["GET"]}}],"collection":[{"href":"https:\/\/bassiana.hu\/de\/wp-json\/wp\/v2\/pages"}],"about":[{"href":"https:\/\/bassiana.hu\/de\/wp-json\/wp\/v2\/types\/page"}],"author":[{"embeddable":true,"href":"https:\/\/bassiana.hu\/de\/wp-json\/wp\/v2\/users\/1"}],"replies":[{"embeddable":true,"href":"https:\/\/bassiana.hu\/de\/wp-json\/wp\/v2\/comments?post=218"}],"version-history":[{"count":15,"href":"https:\/\/bassiana.hu\/de\/wp-json\/wp\/v2\/pages\/218\/revisions"}],"predecessor-version":[{"id":1472,"href":"https:\/\/bassiana.hu\/de\/wp-json\/wp\/v2\/pages\/218\/revisions\/1472"}],"up":[{"embeddable":true,"href":"https:\/\/bassiana.hu\/de\/wp-json\/wp\/v2\/pages\/35"}],"wp:featuredmedia":[{"embeddable":true,"href":"https:\/\/bassiana.hu\/de\/wp-json\/wp\/v2\/media\/570"}],"wp:attachment":[{"href":"https:\/\/bassiana.hu\/de\/wp-json\/wp\/v2\/media?parent=218"}],"curies":[{"name":"wp","href":"https:\/\/api.w.org\/{rel}","templated":true}]}}