{"id":399,"date":"2024-09-13T07:01:29","date_gmt":"2024-09-13T07:01:29","guid":{"rendered":"http:\/\/dev.bassiana.hu\/?page_id=399"},"modified":"2025-05-22T05:46:48","modified_gmt":"2025-05-22T05:46:48","slug":"altalanos-informaciok","status":"publish","type":"page","link":"https:\/\/bassiana.hu\/de\/szalloda\/altalanos-informaciok\/","title":{"rendered":"Allgemeine Informationen"},"content":{"rendered":"<p><style>#sp-ea-1542 .spcollapsing { height: 0; overflow: hidden; transition-property: height;transition-duration: 300ms;}#sp-ea-1542.sp-easy-accordion>.sp-ea-single {margin-bottom: 10px; border: 1px solid #e2e2e2; }#sp-ea-1542.sp-easy-accordion>.sp-ea-single>.ea-header a {color: #444;}#sp-ea-1542.sp-easy-accordion>.sp-ea-single>.sp-collapse>.ea-body {background: #fff; color: #444;}#sp-ea-1542.sp-easy-accordion>.sp-ea-single {background: #eee;}#sp-ea-1542.sp-easy-accordion>.sp-ea-single>.ea-header a .ea-expand-icon { float: left; color: #444;font-size: 16px;}<\/style><div id=\"sp_easy_accordion-1726211514\"><div id=\"sp-ea-1542\" class=\"sp-ea-one sp-easy-accordion\" data-ea-active=\"ea-click\" data-ea-mode=\"vertical\" data-preloader=\"\" data-scroll-active-item=\"\" data-offset-to-scroll=\"0\"><div class=\"ea-card ea-expand sp-ea-single\"><h3 class=\"ea-header\"><a class=\"collapsed\" id=\"ea-header-15420\" role=\"button\" data-sptoggle=\"spcollapse\" data-sptarget=\"#collapse15420\" aria-controls=\"collapse15420\" href=\"#\" aria-expanded=\"true\" tabindex=\"0\"><i aria-hidden=\"true\" role=\"presentation\" class=\"ea-expand-icon eap-icon-ea-expand-minus\"><\/i> Der Zimmerpreis beinhaltet<\/a><\/h3><div class=\"sp-collapse spcollapse collapsed show\" id=\"collapse15420\" data-parent=\"#sp-ea-1542\" role=\"region\" aria-labelledby=\"ea-header-15420\"> <div class=\"ea-body\"><ul><li>Unterkunft im gew\u00e4hlten Zimmertyp mit Bassiana Kneipp \u201edR\u201c Matratze und kostenlosem Mineralwasser<\/li><li>Fr\u00fchst\u00fccksbuffet und Abendessen in Buffetform (bis zu 10 Personen: teilweise Buffet und a'la carte)<\/li><li>Nutzung des beheizten Au\u00dfenpools (von Mai bis September)<\/li><li>Nutzung des Wellnessbereichs (Whirlpool, Kneippbecken, Infrarotsauna, Finnische Sauna, Himalaya-Salzkammer)<\/li><li>freier Eintritt in das Arboretum von S\u00e1rv\u00e1r<\/li><li>Wi-Fi-Zugang im ganzen Hotel<\/li><li>kostenloses Parken in unserem kamera\u00fcberwachten Parkhaus<\/li><li>MwSt.<\/li><\/ul><\/div><\/div><\/div><div class=\"ea-card sp-ea-single\"><h3 class=\"ea-header\"><a class=\"collapsed\" id=\"ea-header-15421\" role=\"button\" data-sptoggle=\"spcollapse\" data-sptarget=\"#collapse15421\" aria-controls=\"collapse15421\" href=\"#\" aria-expanded=\"false\" tabindex=\"0\"><i aria-hidden=\"true\" role=\"presentation\" class=\"ea-expand-icon eap-icon-ea-expand-plus\"><\/i> Der Zimmerpreis ist nicht inbegriffen<\/a><\/h3><div class=\"sp-collapse spcollapse \" id=\"collapse15421\" data-parent=\"#sp-ea-1542\" role=\"region\" aria-labelledby=\"ea-header-15421\"> <div class=\"ea-body\"><ul><li>Die Kurtaxe ist vor Ort zu zahlen: 780 HUF \/ Person \/ Nacht (\u00fcber 18 Jahre).<\/li><li>Haustiere sind willkommen (nur im Standardzimmer). Bitte fragen Sie an der Rezeption nach dem Haustierzuschlag!<\/li><\/ul><\/div><\/div><\/div><div class=\"ea-card sp-ea-single\"><h3 class=\"ea-header\"><a class=\"collapsed\" id=\"ea-header-15422\" role=\"button\" data-sptoggle=\"spcollapse\" data-sptarget=\"#collapse15422\" aria-controls=\"collapse15422\" href=\"#\" aria-expanded=\"false\" tabindex=\"0\"><i aria-hidden=\"true\" role=\"presentation\" class=\"ea-expand-icon eap-icon-ea-expand-plus\"><\/i> Check in \/ check out<\/a><\/h3><div class=\"sp-collapse spcollapse \" id=\"collapse15422\" data-parent=\"#sp-ea-1542\" role=\"region\" aria-labelledby=\"ea-header-15422\"> <div class=\"ea-body\"><ul><li>Check-in: ab 15:00<\/li><li>Check-out: bis 11:00<\/li><\/ul><p>&nbsp;<\/p><p>Wenn m\u00f6glich, bitten wir unsere G\u00e4ste, den Check-in zwischen 15:00-20:00 Uhr und den Check-out zwischen 06:00-11:00 Uhr zu planen!<\/p><p>Fr\u00fches Einchecken und sp\u00e4tes Auschecken sind auf Anfrage, je nach Verf\u00fcgbarkeit und gegen einen Aufpreis m\u00f6glich. Bitte kontaktieren Sie die Rezeption im Voraus!<\/p><\/div><\/div><\/div><div class=\"ea-card sp-ea-single\"><h3 class=\"ea-header\"><a class=\"collapsed\" id=\"ea-header-15423\" role=\"button\" data-sptoggle=\"spcollapse\" data-sptarget=\"#collapse15423\" aria-controls=\"collapse15423\" href=\"#\" aria-expanded=\"false\" tabindex=\"0\"><i aria-hidden=\"true\" role=\"presentation\" class=\"ea-expand-icon eap-icon-ea-expand-plus\"><\/i> Kindererm\u00e4\u00dfigung<\/a><\/h3><div class=\"sp-collapse spcollapse \" id=\"collapse15423\" data-parent=\"#sp-ea-1542\" role=\"region\" aria-labelledby=\"ea-header-15423\"> <div class=\"ea-body\"><p>Kinder \u00fcber 14 Jahre sind bei uns willkommen. Kindererm\u00e4\u00dfigung zwischen 14-17,99 Jahren: 20% Erm\u00e4\u00dfigung.<\/p><\/div><\/div><\/div><div class=\"ea-card sp-ea-single\"><h3 class=\"ea-header\"><a class=\"collapsed\" id=\"ea-header-15424\" role=\"button\" data-sptoggle=\"spcollapse\" data-sptarget=\"#collapse15424\" aria-controls=\"collapse15424\" href=\"#\" aria-expanded=\"false\" tabindex=\"0\"><i aria-hidden=\"true\" role=\"presentation\" class=\"ea-expand-icon eap-icon-ea-expand-plus\"><\/i> Bankkartegarantie<\/a><\/h3><div class=\"sp-collapse spcollapse \" id=\"collapse15424\" data-parent=\"#sp-ea-1542\" role=\"region\" aria-labelledby=\"ea-header-15424\"> <div class=\"ea-body\"><p>Um Ihre Reservierung abzuschlie\u00dfen, ist eine Bankkartengarantie erforderlich. Sie k\u00f6nnen Ihre Kreditkartendaten w\u00e4hrend des Buchungsvorgangs angeben. Gem\u00e4\u00df unseren Buchungsbedingungen wird Ihre Kreditkarte nur in den folgenden F\u00e4llen belastet:<\/p><ul><li>unser Gast erscheint nicht zur gebuchten Zeit (no show) und storniert die Reservierung nicht innerhalb der in unseren Buchungsbedingungen angegebenen Frist,<\/li><li>unser Gast verl\u00e4sst unser Hotel ohne vor Ort zu bezahlen.<\/li><\/ul><\/div><\/div><\/div><div class=\"ea-card sp-ea-single\"><h3 class=\"ea-header\"><a class=\"collapsed\" id=\"ea-header-15425\" role=\"button\" data-sptoggle=\"spcollapse\" data-sptarget=\"#collapse15425\" aria-controls=\"collapse15425\" href=\"#\" aria-expanded=\"false\" tabindex=\"0\"><i aria-hidden=\"true\" role=\"presentation\" class=\"ea-expand-icon eap-icon-ea-expand-plus\"><\/i> Stornierung der Reservierung<\/a><\/h3><div class=\"sp-collapse spcollapse \" id=\"collapse15425\" data-parent=\"#sp-ea-1542\" role=\"region\" aria-labelledby=\"ea-header-15425\"> <div class=\"ea-body\"><ul><li><p style=\"font-weight: 400\">Eine kostenfreie Stornierung der Reservierung ist bis 1 Tag vor Anreise m\u00f6glich. Bei einer Stornierung innerhalb von 1 Tag vor der Anreise oder bei Nichtanreise (No-Show) ist das Hotel berechtigt, 100 % des Reservierungsbetrags zu berechnen.<\/p><\/li><li><p style=\"font-weight: 400\">In Sonder- und Feiertagszeiten ist eine kostenfreie Stornierung bis 7 Tage vor Anreise m\u00f6glich. Bei einer Stornierung innerhalb von 7 Tagen ist das Hotel berechtigt, 50 % des Reservierungsbetrags, und 1 Tag vor Anreise 100 % als Vertragsstrafe zu berechnen.<\/p><\/li><li><p style=\"font-weight: 400\">Bei vorzeitiger Abreise besteht vor Ort keine M\u00f6glichkeit zur nachtr\u00e4glichen Preisreduzierung der Reservierung.<\/p><\/li><\/ul><\/div><\/div><\/div><div class=\"ea-card sp-ea-single\"><h3 class=\"ea-header\"><a class=\"collapsed\" id=\"ea-header-15426\" role=\"button\" data-sptoggle=\"spcollapse\" data-sptarget=\"#collapse15426\" aria-controls=\"collapse15426\" href=\"#\" aria-expanded=\"false\" tabindex=\"0\"><i aria-hidden=\"true\" role=\"presentation\" class=\"ea-expand-icon eap-icon-ea-expand-plus\"><\/i> Besuch des Arboretums von S\u00e1rv\u00e1r<\/a><\/h3><div class=\"sp-collapse spcollapse \" id=\"collapse15426\" data-parent=\"#sp-ea-1542\" role=\"region\" aria-labelledby=\"ea-header-15426\"> <div class=\"ea-body\"><ul><li>Das Arboretum von Sarvar kann direkt durch den Garten des Hotels Bassiana besucht werden, f\u00fcr Hotelg\u00e4ste kostenlos. Bitte beachten Sie die \u00d6ffnungszeiten des Arboretums:<br \/>1. April - 31. Oktober: 9:00-19:00<br \/>1. November - 31. M\u00e4rz: 9:00-17:00<\/li><\/ul><\/div><\/div><\/div><\/div><\/div><\/p>","protected":false},"excerpt":{"rendered":"","protected":false},"author":1,"featured_media":0,"parent":66,"menu_order":40,"comment_status":"closed","ping_status":"closed","template":"","meta":{"_acf_changed":false,"inline_featured_image":false,"pgc_sgb_lightbox_settings":"","footnotes":""},"class_list":["post-399","page","type-page","status-publish","hentry"],"acf":[],"yoast_head":"<!-- This site is optimized with the Yoast SEO plugin v27.4 - https:\/\/yoast.com\/product\/yoast-seo-wordpress\/ -->\n<title>Allgemeine Informationen - Hotel Bassiana<\/title>\n<meta name=\"robots\" content=\"index, follow, max-snippet:-1, max-image-preview:large, max-video-preview:-1\" \/>\n<link rel=\"canonical\" href=\"https:\/\/bassiana.hu\/szalloda\/altalanos-informaciok\/\" \/>\n<meta property=\"og:locale\" content=\"de_DE\" \/>\n<meta property=\"og:type\" content=\"article\" \/>\n<meta property=\"og:title\" content=\"Allgemeine Informationen - Hotel Bassiana\" \/>\n<meta property=\"og:url\" content=\"https:\/\/bassiana.hu\/szalloda\/altalanos-informaciok\/\" \/>\n<meta property=\"og:site_name\" content=\"Hotel Bassiana\" \/>\n<meta property=\"article:modified_time\" content=\"2025-05-22T05:46:48+00:00\" \/>\n<meta name=\"twitter:card\" content=\"summary_large_image\" \/>\n<meta name=\"twitter:label1\" content=\"Gesch\u00e4tzte Lesezeit\" \/>\n\t<meta name=\"twitter:data1\" content=\"1\u00a0Minute\" \/>\n<script type=\"application\/ld+json\" class=\"yoast-schema-graph\">{\"@context\":\"https:\\\/\\\/schema.org\",\"@graph\":[{\"@type\":\"WebPage\",\"@id\":\"https:\\\/\\\/bassiana.hu\\\/szalloda\\\/altalanos-informaciok\\\/\",\"url\":\"https:\\\/\\\/bassiana.hu\\\/szalloda\\\/altalanos-informaciok\\\/\",\"name\":\"[:hu]\u00c1ltal\u00e1nos inform\u00e1ci\u00f3k[:en]General information[:de]Allgemeine Informationen[:] - Hotel Bassiana\",\"isPartOf\":{\"@id\":\"https:\\\/\\\/bassiana.hu\\\/#website\"},\"datePublished\":\"2024-09-13T07:01:29+00:00\",\"dateModified\":\"2025-05-22T05:46:48+00:00\",\"breadcrumb\":{\"@id\":\"https:\\\/\\\/bassiana.hu\\\/szalloda\\\/altalanos-informaciok\\\/#breadcrumb\"},\"inLanguage\":\"de\",\"potentialAction\":[{\"@type\":\"ReadAction\",\"target\":[\"https:\\\/\\\/bassiana.hu\\\/szalloda\\\/altalanos-informaciok\\\/\"]}]},{\"@type\":\"BreadcrumbList\",\"@id\":\"https:\\\/\\\/bassiana.hu\\\/szalloda\\\/altalanos-informaciok\\\/#breadcrumb\",\"itemListElement\":[{\"@type\":\"ListItem\",\"position\":1,\"name\":\"Kezd\u0151lap\",\"item\":\"https:\\\/\\\/bassiana.hu\\\/\"},{\"@type\":\"ListItem\",\"position\":2,\"name\":\"Sz\u00e1lloda\",\"item\":\"https:\\\/\\\/bassiana.hu\\\/szalloda\\\/\"},{\"@type\":\"ListItem\",\"position\":3,\"name\":\"\u00c1ltal\u00e1nos inform\u00e1ci\u00f3k\"}]},{\"@type\":\"WebSite\",\"@id\":\"https:\\\/\\\/bassiana.hu\\\/#website\",\"url\":\"https:\\\/\\\/bassiana.hu\\\/\",\"name\":\"Hotel Bassiana\",\"description\":\"S\u00e1rv\u00e1r\",\"publisher\":{\"@id\":\"https:\\\/\\\/bassiana.hu\\\/#organization\"},\"potentialAction\":[{\"@type\":\"SearchAction\",\"target\":{\"@type\":\"EntryPoint\",\"urlTemplate\":\"https:\\\/\\\/bassiana.hu\\\/?s={search_term_string}\"},\"query-input\":{\"@type\":\"PropertyValueSpecification\",\"valueRequired\":true,\"valueName\":\"search_term_string\"}}],\"inLanguage\":\"de\"},{\"@type\":\"Organization\",\"@id\":\"https:\\\/\\\/bassiana.hu\\\/#organization\",\"name\":\"Hotel Bassiana\",\"url\":\"https:\\\/\\\/bassiana.hu\\\/\",\"logo\":{\"@type\":\"ImageObject\",\"inLanguage\":\"de\",\"@id\":\"https:\\\/\\\/bassiana.hu\\\/#\\\/schema\\\/logo\\\/image\\\/\",\"url\":\"https:\\\/\\\/bassiana.hu\\\/wp-content\\\/uploads\\\/2025\\\/04\\\/RGBbassiana_logo_RGB_bassiana_boutique_logo_csillaggal_szines_feher_felirat.svg\",\"contentUrl\":\"https:\\\/\\\/bassiana.hu\\\/wp-content\\\/uploads\\\/2025\\\/04\\\/RGBbassiana_logo_RGB_bassiana_boutique_logo_csillaggal_szines_feher_felirat.svg\",\"caption\":\"Hotel Bassiana\"},\"image\":{\"@id\":\"https:\\\/\\\/bassiana.hu\\\/#\\\/schema\\\/logo\\\/image\\\/\"}}]}<\/script>\n<!-- \/ Yoast SEO plugin. -->","yoast_head_json":{"title":"[:hu]\u00c1ltal\u00e1nos inform\u00e1ci\u00f3k[:en]General information[:de]Allgemeine Informationen[:] - Hotel Bassiana","robots":{"index":"index","follow":"follow","max-snippet":"max-snippet:-1","max-image-preview":"max-image-preview:large","max-video-preview":"max-video-preview:-1"},"canonical":"https:\/\/bassiana.hu\/szalloda\/altalanos-informaciok\/","og_locale":"de_DE","og_type":"article","og_title":"Allgemeine Informationen - Hotel Bassiana","og_url":"https:\/\/bassiana.hu\/szalloda\/altalanos-informaciok\/","og_site_name":"Hotel Bassiana","article_modified_time":"2025-05-22T05:46:48+00:00","twitter_card":"summary_large_image","twitter_misc":{"Gesch\u00e4tzte Lesezeit":"1\u00a0Minute"},"schema":{"@context":"https:\/\/schema.org","@graph":[{"@type":"WebPage","@id":"https:\/\/bassiana.hu\/szalloda\/altalanos-informaciok\/","url":"https:\/\/bassiana.hu\/szalloda\/altalanos-informaciok\/","name":"[:hu]\u00c1ltal\u00e1nos inform\u00e1ci\u00f3k[:en]General information[:de]Allgemeine Informationen[:] - Hotel Bassiana","isPartOf":{"@id":"https:\/\/bassiana.hu\/#website"},"datePublished":"2024-09-13T07:01:29+00:00","dateModified":"2025-05-22T05:46:48+00:00","breadcrumb":{"@id":"https:\/\/bassiana.hu\/szalloda\/altalanos-informaciok\/#breadcrumb"},"inLanguage":"de","potentialAction":[{"@type":"ReadAction","target":["https:\/\/bassiana.hu\/szalloda\/altalanos-informaciok\/"]}]},{"@type":"BreadcrumbList","@id":"https:\/\/bassiana.hu\/szalloda\/altalanos-informaciok\/#breadcrumb","itemListElement":[{"@type":"ListItem","position":1,"name":"Kezd\u0151lap","item":"https:\/\/bassiana.hu\/"},{"@type":"ListItem","position":2,"name":"Sz\u00e1lloda","item":"https:\/\/bassiana.hu\/szalloda\/"},{"@type":"ListItem","position":3,"name":"\u00c1ltal\u00e1nos inform\u00e1ci\u00f3k"}]},{"@type":"WebSite","@id":"https:\/\/bassiana.hu\/#website","url":"https:\/\/bassiana.hu\/","name":"Hotel Bassiana","description":"S\u00e1rv\u00e1r","publisher":{"@id":"https:\/\/bassiana.hu\/#organization"},"potentialAction":[{"@type":"SearchAction","target":{"@type":"EntryPoint","urlTemplate":"https:\/\/bassiana.hu\/?s={search_term_string}"},"query-input":{"@type":"PropertyValueSpecification","valueRequired":true,"valueName":"search_term_string"}}],"inLanguage":"de"},{"@type":"Organization","@id":"https:\/\/bassiana.hu\/#organization","name":"Hotel Bassiana","url":"https:\/\/bassiana.hu\/","logo":{"@type":"ImageObject","inLanguage":"de","@id":"https:\/\/bassiana.hu\/#\/schema\/logo\/image\/","url":"https:\/\/bassiana.hu\/wp-content\/uploads\/2025\/04\/RGBbassiana_logo_RGB_bassiana_boutique_logo_csillaggal_szines_feher_felirat.svg","contentUrl":"https:\/\/bassiana.hu\/wp-content\/uploads\/2025\/04\/RGBbassiana_logo_RGB_bassiana_boutique_logo_csillaggal_szines_feher_felirat.svg","caption":"Hotel Bassiana"},"image":{"@id":"https:\/\/bassiana.hu\/#\/schema\/logo\/image\/"}}]}},"_links":{"self":[{"href":"https:\/\/bassiana.hu\/de\/wp-json\/wp\/v2\/pages\/399","targetHints":{"allow":["GET"]}}],"collection":[{"href":"https:\/\/bassiana.hu\/de\/wp-json\/wp\/v2\/pages"}],"about":[{"href":"https:\/\/bassiana.hu\/de\/wp-json\/wp\/v2\/types\/page"}],"author":[{"embeddable":true,"href":"https:\/\/bassiana.hu\/de\/wp-json\/wp\/v2\/users\/1"}],"replies":[{"embeddable":true,"href":"https:\/\/bassiana.hu\/de\/wp-json\/wp\/v2\/comments?post=399"}],"version-history":[{"count":11,"href":"https:\/\/bassiana.hu\/de\/wp-json\/wp\/v2\/pages\/399\/revisions"}],"predecessor-version":[{"id":1792,"href":"https:\/\/bassiana.hu\/de\/wp-json\/wp\/v2\/pages\/399\/revisions\/1792"}],"up":[{"embeddable":true,"href":"https:\/\/bassiana.hu\/de\/wp-json\/wp\/v2\/pages\/66"}],"wp:attachment":[{"href":"https:\/\/bassiana.hu\/de\/wp-json\/wp\/v2\/media?parent=399"}],"curies":[{"name":"wp","href":"https:\/\/api.w.org\/{rel}","templated":true}]}}