{"id":432,"date":"2024-09-18T11:06:52","date_gmt":"2024-09-18T11:06:52","guid":{"rendered":"http:\/\/dev.bassiana.hu\/?page_id=432"},"modified":"2024-11-05T13:06:20","modified_gmt":"2024-11-05T13:06:20","slug":"konferencia-meeting","status":"publish","type":"page","link":"https:\/\/bassiana.hu\/de\/rendezveny\/konferencia-meeting\/","title":{"rendered":"Konferenz &#038; Meeting"},"content":{"rendered":"<p><\/p>\n<p style=\"text-align: center;\"><span style=\"font-size: 14pt;\">Unser Hotel ist die perfekte Wahl f\u00fcr alle, die ihre Veranstaltung in einer besonderen Umgebung organisieren m\u00f6chten. Mit unseren zwei R\u00e4umen mit unterschiedlicher Atmosph\u00e4re sind wir flexibel genug, um uns an die Bed\u00fcrfnisse verschiedener Veranstaltungen anzupassen, seien es Gesch\u00e4ftstreffen, Workshops, Firmenveranstaltungen oder Zusammenk\u00fcnfte von Familie und Freunden. Unser intimer Saal ist ideal f\u00fcr kleinere Veranstaltungen, w\u00e4hrend unsere ger\u00e4umigeren R\u00e4ume bequem gr\u00f6\u00dfere Gruppen aufnehmen k\u00f6nnen und somit den perfekten Rahmen f\u00fcr jeden Anlass bieten.<\/span><\/p>\n<p><\/p>","protected":false},"excerpt":{"rendered":"<p>Unser Hotel ist die perfekte Wahl f\u00fcr alle, die ihre Veranstaltung in einer besonderen Umgebung organisieren m\u00f6chten. Mit unseren zwei R\u00e4umen mit unterschiedlicher Atmosph\u00e4re sind&#8230;<\/p>\n","protected":false},"author":1,"featured_media":1198,"parent":45,"menu_order":33,"comment_status":"closed","ping_status":"closed","template":"","meta":{"_acf_changed":false,"inline_featured_image":false,"pgc_sgb_lightbox_settings":"","footnotes":""},"class_list":["post-432","page","type-page","status-publish","has-post-thumbnail","hentry"],"acf":[],"yoast_head":"<!-- This site is optimized with the Yoast SEO plugin v27.3 - https:\/\/yoast.com\/product\/yoast-seo-wordpress\/ -->\n<title>Konferenz &amp; Meeting - Hotel Bassiana<\/title>\n<meta name=\"robots\" content=\"index, follow, max-snippet:-1, max-image-preview:large, max-video-preview:-1\" \/>\n<link rel=\"canonical\" href=\"https:\/\/bassiana.hu\/rendezveny\/konferencia-meeting\/\" \/>\n<meta property=\"og:locale\" content=\"de_DE\" \/>\n<meta property=\"og:type\" content=\"article\" \/>\n<meta property=\"og:title\" content=\"Konferenz &amp; Meeting - Hotel Bassiana\" \/>\n<meta property=\"og:description\" content=\"Unser Hotel ist die perfekte Wahl f\u00fcr alle, die ihre Veranstaltung in einer besonderen Umgebung organisieren m\u00f6chten. Mit unseren zwei R\u00e4umen mit unterschiedlicher Atmosph\u00e4re sind...\" \/>\n<meta property=\"og:url\" content=\"https:\/\/bassiana.hu\/rendezveny\/konferencia-meeting\/\" \/>\n<meta property=\"og:site_name\" content=\"Hotel Bassiana\" \/>\n<meta property=\"article:modified_time\" content=\"2024-11-05T13:06:20+00:00\" \/>\n<meta property=\"og:image\" content=\"https:\/\/bassiana.hu\/wp-content\/uploads\/2024\/10\/image0-002-scaled.jpeg\" \/>\n\t<meta property=\"og:image:width\" content=\"1920\" \/>\n\t<meta property=\"og:image:height\" content=\"2560\" \/>\n\t<meta property=\"og:image:type\" content=\"image\/jpeg\" \/>\n<meta name=\"twitter:card\" content=\"summary_large_image\" \/>\n<meta name=\"twitter:label1\" content=\"Gesch\u00e4tzte Lesezeit\" \/>\n\t<meta name=\"twitter:data1\" content=\"1\u00a0Minute\" \/>\n<script type=\"application\/ld+json\" class=\"yoast-schema-graph\">{\"@context\":\"https:\\\/\\\/schema.org\",\"@graph\":[{\"@type\":\"WebPage\",\"@id\":\"https:\\\/\\\/bassiana.hu\\\/rendezveny\\\/konferencia-meeting\\\/\",\"url\":\"https:\\\/\\\/bassiana.hu\\\/rendezveny\\\/konferencia-meeting\\\/\",\"name\":\"[:hu]Konferencia & meeting[:en]Conference & meeting[:de]Konferenz & Meeting[:] - Hotel Bassiana\",\"isPartOf\":{\"@id\":\"https:\\\/\\\/bassiana.hu\\\/#website\"},\"primaryImageOfPage\":{\"@id\":\"https:\\\/\\\/bassiana.hu\\\/rendezveny\\\/konferencia-meeting\\\/#primaryimage\"},\"image\":{\"@id\":\"https:\\\/\\\/bassiana.hu\\\/rendezveny\\\/konferencia-meeting\\\/#primaryimage\"},\"thumbnailUrl\":\"https:\\\/\\\/bassiana.hu\\\/wp-content\\\/uploads\\\/2024\\\/10\\\/image0-002-scaled.jpeg\",\"datePublished\":\"2024-09-18T11:06:52+00:00\",\"dateModified\":\"2024-11-05T13:06:20+00:00\",\"breadcrumb\":{\"@id\":\"https:\\\/\\\/bassiana.hu\\\/rendezveny\\\/konferencia-meeting\\\/#breadcrumb\"},\"inLanguage\":\"de\",\"potentialAction\":[{\"@type\":\"ReadAction\",\"target\":[\"https:\\\/\\\/bassiana.hu\\\/rendezveny\\\/konferencia-meeting\\\/\"]}]},{\"@type\":\"ImageObject\",\"inLanguage\":\"de\",\"@id\":\"https:\\\/\\\/bassiana.hu\\\/rendezveny\\\/konferencia-meeting\\\/#primaryimage\",\"url\":\"https:\\\/\\\/bassiana.hu\\\/wp-content\\\/uploads\\\/2024\\\/10\\\/image0-002-scaled.jpeg\",\"contentUrl\":\"https:\\\/\\\/bassiana.hu\\\/wp-content\\\/uploads\\\/2024\\\/10\\\/image0-002-scaled.jpeg\",\"width\":1920,\"height\":2560},{\"@type\":\"BreadcrumbList\",\"@id\":\"https:\\\/\\\/bassiana.hu\\\/rendezveny\\\/konferencia-meeting\\\/#breadcrumb\",\"itemListElement\":[{\"@type\":\"ListItem\",\"position\":1,\"name\":\"Kezd\u0151lap\",\"item\":\"https:\\\/\\\/bassiana.hu\\\/\"},{\"@type\":\"ListItem\",\"position\":2,\"name\":\"Rendezv\u00e9ny\",\"item\":\"https:\\\/\\\/bassiana.hu\\\/rendezveny\\\/\"},{\"@type\":\"ListItem\",\"position\":3,\"name\":\"Konferencia &#038; meeting\"}]},{\"@type\":\"WebSite\",\"@id\":\"https:\\\/\\\/bassiana.hu\\\/#website\",\"url\":\"https:\\\/\\\/bassiana.hu\\\/\",\"name\":\"Hotel Bassiana\",\"description\":\"S\u00e1rv\u00e1r\",\"publisher\":{\"@id\":\"https:\\\/\\\/bassiana.hu\\\/#organization\"},\"potentialAction\":[{\"@type\":\"SearchAction\",\"target\":{\"@type\":\"EntryPoint\",\"urlTemplate\":\"https:\\\/\\\/bassiana.hu\\\/?s={search_term_string}\"},\"query-input\":{\"@type\":\"PropertyValueSpecification\",\"valueRequired\":true,\"valueName\":\"search_term_string\"}}],\"inLanguage\":\"de\"},{\"@type\":\"Organization\",\"@id\":\"https:\\\/\\\/bassiana.hu\\\/#organization\",\"name\":\"Hotel Bassiana\",\"url\":\"https:\\\/\\\/bassiana.hu\\\/\",\"logo\":{\"@type\":\"ImageObject\",\"inLanguage\":\"de\",\"@id\":\"https:\\\/\\\/bassiana.hu\\\/#\\\/schema\\\/logo\\\/image\\\/\",\"url\":\"https:\\\/\\\/bassiana.hu\\\/wp-content\\\/uploads\\\/2025\\\/04\\\/RGBbassiana_logo_RGB_bassiana_boutique_logo_csillaggal_szines_feher_felirat.svg\",\"contentUrl\":\"https:\\\/\\\/bassiana.hu\\\/wp-content\\\/uploads\\\/2025\\\/04\\\/RGBbassiana_logo_RGB_bassiana_boutique_logo_csillaggal_szines_feher_felirat.svg\",\"caption\":\"Hotel Bassiana\"},\"image\":{\"@id\":\"https:\\\/\\\/bassiana.hu\\\/#\\\/schema\\\/logo\\\/image\\\/\"}}]}<\/script>\n<!-- \/ Yoast SEO plugin. -->","yoast_head_json":{"title":"[:hu]Konferencia & meeting[:en]Conference & meeting[:de]Konferenz & Meeting[:] - Hotel Bassiana","robots":{"index":"index","follow":"follow","max-snippet":"max-snippet:-1","max-image-preview":"max-image-preview:large","max-video-preview":"max-video-preview:-1"},"canonical":"https:\/\/bassiana.hu\/rendezveny\/konferencia-meeting\/","og_locale":"de_DE","og_type":"article","og_title":"Konferenz & Meeting - Hotel Bassiana","og_description":"Unser Hotel ist die perfekte Wahl f\u00fcr alle, die ihre Veranstaltung in einer besonderen Umgebung organisieren m\u00f6chten. Mit unseren zwei R\u00e4umen mit unterschiedlicher Atmosph\u00e4re sind...","og_url":"https:\/\/bassiana.hu\/rendezveny\/konferencia-meeting\/","og_site_name":"Hotel Bassiana","article_modified_time":"2024-11-05T13:06:20+00:00","og_image":[{"width":1920,"height":2560,"url":"https:\/\/bassiana.hu\/wp-content\/uploads\/2024\/10\/image0-002-scaled.jpeg","type":"image\/jpeg"}],"twitter_card":"summary_large_image","twitter_misc":{"Gesch\u00e4tzte Lesezeit":"1\u00a0Minute"},"schema":{"@context":"https:\/\/schema.org","@graph":[{"@type":"WebPage","@id":"https:\/\/bassiana.hu\/rendezveny\/konferencia-meeting\/","url":"https:\/\/bassiana.hu\/rendezveny\/konferencia-meeting\/","name":"[:hu]Konferencia & meeting[:en]Conference & meeting[:de]Konferenz & Meeting[:] - Hotel Bassiana","isPartOf":{"@id":"https:\/\/bassiana.hu\/#website"},"primaryImageOfPage":{"@id":"https:\/\/bassiana.hu\/rendezveny\/konferencia-meeting\/#primaryimage"},"image":{"@id":"https:\/\/bassiana.hu\/rendezveny\/konferencia-meeting\/#primaryimage"},"thumbnailUrl":"https:\/\/bassiana.hu\/wp-content\/uploads\/2024\/10\/image0-002-scaled.jpeg","datePublished":"2024-09-18T11:06:52+00:00","dateModified":"2024-11-05T13:06:20+00:00","breadcrumb":{"@id":"https:\/\/bassiana.hu\/rendezveny\/konferencia-meeting\/#breadcrumb"},"inLanguage":"de","potentialAction":[{"@type":"ReadAction","target":["https:\/\/bassiana.hu\/rendezveny\/konferencia-meeting\/"]}]},{"@type":"ImageObject","inLanguage":"de","@id":"https:\/\/bassiana.hu\/rendezveny\/konferencia-meeting\/#primaryimage","url":"https:\/\/bassiana.hu\/wp-content\/uploads\/2024\/10\/image0-002-scaled.jpeg","contentUrl":"https:\/\/bassiana.hu\/wp-content\/uploads\/2024\/10\/image0-002-scaled.jpeg","width":1920,"height":2560},{"@type":"BreadcrumbList","@id":"https:\/\/bassiana.hu\/rendezveny\/konferencia-meeting\/#breadcrumb","itemListElement":[{"@type":"ListItem","position":1,"name":"Kezd\u0151lap","item":"https:\/\/bassiana.hu\/"},{"@type":"ListItem","position":2,"name":"Rendezv\u00e9ny","item":"https:\/\/bassiana.hu\/rendezveny\/"},{"@type":"ListItem","position":3,"name":"Konferencia &#038; meeting"}]},{"@type":"WebSite","@id":"https:\/\/bassiana.hu\/#website","url":"https:\/\/bassiana.hu\/","name":"Hotel Bassiana","description":"S\u00e1rv\u00e1r","publisher":{"@id":"https:\/\/bassiana.hu\/#organization"},"potentialAction":[{"@type":"SearchAction","target":{"@type":"EntryPoint","urlTemplate":"https:\/\/bassiana.hu\/?s={search_term_string}"},"query-input":{"@type":"PropertyValueSpecification","valueRequired":true,"valueName":"search_term_string"}}],"inLanguage":"de"},{"@type":"Organization","@id":"https:\/\/bassiana.hu\/#organization","name":"Hotel Bassiana","url":"https:\/\/bassiana.hu\/","logo":{"@type":"ImageObject","inLanguage":"de","@id":"https:\/\/bassiana.hu\/#\/schema\/logo\/image\/","url":"https:\/\/bassiana.hu\/wp-content\/uploads\/2025\/04\/RGBbassiana_logo_RGB_bassiana_boutique_logo_csillaggal_szines_feher_felirat.svg","contentUrl":"https:\/\/bassiana.hu\/wp-content\/uploads\/2025\/04\/RGBbassiana_logo_RGB_bassiana_boutique_logo_csillaggal_szines_feher_felirat.svg","caption":"Hotel Bassiana"},"image":{"@id":"https:\/\/bassiana.hu\/#\/schema\/logo\/image\/"}}]}},"_links":{"self":[{"href":"https:\/\/bassiana.hu\/de\/wp-json\/wp\/v2\/pages\/432","targetHints":{"allow":["GET"]}}],"collection":[{"href":"https:\/\/bassiana.hu\/de\/wp-json\/wp\/v2\/pages"}],"about":[{"href":"https:\/\/bassiana.hu\/de\/wp-json\/wp\/v2\/types\/page"}],"author":[{"embeddable":true,"href":"https:\/\/bassiana.hu\/de\/wp-json\/wp\/v2\/users\/1"}],"replies":[{"embeddable":true,"href":"https:\/\/bassiana.hu\/de\/wp-json\/wp\/v2\/comments?post=432"}],"version-history":[{"count":19,"href":"https:\/\/bassiana.hu\/de\/wp-json\/wp\/v2\/pages\/432\/revisions"}],"predecessor-version":[{"id":1268,"href":"https:\/\/bassiana.hu\/de\/wp-json\/wp\/v2\/pages\/432\/revisions\/1268"}],"up":[{"embeddable":true,"href":"https:\/\/bassiana.hu\/de\/wp-json\/wp\/v2\/pages\/45"}],"wp:featuredmedia":[{"embeddable":true,"href":"https:\/\/bassiana.hu\/de\/wp-json\/wp\/v2\/media\/1198"}],"wp:attachment":[{"href":"https:\/\/bassiana.hu\/de\/wp-json\/wp\/v2\/media?parent=432"}],"curies":[{"name":"wp","href":"https:\/\/api.w.org\/{rel}","templated":true}]}}