{"id":51,"date":"2024-08-15T08:36:07","date_gmt":"2024-08-15T08:36:07","guid":{"rendered":"http:\/\/dev.bassiana.hu\/?page_id=51"},"modified":"2025-12-15T06:49:48","modified_gmt":"2025-12-15T06:49:48","slug":"szobaink","status":"publish","type":"page","link":"https:\/\/bassiana.hu\/de\/szobaink\/","title":{"rendered":"Zimmer"},"content":{"rendered":"<p><\/p>\n<h3>Entdecken Sie die eleganten Zimmertypen des Hotels Bassiana!<\/h3>\n<p>Die Zimmer des Vier-Sterne-Hotels Bassiana bieten eine perfekte Balance zwischen Komfort, Ruhe und schlichter Eleganz. W\u00e4hlen Sie zwischen den Kategorien Classic, Superior, Royal oder Apartment \u2013 alle Zimmertypen sind modern ausgestattet, mit bequemen Bassiana Kneipp \u201edR\u201d-Matratzen, Klimaanlage und stilvollem Interieur.<\/p>\n<p>Erleben Sie das naturverbundene Boutique-Hotel in S\u00e1rv\u00e1r!<\/p>","protected":false},"excerpt":{"rendered":"<p>Entdecken Sie die eleganten Zimmertypen des Hotels Bassiana! Die Zimmer des Vier-Sterne-Hotels Bassiana bieten eine perfekte Balance zwischen Komfort, Ruhe und schlichter Eleganz. W\u00e4hlen Sie&#8230;<\/p>\n","protected":false},"author":1,"featured_media":354,"parent":0,"menu_order":61,"comment_status":"closed","ping_status":"closed","template":"","meta":{"_acf_changed":false,"inline_featured_image":false,"pgc_sgb_lightbox_settings":"","footnotes":""},"class_list":["post-51","page","type-page","status-publish","has-post-thumbnail","hentry"],"acf":[],"yoast_head":"<!-- This site is optimized with the Yoast SEO plugin v27.5 - https:\/\/yoast.com\/product\/yoast-seo-wordpress\/ -->\n<title>Szobat\u00edpusok - Hotel Bassiana S\u00e1rv\u00e1r<\/title>\n<meta name=\"description\" content=\"Fedezze fel a Hotel Bassiana eleg\u00e1ns szobat\u00edpusait. Ak\u00e1r pihen\u00e9s, ak\u00e1r gy\u00f3gykezel\u00e9s c\u00e9lj\u00e1b\u00f3l \u00e9rkezik, n\u00e1lunk garant\u00e1lt a felt\u00f6lt\u0151d\u00e9s.\" \/>\n<meta name=\"robots\" content=\"index, follow, max-snippet:-1, max-image-preview:large, max-video-preview:-1\" \/>\n<link rel=\"canonical\" href=\"https:\/\/bassiana.hu\/szobaink\/\" \/>\n<meta property=\"og:locale\" content=\"de_DE\" \/>\n<meta property=\"og:type\" content=\"article\" \/>\n<meta property=\"og:title\" content=\"Szobat\u00edpusok - Hotel Bassiana S\u00e1rv\u00e1r\" \/>\n<meta property=\"og:description\" content=\"Fedezze fel a Hotel Bassiana eleg\u00e1ns szobat\u00edpusait. Ak\u00e1r pihen\u00e9s, ak\u00e1r gy\u00f3gykezel\u00e9s c\u00e9lj\u00e1b\u00f3l \u00e9rkezik, n\u00e1lunk garant\u00e1lt a felt\u00f6lt\u0151d\u00e9s.\" \/>\n<meta property=\"og:url\" content=\"https:\/\/bassiana.hu\/szobaink\/\" \/>\n<meta property=\"og:site_name\" content=\"Hotel Bassiana\" \/>\n<meta property=\"article:modified_time\" content=\"2025-12-15T06:49:48+00:00\" \/>\n<meta property=\"og:image\" content=\"https:\/\/bassiana.hu\/wp-content\/uploads\/2024\/09\/Hotel_Bassiana_portfolio-0270.jpg\" \/>\n\t<meta property=\"og:image:width\" content=\"1635\" \/>\n\t<meta property=\"og:image:height\" content=\"1090\" \/>\n\t<meta property=\"og:image:type\" content=\"image\/jpeg\" \/>\n<meta name=\"twitter:card\" content=\"summary_large_image\" \/>\n<meta name=\"twitter:label1\" content=\"Gesch\u00e4tzte Lesezeit\" \/>\n\t<meta name=\"twitter:data1\" content=\"1\u00a0Minute\" \/>\n<script type=\"application\/ld+json\" class=\"yoast-schema-graph\">{\"@context\":\"https:\\\/\\\/schema.org\",\"@graph\":[{\"@type\":\"WebPage\",\"@id\":\"https:\\\/\\\/bassiana.hu\\\/szobaink\\\/\",\"url\":\"https:\\\/\\\/bassiana.hu\\\/szobaink\\\/\",\"name\":\"Szobat\u00edpusok - Hotel Bassiana S\u00e1rv\u00e1r\",\"isPartOf\":{\"@id\":\"https:\\\/\\\/bassiana.hu\\\/#website\"},\"primaryImageOfPage\":{\"@id\":\"https:\\\/\\\/bassiana.hu\\\/szobaink\\\/#primaryimage\"},\"image\":{\"@id\":\"https:\\\/\\\/bassiana.hu\\\/szobaink\\\/#primaryimage\"},\"thumbnailUrl\":\"https:\\\/\\\/bassiana.hu\\\/wp-content\\\/uploads\\\/2024\\\/09\\\/Hotel_Bassiana_portfolio-0270.jpg\",\"datePublished\":\"2024-08-15T08:36:07+00:00\",\"dateModified\":\"2025-12-15T06:49:48+00:00\",\"description\":\"Fedezze fel a Hotel Bassiana eleg\u00e1ns szobat\u00edpusait. Ak\u00e1r pihen\u00e9s, ak\u00e1r gy\u00f3gykezel\u00e9s c\u00e9lj\u00e1b\u00f3l \u00e9rkezik, n\u00e1lunk garant\u00e1lt a felt\u00f6lt\u0151d\u00e9s.\",\"breadcrumb\":{\"@id\":\"https:\\\/\\\/bassiana.hu\\\/szobaink\\\/#breadcrumb\"},\"inLanguage\":\"de\",\"potentialAction\":[{\"@type\":\"ReadAction\",\"target\":[\"https:\\\/\\\/bassiana.hu\\\/szobaink\\\/\"]}]},{\"@type\":\"ImageObject\",\"inLanguage\":\"de\",\"@id\":\"https:\\\/\\\/bassiana.hu\\\/szobaink\\\/#primaryimage\",\"url\":\"https:\\\/\\\/bassiana.hu\\\/wp-content\\\/uploads\\\/2024\\\/09\\\/Hotel_Bassiana_portfolio-0270.jpg\",\"contentUrl\":\"https:\\\/\\\/bassiana.hu\\\/wp-content\\\/uploads\\\/2024\\\/09\\\/Hotel_Bassiana_portfolio-0270.jpg\",\"width\":1635,\"height\":1090},{\"@type\":\"BreadcrumbList\",\"@id\":\"https:\\\/\\\/bassiana.hu\\\/szobaink\\\/#breadcrumb\",\"itemListElement\":[{\"@type\":\"ListItem\",\"position\":1,\"name\":\"Kezd\u0151lap\",\"item\":\"https:\\\/\\\/bassiana.hu\\\/\"},{\"@type\":\"ListItem\",\"position\":2,\"name\":\"Szob\u00e1ink\"}]},{\"@type\":\"WebSite\",\"@id\":\"https:\\\/\\\/bassiana.hu\\\/#website\",\"url\":\"https:\\\/\\\/bassiana.hu\\\/\",\"name\":\"Hotel Bassiana\",\"description\":\"S\u00e1rv\u00e1r\",\"publisher\":{\"@id\":\"https:\\\/\\\/bassiana.hu\\\/#organization\"},\"potentialAction\":[{\"@type\":\"SearchAction\",\"target\":{\"@type\":\"EntryPoint\",\"urlTemplate\":\"https:\\\/\\\/bassiana.hu\\\/?s={search_term_string}\"},\"query-input\":{\"@type\":\"PropertyValueSpecification\",\"valueRequired\":true,\"valueName\":\"search_term_string\"}}],\"inLanguage\":\"de\"},{\"@type\":\"Organization\",\"@id\":\"https:\\\/\\\/bassiana.hu\\\/#organization\",\"name\":\"Hotel Bassiana\",\"url\":\"https:\\\/\\\/bassiana.hu\\\/\",\"logo\":{\"@type\":\"ImageObject\",\"inLanguage\":\"de\",\"@id\":\"https:\\\/\\\/bassiana.hu\\\/#\\\/schema\\\/logo\\\/image\\\/\",\"url\":\"https:\\\/\\\/bassiana.hu\\\/wp-content\\\/uploads\\\/2025\\\/04\\\/RGBbassiana_logo_RGB_bassiana_boutique_logo_csillaggal_szines_feher_felirat.svg\",\"contentUrl\":\"https:\\\/\\\/bassiana.hu\\\/wp-content\\\/uploads\\\/2025\\\/04\\\/RGBbassiana_logo_RGB_bassiana_boutique_logo_csillaggal_szines_feher_felirat.svg\",\"caption\":\"Hotel Bassiana\"},\"image\":{\"@id\":\"https:\\\/\\\/bassiana.hu\\\/#\\\/schema\\\/logo\\\/image\\\/\"}}]}<\/script>\n<!-- \/ Yoast SEO plugin. -->","yoast_head_json":{"title":"Szobat\u00edpusok - Hotel Bassiana S\u00e1rv\u00e1r","description":"Fedezze fel a Hotel Bassiana eleg\u00e1ns szobat\u00edpusait. Ak\u00e1r pihen\u00e9s, ak\u00e1r gy\u00f3gykezel\u00e9s c\u00e9lj\u00e1b\u00f3l \u00e9rkezik, n\u00e1lunk garant\u00e1lt a felt\u00f6lt\u0151d\u00e9s.","robots":{"index":"index","follow":"follow","max-snippet":"max-snippet:-1","max-image-preview":"max-image-preview:large","max-video-preview":"max-video-preview:-1"},"canonical":"https:\/\/bassiana.hu\/szobaink\/","og_locale":"de_DE","og_type":"article","og_title":"Szobat\u00edpusok - Hotel Bassiana S\u00e1rv\u00e1r","og_description":"Fedezze fel a Hotel Bassiana eleg\u00e1ns szobat\u00edpusait. Ak\u00e1r pihen\u00e9s, ak\u00e1r gy\u00f3gykezel\u00e9s c\u00e9lj\u00e1b\u00f3l \u00e9rkezik, n\u00e1lunk garant\u00e1lt a felt\u00f6lt\u0151d\u00e9s.","og_url":"https:\/\/bassiana.hu\/szobaink\/","og_site_name":"Hotel Bassiana","article_modified_time":"2025-12-15T06:49:48+00:00","og_image":[{"width":1635,"height":1090,"url":"https:\/\/bassiana.hu\/wp-content\/uploads\/2024\/09\/Hotel_Bassiana_portfolio-0270.jpg","type":"image\/jpeg"}],"twitter_card":"summary_large_image","twitter_misc":{"Gesch\u00e4tzte Lesezeit":"1\u00a0Minute"},"schema":{"@context":"https:\/\/schema.org","@graph":[{"@type":"WebPage","@id":"https:\/\/bassiana.hu\/szobaink\/","url":"https:\/\/bassiana.hu\/szobaink\/","name":"Szobat\u00edpusok - Hotel Bassiana S\u00e1rv\u00e1r","isPartOf":{"@id":"https:\/\/bassiana.hu\/#website"},"primaryImageOfPage":{"@id":"https:\/\/bassiana.hu\/szobaink\/#primaryimage"},"image":{"@id":"https:\/\/bassiana.hu\/szobaink\/#primaryimage"},"thumbnailUrl":"https:\/\/bassiana.hu\/wp-content\/uploads\/2024\/09\/Hotel_Bassiana_portfolio-0270.jpg","datePublished":"2024-08-15T08:36:07+00:00","dateModified":"2025-12-15T06:49:48+00:00","description":"Fedezze fel a Hotel Bassiana eleg\u00e1ns szobat\u00edpusait. Ak\u00e1r pihen\u00e9s, ak\u00e1r gy\u00f3gykezel\u00e9s c\u00e9lj\u00e1b\u00f3l \u00e9rkezik, n\u00e1lunk garant\u00e1lt a felt\u00f6lt\u0151d\u00e9s.","breadcrumb":{"@id":"https:\/\/bassiana.hu\/szobaink\/#breadcrumb"},"inLanguage":"de","potentialAction":[{"@type":"ReadAction","target":["https:\/\/bassiana.hu\/szobaink\/"]}]},{"@type":"ImageObject","inLanguage":"de","@id":"https:\/\/bassiana.hu\/szobaink\/#primaryimage","url":"https:\/\/bassiana.hu\/wp-content\/uploads\/2024\/09\/Hotel_Bassiana_portfolio-0270.jpg","contentUrl":"https:\/\/bassiana.hu\/wp-content\/uploads\/2024\/09\/Hotel_Bassiana_portfolio-0270.jpg","width":1635,"height":1090},{"@type":"BreadcrumbList","@id":"https:\/\/bassiana.hu\/szobaink\/#breadcrumb","itemListElement":[{"@type":"ListItem","position":1,"name":"Kezd\u0151lap","item":"https:\/\/bassiana.hu\/"},{"@type":"ListItem","position":2,"name":"Szob\u00e1ink"}]},{"@type":"WebSite","@id":"https:\/\/bassiana.hu\/#website","url":"https:\/\/bassiana.hu\/","name":"Hotel Bassiana","description":"S\u00e1rv\u00e1r","publisher":{"@id":"https:\/\/bassiana.hu\/#organization"},"potentialAction":[{"@type":"SearchAction","target":{"@type":"EntryPoint","urlTemplate":"https:\/\/bassiana.hu\/?s={search_term_string}"},"query-input":{"@type":"PropertyValueSpecification","valueRequired":true,"valueName":"search_term_string"}}],"inLanguage":"de"},{"@type":"Organization","@id":"https:\/\/bassiana.hu\/#organization","name":"Hotel Bassiana","url":"https:\/\/bassiana.hu\/","logo":{"@type":"ImageObject","inLanguage":"de","@id":"https:\/\/bassiana.hu\/#\/schema\/logo\/image\/","url":"https:\/\/bassiana.hu\/wp-content\/uploads\/2025\/04\/RGBbassiana_logo_RGB_bassiana_boutique_logo_csillaggal_szines_feher_felirat.svg","contentUrl":"https:\/\/bassiana.hu\/wp-content\/uploads\/2025\/04\/RGBbassiana_logo_RGB_bassiana_boutique_logo_csillaggal_szines_feher_felirat.svg","caption":"Hotel Bassiana"},"image":{"@id":"https:\/\/bassiana.hu\/#\/schema\/logo\/image\/"}}]}},"_links":{"self":[{"href":"https:\/\/bassiana.hu\/de\/wp-json\/wp\/v2\/pages\/51","targetHints":{"allow":["GET"]}}],"collection":[{"href":"https:\/\/bassiana.hu\/de\/wp-json\/wp\/v2\/pages"}],"about":[{"href":"https:\/\/bassiana.hu\/de\/wp-json\/wp\/v2\/types\/page"}],"author":[{"embeddable":true,"href":"https:\/\/bassiana.hu\/de\/wp-json\/wp\/v2\/users\/1"}],"replies":[{"embeddable":true,"href":"https:\/\/bassiana.hu\/de\/wp-json\/wp\/v2\/comments?post=51"}],"version-history":[{"count":26,"href":"https:\/\/bassiana.hu\/de\/wp-json\/wp\/v2\/pages\/51\/revisions"}],"predecessor-version":[{"id":2279,"href":"https:\/\/bassiana.hu\/de\/wp-json\/wp\/v2\/pages\/51\/revisions\/2279"}],"wp:featuredmedia":[{"embeddable":true,"href":"https:\/\/bassiana.hu\/de\/wp-json\/wp\/v2\/media\/354"}],"wp:attachment":[{"href":"https:\/\/bassiana.hu\/de\/wp-json\/wp\/v2\/media?parent=51"}],"curies":[{"name":"wp","href":"https:\/\/api.w.org\/{rel}","templated":true}]}}