{"id":53,"date":"2024-08-15T08:36:18","date_gmt":"2024-08-15T08:36:18","guid":{"rendered":"http:\/\/dev.bassiana.hu\/?page_id=53"},"modified":"2025-03-20T07:04:49","modified_gmt":"2025-03-20T07:04:49","slug":"sarvar","status":"publish","type":"page","link":"https:\/\/bassiana.hu\/de\/programok\/sarvar\/","title":{"rendered":"S\u00e1rv\u00e1r"},"content":{"rendered":"<p style=\"text-align: center;\">Die Stadt S\u00e1rv\u00e1r ist besonders reich an Geschichte, die bis in die R\u00f6merzeit zur\u00fcckreicht, und an Bedeutung f\u00fcr den Tourismus.<\/p>\r\n<p style=\"text-align: center;\"><br \/>Das Gebiet ist dank seiner g\u00fcnstigen nat\u00fcrlichen und geografischen Bedingungen seit der Jungsteinzeit besiedelt. Die R\u00f6mer gr\u00fcndeten in der N\u00e4he eine Siedlung namens Bassiana. Die Stadt hat ihren Namen von der Burg \u00c1rp\u00e1d, die von Wasser und S\u00fcmpfen umgeben ist. Sp\u00e4ter besa\u00df die Familie Kanizsa mit kleinen Unterbrechungen die Burg und die Siedlung. Nach der Heirat von Tam\u00e1s N\u00e1dasdy und Orsolya Kanizsai gingen S\u00e1rv\u00e1r und die anderen Kanizsai-G\u00fcter in den Besitz der Familie N\u00e1dasdy \u00fcber, die mehrmals von den T\u00fcrken angegriffen wurde. Unter der F\u00fchrung von Ferenc N\u00e1dasdy gelang es der Bev\u00f6lkerung, zusammen mit den in die Gegend gefl\u00fcchteten Menschen, den Feind erfolgreich abzuwehren. Die Belagerung vom 15. August 1532 war der schwerste Angriff der T\u00fcrken, bei dem etwa 200 Verteidiger heldenhaft starben.<\/p>\r\n<p style=\"text-align: center;\"><br \/>Nach der Belagerung gr\u00fcndete der Humanist Tam\u00e1s N\u00e1dasdy S\u00e1rv\u00e1r als eines der kulturellen Zentren des verfallenden Landes. Als die Familie N\u00e1dasdy die Burg fast anderthalb Jahrhunderte lang besa\u00df, erhielt sie das heute noch erkennbare Aussehen der Sp\u00e4trenaissance. Das f\u00fcnfeckige Verteidigungssystem der Burg mit seinen Bastionen, das der Abwehr t\u00fcrkischer Angriffe diente, kann noch heute bewundert werden. Das Alter der Familie N\u00e1dasdy bestimmt noch heute die Struktur der Stadt. Siedlungen wie das Freitagsdorf, die Dreizehnst\u00e4dte und das Bergsteigerdorf entstanden zu dieser Zeit.<\/p>\r\n<p style=\"text-align: center;\">In den 1970er Jahren wurde S\u00e1rv\u00e1r durch neue Fabriken, den Bootssee und den Parkwald sowie durch Schulen bereichert. Nach der Renovierung des N\u00e1dasdy-Schlosses im Jahr 1978 wurde es zusammen mit dem Museum zum Zentrum der \u00f6ffentlichen Kultur der Stadt.<\/p>\r\n<p style=\"text-align: center;\"><br \/>Im ersten Jahrzehnt des 21. Jahrhunderts wurde die Entwicklung der Stadt neben der industriellen Kapazit\u00e4t auch durch den Aufschwung des Gesundheitstourismus bestimmt. Im Jahr 1961 entdeckten Erd\u00f6lforscher Heilwasser, und 1968 wurden die ersten Thermalb\u00e4der gebaut, um es zu nutzen. Die Investitionen ebneten den Weg f\u00fcr eine Reihe von gro\u00dfen Entwicklungen: 2004 wurde S\u00e1rv\u00e1r Mitglied der Europ\u00e4ischen Vereinigung der K\u00f6niglichen Kurorte, und das Vier-Sterne-Hotel Bassiana wurde er\u00f6ffnet. Am 19. Oktober 2012 wurde S\u00e1rv\u00e1r im Rahmen einer feierlichen Zeremonie anl\u00e4sslich seines Beitritts zum Europ\u00e4ischen Heilb\u00e4derverband das Heilbad-Zertifikat verliehen. Nach einem einj\u00e4hrigen Prozess wurde zwei Bereichen der Stadt der Status eines Heilbades verliehen: \u201eS\u00e1rv\u00e1r &#8211; Kurpark\u201c und \u201eS\u00e1rv\u00e1r &#8211; Arboretum\u201c.<\/p>\r\n<p style=\"text-align: center;\"><br \/>S\u00e1rv\u00e1rs wirtschaftliches Leben, seine f\u00fchrende Rolle im Fremdenverkehr und sein reiches kulturelles Leben und Angebot haben die Stadt zu einer der beliebtesten Siedlungen Ungarns und zu einer der TOP 10 Siedlungen des Landes in Bezug auf die Anzahl der \u00dcbernachtungen gemacht.<\/p>","protected":false},"excerpt":{"rendered":"<p>Die Stadt S\u00e1rv\u00e1r ist besonders reich an Geschichte, die bis in die R\u00f6merzeit zur\u00fcckreicht, und an Bedeutung f\u00fcr den Tourismus. Das Gebiet ist dank seiner&#8230;<\/p>\n","protected":false},"author":1,"featured_media":373,"parent":153,"menu_order":59,"comment_status":"closed","ping_status":"closed","template":"","meta":{"_acf_changed":false,"inline_featured_image":false,"pgc_sgb_lightbox_settings":"","footnotes":""},"class_list":["post-53","page","type-page","status-publish","has-post-thumbnail","hentry"],"acf":[],"yoast_head":"<!-- This site is optimized with the Yoast SEO plugin v27.4 - https:\/\/yoast.com\/product\/yoast-seo-wordpress\/ -->\n<title>S\u00e1rv\u00e1r - Hotel Bassiana<\/title>\n<meta name=\"robots\" content=\"index, follow, max-snippet:-1, max-image-preview:large, max-video-preview:-1\" \/>\n<link rel=\"canonical\" href=\"https:\/\/bassiana.hu\/programok\/sarvar\/\" \/>\n<meta property=\"og:locale\" content=\"de_DE\" \/>\n<meta property=\"og:type\" content=\"article\" \/>\n<meta property=\"og:title\" content=\"S\u00e1rv\u00e1r - Hotel Bassiana\" \/>\n<meta property=\"og:description\" content=\"Die Stadt S\u00e1rv\u00e1r ist besonders reich an Geschichte, die bis in die R\u00f6merzeit zur\u00fcckreicht, und an Bedeutung f\u00fcr den Tourismus. Das Gebiet ist dank seiner...\" \/>\n<meta property=\"og:url\" content=\"https:\/\/bassiana.hu\/programok\/sarvar\/\" \/>\n<meta property=\"og:site_name\" content=\"Hotel Bassiana\" \/>\n<meta property=\"article:modified_time\" content=\"2025-03-20T07:04:49+00:00\" \/>\n<meta property=\"og:image\" content=\"https:\/\/bassiana.hu\/wp-content\/uploads\/2024\/09\/Hotel_Bassiana_portfolio-0092-1-738x1024.jpg\" \/>\n\t<meta property=\"og:image:width\" content=\"738\" \/>\n\t<meta property=\"og:image:height\" content=\"1024\" \/>\n\t<meta property=\"og:image:type\" content=\"image\/jpeg\" \/>\n<meta name=\"twitter:card\" content=\"summary_large_image\" \/>\n<meta name=\"twitter:label1\" content=\"Gesch\u00e4tzte Lesezeit\" \/>\n\t<meta name=\"twitter:data1\" content=\"2\u00a0Minuten\" \/>\n<script type=\"application\/ld+json\" class=\"yoast-schema-graph\">{\"@context\":\"https:\\\/\\\/schema.org\",\"@graph\":[{\"@type\":\"WebPage\",\"@id\":\"https:\\\/\\\/bassiana.hu\\\/programok\\\/sarvar\\\/\",\"url\":\"https:\\\/\\\/bassiana.hu\\\/programok\\\/sarvar\\\/\",\"name\":\"S\u00e1rv\u00e1r - Hotel Bassiana\",\"isPartOf\":{\"@id\":\"https:\\\/\\\/bassiana.hu\\\/#website\"},\"primaryImageOfPage\":{\"@id\":\"https:\\\/\\\/bassiana.hu\\\/programok\\\/sarvar\\\/#primaryimage\"},\"image\":{\"@id\":\"https:\\\/\\\/bassiana.hu\\\/programok\\\/sarvar\\\/#primaryimage\"},\"thumbnailUrl\":\"https:\\\/\\\/bassiana.hu\\\/wp-content\\\/uploads\\\/2024\\\/09\\\/Hotel_Bassiana_portfolio-0092-1.jpg\",\"datePublished\":\"2024-08-15T08:36:18+00:00\",\"dateModified\":\"2025-03-20T07:04:49+00:00\",\"breadcrumb\":{\"@id\":\"https:\\\/\\\/bassiana.hu\\\/programok\\\/sarvar\\\/#breadcrumb\"},\"inLanguage\":\"de\",\"potentialAction\":[{\"@type\":\"ReadAction\",\"target\":[\"https:\\\/\\\/bassiana.hu\\\/programok\\\/sarvar\\\/\"]}]},{\"@type\":\"ImageObject\",\"inLanguage\":\"de\",\"@id\":\"https:\\\/\\\/bassiana.hu\\\/programok\\\/sarvar\\\/#primaryimage\",\"url\":\"https:\\\/\\\/bassiana.hu\\\/wp-content\\\/uploads\\\/2024\\\/09\\\/Hotel_Bassiana_portfolio-0092-1.jpg\",\"contentUrl\":\"https:\\\/\\\/bassiana.hu\\\/wp-content\\\/uploads\\\/2024\\\/09\\\/Hotel_Bassiana_portfolio-0092-1.jpg\",\"width\":1566,\"height\":2172},{\"@type\":\"BreadcrumbList\",\"@id\":\"https:\\\/\\\/bassiana.hu\\\/programok\\\/sarvar\\\/#breadcrumb\",\"itemListElement\":[{\"@type\":\"ListItem\",\"position\":1,\"name\":\"Kezd\u0151lap\",\"item\":\"https:\\\/\\\/bassiana.hu\\\/\"},{\"@type\":\"ListItem\",\"position\":2,\"name\":\"L\u00e1tnival\u00f3k\",\"item\":\"https:\\\/\\\/bassiana.hu\\\/programok\\\/\"},{\"@type\":\"ListItem\",\"position\":3,\"name\":\"S\u00e1rv\u00e1r\"}]},{\"@type\":\"WebSite\",\"@id\":\"https:\\\/\\\/bassiana.hu\\\/#website\",\"url\":\"https:\\\/\\\/bassiana.hu\\\/\",\"name\":\"Hotel Bassiana\",\"description\":\"S\u00e1rv\u00e1r\",\"publisher\":{\"@id\":\"https:\\\/\\\/bassiana.hu\\\/#organization\"},\"potentialAction\":[{\"@type\":\"SearchAction\",\"target\":{\"@type\":\"EntryPoint\",\"urlTemplate\":\"https:\\\/\\\/bassiana.hu\\\/?s={search_term_string}\"},\"query-input\":{\"@type\":\"PropertyValueSpecification\",\"valueRequired\":true,\"valueName\":\"search_term_string\"}}],\"inLanguage\":\"de\"},{\"@type\":\"Organization\",\"@id\":\"https:\\\/\\\/bassiana.hu\\\/#organization\",\"name\":\"Hotel Bassiana\",\"url\":\"https:\\\/\\\/bassiana.hu\\\/\",\"logo\":{\"@type\":\"ImageObject\",\"inLanguage\":\"de\",\"@id\":\"https:\\\/\\\/bassiana.hu\\\/#\\\/schema\\\/logo\\\/image\\\/\",\"url\":\"https:\\\/\\\/bassiana.hu\\\/wp-content\\\/uploads\\\/2025\\\/04\\\/RGBbassiana_logo_RGB_bassiana_boutique_logo_csillaggal_szines_feher_felirat.svg\",\"contentUrl\":\"https:\\\/\\\/bassiana.hu\\\/wp-content\\\/uploads\\\/2025\\\/04\\\/RGBbassiana_logo_RGB_bassiana_boutique_logo_csillaggal_szines_feher_felirat.svg\",\"caption\":\"Hotel Bassiana\"},\"image\":{\"@id\":\"https:\\\/\\\/bassiana.hu\\\/#\\\/schema\\\/logo\\\/image\\\/\"}}]}<\/script>\n<!-- \/ Yoast SEO plugin. -->","yoast_head_json":{"title":"S\u00e1rv\u00e1r - Hotel Bassiana","robots":{"index":"index","follow":"follow","max-snippet":"max-snippet:-1","max-image-preview":"max-image-preview:large","max-video-preview":"max-video-preview:-1"},"canonical":"https:\/\/bassiana.hu\/programok\/sarvar\/","og_locale":"de_DE","og_type":"article","og_title":"S\u00e1rv\u00e1r - Hotel Bassiana","og_description":"Die Stadt S\u00e1rv\u00e1r ist besonders reich an Geschichte, die bis in die R\u00f6merzeit zur\u00fcckreicht, und an Bedeutung f\u00fcr den Tourismus. Das Gebiet ist dank seiner...","og_url":"https:\/\/bassiana.hu\/programok\/sarvar\/","og_site_name":"Hotel Bassiana","article_modified_time":"2025-03-20T07:04:49+00:00","og_image":[{"width":738,"height":1024,"url":"https:\/\/bassiana.hu\/wp-content\/uploads\/2024\/09\/Hotel_Bassiana_portfolio-0092-1-738x1024.jpg","type":"image\/jpeg"}],"twitter_card":"summary_large_image","twitter_misc":{"Gesch\u00e4tzte Lesezeit":"2\u00a0Minuten"},"schema":{"@context":"https:\/\/schema.org","@graph":[{"@type":"WebPage","@id":"https:\/\/bassiana.hu\/programok\/sarvar\/","url":"https:\/\/bassiana.hu\/programok\/sarvar\/","name":"S\u00e1rv\u00e1r - Hotel Bassiana","isPartOf":{"@id":"https:\/\/bassiana.hu\/#website"},"primaryImageOfPage":{"@id":"https:\/\/bassiana.hu\/programok\/sarvar\/#primaryimage"},"image":{"@id":"https:\/\/bassiana.hu\/programok\/sarvar\/#primaryimage"},"thumbnailUrl":"https:\/\/bassiana.hu\/wp-content\/uploads\/2024\/09\/Hotel_Bassiana_portfolio-0092-1.jpg","datePublished":"2024-08-15T08:36:18+00:00","dateModified":"2025-03-20T07:04:49+00:00","breadcrumb":{"@id":"https:\/\/bassiana.hu\/programok\/sarvar\/#breadcrumb"},"inLanguage":"de","potentialAction":[{"@type":"ReadAction","target":["https:\/\/bassiana.hu\/programok\/sarvar\/"]}]},{"@type":"ImageObject","inLanguage":"de","@id":"https:\/\/bassiana.hu\/programok\/sarvar\/#primaryimage","url":"https:\/\/bassiana.hu\/wp-content\/uploads\/2024\/09\/Hotel_Bassiana_portfolio-0092-1.jpg","contentUrl":"https:\/\/bassiana.hu\/wp-content\/uploads\/2024\/09\/Hotel_Bassiana_portfolio-0092-1.jpg","width":1566,"height":2172},{"@type":"BreadcrumbList","@id":"https:\/\/bassiana.hu\/programok\/sarvar\/#breadcrumb","itemListElement":[{"@type":"ListItem","position":1,"name":"Kezd\u0151lap","item":"https:\/\/bassiana.hu\/"},{"@type":"ListItem","position":2,"name":"L\u00e1tnival\u00f3k","item":"https:\/\/bassiana.hu\/programok\/"},{"@type":"ListItem","position":3,"name":"S\u00e1rv\u00e1r"}]},{"@type":"WebSite","@id":"https:\/\/bassiana.hu\/#website","url":"https:\/\/bassiana.hu\/","name":"Hotel Bassiana","description":"S\u00e1rv\u00e1r","publisher":{"@id":"https:\/\/bassiana.hu\/#organization"},"potentialAction":[{"@type":"SearchAction","target":{"@type":"EntryPoint","urlTemplate":"https:\/\/bassiana.hu\/?s={search_term_string}"},"query-input":{"@type":"PropertyValueSpecification","valueRequired":true,"valueName":"search_term_string"}}],"inLanguage":"de"},{"@type":"Organization","@id":"https:\/\/bassiana.hu\/#organization","name":"Hotel Bassiana","url":"https:\/\/bassiana.hu\/","logo":{"@type":"ImageObject","inLanguage":"de","@id":"https:\/\/bassiana.hu\/#\/schema\/logo\/image\/","url":"https:\/\/bassiana.hu\/wp-content\/uploads\/2025\/04\/RGBbassiana_logo_RGB_bassiana_boutique_logo_csillaggal_szines_feher_felirat.svg","contentUrl":"https:\/\/bassiana.hu\/wp-content\/uploads\/2025\/04\/RGBbassiana_logo_RGB_bassiana_boutique_logo_csillaggal_szines_feher_felirat.svg","caption":"Hotel Bassiana"},"image":{"@id":"https:\/\/bassiana.hu\/#\/schema\/logo\/image\/"}}]}},"_links":{"self":[{"href":"https:\/\/bassiana.hu\/de\/wp-json\/wp\/v2\/pages\/53","targetHints":{"allow":["GET"]}}],"collection":[{"href":"https:\/\/bassiana.hu\/de\/wp-json\/wp\/v2\/pages"}],"about":[{"href":"https:\/\/bassiana.hu\/de\/wp-json\/wp\/v2\/types\/page"}],"author":[{"embeddable":true,"href":"https:\/\/bassiana.hu\/de\/wp-json\/wp\/v2\/users\/1"}],"replies":[{"embeddable":true,"href":"https:\/\/bassiana.hu\/de\/wp-json\/wp\/v2\/comments?post=53"}],"version-history":[{"count":17,"href":"https:\/\/bassiana.hu\/de\/wp-json\/wp\/v2\/pages\/53\/revisions"}],"predecessor-version":[{"id":986,"href":"https:\/\/bassiana.hu\/de\/wp-json\/wp\/v2\/pages\/53\/revisions\/986"}],"up":[{"embeddable":true,"href":"https:\/\/bassiana.hu\/de\/wp-json\/wp\/v2\/pages\/153"}],"wp:featuredmedia":[{"embeddable":true,"href":"https:\/\/bassiana.hu\/de\/wp-json\/wp\/v2\/media\/373"}],"wp:attachment":[{"href":"https:\/\/bassiana.hu\/de\/wp-json\/wp\/v2\/media?parent=53"}],"curies":[{"name":"wp","href":"https:\/\/api.w.org\/{rel}","templated":true}]}}