{"id":55,"date":"2024-08-15T08:36:28","date_gmt":"2024-08-15T08:36:28","guid":{"rendered":"http:\/\/dev.bassiana.hu\/?page_id=55"},"modified":"2025-03-20T07:05:08","modified_gmt":"2025-03-20T07:05:08","slug":"arboretum","status":"publish","type":"page","link":"https:\/\/bassiana.hu\/de\/programok\/arboretum\/","title":{"rendered":"Arboretum"},"content":{"rendered":"<!-- wp:paragraph -->\r\n<p style=\"text-align: center;\"><span style=\"font-size: 14pt;\"><strong>In der Umarmung der Natur<\/strong> <\/span><br \/><span style=\"font-size: 14pt;\">Unser Hotel bietet den G\u00e4sten direkten Zugang zum jahrhundertealten Arboretum im Herzen von S\u00e1rv\u00e1r, wo die Harmonie der Natur und die zeitlose Sch\u00f6nheit ein einzigartiges Erlebnis bieten. Die einzigartige Pflanzensammlung des Arboretums, darunter 300 Jahre alte Eichen und 200 Jahre alte Platanen, spiegelt die Verflechtung von Natur und Geschichte wider und ist der perfekte Ort f\u00fcr k\u00f6rperliche und geistige Erholung. Schlendern Sie \u00fcber die ruhigen Wege, genie\u00dfen Sie die Stille der Haine und tauchen Sie ein in die besondere Atmosph\u00e4re des Gartens, wo Erinnerungen an die Vergangenheit und die N\u00e4he der Natur Ihnen helfen, sich v\u00f6llig neu zu f\u00fchlen.<\/span><\/p>\r\n<p style=\"text-align: center;\"><span style=\"font-size: 14pt;\">F\u00fcr weitere Informationen: www.sarvariarboretum.hu<\/span><\/p>\r\n<p style=\"text-align: center;\"><br \/><span style=\"font-size: 14pt;\">\u00d6ffnungszeiten:<\/span><br \/><span style=\"font-size: 14pt;\">1. April &#8211; 31. Oktober: 9:00-19:00<\/span><br \/><span style=\"font-size: 14pt;\">1. November &#8211; 31. M\u00e4rz: 9:00-17:00<\/span><br \/><br \/><span style=\"font-size: 14pt;\">Kontakt:<\/span><br \/><span style=\"font-size: 14pt;\">SOE &#8211; ERTI-Zentrum, Forschungsstation und Arboretum<\/span><br \/><span style=\"font-size: 14pt;\">9600 S\u00e1rv\u00e1r, V\u00e1rker\u00fclet 30\/A.<\/span><br \/><span style=\"font-size: 14pt;\">06-95\/320-070<\/span><br \/><span style=\"font-size: 14pt;\">erti@uni-sopron.hu<\/span><\/p>\r\n<!-- \/wp:paragraph -->","protected":false},"excerpt":{"rendered":"<p>In der Umarmung der Natur Unser Hotel bietet den G\u00e4sten direkten Zugang zum jahrhundertealten Arboretum im Herzen von S\u00e1rv\u00e1r, wo die Harmonie der Natur und&#8230;<\/p>\n","protected":false},"author":1,"featured_media":0,"parent":153,"menu_order":41,"comment_status":"closed","ping_status":"closed","template":"","meta":{"_acf_changed":false,"inline_featured_image":false,"pgc_sgb_lightbox_settings":"","footnotes":""},"class_list":["post-55","page","type-page","status-publish","hentry"],"acf":[],"yoast_head":"<!-- This site is optimized with the Yoast SEO plugin v27.3 - https:\/\/yoast.com\/product\/yoast-seo-wordpress\/ -->\n<title>Arboretum - Hotel Bassiana<\/title>\n<meta name=\"robots\" content=\"index, follow, max-snippet:-1, max-image-preview:large, max-video-preview:-1\" \/>\n<link rel=\"canonical\" href=\"https:\/\/bassiana.hu\/programok\/arboretum\/\" \/>\n<meta property=\"og:locale\" content=\"de_DE\" \/>\n<meta property=\"og:type\" content=\"article\" \/>\n<meta property=\"og:title\" content=\"Arboretum - Hotel Bassiana\" \/>\n<meta property=\"og:description\" content=\"In der Umarmung der Natur Unser Hotel bietet den G\u00e4sten direkten Zugang zum jahrhundertealten Arboretum im Herzen von S\u00e1rv\u00e1r, wo die Harmonie der Natur und...\" \/>\n<meta property=\"og:url\" content=\"https:\/\/bassiana.hu\/programok\/arboretum\/\" \/>\n<meta property=\"og:site_name\" content=\"Hotel Bassiana\" \/>\n<meta property=\"article:modified_time\" content=\"2025-03-20T07:05:08+00:00\" \/>\n<meta name=\"twitter:card\" content=\"summary_large_image\" \/>\n<meta name=\"twitter:label1\" content=\"Gesch\u00e4tzte Lesezeit\" \/>\n\t<meta name=\"twitter:data1\" content=\"1\u00a0Minute\" \/>\n<script type=\"application\/ld+json\" class=\"yoast-schema-graph\">{\"@context\":\"https:\\\/\\\/schema.org\",\"@graph\":[{\"@type\":\"WebPage\",\"@id\":\"https:\\\/\\\/bassiana.hu\\\/programok\\\/arboretum\\\/\",\"url\":\"https:\\\/\\\/bassiana.hu\\\/programok\\\/arboretum\\\/\",\"name\":\"[:hu]Arbor\u00e9tum[:en]Arboretum[:de]Arboretum[:] - Hotel Bassiana\",\"isPartOf\":{\"@id\":\"https:\\\/\\\/bassiana.hu\\\/#website\"},\"datePublished\":\"2024-08-15T08:36:28+00:00\",\"dateModified\":\"2025-03-20T07:05:08+00:00\",\"breadcrumb\":{\"@id\":\"https:\\\/\\\/bassiana.hu\\\/programok\\\/arboretum\\\/#breadcrumb\"},\"inLanguage\":\"de\",\"potentialAction\":[{\"@type\":\"ReadAction\",\"target\":[\"https:\\\/\\\/bassiana.hu\\\/programok\\\/arboretum\\\/\"]}]},{\"@type\":\"BreadcrumbList\",\"@id\":\"https:\\\/\\\/bassiana.hu\\\/programok\\\/arboretum\\\/#breadcrumb\",\"itemListElement\":[{\"@type\":\"ListItem\",\"position\":1,\"name\":\"Kezd\u0151lap\",\"item\":\"https:\\\/\\\/bassiana.hu\\\/\"},{\"@type\":\"ListItem\",\"position\":2,\"name\":\"L\u00e1tnival\u00f3k\",\"item\":\"https:\\\/\\\/bassiana.hu\\\/programok\\\/\"},{\"@type\":\"ListItem\",\"position\":3,\"name\":\"Arbor\u00e9tum\"}]},{\"@type\":\"WebSite\",\"@id\":\"https:\\\/\\\/bassiana.hu\\\/#website\",\"url\":\"https:\\\/\\\/bassiana.hu\\\/\",\"name\":\"Hotel Bassiana\",\"description\":\"S\u00e1rv\u00e1r\",\"publisher\":{\"@id\":\"https:\\\/\\\/bassiana.hu\\\/#organization\"},\"potentialAction\":[{\"@type\":\"SearchAction\",\"target\":{\"@type\":\"EntryPoint\",\"urlTemplate\":\"https:\\\/\\\/bassiana.hu\\\/?s={search_term_string}\"},\"query-input\":{\"@type\":\"PropertyValueSpecification\",\"valueRequired\":true,\"valueName\":\"search_term_string\"}}],\"inLanguage\":\"de\"},{\"@type\":\"Organization\",\"@id\":\"https:\\\/\\\/bassiana.hu\\\/#organization\",\"name\":\"Hotel Bassiana\",\"url\":\"https:\\\/\\\/bassiana.hu\\\/\",\"logo\":{\"@type\":\"ImageObject\",\"inLanguage\":\"de\",\"@id\":\"https:\\\/\\\/bassiana.hu\\\/#\\\/schema\\\/logo\\\/image\\\/\",\"url\":\"https:\\\/\\\/bassiana.hu\\\/wp-content\\\/uploads\\\/2025\\\/04\\\/RGBbassiana_logo_RGB_bassiana_boutique_logo_csillaggal_szines_feher_felirat.svg\",\"contentUrl\":\"https:\\\/\\\/bassiana.hu\\\/wp-content\\\/uploads\\\/2025\\\/04\\\/RGBbassiana_logo_RGB_bassiana_boutique_logo_csillaggal_szines_feher_felirat.svg\",\"caption\":\"Hotel Bassiana\"},\"image\":{\"@id\":\"https:\\\/\\\/bassiana.hu\\\/#\\\/schema\\\/logo\\\/image\\\/\"}}]}<\/script>\n<!-- \/ Yoast SEO plugin. -->","yoast_head_json":{"title":"[:hu]Arbor\u00e9tum[:en]Arboretum[:de]Arboretum[:] - Hotel Bassiana","robots":{"index":"index","follow":"follow","max-snippet":"max-snippet:-1","max-image-preview":"max-image-preview:large","max-video-preview":"max-video-preview:-1"},"canonical":"https:\/\/bassiana.hu\/programok\/arboretum\/","og_locale":"de_DE","og_type":"article","og_title":"Arboretum - Hotel Bassiana","og_description":"In der Umarmung der Natur Unser Hotel bietet den G\u00e4sten direkten Zugang zum jahrhundertealten Arboretum im Herzen von S\u00e1rv\u00e1r, wo die Harmonie der Natur und...","og_url":"https:\/\/bassiana.hu\/programok\/arboretum\/","og_site_name":"Hotel Bassiana","article_modified_time":"2025-03-20T07:05:08+00:00","twitter_card":"summary_large_image","twitter_misc":{"Gesch\u00e4tzte Lesezeit":"1\u00a0Minute"},"schema":{"@context":"https:\/\/schema.org","@graph":[{"@type":"WebPage","@id":"https:\/\/bassiana.hu\/programok\/arboretum\/","url":"https:\/\/bassiana.hu\/programok\/arboretum\/","name":"[:hu]Arbor\u00e9tum[:en]Arboretum[:de]Arboretum[:] - Hotel Bassiana","isPartOf":{"@id":"https:\/\/bassiana.hu\/#website"},"datePublished":"2024-08-15T08:36:28+00:00","dateModified":"2025-03-20T07:05:08+00:00","breadcrumb":{"@id":"https:\/\/bassiana.hu\/programok\/arboretum\/#breadcrumb"},"inLanguage":"de","potentialAction":[{"@type":"ReadAction","target":["https:\/\/bassiana.hu\/programok\/arboretum\/"]}]},{"@type":"BreadcrumbList","@id":"https:\/\/bassiana.hu\/programok\/arboretum\/#breadcrumb","itemListElement":[{"@type":"ListItem","position":1,"name":"Kezd\u0151lap","item":"https:\/\/bassiana.hu\/"},{"@type":"ListItem","position":2,"name":"L\u00e1tnival\u00f3k","item":"https:\/\/bassiana.hu\/programok\/"},{"@type":"ListItem","position":3,"name":"Arbor\u00e9tum"}]},{"@type":"WebSite","@id":"https:\/\/bassiana.hu\/#website","url":"https:\/\/bassiana.hu\/","name":"Hotel Bassiana","description":"S\u00e1rv\u00e1r","publisher":{"@id":"https:\/\/bassiana.hu\/#organization"},"potentialAction":[{"@type":"SearchAction","target":{"@type":"EntryPoint","urlTemplate":"https:\/\/bassiana.hu\/?s={search_term_string}"},"query-input":{"@type":"PropertyValueSpecification","valueRequired":true,"valueName":"search_term_string"}}],"inLanguage":"de"},{"@type":"Organization","@id":"https:\/\/bassiana.hu\/#organization","name":"Hotel Bassiana","url":"https:\/\/bassiana.hu\/","logo":{"@type":"ImageObject","inLanguage":"de","@id":"https:\/\/bassiana.hu\/#\/schema\/logo\/image\/","url":"https:\/\/bassiana.hu\/wp-content\/uploads\/2025\/04\/RGBbassiana_logo_RGB_bassiana_boutique_logo_csillaggal_szines_feher_felirat.svg","contentUrl":"https:\/\/bassiana.hu\/wp-content\/uploads\/2025\/04\/RGBbassiana_logo_RGB_bassiana_boutique_logo_csillaggal_szines_feher_felirat.svg","caption":"Hotel Bassiana"},"image":{"@id":"https:\/\/bassiana.hu\/#\/schema\/logo\/image\/"}}]}},"_links":{"self":[{"href":"https:\/\/bassiana.hu\/de\/wp-json\/wp\/v2\/pages\/55","targetHints":{"allow":["GET"]}}],"collection":[{"href":"https:\/\/bassiana.hu\/de\/wp-json\/wp\/v2\/pages"}],"about":[{"href":"https:\/\/bassiana.hu\/de\/wp-json\/wp\/v2\/types\/page"}],"author":[{"embeddable":true,"href":"https:\/\/bassiana.hu\/de\/wp-json\/wp\/v2\/users\/1"}],"replies":[{"embeddable":true,"href":"https:\/\/bassiana.hu\/de\/wp-json\/wp\/v2\/comments?post=55"}],"version-history":[{"count":11,"href":"https:\/\/bassiana.hu\/de\/wp-json\/wp\/v2\/pages\/55\/revisions"}],"predecessor-version":[{"id":992,"href":"https:\/\/bassiana.hu\/de\/wp-json\/wp\/v2\/pages\/55\/revisions\/992"}],"up":[{"embeddable":true,"href":"https:\/\/bassiana.hu\/de\/wp-json\/wp\/v2\/pages\/153"}],"wp:attachment":[{"href":"https:\/\/bassiana.hu\/de\/wp-json\/wp\/v2\/media?parent=55"}],"curies":[{"name":"wp","href":"https:\/\/api.w.org\/{rel}","templated":true}]}}