{"id":1105,"date":"2024-10-18T14:53:14","date_gmt":"2024-10-18T14:53:14","guid":{"rendered":"https:\/\/bassiana.hu\/?page_id=1105"},"modified":"2025-12-08T07:57:47","modified_gmt":"2025-12-08T07:57:47","slug":"kulteri-futott-medence","status":"publish","type":"page","link":"https:\/\/bassiana.hu\/en\/wellness-hotel\/wellness\/kulteri-futott-medence\/","title":{"rendered":"Outdoor, heated pool"},"content":{"rendered":"","protected":false},"excerpt":{"rendered":"<p>Imagine the perfect summer day!<\/p>\n<p>In a heated outdoor pool where you can enjoy a neck and back massage shower! Seasonal opening hours (1st May &#8211; 30th September) allow you to cool off on the hottest days, while relaxing under umbrellas and sipping refreshing drinks on our sun terrace. An ideal place to relax and recharge!<\/p>\n<p>The hotel&#8217;s loungers are ideal for summer sunbathing. Our garden gate leading to the S\u00e1rv\u00e1r Arboretum is just a few steps away from our outdoor pool. So quiet relaxation and pleasant birdsong are guaranteed!<\/p>\n","protected":false},"author":1,"featured_media":709,"parent":409,"menu_order":18,"comment_status":"closed","ping_status":"closed","template":"","meta":{"_acf_changed":false,"inline_featured_image":false,"pgc_sgb_lightbox_settings":"","footnotes":""},"class_list":["post-1105","page","type-page","status-publish","has-post-thumbnail","hentry"],"acf":[],"yoast_head":"<!-- This site is optimized with the Yoast SEO plugin v27.3 - https:\/\/yoast.com\/product\/yoast-seo-wordpress\/ -->\n<title>Outdoor, heated pool - Hotel Bassiana<\/title>\n<meta name=\"robots\" content=\"index, follow, max-snippet:-1, max-image-preview:large, max-video-preview:-1\" \/>\n<link rel=\"canonical\" href=\"https:\/\/bassiana.hu\/wellness-hotel\/wellness\/kulteri-futott-medence\/\" \/>\n<meta property=\"og:locale\" content=\"en_US\" \/>\n<meta property=\"og:type\" content=\"article\" \/>\n<meta property=\"og:title\" content=\"Outdoor, heated pool - Hotel Bassiana\" \/>\n<meta property=\"og:description\" content=\"[:hu]K\u00e9pzelje el a t\u00f6k\u00e9letes napot!  Egy k\u00fclt\u00e9ri medenc\u00e9ben, ahol \u00e9lvezheti a nyak- \u00e9s h\u00e1tmassz\u00e1zs zuhanyt! K\u00fclt\u00e9ri medenc\u00e9nk m\u00e1just\u00f3l szeptemberig \u00fczemel, azonban a pontos nyit\u00e1s \u00e9s z\u00e1r\u00e1s id\u0151pontja az id\u0151j\u00e1r\u00e1s f\u00fcggv\u00e9ny\u00e9ben v\u00e1ltozhat. A szezon\u00e1lis nyitvatart\u00e1snak k\u00f6sz\u00f6nhet\u0151en a legmelegebb napokon is felfriss\u00fclhet, mik\u00f6zben napoz\u00f3teraszunkon, a naperny\u0151k \u00e1rny\u00e9k\u00e1ban pihenhet, \u00e9s friss\u00edt\u0151 italokat kortyolgathat. Ide\u00e1lis hely a kikapcsol\u00f3d\u00e1sra \u00e9s a felt\u00f6lt\u0151d\u00e9sre!  Sz\u00e1llod\u00e1nk k\u00e9nyelmes pihen\u0151\u00e1gyai t\u00f6k\u00e9letesek a ny\u00e1ri napf\u00fcrd\u0151z\u00e9shez. A k\u00fclt\u00e9ri medenc\u00e9nkt\u0151l csup\u00e1n n\u00e9h\u00e1ny l\u00e9p\u00e9sre tal\u00e1lhat\u00f3 kertkapunk k\u00f6zvetlen\u00fcl a S\u00e1rv\u00e1ri Arbor\u00e9tumba vezet, \u00edgy a csendespihen\u0151, a term\u00e9szet k\u00f6zels\u00e9ge \u00e9s a kellemes mad\u00e1rcsicserg\u00e9s garant\u00e1lt.[:en]Imagine the perfect summer day!  In a heated outdoor pool where you can enjoy a neck and back massage shower! Seasonal opening hours (1st May - 30th September) allow you to cool off on the hottest days, while relaxing under umbrellas and sipping refreshing drinks on our sun terrace. An ideal place to relax and recharge!  The hotel&#039;s loungers are ideal for summer sunbathing. Our garden gate leading to the S\u00e1rv\u00e1r Arboretum is just a few steps away from our outdoor pool. So quiet relaxation and pleasant birdsong are guaranteed![:de]Stellen Sie sich den perfekten Sommertag vor!  In einem beheizten Au\u00dfenpool, wo Sie eine Nacken- und R\u00fcckenmassagedusche genie\u00dfen k\u00f6nnen! Dank der saisonalen \u00d6ffnungszeiten (01.05.-30.09.) k\u00f6nnen Sie sich an den hei\u00dfesten Tagen abk\u00fchlen und auf unserer Sonnenterrasse unter Sonnenschirmen entspannen und erfrischende Getr\u00e4nke genie\u00dfen. Ein idealer Ort zum Entspannen und Auftanken!  Die Liegest\u00fchle unseres Hotels sind ideal f\u00fcr ein Sonnenbad im Sommer. Unser Gartentor, das zum Arboretum von S\u00e1rv\u00e1r f\u00fchrt, ist nur ein paar Schritte von unserem Freibad entfernt. Ruhige Entspannung und angenehmes Vogelgezwitscher sind also garantiert![:]\" \/>\n<meta property=\"og:url\" content=\"https:\/\/bassiana.hu\/wellness-hotel\/wellness\/kulteri-futott-medence\/\" \/>\n<meta property=\"og:site_name\" content=\"Hotel Bassiana\" \/>\n<meta property=\"article:modified_time\" content=\"2025-12-08T07:57:47+00:00\" \/>\n<meta property=\"og:image\" content=\"https:\/\/bassiana.hu\/wp-content\/uploads\/2024\/10\/Hotel_Bassiana_portfolio-0395.jpg\" \/>\n\t<meta property=\"og:image:width\" content=\"1600\" \/>\n\t<meta property=\"og:image:height\" content=\"1070\" \/>\n\t<meta property=\"og:image:type\" content=\"image\/jpeg\" \/>\n<meta name=\"twitter:card\" content=\"summary_large_image\" \/>\n<meta name=\"twitter:label1\" content=\"Est. reading time\" \/>\n\t<meta name=\"twitter:data1\" content=\"1 minute\" \/>\n<script type=\"application\/ld+json\" class=\"yoast-schema-graph\">{\"@context\":\"https:\\\/\\\/schema.org\",\"@graph\":[{\"@type\":\"WebPage\",\"@id\":\"https:\\\/\\\/bassiana.hu\\\/wellness-hotel\\\/wellness\\\/kulteri-futott-medence\\\/\",\"url\":\"https:\\\/\\\/bassiana.hu\\\/wellness-hotel\\\/wellness\\\/kulteri-futott-medence\\\/\",\"name\":\"[:hu]K\u00fclt\u00e9ri medence[:en]Outdoor, heated pool[:de]Beheizter Au\u00dfenpool[:] - Hotel Bassiana\",\"isPartOf\":{\"@id\":\"https:\\\/\\\/bassiana.hu\\\/#website\"},\"primaryImageOfPage\":{\"@id\":\"https:\\\/\\\/bassiana.hu\\\/wellness-hotel\\\/wellness\\\/kulteri-futott-medence\\\/#primaryimage\"},\"image\":{\"@id\":\"https:\\\/\\\/bassiana.hu\\\/wellness-hotel\\\/wellness\\\/kulteri-futott-medence\\\/#primaryimage\"},\"thumbnailUrl\":\"https:\\\/\\\/bassiana.hu\\\/wp-content\\\/uploads\\\/2024\\\/10\\\/Hotel_Bassiana_portfolio-0395.jpg\",\"datePublished\":\"2024-10-18T14:53:14+00:00\",\"dateModified\":\"2025-12-08T07:57:47+00:00\",\"breadcrumb\":{\"@id\":\"https:\\\/\\\/bassiana.hu\\\/wellness-hotel\\\/wellness\\\/kulteri-futott-medence\\\/#breadcrumb\"},\"inLanguage\":\"en-US\",\"potentialAction\":[{\"@type\":\"ReadAction\",\"target\":[\"https:\\\/\\\/bassiana.hu\\\/wellness-hotel\\\/wellness\\\/kulteri-futott-medence\\\/\"]}]},{\"@type\":\"ImageObject\",\"inLanguage\":\"en-US\",\"@id\":\"https:\\\/\\\/bassiana.hu\\\/wellness-hotel\\\/wellness\\\/kulteri-futott-medence\\\/#primaryimage\",\"url\":\"https:\\\/\\\/bassiana.hu\\\/wp-content\\\/uploads\\\/2024\\\/10\\\/Hotel_Bassiana_portfolio-0395.jpg\",\"contentUrl\":\"https:\\\/\\\/bassiana.hu\\\/wp-content\\\/uploads\\\/2024\\\/10\\\/Hotel_Bassiana_portfolio-0395.jpg\",\"width\":1600,\"height\":1070},{\"@type\":\"BreadcrumbList\",\"@id\":\"https:\\\/\\\/bassiana.hu\\\/wellness-hotel\\\/wellness\\\/kulteri-futott-medence\\\/#breadcrumb\",\"itemListElement\":[{\"@type\":\"ListItem\",\"position\":1,\"name\":\"Kezd\u0151lap\",\"item\":\"https:\\\/\\\/bassiana.hu\\\/\"},{\"@type\":\"ListItem\",\"position\":2,\"name\":\"Wellness\",\"item\":\"https:\\\/\\\/bassiana.hu\\\/wellness-hotel\\\/\"},{\"@type\":\"ListItem\",\"position\":3,\"name\":\"Wellness &#038; Health\",\"item\":\"https:\\\/\\\/bassiana.hu\\\/wellness-hotel\\\/wellness\\\/\"},{\"@type\":\"ListItem\",\"position\":4,\"name\":\"K\u00fclt\u00e9ri medence\"}]},{\"@type\":\"WebSite\",\"@id\":\"https:\\\/\\\/bassiana.hu\\\/#website\",\"url\":\"https:\\\/\\\/bassiana.hu\\\/\",\"name\":\"Hotel Bassiana\",\"description\":\"S\u00e1rv\u00e1r\",\"publisher\":{\"@id\":\"https:\\\/\\\/bassiana.hu\\\/#organization\"},\"potentialAction\":[{\"@type\":\"SearchAction\",\"target\":{\"@type\":\"EntryPoint\",\"urlTemplate\":\"https:\\\/\\\/bassiana.hu\\\/?s={search_term_string}\"},\"query-input\":{\"@type\":\"PropertyValueSpecification\",\"valueRequired\":true,\"valueName\":\"search_term_string\"}}],\"inLanguage\":\"en-US\"},{\"@type\":\"Organization\",\"@id\":\"https:\\\/\\\/bassiana.hu\\\/#organization\",\"name\":\"Hotel Bassiana\",\"url\":\"https:\\\/\\\/bassiana.hu\\\/\",\"logo\":{\"@type\":\"ImageObject\",\"inLanguage\":\"en-US\",\"@id\":\"https:\\\/\\\/bassiana.hu\\\/#\\\/schema\\\/logo\\\/image\\\/\",\"url\":\"https:\\\/\\\/bassiana.hu\\\/wp-content\\\/uploads\\\/2025\\\/04\\\/RGBbassiana_logo_RGB_bassiana_boutique_logo_csillaggal_szines_feher_felirat.svg\",\"contentUrl\":\"https:\\\/\\\/bassiana.hu\\\/wp-content\\\/uploads\\\/2025\\\/04\\\/RGBbassiana_logo_RGB_bassiana_boutique_logo_csillaggal_szines_feher_felirat.svg\",\"caption\":\"Hotel Bassiana\"},\"image\":{\"@id\":\"https:\\\/\\\/bassiana.hu\\\/#\\\/schema\\\/logo\\\/image\\\/\"}}]}<\/script>\n<!-- \/ Yoast SEO plugin. -->","yoast_head_json":{"title":"[:hu]K\u00fclt\u00e9ri medence[:en]Outdoor, heated pool[:de]Beheizter Au\u00dfenpool[:] - Hotel Bassiana","robots":{"index":"index","follow":"follow","max-snippet":"max-snippet:-1","max-image-preview":"max-image-preview:large","max-video-preview":"max-video-preview:-1"},"canonical":"https:\/\/bassiana.hu\/wellness-hotel\/wellness\/kulteri-futott-medence\/","og_locale":"en_US","og_type":"article","og_title":"Outdoor, heated pool - Hotel Bassiana","og_description":"[:hu]K\u00e9pzelje el a t\u00f6k\u00e9letes napot!  Egy k\u00fclt\u00e9ri medenc\u00e9ben, ahol \u00e9lvezheti a nyak- \u00e9s h\u00e1tmassz\u00e1zs zuhanyt! K\u00fclt\u00e9ri medenc\u00e9nk m\u00e1just\u00f3l szeptemberig \u00fczemel, azonban a pontos nyit\u00e1s \u00e9s z\u00e1r\u00e1s id\u0151pontja az id\u0151j\u00e1r\u00e1s f\u00fcggv\u00e9ny\u00e9ben v\u00e1ltozhat. A szezon\u00e1lis nyitvatart\u00e1snak k\u00f6sz\u00f6nhet\u0151en a legmelegebb napokon is felfriss\u00fclhet, mik\u00f6zben napoz\u00f3teraszunkon, a naperny\u0151k \u00e1rny\u00e9k\u00e1ban pihenhet, \u00e9s friss\u00edt\u0151 italokat kortyolgathat. Ide\u00e1lis hely a kikapcsol\u00f3d\u00e1sra \u00e9s a felt\u00f6lt\u0151d\u00e9sre!  Sz\u00e1llod\u00e1nk k\u00e9nyelmes pihen\u0151\u00e1gyai t\u00f6k\u00e9letesek a ny\u00e1ri napf\u00fcrd\u0151z\u00e9shez. A k\u00fclt\u00e9ri medenc\u00e9nkt\u0151l csup\u00e1n n\u00e9h\u00e1ny l\u00e9p\u00e9sre tal\u00e1lhat\u00f3 kertkapunk k\u00f6zvetlen\u00fcl a S\u00e1rv\u00e1ri Arbor\u00e9tumba vezet, \u00edgy a csendespihen\u0151, a term\u00e9szet k\u00f6zels\u00e9ge \u00e9s a kellemes mad\u00e1rcsicserg\u00e9s garant\u00e1lt.[:en]Imagine the perfect summer day!  In a heated outdoor pool where you can enjoy a neck and back massage shower! Seasonal opening hours (1st May - 30th September) allow you to cool off on the hottest days, while relaxing under umbrellas and sipping refreshing drinks on our sun terrace. An ideal place to relax and recharge!  The hotel's loungers are ideal for summer sunbathing. Our garden gate leading to the S\u00e1rv\u00e1r Arboretum is just a few steps away from our outdoor pool. So quiet relaxation and pleasant birdsong are guaranteed![:de]Stellen Sie sich den perfekten Sommertag vor!  In einem beheizten Au\u00dfenpool, wo Sie eine Nacken- und R\u00fcckenmassagedusche genie\u00dfen k\u00f6nnen! Dank der saisonalen \u00d6ffnungszeiten (01.05.-30.09.) k\u00f6nnen Sie sich an den hei\u00dfesten Tagen abk\u00fchlen und auf unserer Sonnenterrasse unter Sonnenschirmen entspannen und erfrischende Getr\u00e4nke genie\u00dfen. Ein idealer Ort zum Entspannen und Auftanken!  Die Liegest\u00fchle unseres Hotels sind ideal f\u00fcr ein Sonnenbad im Sommer. Unser Gartentor, das zum Arboretum von S\u00e1rv\u00e1r f\u00fchrt, ist nur ein paar Schritte von unserem Freibad entfernt. Ruhige Entspannung und angenehmes Vogelgezwitscher sind also garantiert![:]","og_url":"https:\/\/bassiana.hu\/wellness-hotel\/wellness\/kulteri-futott-medence\/","og_site_name":"Hotel Bassiana","article_modified_time":"2025-12-08T07:57:47+00:00","og_image":[{"width":1600,"height":1070,"url":"https:\/\/bassiana.hu\/wp-content\/uploads\/2024\/10\/Hotel_Bassiana_portfolio-0395.jpg","type":"image\/jpeg"}],"twitter_card":"summary_large_image","twitter_misc":{"Est. reading time":"1 minute"},"schema":{"@context":"https:\/\/schema.org","@graph":[{"@type":"WebPage","@id":"https:\/\/bassiana.hu\/wellness-hotel\/wellness\/kulteri-futott-medence\/","url":"https:\/\/bassiana.hu\/wellness-hotel\/wellness\/kulteri-futott-medence\/","name":"[:hu]K\u00fclt\u00e9ri medence[:en]Outdoor, heated pool[:de]Beheizter Au\u00dfenpool[:] - Hotel Bassiana","isPartOf":{"@id":"https:\/\/bassiana.hu\/#website"},"primaryImageOfPage":{"@id":"https:\/\/bassiana.hu\/wellness-hotel\/wellness\/kulteri-futott-medence\/#primaryimage"},"image":{"@id":"https:\/\/bassiana.hu\/wellness-hotel\/wellness\/kulteri-futott-medence\/#primaryimage"},"thumbnailUrl":"https:\/\/bassiana.hu\/wp-content\/uploads\/2024\/10\/Hotel_Bassiana_portfolio-0395.jpg","datePublished":"2024-10-18T14:53:14+00:00","dateModified":"2025-12-08T07:57:47+00:00","breadcrumb":{"@id":"https:\/\/bassiana.hu\/wellness-hotel\/wellness\/kulteri-futott-medence\/#breadcrumb"},"inLanguage":"en-US","potentialAction":[{"@type":"ReadAction","target":["https:\/\/bassiana.hu\/wellness-hotel\/wellness\/kulteri-futott-medence\/"]}]},{"@type":"ImageObject","inLanguage":"en-US","@id":"https:\/\/bassiana.hu\/wellness-hotel\/wellness\/kulteri-futott-medence\/#primaryimage","url":"https:\/\/bassiana.hu\/wp-content\/uploads\/2024\/10\/Hotel_Bassiana_portfolio-0395.jpg","contentUrl":"https:\/\/bassiana.hu\/wp-content\/uploads\/2024\/10\/Hotel_Bassiana_portfolio-0395.jpg","width":1600,"height":1070},{"@type":"BreadcrumbList","@id":"https:\/\/bassiana.hu\/wellness-hotel\/wellness\/kulteri-futott-medence\/#breadcrumb","itemListElement":[{"@type":"ListItem","position":1,"name":"Kezd\u0151lap","item":"https:\/\/bassiana.hu\/"},{"@type":"ListItem","position":2,"name":"Wellness","item":"https:\/\/bassiana.hu\/wellness-hotel\/"},{"@type":"ListItem","position":3,"name":"Wellness &#038; Health","item":"https:\/\/bassiana.hu\/wellness-hotel\/wellness\/"},{"@type":"ListItem","position":4,"name":"K\u00fclt\u00e9ri medence"}]},{"@type":"WebSite","@id":"https:\/\/bassiana.hu\/#website","url":"https:\/\/bassiana.hu\/","name":"Hotel Bassiana","description":"S\u00e1rv\u00e1r","publisher":{"@id":"https:\/\/bassiana.hu\/#organization"},"potentialAction":[{"@type":"SearchAction","target":{"@type":"EntryPoint","urlTemplate":"https:\/\/bassiana.hu\/?s={search_term_string}"},"query-input":{"@type":"PropertyValueSpecification","valueRequired":true,"valueName":"search_term_string"}}],"inLanguage":"en-US"},{"@type":"Organization","@id":"https:\/\/bassiana.hu\/#organization","name":"Hotel Bassiana","url":"https:\/\/bassiana.hu\/","logo":{"@type":"ImageObject","inLanguage":"en-US","@id":"https:\/\/bassiana.hu\/#\/schema\/logo\/image\/","url":"https:\/\/bassiana.hu\/wp-content\/uploads\/2025\/04\/RGBbassiana_logo_RGB_bassiana_boutique_logo_csillaggal_szines_feher_felirat.svg","contentUrl":"https:\/\/bassiana.hu\/wp-content\/uploads\/2025\/04\/RGBbassiana_logo_RGB_bassiana_boutique_logo_csillaggal_szines_feher_felirat.svg","caption":"Hotel Bassiana"},"image":{"@id":"https:\/\/bassiana.hu\/#\/schema\/logo\/image\/"}}]}},"_links":{"self":[{"href":"https:\/\/bassiana.hu\/en\/wp-json\/wp\/v2\/pages\/1105","targetHints":{"allow":["GET"]}}],"collection":[{"href":"https:\/\/bassiana.hu\/en\/wp-json\/wp\/v2\/pages"}],"about":[{"href":"https:\/\/bassiana.hu\/en\/wp-json\/wp\/v2\/types\/page"}],"author":[{"embeddable":true,"href":"https:\/\/bassiana.hu\/en\/wp-json\/wp\/v2\/users\/1"}],"replies":[{"embeddable":true,"href":"https:\/\/bassiana.hu\/en\/wp-json\/wp\/v2\/comments?post=1105"}],"version-history":[{"count":12,"href":"https:\/\/bassiana.hu\/en\/wp-json\/wp\/v2\/pages\/1105\/revisions"}],"predecessor-version":[{"id":2262,"href":"https:\/\/bassiana.hu\/en\/wp-json\/wp\/v2\/pages\/1105\/revisions\/2262"}],"up":[{"embeddable":true,"href":"https:\/\/bassiana.hu\/en\/wp-json\/wp\/v2\/pages\/409"}],"wp:featuredmedia":[{"embeddable":true,"href":"https:\/\/bassiana.hu\/en\/wp-json\/wp\/v2\/media\/709"}],"wp:attachment":[{"href":"https:\/\/bassiana.hu\/en\/wp-json\/wp\/v2\/media?parent=1105"}],"curies":[{"name":"wp","href":"https:\/\/api.w.org\/{rel}","templated":true}]}}