{"id":113,"date":"2024-08-22T13:29:50","date_gmt":"2024-08-22T13:29:50","guid":{"rendered":"http:\/\/dev.bassiana.hu\/?page_id=113"},"modified":"2025-07-04T07:53:42","modified_gmt":"2025-07-04T07:53:42","slug":"kapcsolat","status":"publish","type":"page","link":"https:\/\/bassiana.hu\/en\/kapcsolat\/","title":{"rendered":"Contact"},"content":{"rendered":"<p>Hotel Bassiana is located 700 m from the Sarvar Spa and Wellness Baths, in the immediate vicinity of the N\u00e1dasdy Castle, in the centre of the town. From Budapest it can be reached via the main road 86, through the main road 84.<\/p>","protected":false},"excerpt":{"rendered":"<p>Hotel Bassiana is located 700 m from the Sarvar Spa and Wellness Baths, in the immediate vicinity of the N\u00e1dasdy Castle, in the centre of&#8230;<\/p>\n","protected":false},"author":1,"featured_media":839,"parent":0,"menu_order":49,"comment_status":"closed","ping_status":"closed","template":"","meta":{"_acf_changed":false,"inline_featured_image":false,"pgc_sgb_lightbox_settings":"","footnotes":""},"class_list":["post-113","page","type-page","status-publish","has-post-thumbnail","hentry"],"acf":[],"yoast_head":"<!-- This site is optimized with the Yoast SEO plugin v27.3 - https:\/\/yoast.com\/product\/yoast-seo-wordpress\/ -->\n<title>Contact - Hotel Bassiana S\u00e1rv\u00e1r<\/title>\n<meta name=\"description\" content=\"L\u00e9pjen kapcsolatba a s\u00e1rv\u00e1ri Hotel Bassiana csapat\u00e1val! V\u00e1rjuk szeretettel, k\u00e9rd\u00e9s eset\u00e9n \u00edrjon vagy h\u00edvjon minket bizalommal!\" \/>\n<meta name=\"robots\" content=\"index, follow, max-snippet:-1, max-image-preview:large, max-video-preview:-1\" \/>\n<link rel=\"canonical\" href=\"https:\/\/bassiana.hu\/kapcsolat\/\" \/>\n<meta property=\"og:locale\" content=\"en_US\" \/>\n<meta property=\"og:type\" content=\"article\" \/>\n<meta property=\"og:title\" content=\"Contact - Hotel Bassiana S\u00e1rv\u00e1r\" \/>\n<meta property=\"og:description\" content=\"L\u00e9pjen kapcsolatba a s\u00e1rv\u00e1ri Hotel Bassiana csapat\u00e1val! V\u00e1rjuk szeretettel, k\u00e9rd\u00e9s eset\u00e9n \u00edrjon vagy h\u00edvjon minket bizalommal!\" \/>\n<meta property=\"og:url\" content=\"https:\/\/bassiana.hu\/kapcsolat\/\" \/>\n<meta property=\"og:site_name\" content=\"Hotel Bassiana\" \/>\n<meta property=\"article:modified_time\" content=\"2025-07-04T07:53:42+00:00\" \/>\n<meta property=\"og:image\" content=\"https:\/\/bassiana.hu\/wp-content\/uploads\/2024\/10\/Hotel_Bassiana_portfolio-0369-1.jpg\" \/>\n\t<meta property=\"og:image:width\" content=\"1600\" \/>\n\t<meta property=\"og:image:height\" content=\"1067\" \/>\n\t<meta property=\"og:image:type\" content=\"image\/jpeg\" \/>\n<meta name=\"twitter:card\" content=\"summary_large_image\" \/>\n<meta name=\"twitter:label1\" content=\"Est. reading time\" \/>\n\t<meta name=\"twitter:data1\" content=\"1 minute\" \/>\n<script type=\"application\/ld+json\" class=\"yoast-schema-graph\">{\"@context\":\"https:\\\/\\\/schema.org\",\"@graph\":[{\"@type\":\"WebPage\",\"@id\":\"https:\\\/\\\/bassiana.hu\\\/kapcsolat\\\/\",\"url\":\"https:\\\/\\\/bassiana.hu\\\/kapcsolat\\\/\",\"name\":\"[:hu]Kapcsolat[:en]Contact[:de]Kontakt[:] - Hotel Bassiana S\u00e1rv\u00e1r\",\"isPartOf\":{\"@id\":\"https:\\\/\\\/bassiana.hu\\\/#website\"},\"primaryImageOfPage\":{\"@id\":\"https:\\\/\\\/bassiana.hu\\\/kapcsolat\\\/#primaryimage\"},\"image\":{\"@id\":\"https:\\\/\\\/bassiana.hu\\\/kapcsolat\\\/#primaryimage\"},\"thumbnailUrl\":\"https:\\\/\\\/bassiana.hu\\\/wp-content\\\/uploads\\\/2024\\\/10\\\/Hotel_Bassiana_portfolio-0369-1.jpg\",\"datePublished\":\"2024-08-22T13:29:50+00:00\",\"dateModified\":\"2025-07-04T07:53:42+00:00\",\"description\":\"L\u00e9pjen kapcsolatba a s\u00e1rv\u00e1ri Hotel Bassiana csapat\u00e1val! V\u00e1rjuk szeretettel, k\u00e9rd\u00e9s eset\u00e9n \u00edrjon vagy h\u00edvjon minket bizalommal!\",\"breadcrumb\":{\"@id\":\"https:\\\/\\\/bassiana.hu\\\/kapcsolat\\\/#breadcrumb\"},\"inLanguage\":\"en-US\",\"potentialAction\":[{\"@type\":\"ReadAction\",\"target\":[\"https:\\\/\\\/bassiana.hu\\\/kapcsolat\\\/\"]}]},{\"@type\":\"ImageObject\",\"inLanguage\":\"en-US\",\"@id\":\"https:\\\/\\\/bassiana.hu\\\/kapcsolat\\\/#primaryimage\",\"url\":\"https:\\\/\\\/bassiana.hu\\\/wp-content\\\/uploads\\\/2024\\\/10\\\/Hotel_Bassiana_portfolio-0369-1.jpg\",\"contentUrl\":\"https:\\\/\\\/bassiana.hu\\\/wp-content\\\/uploads\\\/2024\\\/10\\\/Hotel_Bassiana_portfolio-0369-1.jpg\",\"width\":1600,\"height\":1067,\"caption\":\"Hotel Bassiana S\u00e1rv\u00e1r\"},{\"@type\":\"BreadcrumbList\",\"@id\":\"https:\\\/\\\/bassiana.hu\\\/kapcsolat\\\/#breadcrumb\",\"itemListElement\":[{\"@type\":\"ListItem\",\"position\":1,\"name\":\"Kezd\u0151lap\",\"item\":\"https:\\\/\\\/bassiana.hu\\\/\"},{\"@type\":\"ListItem\",\"position\":2,\"name\":\"Kapcsolat\"}]},{\"@type\":\"WebSite\",\"@id\":\"https:\\\/\\\/bassiana.hu\\\/#website\",\"url\":\"https:\\\/\\\/bassiana.hu\\\/\",\"name\":\"Hotel Bassiana\",\"description\":\"S\u00e1rv\u00e1r\",\"publisher\":{\"@id\":\"https:\\\/\\\/bassiana.hu\\\/#organization\"},\"potentialAction\":[{\"@type\":\"SearchAction\",\"target\":{\"@type\":\"EntryPoint\",\"urlTemplate\":\"https:\\\/\\\/bassiana.hu\\\/?s={search_term_string}\"},\"query-input\":{\"@type\":\"PropertyValueSpecification\",\"valueRequired\":true,\"valueName\":\"search_term_string\"}}],\"inLanguage\":\"en-US\"},{\"@type\":\"Organization\",\"@id\":\"https:\\\/\\\/bassiana.hu\\\/#organization\",\"name\":\"Hotel Bassiana\",\"url\":\"https:\\\/\\\/bassiana.hu\\\/\",\"logo\":{\"@type\":\"ImageObject\",\"inLanguage\":\"en-US\",\"@id\":\"https:\\\/\\\/bassiana.hu\\\/#\\\/schema\\\/logo\\\/image\\\/\",\"url\":\"https:\\\/\\\/bassiana.hu\\\/wp-content\\\/uploads\\\/2025\\\/04\\\/RGBbassiana_logo_RGB_bassiana_boutique_logo_csillaggal_szines_feher_felirat.svg\",\"contentUrl\":\"https:\\\/\\\/bassiana.hu\\\/wp-content\\\/uploads\\\/2025\\\/04\\\/RGBbassiana_logo_RGB_bassiana_boutique_logo_csillaggal_szines_feher_felirat.svg\",\"caption\":\"Hotel Bassiana\"},\"image\":{\"@id\":\"https:\\\/\\\/bassiana.hu\\\/#\\\/schema\\\/logo\\\/image\\\/\"}}]}<\/script>\n<!-- \/ Yoast SEO plugin. -->","yoast_head_json":{"title":"[:hu]Kapcsolat[:en]Contact[:de]Kontakt[:] - Hotel Bassiana S\u00e1rv\u00e1r","description":"L\u00e9pjen kapcsolatba a s\u00e1rv\u00e1ri Hotel Bassiana csapat\u00e1val! V\u00e1rjuk szeretettel, k\u00e9rd\u00e9s eset\u00e9n \u00edrjon vagy h\u00edvjon minket bizalommal!","robots":{"index":"index","follow":"follow","max-snippet":"max-snippet:-1","max-image-preview":"max-image-preview:large","max-video-preview":"max-video-preview:-1"},"canonical":"https:\/\/bassiana.hu\/kapcsolat\/","og_locale":"en_US","og_type":"article","og_title":"Contact - Hotel Bassiana S\u00e1rv\u00e1r","og_description":"L\u00e9pjen kapcsolatba a s\u00e1rv\u00e1ri Hotel Bassiana csapat\u00e1val! V\u00e1rjuk szeretettel, k\u00e9rd\u00e9s eset\u00e9n \u00edrjon vagy h\u00edvjon minket bizalommal!","og_url":"https:\/\/bassiana.hu\/kapcsolat\/","og_site_name":"Hotel Bassiana","article_modified_time":"2025-07-04T07:53:42+00:00","og_image":[{"width":1600,"height":1067,"url":"https:\/\/bassiana.hu\/wp-content\/uploads\/2024\/10\/Hotel_Bassiana_portfolio-0369-1.jpg","type":"image\/jpeg"}],"twitter_card":"summary_large_image","twitter_misc":{"Est. reading time":"1 minute"},"schema":{"@context":"https:\/\/schema.org","@graph":[{"@type":"WebPage","@id":"https:\/\/bassiana.hu\/kapcsolat\/","url":"https:\/\/bassiana.hu\/kapcsolat\/","name":"[:hu]Kapcsolat[:en]Contact[:de]Kontakt[:] - Hotel Bassiana S\u00e1rv\u00e1r","isPartOf":{"@id":"https:\/\/bassiana.hu\/#website"},"primaryImageOfPage":{"@id":"https:\/\/bassiana.hu\/kapcsolat\/#primaryimage"},"image":{"@id":"https:\/\/bassiana.hu\/kapcsolat\/#primaryimage"},"thumbnailUrl":"https:\/\/bassiana.hu\/wp-content\/uploads\/2024\/10\/Hotel_Bassiana_portfolio-0369-1.jpg","datePublished":"2024-08-22T13:29:50+00:00","dateModified":"2025-07-04T07:53:42+00:00","description":"L\u00e9pjen kapcsolatba a s\u00e1rv\u00e1ri Hotel Bassiana csapat\u00e1val! V\u00e1rjuk szeretettel, k\u00e9rd\u00e9s eset\u00e9n \u00edrjon vagy h\u00edvjon minket bizalommal!","breadcrumb":{"@id":"https:\/\/bassiana.hu\/kapcsolat\/#breadcrumb"},"inLanguage":"en-US","potentialAction":[{"@type":"ReadAction","target":["https:\/\/bassiana.hu\/kapcsolat\/"]}]},{"@type":"ImageObject","inLanguage":"en-US","@id":"https:\/\/bassiana.hu\/kapcsolat\/#primaryimage","url":"https:\/\/bassiana.hu\/wp-content\/uploads\/2024\/10\/Hotel_Bassiana_portfolio-0369-1.jpg","contentUrl":"https:\/\/bassiana.hu\/wp-content\/uploads\/2024\/10\/Hotel_Bassiana_portfolio-0369-1.jpg","width":1600,"height":1067,"caption":"Hotel Bassiana S\u00e1rv\u00e1r"},{"@type":"BreadcrumbList","@id":"https:\/\/bassiana.hu\/kapcsolat\/#breadcrumb","itemListElement":[{"@type":"ListItem","position":1,"name":"Kezd\u0151lap","item":"https:\/\/bassiana.hu\/"},{"@type":"ListItem","position":2,"name":"Kapcsolat"}]},{"@type":"WebSite","@id":"https:\/\/bassiana.hu\/#website","url":"https:\/\/bassiana.hu\/","name":"Hotel Bassiana","description":"S\u00e1rv\u00e1r","publisher":{"@id":"https:\/\/bassiana.hu\/#organization"},"potentialAction":[{"@type":"SearchAction","target":{"@type":"EntryPoint","urlTemplate":"https:\/\/bassiana.hu\/?s={search_term_string}"},"query-input":{"@type":"PropertyValueSpecification","valueRequired":true,"valueName":"search_term_string"}}],"inLanguage":"en-US"},{"@type":"Organization","@id":"https:\/\/bassiana.hu\/#organization","name":"Hotel Bassiana","url":"https:\/\/bassiana.hu\/","logo":{"@type":"ImageObject","inLanguage":"en-US","@id":"https:\/\/bassiana.hu\/#\/schema\/logo\/image\/","url":"https:\/\/bassiana.hu\/wp-content\/uploads\/2025\/04\/RGBbassiana_logo_RGB_bassiana_boutique_logo_csillaggal_szines_feher_felirat.svg","contentUrl":"https:\/\/bassiana.hu\/wp-content\/uploads\/2025\/04\/RGBbassiana_logo_RGB_bassiana_boutique_logo_csillaggal_szines_feher_felirat.svg","caption":"Hotel Bassiana"},"image":{"@id":"https:\/\/bassiana.hu\/#\/schema\/logo\/image\/"}}]}},"_links":{"self":[{"href":"https:\/\/bassiana.hu\/en\/wp-json\/wp\/v2\/pages\/113","targetHints":{"allow":["GET"]}}],"collection":[{"href":"https:\/\/bassiana.hu\/en\/wp-json\/wp\/v2\/pages"}],"about":[{"href":"https:\/\/bassiana.hu\/en\/wp-json\/wp\/v2\/types\/page"}],"author":[{"embeddable":true,"href":"https:\/\/bassiana.hu\/en\/wp-json\/wp\/v2\/users\/1"}],"replies":[{"embeddable":true,"href":"https:\/\/bassiana.hu\/en\/wp-json\/wp\/v2\/comments?post=113"}],"version-history":[{"count":5,"href":"https:\/\/bassiana.hu\/en\/wp-json\/wp\/v2\/pages\/113\/revisions"}],"predecessor-version":[{"id":1453,"href":"https:\/\/bassiana.hu\/en\/wp-json\/wp\/v2\/pages\/113\/revisions\/1453"}],"wp:featuredmedia":[{"embeddable":true,"href":"https:\/\/bassiana.hu\/en\/wp-json\/wp\/v2\/media\/839"}],"wp:attachment":[{"href":"https:\/\/bassiana.hu\/en\/wp-json\/wp\/v2\/media?parent=113"}],"curies":[{"name":"wp","href":"https:\/\/api.w.org\/{rel}","templated":true}]}}