{"id":1140,"date":"2024-10-21T09:53:33","date_gmt":"2024-10-21T09:53:33","guid":{"rendered":"https:\/\/bassiana.hu\/?page_id=1140"},"modified":"2025-01-08T11:25:13","modified_gmt":"2025-01-08T11:25:13","slug":"bemer-terapia","status":"publish","type":"page","link":"https:\/\/bassiana.hu\/en\/wellness-hotel\/bodylab\/bemer-terapia\/","title":{"rendered":"BEMER therapy"},"content":{"rendered":"","protected":false},"excerpt":{"rendered":"<p>3.900 HUF (10,50 EUR) \/ 18 minutes<br \/>\nThe service is available as an individual treatment or can be purchased as a 10-suitable voucher. The 11th treatment is free of charge for the purchase of 10-suitable vouchers!<\/p>\n<p>BEMER devices improve the forward movement of small and very small blood vessels, leading to proper blood distribution in the network of the smallest blood vessels. BEMER is therefore an effective therapeutic option for many diseases and health problems. The device effectively helps blood to flow through the smallest blood vessels, thereby improving the delivery of oxygen and nutrients to cells and the removal of metabolic waste products. All other effects can come from the effect of improving microcirculation. Thus, among other things, it can help relieve chronic inflammatory pain, for example in the case of joint pain. It can support regeneration and healing after injury, improve immune function (because good microcirculation is the basis for optimal functioning of the defence system) and help alleviate sleep problems, as improved microcirculation can positively influence sleep cycles.<\/p>\n<p>&#8220;No one saves us but ourselves. No one can and no one may. We ourselves must walk the path.&#8221; \u2015 Buddha<\/p>\n","protected":false},"author":1,"featured_media":1141,"parent":35,"menu_order":15,"comment_status":"closed","ping_status":"closed","template":"","meta":{"_acf_changed":false,"inline_featured_image":false,"pgc_sgb_lightbox_settings":"","footnotes":""},"class_list":["post-1140","page","type-page","status-publish","has-post-thumbnail","hentry"],"acf":[],"yoast_head":"<!-- This site is optimized with the Yoast SEO plugin v27.4 - https:\/\/yoast.com\/product\/yoast-seo-wordpress\/ -->\n<title>BEMER therapy - Hotel Bassiana<\/title>\n<meta name=\"robots\" content=\"index, follow, max-snippet:-1, max-image-preview:large, max-video-preview:-1\" \/>\n<link rel=\"canonical\" href=\"https:\/\/bassiana.hu\/wellness-hotel\/bodylab\/bemer-terapia\/\" \/>\n<meta property=\"og:locale\" content=\"en_US\" \/>\n<meta property=\"og:type\" content=\"article\" \/>\n<meta property=\"og:title\" content=\"BEMER therapy - Hotel Bassiana\" \/>\n<meta property=\"og:description\" content=\"[:hu]3.900 HUF (10,50 EUR) \/ 18 perc A szolg\u00e1ltat\u00e1s egy\u00e9ni kezel\u00e9sk\u00e9nt, vagy min. 10 alkalmas b\u00e9rletben v\u00e1s\u00e1rolhat\u00f3 meg. A 10 alkalmas b\u00e9rlet v\u00e1s\u00e1rl\u00e1sa set\u00e9n a 11. alkalom aj\u00e1nd\u00e9k!  A BEMER k\u00e9sz\u00fcl\u00e9kek jav\u00edtj\u00e1k a kicsi \u00e9s nagyon kicsi v\u00e9red\u00e9nyek tov\u00e1bb\u00edt\u00f3 mozg\u00e1sait,, amely megfelel\u0151 v\u00e9reloszl\u00e1shoz vezet a legkisebb v\u00e9red\u00e9nyek h\u00e1l\u00f3zat\u00e1ban. Ter\u00e1pi\u00e1s opci\u00f3 sz\u00e1mos betegs\u00e9g \u00e9s eg\u00e9szs\u00e9g\u00fcgyi probl\u00e9ma eset\u00e9n. Hat\u00e9konyan seg\u00edti a v\u00e9r \u00e1raml\u00e1s\u00e1t a legkisebb erekben, ez\u00e1ltal jav\u00edtva az oxig\u00e9n \u00e9s t\u00e1panyagok eljuttat\u00e1s\u00e1t a sejtekhez, valamint az anyagcsere-hullad\u00e9kok elsz\u00e1ll\u00edt\u00e1s\u00e1t. Minden m\u00e1s hat\u00e1s a mikrokering\u00e9st jav\u00edt\u00f3 hat\u00e1sb\u00f3l sz\u00e1rmazhat. \u00cdgy t\u00f6bbek k\u00f6z\u00f6tt seg\u00edtheti a kr\u00f3nikus gyullad\u00e1sos f\u00e1jdalmak enyh\u00edt\u00e9s\u00e9t, p\u00e9ld\u00e1ul \u00edz\u00fcleti f\u00e1jdalmak eset\u00e9n. T\u00e1mogatja a s\u00e9r\u00fcl\u00e9sek ut\u00e1ni regener\u00e1ci\u00f3t \u00e9s gy\u00f3gyul\u00e1st, jav\u00edthatja az immunrendszer m\u0171k\u00f6d\u00e9s\u00e9t (mert a j\u00f3 mikrokering\u00e9s az alap a v\u00e9delmi rendszer optim\u00e1lis m\u0171k\u00f6d\u00e9s\u00e9hez), valamint seg\u00edthet az alv\u00e1sprobl\u00e9m\u00e1k enyh\u00edt\u00e9s\u00e9ben, mivel a mikrokering\u00e9s javul\u00e1sa pozit\u00edvan befoly\u00e1solhatja az alv\u00e1si ciklusokat.  \u201eSenki sem ment meg minket, csak mi magunk. Senki nem tud \u00e9s senki sem tehet. Nek\u00fcnk magunknak kell j\u00e1rnunk az utat.\u201d \u2013 Buddha[:en]3.900 HUF (10,50 EUR) \/ 18 minutes The service is available as an individual treatment or can be purchased as a 10-suitable voucher. The 11th treatment is free of charge for the purchase of 10-suitable vouchers!  BEMER devices improve the forward movement of small and very small blood vessels, leading to proper blood distribution in the network of the smallest blood vessels. BEMER is therefore an effective therapeutic option for many diseases and health problems. The device effectively helps blood to flow through the smallest blood vessels, thereby improving the delivery of oxygen and nutrients to cells and the removal of metabolic waste products. All other effects can come from the effect of improving microcirculation. Thus, among other things, it can help relieve chronic inflammatory pain, for example in the case of joint pain. It can support regeneration and healing after injury, improve immune function (because good microcirculation is the basis for optimal functioning of the defence system) and help alleviate sleep problems, as improved microcirculation can positively influence sleep cycles.  &quot;No one saves us but ourselves. No one can and no one may. We ourselves must walk the path.&quot; \u2015 Buddha[:de]3.900 HUF (10,50 EUR) \/ 18 Minuten Die Dienstleistung ist als Einzelbehandlung oder in Form eines 10er-Gutscheins erh\u00e4ltlich. Die 11. Behandlung ist beim Kauf von 10er-Gutscheinen kostenlos!  BEMER-Ger\u00e4te verbessern die Vorw\u00e4rtsbewegung von kleinen und kleinsten Blutgef\u00e4\u00dfen, was zu einer korrekten Blutverteilung im Netz der kleinsten Blutgef\u00e4\u00dfe f\u00fchrt. BEMER ist daher eine wirksame Therapieoption f\u00fcr viele Krankheiten und Gesundheitsprobleme. Das Ger\u00e4t unterst\u00fctzt wirksam den Blutfluss in den kleinsten Blutgef\u00e4\u00dfen und verbessert so die Versorgung der Zellen mit Sauerstoff und N\u00e4hrstoffen sowie den Abtransport von Stoffwechselendprodukten. Alle anderen Wirkungen ergeben sich aus dem Effekt der verbesserten Mikrozirkulation. So kann sie unter anderem dazu beitragen, chronisch-entz\u00fcndliche Schmerzen zu lindern, zum Beispiel bei Gelenkschmerzen. Sie kann die Regeneration und Heilung nach Verletzungen unterst\u00fctzen, die Immunfunktion verbessern (denn eine gute Mikrozirkulation ist die Grundlage f\u00fcr ein optimales Funktionieren des Abwehrsystems) und helfen, Schlafprobleme zu lindern, da eine verbesserte Mikrozirkulation den Schlafzyklus positiv beeinflussen kann.  &quot;Niemand rettet uns, au\u00dfer wir selbst. Niemand kann und niemand darf das. Wir m\u00fcssen selbst den Weg gehen.&quot; - Buddha[:]\" \/>\n<meta property=\"og:url\" content=\"https:\/\/bassiana.hu\/wellness-hotel\/bodylab\/bemer-terapia\/\" \/>\n<meta property=\"og:site_name\" content=\"Hotel Bassiana\" \/>\n<meta property=\"article:modified_time\" content=\"2025-01-08T11:25:13+00:00\" \/>\n<meta property=\"og:image\" content=\"https:\/\/bassiana.hu\/wp-content\/uploads\/2024\/10\/BEMER.jpg\" \/>\n\t<meta property=\"og:image:width\" content=\"639\" \/>\n\t<meta property=\"og:image:height\" content=\"450\" \/>\n\t<meta property=\"og:image:type\" content=\"image\/jpeg\" \/>\n<meta name=\"twitter:card\" content=\"summary_large_image\" \/>\n<meta name=\"twitter:label1\" content=\"Est. reading time\" \/>\n\t<meta name=\"twitter:data1\" content=\"1 minute\" \/>\n<script type=\"application\/ld+json\" class=\"yoast-schema-graph\">{\"@context\":\"https:\\\/\\\/schema.org\",\"@graph\":[{\"@type\":\"WebPage\",\"@id\":\"https:\\\/\\\/bassiana.hu\\\/wellness-hotel\\\/bodylab\\\/bemer-terapia\\\/\",\"url\":\"https:\\\/\\\/bassiana.hu\\\/wellness-hotel\\\/bodylab\\\/bemer-terapia\\\/\",\"name\":\"[:hu]BEMER ter\u00e1pia[:en]BEMER therapy[:de]BEMER-Therapie[:] - Hotel Bassiana\",\"isPartOf\":{\"@id\":\"https:\\\/\\\/bassiana.hu\\\/#website\"},\"primaryImageOfPage\":{\"@id\":\"https:\\\/\\\/bassiana.hu\\\/wellness-hotel\\\/bodylab\\\/bemer-terapia\\\/#primaryimage\"},\"image\":{\"@id\":\"https:\\\/\\\/bassiana.hu\\\/wellness-hotel\\\/bodylab\\\/bemer-terapia\\\/#primaryimage\"},\"thumbnailUrl\":\"https:\\\/\\\/bassiana.hu\\\/wp-content\\\/uploads\\\/2024\\\/10\\\/BEMER.jpg\",\"datePublished\":\"2024-10-21T09:53:33+00:00\",\"dateModified\":\"2025-01-08T11:25:13+00:00\",\"breadcrumb\":{\"@id\":\"https:\\\/\\\/bassiana.hu\\\/wellness-hotel\\\/bodylab\\\/bemer-terapia\\\/#breadcrumb\"},\"inLanguage\":\"en-US\",\"potentialAction\":[{\"@type\":\"ReadAction\",\"target\":[\"https:\\\/\\\/bassiana.hu\\\/wellness-hotel\\\/bodylab\\\/bemer-terapia\\\/\"]}]},{\"@type\":\"ImageObject\",\"inLanguage\":\"en-US\",\"@id\":\"https:\\\/\\\/bassiana.hu\\\/wellness-hotel\\\/bodylab\\\/bemer-terapia\\\/#primaryimage\",\"url\":\"https:\\\/\\\/bassiana.hu\\\/wp-content\\\/uploads\\\/2024\\\/10\\\/BEMER.jpg\",\"contentUrl\":\"https:\\\/\\\/bassiana.hu\\\/wp-content\\\/uploads\\\/2024\\\/10\\\/BEMER.jpg\",\"width\":639,\"height\":450},{\"@type\":\"BreadcrumbList\",\"@id\":\"https:\\\/\\\/bassiana.hu\\\/wellness-hotel\\\/bodylab\\\/bemer-terapia\\\/#breadcrumb\",\"itemListElement\":[{\"@type\":\"ListItem\",\"position\":1,\"name\":\"Kezd\u0151lap\",\"item\":\"https:\\\/\\\/bassiana.hu\\\/\"},{\"@type\":\"ListItem\",\"position\":2,\"name\":\"Wellness\",\"item\":\"https:\\\/\\\/bassiana.hu\\\/wellness-hotel\\\/\"},{\"@type\":\"ListItem\",\"position\":3,\"name\":\"bodyLAB &#038; Beauty\",\"item\":\"https:\\\/\\\/bassiana.hu\\\/wellness-hotel\\\/bodylab\\\/\"},{\"@type\":\"ListItem\",\"position\":4,\"name\":\"BEMER ter\u00e1pia\"}]},{\"@type\":\"WebSite\",\"@id\":\"https:\\\/\\\/bassiana.hu\\\/#website\",\"url\":\"https:\\\/\\\/bassiana.hu\\\/\",\"name\":\"Hotel Bassiana\",\"description\":\"S\u00e1rv\u00e1r\",\"publisher\":{\"@id\":\"https:\\\/\\\/bassiana.hu\\\/#organization\"},\"potentialAction\":[{\"@type\":\"SearchAction\",\"target\":{\"@type\":\"EntryPoint\",\"urlTemplate\":\"https:\\\/\\\/bassiana.hu\\\/?s={search_term_string}\"},\"query-input\":{\"@type\":\"PropertyValueSpecification\",\"valueRequired\":true,\"valueName\":\"search_term_string\"}}],\"inLanguage\":\"en-US\"},{\"@type\":\"Organization\",\"@id\":\"https:\\\/\\\/bassiana.hu\\\/#organization\",\"name\":\"Hotel Bassiana\",\"url\":\"https:\\\/\\\/bassiana.hu\\\/\",\"logo\":{\"@type\":\"ImageObject\",\"inLanguage\":\"en-US\",\"@id\":\"https:\\\/\\\/bassiana.hu\\\/#\\\/schema\\\/logo\\\/image\\\/\",\"url\":\"https:\\\/\\\/bassiana.hu\\\/wp-content\\\/uploads\\\/2025\\\/04\\\/RGBbassiana_logo_RGB_bassiana_boutique_logo_csillaggal_szines_feher_felirat.svg\",\"contentUrl\":\"https:\\\/\\\/bassiana.hu\\\/wp-content\\\/uploads\\\/2025\\\/04\\\/RGBbassiana_logo_RGB_bassiana_boutique_logo_csillaggal_szines_feher_felirat.svg\",\"caption\":\"Hotel Bassiana\"},\"image\":{\"@id\":\"https:\\\/\\\/bassiana.hu\\\/#\\\/schema\\\/logo\\\/image\\\/\"}}]}<\/script>\n<!-- \/ Yoast SEO plugin. -->","yoast_head_json":{"title":"[:hu]BEMER ter\u00e1pia[:en]BEMER therapy[:de]BEMER-Therapie[:] - Hotel Bassiana","robots":{"index":"index","follow":"follow","max-snippet":"max-snippet:-1","max-image-preview":"max-image-preview:large","max-video-preview":"max-video-preview:-1"},"canonical":"https:\/\/bassiana.hu\/wellness-hotel\/bodylab\/bemer-terapia\/","og_locale":"en_US","og_type":"article","og_title":"BEMER therapy - Hotel Bassiana","og_description":"[:hu]3.900 HUF (10,50 EUR) \/ 18 perc A szolg\u00e1ltat\u00e1s egy\u00e9ni kezel\u00e9sk\u00e9nt, vagy min. 10 alkalmas b\u00e9rletben v\u00e1s\u00e1rolhat\u00f3 meg. A 10 alkalmas b\u00e9rlet v\u00e1s\u00e1rl\u00e1sa set\u00e9n a 11. alkalom aj\u00e1nd\u00e9k!  A BEMER k\u00e9sz\u00fcl\u00e9kek jav\u00edtj\u00e1k a kicsi \u00e9s nagyon kicsi v\u00e9red\u00e9nyek tov\u00e1bb\u00edt\u00f3 mozg\u00e1sait,, amely megfelel\u0151 v\u00e9reloszl\u00e1shoz vezet a legkisebb v\u00e9red\u00e9nyek h\u00e1l\u00f3zat\u00e1ban. Ter\u00e1pi\u00e1s opci\u00f3 sz\u00e1mos betegs\u00e9g \u00e9s eg\u00e9szs\u00e9g\u00fcgyi probl\u00e9ma eset\u00e9n. Hat\u00e9konyan seg\u00edti a v\u00e9r \u00e1raml\u00e1s\u00e1t a legkisebb erekben, ez\u00e1ltal jav\u00edtva az oxig\u00e9n \u00e9s t\u00e1panyagok eljuttat\u00e1s\u00e1t a sejtekhez, valamint az anyagcsere-hullad\u00e9kok elsz\u00e1ll\u00edt\u00e1s\u00e1t. Minden m\u00e1s hat\u00e1s a mikrokering\u00e9st jav\u00edt\u00f3 hat\u00e1sb\u00f3l sz\u00e1rmazhat. \u00cdgy t\u00f6bbek k\u00f6z\u00f6tt seg\u00edtheti a kr\u00f3nikus gyullad\u00e1sos f\u00e1jdalmak enyh\u00edt\u00e9s\u00e9t, p\u00e9ld\u00e1ul \u00edz\u00fcleti f\u00e1jdalmak eset\u00e9n. T\u00e1mogatja a s\u00e9r\u00fcl\u00e9sek ut\u00e1ni regener\u00e1ci\u00f3t \u00e9s gy\u00f3gyul\u00e1st, jav\u00edthatja az immunrendszer m\u0171k\u00f6d\u00e9s\u00e9t (mert a j\u00f3 mikrokering\u00e9s az alap a v\u00e9delmi rendszer optim\u00e1lis m\u0171k\u00f6d\u00e9s\u00e9hez), valamint seg\u00edthet az alv\u00e1sprobl\u00e9m\u00e1k enyh\u00edt\u00e9s\u00e9ben, mivel a mikrokering\u00e9s javul\u00e1sa pozit\u00edvan befoly\u00e1solhatja az alv\u00e1si ciklusokat.  \u201eSenki sem ment meg minket, csak mi magunk. Senki nem tud \u00e9s senki sem tehet. Nek\u00fcnk magunknak kell j\u00e1rnunk az utat.\u201d \u2013 Buddha[:en]3.900 HUF (10,50 EUR) \/ 18 minutes The service is available as an individual treatment or can be purchased as a 10-suitable voucher. The 11th treatment is free of charge for the purchase of 10-suitable vouchers!  BEMER devices improve the forward movement of small and very small blood vessels, leading to proper blood distribution in the network of the smallest blood vessels. BEMER is therefore an effective therapeutic option for many diseases and health problems. The device effectively helps blood to flow through the smallest blood vessels, thereby improving the delivery of oxygen and nutrients to cells and the removal of metabolic waste products. All other effects can come from the effect of improving microcirculation. Thus, among other things, it can help relieve chronic inflammatory pain, for example in the case of joint pain. It can support regeneration and healing after injury, improve immune function (because good microcirculation is the basis for optimal functioning of the defence system) and help alleviate sleep problems, as improved microcirculation can positively influence sleep cycles.  \"No one saves us but ourselves. No one can and no one may. We ourselves must walk the path.\" \u2015 Buddha[:de]3.900 HUF (10,50 EUR) \/ 18 Minuten Die Dienstleistung ist als Einzelbehandlung oder in Form eines 10er-Gutscheins erh\u00e4ltlich. Die 11. Behandlung ist beim Kauf von 10er-Gutscheinen kostenlos!  BEMER-Ger\u00e4te verbessern die Vorw\u00e4rtsbewegung von kleinen und kleinsten Blutgef\u00e4\u00dfen, was zu einer korrekten Blutverteilung im Netz der kleinsten Blutgef\u00e4\u00dfe f\u00fchrt. BEMER ist daher eine wirksame Therapieoption f\u00fcr viele Krankheiten und Gesundheitsprobleme. Das Ger\u00e4t unterst\u00fctzt wirksam den Blutfluss in den kleinsten Blutgef\u00e4\u00dfen und verbessert so die Versorgung der Zellen mit Sauerstoff und N\u00e4hrstoffen sowie den Abtransport von Stoffwechselendprodukten. Alle anderen Wirkungen ergeben sich aus dem Effekt der verbesserten Mikrozirkulation. So kann sie unter anderem dazu beitragen, chronisch-entz\u00fcndliche Schmerzen zu lindern, zum Beispiel bei Gelenkschmerzen. Sie kann die Regeneration und Heilung nach Verletzungen unterst\u00fctzen, die Immunfunktion verbessern (denn eine gute Mikrozirkulation ist die Grundlage f\u00fcr ein optimales Funktionieren des Abwehrsystems) und helfen, Schlafprobleme zu lindern, da eine verbesserte Mikrozirkulation den Schlafzyklus positiv beeinflussen kann.  \"Niemand rettet uns, au\u00dfer wir selbst. Niemand kann und niemand darf das. Wir m\u00fcssen selbst den Weg gehen.\" - Buddha[:]","og_url":"https:\/\/bassiana.hu\/wellness-hotel\/bodylab\/bemer-terapia\/","og_site_name":"Hotel Bassiana","article_modified_time":"2025-01-08T11:25:13+00:00","og_image":[{"width":639,"height":450,"url":"https:\/\/bassiana.hu\/wp-content\/uploads\/2024\/10\/BEMER.jpg","type":"image\/jpeg"}],"twitter_card":"summary_large_image","twitter_misc":{"Est. reading time":"1 minute"},"schema":{"@context":"https:\/\/schema.org","@graph":[{"@type":"WebPage","@id":"https:\/\/bassiana.hu\/wellness-hotel\/bodylab\/bemer-terapia\/","url":"https:\/\/bassiana.hu\/wellness-hotel\/bodylab\/bemer-terapia\/","name":"[:hu]BEMER ter\u00e1pia[:en]BEMER therapy[:de]BEMER-Therapie[:] - Hotel Bassiana","isPartOf":{"@id":"https:\/\/bassiana.hu\/#website"},"primaryImageOfPage":{"@id":"https:\/\/bassiana.hu\/wellness-hotel\/bodylab\/bemer-terapia\/#primaryimage"},"image":{"@id":"https:\/\/bassiana.hu\/wellness-hotel\/bodylab\/bemer-terapia\/#primaryimage"},"thumbnailUrl":"https:\/\/bassiana.hu\/wp-content\/uploads\/2024\/10\/BEMER.jpg","datePublished":"2024-10-21T09:53:33+00:00","dateModified":"2025-01-08T11:25:13+00:00","breadcrumb":{"@id":"https:\/\/bassiana.hu\/wellness-hotel\/bodylab\/bemer-terapia\/#breadcrumb"},"inLanguage":"en-US","potentialAction":[{"@type":"ReadAction","target":["https:\/\/bassiana.hu\/wellness-hotel\/bodylab\/bemer-terapia\/"]}]},{"@type":"ImageObject","inLanguage":"en-US","@id":"https:\/\/bassiana.hu\/wellness-hotel\/bodylab\/bemer-terapia\/#primaryimage","url":"https:\/\/bassiana.hu\/wp-content\/uploads\/2024\/10\/BEMER.jpg","contentUrl":"https:\/\/bassiana.hu\/wp-content\/uploads\/2024\/10\/BEMER.jpg","width":639,"height":450},{"@type":"BreadcrumbList","@id":"https:\/\/bassiana.hu\/wellness-hotel\/bodylab\/bemer-terapia\/#breadcrumb","itemListElement":[{"@type":"ListItem","position":1,"name":"Kezd\u0151lap","item":"https:\/\/bassiana.hu\/"},{"@type":"ListItem","position":2,"name":"Wellness","item":"https:\/\/bassiana.hu\/wellness-hotel\/"},{"@type":"ListItem","position":3,"name":"bodyLAB &#038; Beauty","item":"https:\/\/bassiana.hu\/wellness-hotel\/bodylab\/"},{"@type":"ListItem","position":4,"name":"BEMER ter\u00e1pia"}]},{"@type":"WebSite","@id":"https:\/\/bassiana.hu\/#website","url":"https:\/\/bassiana.hu\/","name":"Hotel Bassiana","description":"S\u00e1rv\u00e1r","publisher":{"@id":"https:\/\/bassiana.hu\/#organization"},"potentialAction":[{"@type":"SearchAction","target":{"@type":"EntryPoint","urlTemplate":"https:\/\/bassiana.hu\/?s={search_term_string}"},"query-input":{"@type":"PropertyValueSpecification","valueRequired":true,"valueName":"search_term_string"}}],"inLanguage":"en-US"},{"@type":"Organization","@id":"https:\/\/bassiana.hu\/#organization","name":"Hotel Bassiana","url":"https:\/\/bassiana.hu\/","logo":{"@type":"ImageObject","inLanguage":"en-US","@id":"https:\/\/bassiana.hu\/#\/schema\/logo\/image\/","url":"https:\/\/bassiana.hu\/wp-content\/uploads\/2025\/04\/RGBbassiana_logo_RGB_bassiana_boutique_logo_csillaggal_szines_feher_felirat.svg","contentUrl":"https:\/\/bassiana.hu\/wp-content\/uploads\/2025\/04\/RGBbassiana_logo_RGB_bassiana_boutique_logo_csillaggal_szines_feher_felirat.svg","caption":"Hotel Bassiana"},"image":{"@id":"https:\/\/bassiana.hu\/#\/schema\/logo\/image\/"}}]}},"_links":{"self":[{"href":"https:\/\/bassiana.hu\/en\/wp-json\/wp\/v2\/pages\/1140","targetHints":{"allow":["GET"]}}],"collection":[{"href":"https:\/\/bassiana.hu\/en\/wp-json\/wp\/v2\/pages"}],"about":[{"href":"https:\/\/bassiana.hu\/en\/wp-json\/wp\/v2\/types\/page"}],"author":[{"embeddable":true,"href":"https:\/\/bassiana.hu\/en\/wp-json\/wp\/v2\/users\/1"}],"replies":[{"embeddable":true,"href":"https:\/\/bassiana.hu\/en\/wp-json\/wp\/v2\/comments?post=1140"}],"version-history":[{"count":11,"href":"https:\/\/bassiana.hu\/en\/wp-json\/wp\/v2\/pages\/1140\/revisions"}],"predecessor-version":[{"id":1473,"href":"https:\/\/bassiana.hu\/en\/wp-json\/wp\/v2\/pages\/1140\/revisions\/1473"}],"up":[{"embeddable":true,"href":"https:\/\/bassiana.hu\/en\/wp-json\/wp\/v2\/pages\/35"}],"wp:featuredmedia":[{"embeddable":true,"href":"https:\/\/bassiana.hu\/en\/wp-json\/wp\/v2\/media\/1141"}],"wp:attachment":[{"href":"https:\/\/bassiana.hu\/en\/wp-json\/wp\/v2\/media?parent=1140"}],"curies":[{"name":"wp","href":"https:\/\/api.w.org\/{rel}","templated":true}]}}