{"id":120,"date":"2024-08-23T07:00:25","date_gmt":"2024-08-23T07:00:25","guid":{"rendered":"http:\/\/dev.bassiana.hu\/?page_id=120"},"modified":"2025-07-04T07:49:22","modified_gmt":"2025-07-04T07:49:22","slug":"csomagajanlatok","status":"publish","type":"page","link":"https:\/\/bassiana.hu\/en\/ajanlatok\/csomagajanlatok\/","title":{"rendered":"Prices &#038; Packages"},"content":{"rendered":"","protected":false},"excerpt":{"rendered":"","protected":false},"author":1,"featured_media":0,"parent":118,"menu_order":48,"comment_status":"closed","ping_status":"closed","template":"","meta":{"_acf_changed":false,"inline_featured_image":false,"pgc_sgb_lightbox_settings":"","footnotes":""},"class_list":["post-120","page","type-page","status-publish","hentry"],"acf":[],"yoast_head":"<!-- This site is optimized with the Yoast SEO plugin v27.3 - https:\/\/yoast.com\/product\/yoast-seo-wordpress\/ -->\n<title>Prices &amp; Packages - Kedvezm\u00e9nyes pihen\u00e9s - Hotel Bassiana<\/title>\n<meta name=\"description\" content=\"Tekintse meg a Hotel Bassiana aktu\u00e1lis csomagaj\u00e1nlatait! K\u00fcl\u00f6nleges pihen\u00e9si lehet\u0151s\u00e9gek f\u00e9lpanzi\u00f3val, wellness bel\u00e9p\u0151vel, kedvezm\u00e9nyekkel.\" \/>\n<meta name=\"robots\" content=\"index, follow, max-snippet:-1, max-image-preview:large, max-video-preview:-1\" \/>\n<link rel=\"canonical\" href=\"https:\/\/bassiana.hu\/ajanlatok\/csomagajanlatok\/\" \/>\n<meta property=\"og:locale\" content=\"en_US\" \/>\n<meta property=\"og:type\" content=\"article\" \/>\n<meta property=\"og:title\" content=\"Prices &amp; Packages - Kedvezm\u00e9nyes pihen\u00e9s - Hotel Bassiana\" \/>\n<meta property=\"og:description\" content=\"Tekintse meg a Hotel Bassiana aktu\u00e1lis csomagaj\u00e1nlatait! K\u00fcl\u00f6nleges pihen\u00e9si lehet\u0151s\u00e9gek f\u00e9lpanzi\u00f3val, wellness bel\u00e9p\u0151vel, kedvezm\u00e9nyekkel.\" \/>\n<meta property=\"og:url\" content=\"https:\/\/bassiana.hu\/ajanlatok\/csomagajanlatok\/\" \/>\n<meta property=\"og:site_name\" content=\"Hotel Bassiana\" \/>\n<meta property=\"article:modified_time\" content=\"2025-07-04T07:49:22+00:00\" \/>\n<meta name=\"twitter:card\" content=\"summary_large_image\" \/>\n<script type=\"application\/ld+json\" class=\"yoast-schema-graph\">{\"@context\":\"https:\\\/\\\/schema.org\",\"@graph\":[{\"@type\":\"WebPage\",\"@id\":\"https:\\\/\\\/bassiana.hu\\\/ajanlatok\\\/csomagajanlatok\\\/\",\"url\":\"https:\\\/\\\/bassiana.hu\\\/ajanlatok\\\/csomagajanlatok\\\/\",\"name\":\"[:hu]Csomagaj\u00e1nlatok[:en]Prices & Packages[:de]Preise & Angebote[:] - Kedvezm\u00e9nyes pihen\u00e9s - Hotel Bassiana\",\"isPartOf\":{\"@id\":\"https:\\\/\\\/bassiana.hu\\\/#website\"},\"datePublished\":\"2024-08-23T07:00:25+00:00\",\"dateModified\":\"2025-07-04T07:49:22+00:00\",\"description\":\"Tekintse meg a Hotel Bassiana aktu\u00e1lis csomagaj\u00e1nlatait! K\u00fcl\u00f6nleges pihen\u00e9si lehet\u0151s\u00e9gek f\u00e9lpanzi\u00f3val, wellness bel\u00e9p\u0151vel, kedvezm\u00e9nyekkel.\",\"breadcrumb\":{\"@id\":\"https:\\\/\\\/bassiana.hu\\\/ajanlatok\\\/csomagajanlatok\\\/#breadcrumb\"},\"inLanguage\":\"en-US\",\"potentialAction\":[{\"@type\":\"ReadAction\",\"target\":[\"https:\\\/\\\/bassiana.hu\\\/ajanlatok\\\/csomagajanlatok\\\/\"]}]},{\"@type\":\"BreadcrumbList\",\"@id\":\"https:\\\/\\\/bassiana.hu\\\/ajanlatok\\\/csomagajanlatok\\\/#breadcrumb\",\"itemListElement\":[{\"@type\":\"ListItem\",\"position\":1,\"name\":\"Kezd\u0151lap\",\"item\":\"https:\\\/\\\/bassiana.hu\\\/\"},{\"@type\":\"ListItem\",\"position\":2,\"name\":\"Aj\u00e1nlatok\",\"item\":\"https:\\\/\\\/bassiana.hu\\\/ajanlatok\\\/\"},{\"@type\":\"ListItem\",\"position\":3,\"name\":\"Csomagaj\u00e1nlatok\"}]},{\"@type\":\"WebSite\",\"@id\":\"https:\\\/\\\/bassiana.hu\\\/#website\",\"url\":\"https:\\\/\\\/bassiana.hu\\\/\",\"name\":\"Hotel Bassiana\",\"description\":\"S\u00e1rv\u00e1r\",\"publisher\":{\"@id\":\"https:\\\/\\\/bassiana.hu\\\/#organization\"},\"potentialAction\":[{\"@type\":\"SearchAction\",\"target\":{\"@type\":\"EntryPoint\",\"urlTemplate\":\"https:\\\/\\\/bassiana.hu\\\/?s={search_term_string}\"},\"query-input\":{\"@type\":\"PropertyValueSpecification\",\"valueRequired\":true,\"valueName\":\"search_term_string\"}}],\"inLanguage\":\"en-US\"},{\"@type\":\"Organization\",\"@id\":\"https:\\\/\\\/bassiana.hu\\\/#organization\",\"name\":\"Hotel Bassiana\",\"url\":\"https:\\\/\\\/bassiana.hu\\\/\",\"logo\":{\"@type\":\"ImageObject\",\"inLanguage\":\"en-US\",\"@id\":\"https:\\\/\\\/bassiana.hu\\\/#\\\/schema\\\/logo\\\/image\\\/\",\"url\":\"https:\\\/\\\/bassiana.hu\\\/wp-content\\\/uploads\\\/2025\\\/04\\\/RGBbassiana_logo_RGB_bassiana_boutique_logo_csillaggal_szines_feher_felirat.svg\",\"contentUrl\":\"https:\\\/\\\/bassiana.hu\\\/wp-content\\\/uploads\\\/2025\\\/04\\\/RGBbassiana_logo_RGB_bassiana_boutique_logo_csillaggal_szines_feher_felirat.svg\",\"caption\":\"Hotel Bassiana\"},\"image\":{\"@id\":\"https:\\\/\\\/bassiana.hu\\\/#\\\/schema\\\/logo\\\/image\\\/\"}}]}<\/script>\n<!-- \/ Yoast SEO plugin. -->","yoast_head_json":{"title":"[:hu]Csomagaj\u00e1nlatok[:en]Prices & Packages[:de]Preise & Angebote[:] - Kedvezm\u00e9nyes pihen\u00e9s - Hotel Bassiana","description":"Tekintse meg a Hotel Bassiana aktu\u00e1lis csomagaj\u00e1nlatait! K\u00fcl\u00f6nleges pihen\u00e9si lehet\u0151s\u00e9gek f\u00e9lpanzi\u00f3val, wellness bel\u00e9p\u0151vel, kedvezm\u00e9nyekkel.","robots":{"index":"index","follow":"follow","max-snippet":"max-snippet:-1","max-image-preview":"max-image-preview:large","max-video-preview":"max-video-preview:-1"},"canonical":"https:\/\/bassiana.hu\/ajanlatok\/csomagajanlatok\/","og_locale":"en_US","og_type":"article","og_title":"Prices & Packages - Kedvezm\u00e9nyes pihen\u00e9s - Hotel Bassiana","og_description":"Tekintse meg a Hotel Bassiana aktu\u00e1lis csomagaj\u00e1nlatait! K\u00fcl\u00f6nleges pihen\u00e9si lehet\u0151s\u00e9gek f\u00e9lpanzi\u00f3val, wellness bel\u00e9p\u0151vel, kedvezm\u00e9nyekkel.","og_url":"https:\/\/bassiana.hu\/ajanlatok\/csomagajanlatok\/","og_site_name":"Hotel Bassiana","article_modified_time":"2025-07-04T07:49:22+00:00","twitter_card":"summary_large_image","schema":{"@context":"https:\/\/schema.org","@graph":[{"@type":"WebPage","@id":"https:\/\/bassiana.hu\/ajanlatok\/csomagajanlatok\/","url":"https:\/\/bassiana.hu\/ajanlatok\/csomagajanlatok\/","name":"[:hu]Csomagaj\u00e1nlatok[:en]Prices & Packages[:de]Preise & Angebote[:] - Kedvezm\u00e9nyes pihen\u00e9s - Hotel Bassiana","isPartOf":{"@id":"https:\/\/bassiana.hu\/#website"},"datePublished":"2024-08-23T07:00:25+00:00","dateModified":"2025-07-04T07:49:22+00:00","description":"Tekintse meg a Hotel Bassiana aktu\u00e1lis csomagaj\u00e1nlatait! K\u00fcl\u00f6nleges pihen\u00e9si lehet\u0151s\u00e9gek f\u00e9lpanzi\u00f3val, wellness bel\u00e9p\u0151vel, kedvezm\u00e9nyekkel.","breadcrumb":{"@id":"https:\/\/bassiana.hu\/ajanlatok\/csomagajanlatok\/#breadcrumb"},"inLanguage":"en-US","potentialAction":[{"@type":"ReadAction","target":["https:\/\/bassiana.hu\/ajanlatok\/csomagajanlatok\/"]}]},{"@type":"BreadcrumbList","@id":"https:\/\/bassiana.hu\/ajanlatok\/csomagajanlatok\/#breadcrumb","itemListElement":[{"@type":"ListItem","position":1,"name":"Kezd\u0151lap","item":"https:\/\/bassiana.hu\/"},{"@type":"ListItem","position":2,"name":"Aj\u00e1nlatok","item":"https:\/\/bassiana.hu\/ajanlatok\/"},{"@type":"ListItem","position":3,"name":"Csomagaj\u00e1nlatok"}]},{"@type":"WebSite","@id":"https:\/\/bassiana.hu\/#website","url":"https:\/\/bassiana.hu\/","name":"Hotel Bassiana","description":"S\u00e1rv\u00e1r","publisher":{"@id":"https:\/\/bassiana.hu\/#organization"},"potentialAction":[{"@type":"SearchAction","target":{"@type":"EntryPoint","urlTemplate":"https:\/\/bassiana.hu\/?s={search_term_string}"},"query-input":{"@type":"PropertyValueSpecification","valueRequired":true,"valueName":"search_term_string"}}],"inLanguage":"en-US"},{"@type":"Organization","@id":"https:\/\/bassiana.hu\/#organization","name":"Hotel Bassiana","url":"https:\/\/bassiana.hu\/","logo":{"@type":"ImageObject","inLanguage":"en-US","@id":"https:\/\/bassiana.hu\/#\/schema\/logo\/image\/","url":"https:\/\/bassiana.hu\/wp-content\/uploads\/2025\/04\/RGBbassiana_logo_RGB_bassiana_boutique_logo_csillaggal_szines_feher_felirat.svg","contentUrl":"https:\/\/bassiana.hu\/wp-content\/uploads\/2025\/04\/RGBbassiana_logo_RGB_bassiana_boutique_logo_csillaggal_szines_feher_felirat.svg","caption":"Hotel Bassiana"},"image":{"@id":"https:\/\/bassiana.hu\/#\/schema\/logo\/image\/"}}]}},"_links":{"self":[{"href":"https:\/\/bassiana.hu\/en\/wp-json\/wp\/v2\/pages\/120","targetHints":{"allow":["GET"]}}],"collection":[{"href":"https:\/\/bassiana.hu\/en\/wp-json\/wp\/v2\/pages"}],"about":[{"href":"https:\/\/bassiana.hu\/en\/wp-json\/wp\/v2\/types\/page"}],"author":[{"embeddable":true,"href":"https:\/\/bassiana.hu\/en\/wp-json\/wp\/v2\/users\/1"}],"replies":[{"embeddable":true,"href":"https:\/\/bassiana.hu\/en\/wp-json\/wp\/v2\/comments?post=120"}],"version-history":[{"count":3,"href":"https:\/\/bassiana.hu\/en\/wp-json\/wp\/v2\/pages\/120\/revisions"}],"predecessor-version":[{"id":637,"href":"https:\/\/bassiana.hu\/en\/wp-json\/wp\/v2\/pages\/120\/revisions\/637"}],"up":[{"embeddable":true,"href":"https:\/\/bassiana.hu\/en\/wp-json\/wp\/v2\/pages\/118"}],"wp:attachment":[{"href":"https:\/\/bassiana.hu\/en\/wp-json\/wp\/v2\/media?parent=120"}],"curies":[{"name":"wp","href":"https:\/\/api.w.org\/{rel}","templated":true}]}}