{"id":1800,"date":"2025-05-29T10:20:25","date_gmt":"2025-05-29T10:20:25","guid":{"rendered":"https:\/\/bassiana.hu\/?page_id=1800"},"modified":"2026-02-25T10:41:03","modified_gmt":"2026-02-25T10:41:03","slug":"bodymed","status":"publish","type":"page","link":"https:\/\/bassiana.hu\/en\/wellness-hotel\/bodymed\/","title":{"rendered":"bodyMED"},"content":{"rendered":"<p><\/p>\n<p style=\"text-align: center;\"><span style=\"font-size: 18px;\">Our hotel&#8217;s bodyMED department, expanded with wellness services\u00a0premium physiotherapy treatments to restore and maintain musculoskeletal health. Our guests can benefit from personalised therapy programmes combining modern physiotherapy methods such as Mulligan and Maitland therapy, FDM, fascia and trigger point treatments. From pain <strong>relief to full recovery<\/strong>, all our treatments aim to <strong>increase mobility, improve quality of life<\/strong> and restore the body&#8217;s natural balance. Our innovative techniques &#8211; such as flossing, spinning, kinesiotape or SMR &#8211; help our clients to move freely and pain-free again. <strong>Discover the power of bodyMED<\/strong> and make the most of your own physical and mental well-being!<\/span><\/p>\n<p>&nbsp;<\/p>\n<p style=\"text-align: center;\"><span style=\"font-size: 18px;\"><strong>Our treatments are carried out by N\u00f3ra Horv\u00e1th, physiotherapist and manual therapist<\/strong>. She graduated from the University of P\u00e9cs in 2019. During her university years and since then she has attended several courses to acquire further knowledge, mainly in manual therapy and fascia treatment. She worked in hospital until 2022 and after 2022 in professional sports for 3 years, with the women&#8217;s NB1 champion basketball team. <\/span><span style=\"font-size: 18px;\"><strong>Her main goal is to improve the quality of people&#8217;s lives<\/strong>. She finds the dedication of professional athletes very motivating and considers treatments and physiotherapy as another opportunity on their path to development. She is pleased to see that more and more non-professional athletes and ordinary people are realising the huge potential of this. <\/span><strong><span style=\"font-size: 18px;\">The possibilities offered by the profession: preventive work, prevention and correction of dysfunctions and injuries, acute, early treatment of injuries and long-term rehabilitation, rehabilitation after possible surgery, recognition, reduction and elimination of pain from various sources.<\/span><\/strong><\/p>\n<p>&nbsp;<\/p>\n<p style=\"text-align: center;\"><span style=\"font-size: 18px;\">Personalised movement therapies for a pain-free everyday life<\/span><\/p>\n<p style=\"text-align: center;\"><span style=\"font-size: 18px;\">Physiotherapist-led treatments with modern therapeutic methods<\/span><\/p>\n<p style=\"text-align: center;\"><span style=\"font-size: 18px;\">Premium level regeneration for freedom of body and movement<\/span><\/p>\n<p>&nbsp;<\/p>\n<p style=\"text-align: center;\"><strong><span style=\"font-size: 18px;\">Enquiries and appointments: +36 70 788 1188<\/span><\/strong><\/p>\n<p style=\"text-align: center;\"><strong><span style=\"font-size: 18px;\">Email: reservation@bassiana.hu<\/span><\/strong><\/p>\n<p><\/p>","protected":false},"excerpt":{"rendered":"<p>The bodyMED section is designed to restore the body&#8217;s natural balance and effectively treat musculoskeletal complaints &#8211; so that your recharging experience at Hotel Bassiana is truly complete. Our personalised therapies help relieve joint pain, improve mobility and support rehabilitation after injury or surgery. Our advanced manual therapy methods, fascia treatments and regenerative techniques reduce chronic tension, increase circulation and support tissue healing. BodyMED treatments are designed to benefit our guests&#8217; health, well-being and active quality of life.<\/p>\n","protected":false},"author":1,"featured_media":1801,"parent":27,"menu_order":4,"comment_status":"closed","ping_status":"closed","template":"","meta":{"_acf_changed":false,"inline_featured_image":false,"pgc_sgb_lightbox_settings":"","footnotes":""},"class_list":["post-1800","page","type-page","status-publish","has-post-thumbnail","hentry"],"acf":[],"yoast_head":"<!-- This site is optimized with the Yoast SEO plugin v27.3 - https:\/\/yoast.com\/product\/yoast-seo-wordpress\/ -->\n<title>bodyMED - Hotel Bassiana<\/title>\n<meta name=\"description\" content=\"S\u00e1rv\u00e1ri sz\u00e1llod\u00e1nk egyed\u00fcl\u00e1ll\u00f3 pr\u00e9mium szint\u0171 gy\u00f3gyter\u00e1pi\u00e1s kezel\u00e9seket k\u00edn\u00e1l. Fedezze fel a bodyMED erej\u00e9t, \u00e9s hozza ki a legt\u00f6bbet saj\u00e1t testi-lelki j\u00f3l\u00e9t\u00e9b\u0151l!\" \/>\n<meta name=\"robots\" content=\"index, follow, max-snippet:-1, max-image-preview:large, max-video-preview:-1\" \/>\n<link rel=\"canonical\" href=\"https:\/\/bassiana.hu\/wellness-hotel\/bodymed\/\" \/>\n<meta property=\"og:locale\" content=\"en_US\" \/>\n<meta property=\"og:type\" content=\"article\" \/>\n<meta property=\"og:title\" content=\"bodyMED - Hotel Bassiana\" \/>\n<meta property=\"og:description\" content=\"S\u00e1rv\u00e1ri sz\u00e1llod\u00e1nk egyed\u00fcl\u00e1ll\u00f3 pr\u00e9mium szint\u0171 gy\u00f3gyter\u00e1pi\u00e1s kezel\u00e9seket k\u00edn\u00e1l. Fedezze fel a bodyMED erej\u00e9t, \u00e9s hozza ki a legt\u00f6bbet saj\u00e1t testi-lelki j\u00f3l\u00e9t\u00e9b\u0151l!\" \/>\n<meta property=\"og:url\" content=\"https:\/\/bassiana.hu\/wellness-hotel\/bodymed\/\" \/>\n<meta property=\"og:site_name\" content=\"Hotel Bassiana\" \/>\n<meta property=\"article:modified_time\" content=\"2026-02-25T10:41:03+00:00\" \/>\n<meta property=\"og:image\" content=\"https:\/\/bassiana.hu\/wp-content\/uploads\/2025\/05\/gyogytorna_bodyMED-scaled.jpg\" \/>\n\t<meta property=\"og:image:width\" content=\"2560\" \/>\n\t<meta property=\"og:image:height\" content=\"1707\" \/>\n\t<meta property=\"og:image:type\" content=\"image\/jpeg\" \/>\n<meta name=\"twitter:card\" content=\"summary_large_image\" \/>\n<meta name=\"twitter:label1\" content=\"Est. reading time\" \/>\n\t<meta name=\"twitter:data1\" content=\"2 minutes\" \/>\n<script type=\"application\/ld+json\" class=\"yoast-schema-graph\">{\"@context\":\"https:\\\/\\\/schema.org\",\"@graph\":[{\"@type\":\"WebPage\",\"@id\":\"https:\\\/\\\/bassiana.hu\\\/wellness-hotel\\\/bodymed\\\/\",\"url\":\"https:\\\/\\\/bassiana.hu\\\/wellness-hotel\\\/bodymed\\\/\",\"name\":\"bodyMED - Hotel Bassiana\",\"isPartOf\":{\"@id\":\"https:\\\/\\\/bassiana.hu\\\/#website\"},\"primaryImageOfPage\":{\"@id\":\"https:\\\/\\\/bassiana.hu\\\/wellness-hotel\\\/bodymed\\\/#primaryimage\"},\"image\":{\"@id\":\"https:\\\/\\\/bassiana.hu\\\/wellness-hotel\\\/bodymed\\\/#primaryimage\"},\"thumbnailUrl\":\"https:\\\/\\\/bassiana.hu\\\/wp-content\\\/uploads\\\/2025\\\/05\\\/gyogytorna_bodyMED-scaled.jpg\",\"datePublished\":\"2025-05-29T10:20:25+00:00\",\"dateModified\":\"2026-02-25T10:41:03+00:00\",\"description\":\"S\u00e1rv\u00e1ri sz\u00e1llod\u00e1nk egyed\u00fcl\u00e1ll\u00f3 pr\u00e9mium szint\u0171 gy\u00f3gyter\u00e1pi\u00e1s kezel\u00e9seket k\u00edn\u00e1l. Fedezze fel a bodyMED erej\u00e9t, \u00e9s hozza ki a legt\u00f6bbet saj\u00e1t testi-lelki j\u00f3l\u00e9t\u00e9b\u0151l!\",\"breadcrumb\":{\"@id\":\"https:\\\/\\\/bassiana.hu\\\/wellness-hotel\\\/bodymed\\\/#breadcrumb\"},\"inLanguage\":\"en-US\",\"potentialAction\":[{\"@type\":\"ReadAction\",\"target\":[\"https:\\\/\\\/bassiana.hu\\\/wellness-hotel\\\/bodymed\\\/\"]}]},{\"@type\":\"ImageObject\",\"inLanguage\":\"en-US\",\"@id\":\"https:\\\/\\\/bassiana.hu\\\/wellness-hotel\\\/bodymed\\\/#primaryimage\",\"url\":\"https:\\\/\\\/bassiana.hu\\\/wp-content\\\/uploads\\\/2025\\\/05\\\/gyogytorna_bodyMED-scaled.jpg\",\"contentUrl\":\"https:\\\/\\\/bassiana.hu\\\/wp-content\\\/uploads\\\/2025\\\/05\\\/gyogytorna_bodyMED-scaled.jpg\",\"width\":2560,\"height\":1707,\"caption\":\"bodymed s\u00e1rv\u00e1r\"},{\"@type\":\"BreadcrumbList\",\"@id\":\"https:\\\/\\\/bassiana.hu\\\/wellness-hotel\\\/bodymed\\\/#breadcrumb\",\"itemListElement\":[{\"@type\":\"ListItem\",\"position\":1,\"name\":\"Kezd\u0151lap\",\"item\":\"https:\\\/\\\/bassiana.hu\\\/\"},{\"@type\":\"ListItem\",\"position\":2,\"name\":\"Wellness\",\"item\":\"https:\\\/\\\/bassiana.hu\\\/wellness-hotel\\\/\"},{\"@type\":\"ListItem\",\"position\":3,\"name\":\"bodyMED\"}]},{\"@type\":\"WebSite\",\"@id\":\"https:\\\/\\\/bassiana.hu\\\/#website\",\"url\":\"https:\\\/\\\/bassiana.hu\\\/\",\"name\":\"Hotel Bassiana\",\"description\":\"S\u00e1rv\u00e1r\",\"publisher\":{\"@id\":\"https:\\\/\\\/bassiana.hu\\\/#organization\"},\"potentialAction\":[{\"@type\":\"SearchAction\",\"target\":{\"@type\":\"EntryPoint\",\"urlTemplate\":\"https:\\\/\\\/bassiana.hu\\\/?s={search_term_string}\"},\"query-input\":{\"@type\":\"PropertyValueSpecification\",\"valueRequired\":true,\"valueName\":\"search_term_string\"}}],\"inLanguage\":\"en-US\"},{\"@type\":\"Organization\",\"@id\":\"https:\\\/\\\/bassiana.hu\\\/#organization\",\"name\":\"Hotel Bassiana\",\"url\":\"https:\\\/\\\/bassiana.hu\\\/\",\"logo\":{\"@type\":\"ImageObject\",\"inLanguage\":\"en-US\",\"@id\":\"https:\\\/\\\/bassiana.hu\\\/#\\\/schema\\\/logo\\\/image\\\/\",\"url\":\"https:\\\/\\\/bassiana.hu\\\/wp-content\\\/uploads\\\/2025\\\/04\\\/RGBbassiana_logo_RGB_bassiana_boutique_logo_csillaggal_szines_feher_felirat.svg\",\"contentUrl\":\"https:\\\/\\\/bassiana.hu\\\/wp-content\\\/uploads\\\/2025\\\/04\\\/RGBbassiana_logo_RGB_bassiana_boutique_logo_csillaggal_szines_feher_felirat.svg\",\"caption\":\"Hotel Bassiana\"},\"image\":{\"@id\":\"https:\\\/\\\/bassiana.hu\\\/#\\\/schema\\\/logo\\\/image\\\/\"}}]}<\/script>\n<!-- \/ Yoast SEO plugin. -->","yoast_head_json":{"title":"bodyMED - Hotel Bassiana","description":"S\u00e1rv\u00e1ri sz\u00e1llod\u00e1nk egyed\u00fcl\u00e1ll\u00f3 pr\u00e9mium szint\u0171 gy\u00f3gyter\u00e1pi\u00e1s kezel\u00e9seket k\u00edn\u00e1l. Fedezze fel a bodyMED erej\u00e9t, \u00e9s hozza ki a legt\u00f6bbet saj\u00e1t testi-lelki j\u00f3l\u00e9t\u00e9b\u0151l!","robots":{"index":"index","follow":"follow","max-snippet":"max-snippet:-1","max-image-preview":"max-image-preview:large","max-video-preview":"max-video-preview:-1"},"canonical":"https:\/\/bassiana.hu\/wellness-hotel\/bodymed\/","og_locale":"en_US","og_type":"article","og_title":"bodyMED - Hotel Bassiana","og_description":"S\u00e1rv\u00e1ri sz\u00e1llod\u00e1nk egyed\u00fcl\u00e1ll\u00f3 pr\u00e9mium szint\u0171 gy\u00f3gyter\u00e1pi\u00e1s kezel\u00e9seket k\u00edn\u00e1l. Fedezze fel a bodyMED erej\u00e9t, \u00e9s hozza ki a legt\u00f6bbet saj\u00e1t testi-lelki j\u00f3l\u00e9t\u00e9b\u0151l!","og_url":"https:\/\/bassiana.hu\/wellness-hotel\/bodymed\/","og_site_name":"Hotel Bassiana","article_modified_time":"2026-02-25T10:41:03+00:00","og_image":[{"width":2560,"height":1707,"url":"https:\/\/bassiana.hu\/wp-content\/uploads\/2025\/05\/gyogytorna_bodyMED-scaled.jpg","type":"image\/jpeg"}],"twitter_card":"summary_large_image","twitter_misc":{"Est. reading time":"2 minutes"},"schema":{"@context":"https:\/\/schema.org","@graph":[{"@type":"WebPage","@id":"https:\/\/bassiana.hu\/wellness-hotel\/bodymed\/","url":"https:\/\/bassiana.hu\/wellness-hotel\/bodymed\/","name":"bodyMED - Hotel Bassiana","isPartOf":{"@id":"https:\/\/bassiana.hu\/#website"},"primaryImageOfPage":{"@id":"https:\/\/bassiana.hu\/wellness-hotel\/bodymed\/#primaryimage"},"image":{"@id":"https:\/\/bassiana.hu\/wellness-hotel\/bodymed\/#primaryimage"},"thumbnailUrl":"https:\/\/bassiana.hu\/wp-content\/uploads\/2025\/05\/gyogytorna_bodyMED-scaled.jpg","datePublished":"2025-05-29T10:20:25+00:00","dateModified":"2026-02-25T10:41:03+00:00","description":"S\u00e1rv\u00e1ri sz\u00e1llod\u00e1nk egyed\u00fcl\u00e1ll\u00f3 pr\u00e9mium szint\u0171 gy\u00f3gyter\u00e1pi\u00e1s kezel\u00e9seket k\u00edn\u00e1l. Fedezze fel a bodyMED erej\u00e9t, \u00e9s hozza ki a legt\u00f6bbet saj\u00e1t testi-lelki j\u00f3l\u00e9t\u00e9b\u0151l!","breadcrumb":{"@id":"https:\/\/bassiana.hu\/wellness-hotel\/bodymed\/#breadcrumb"},"inLanguage":"en-US","potentialAction":[{"@type":"ReadAction","target":["https:\/\/bassiana.hu\/wellness-hotel\/bodymed\/"]}]},{"@type":"ImageObject","inLanguage":"en-US","@id":"https:\/\/bassiana.hu\/wellness-hotel\/bodymed\/#primaryimage","url":"https:\/\/bassiana.hu\/wp-content\/uploads\/2025\/05\/gyogytorna_bodyMED-scaled.jpg","contentUrl":"https:\/\/bassiana.hu\/wp-content\/uploads\/2025\/05\/gyogytorna_bodyMED-scaled.jpg","width":2560,"height":1707,"caption":"bodymed s\u00e1rv\u00e1r"},{"@type":"BreadcrumbList","@id":"https:\/\/bassiana.hu\/wellness-hotel\/bodymed\/#breadcrumb","itemListElement":[{"@type":"ListItem","position":1,"name":"Kezd\u0151lap","item":"https:\/\/bassiana.hu\/"},{"@type":"ListItem","position":2,"name":"Wellness","item":"https:\/\/bassiana.hu\/wellness-hotel\/"},{"@type":"ListItem","position":3,"name":"bodyMED"}]},{"@type":"WebSite","@id":"https:\/\/bassiana.hu\/#website","url":"https:\/\/bassiana.hu\/","name":"Hotel Bassiana","description":"S\u00e1rv\u00e1r","publisher":{"@id":"https:\/\/bassiana.hu\/#organization"},"potentialAction":[{"@type":"SearchAction","target":{"@type":"EntryPoint","urlTemplate":"https:\/\/bassiana.hu\/?s={search_term_string}"},"query-input":{"@type":"PropertyValueSpecification","valueRequired":true,"valueName":"search_term_string"}}],"inLanguage":"en-US"},{"@type":"Organization","@id":"https:\/\/bassiana.hu\/#organization","name":"Hotel Bassiana","url":"https:\/\/bassiana.hu\/","logo":{"@type":"ImageObject","inLanguage":"en-US","@id":"https:\/\/bassiana.hu\/#\/schema\/logo\/image\/","url":"https:\/\/bassiana.hu\/wp-content\/uploads\/2025\/04\/RGBbassiana_logo_RGB_bassiana_boutique_logo_csillaggal_szines_feher_felirat.svg","contentUrl":"https:\/\/bassiana.hu\/wp-content\/uploads\/2025\/04\/RGBbassiana_logo_RGB_bassiana_boutique_logo_csillaggal_szines_feher_felirat.svg","caption":"Hotel Bassiana"},"image":{"@id":"https:\/\/bassiana.hu\/#\/schema\/logo\/image\/"}}]}},"_links":{"self":[{"href":"https:\/\/bassiana.hu\/en\/wp-json\/wp\/v2\/pages\/1800","targetHints":{"allow":["GET"]}}],"collection":[{"href":"https:\/\/bassiana.hu\/en\/wp-json\/wp\/v2\/pages"}],"about":[{"href":"https:\/\/bassiana.hu\/en\/wp-json\/wp\/v2\/types\/page"}],"author":[{"embeddable":true,"href":"https:\/\/bassiana.hu\/en\/wp-json\/wp\/v2\/users\/1"}],"replies":[{"embeddable":true,"href":"https:\/\/bassiana.hu\/en\/wp-json\/wp\/v2\/comments?post=1800"}],"version-history":[{"count":23,"href":"https:\/\/bassiana.hu\/en\/wp-json\/wp\/v2\/pages\/1800\/revisions"}],"predecessor-version":[{"id":2365,"href":"https:\/\/bassiana.hu\/en\/wp-json\/wp\/v2\/pages\/1800\/revisions\/2365"}],"up":[{"embeddable":true,"href":"https:\/\/bassiana.hu\/en\/wp-json\/wp\/v2\/pages\/27"}],"wp:featuredmedia":[{"embeddable":true,"href":"https:\/\/bassiana.hu\/en\/wp-json\/wp\/v2\/media\/1801"}],"wp:attachment":[{"href":"https:\/\/bassiana.hu\/en\/wp-json\/wp\/v2\/media?parent=1800"}],"curies":[{"name":"wp","href":"https:\/\/api.w.org\/{rel}","templated":true}]}}