{"id":214,"date":"2024-09-10T10:04:38","date_gmt":"2024-09-10T10:04:38","guid":{"rendered":"http:\/\/dev.bassiana.hu\/?page_id=214"},"modified":"2025-01-08T11:28:45","modified_gmt":"2025-01-08T11:28:45","slug":"arckezelesek","status":"publish","type":"page","link":"https:\/\/bassiana.hu\/en\/wellness-hotel\/bodylab\/arckezelesek\/","title":{"rendered":"Germaine de Capuccini treatments"},"content":{"rendered":"","protected":false},"excerpt":{"rendered":"<p>o\t19.000 HUF (50 EUR) 90 minutes \/ body + face<br \/>\no\t11.900 HUF (31,50 EUR) 45 minutes \/ face only<\/p>\n<p>The service can be purchased as an individual treatment or as a 5 \/ 10 suitable voucher. The 11th treatment is free with the purchase of 10 suitable voucher!<\/p>\n<p>Allow yourself to be enchanted by the delicate fragrances of the products! One of our main criteria in the product selection process was to ensure that the cosmetics we offer are free of animal testing and are used by our professionals. The products use natural ingredients to restore our skin to the effects of our lifestyle and the external conditions of our age. After a skin diagnosis, even a facial massage precedes an effective and efficient treatment. Then, after a complex skin preparation phase, the treatment begins, which can be tailored to rejuvenate, deeply hydrate, firm, purify, revitalise or even do more in one!<\/p>\n<p>&#8220;Although no one can go back and start over, anyone can start now to create a new finish.&#8221; &#8211; Carl Bard<\/p>\n","protected":false},"author":1,"featured_media":1194,"parent":35,"menu_order":29,"comment_status":"closed","ping_status":"closed","template":"","meta":{"_acf_changed":false,"inline_featured_image":false,"pgc_sgb_lightbox_settings":"","footnotes":""},"class_list":["post-214","page","type-page","status-publish","has-post-thumbnail","hentry"],"acf":[],"yoast_head":"<!-- This site is optimized with the Yoast SEO plugin v27.4 - https:\/\/yoast.com\/product\/yoast-seo-wordpress\/ -->\n<title>Germaine de Capuccini treatments - Hotel Bassiana<\/title>\n<meta name=\"robots\" content=\"index, follow, max-snippet:-1, max-image-preview:large, max-video-preview:-1\" \/>\n<link rel=\"canonical\" href=\"https:\/\/bassiana.hu\/wellness-hotel\/bodylab\/arckezelesek\/\" \/>\n<meta property=\"og:locale\" content=\"en_US\" \/>\n<meta property=\"og:type\" content=\"article\" \/>\n<meta property=\"og:title\" content=\"Germaine de Capuccini treatments - Hotel Bassiana\" \/>\n<meta property=\"og:description\" content=\"[:hu]o 19.000 HUF (50 EUR) 90 perc \/ arc + testkezel\u00e9s o 11.900 HUF (31,50 EUR) 45 perc \/ csak arckezel\u00e9s  A szolg\u00e1ltat\u00e1s egy\u00e9ni kezel\u00e9sk\u00e9nt, vagy 5 \/ 10 alkalmas b\u00e9rletben v\u00e1s\u00e1rolhat\u00f3 meg. A 10 alkalmas b\u00e9rlet v\u00e1s\u00e1rl\u00e1sa set\u00e9n a 11. alkalom aj\u00e1nd\u00e9k!  Engedje meg, hogy elvar\u00e1zsolja a term\u00e9kek finom illatvil\u00e1gga! A term\u00e9kv\u00e1laszt\u00e1sn\u00e1l az egyik f\u0151 szempontunk volt, hogy \u00e1llatk\u00eds\u00e9rletmentesek legyenek a k\u00edn\u00e1lt kozmetikumok, melyekkel szakembereink dolgoznak. A term\u00e9kek term\u00e9szetes alapanyagok felhaszn\u00e1l\u00e1s\u00e1val igyekeznek vissza\u00e1ll\u00edtani b\u0151r\u00fcnk\u00f6n az \u00e9letvitel\u00fcnkb\u0151l \u00e9s a korunkb\u00f3l ad\u00f3d\u00f3 k\u00fcls\u0151 k\u00f6r\u00fclm\u00e9nyek hat\u00e1sait. A b\u0151rdiagnosztik\u00e1t k\u00f6vet\u0151en m\u00e9g egy arcmassz\u00e1zs is megel\u0151zi az effekt\u00edv \u00e9s eredm\u00e9nyes kezel\u00e9st. Ezut\u00e1n a komplex b\u0151rel\u0151k\u00e9sz\u00edt\u0151 f\u00e1zis ut\u00e1n indul a kezel\u00e9s, amely szem\u00e9lyre szabottan b\u0151rfiatal\u00edt\u00f3, m\u00e9lyhidrat\u00e1l\u00f3, feszes\u00edt\u0151, tiszt\u00edt\u00f3, revitaliz\u00e1l\u00f3, vagy ak\u00e1r t\u00f6bb az egyben is el\u00e9rhet\u0151!  \u201eHab\u00e1r senki sem tud visszamenni \u00e9s \u00fajrakezdeni, b\u00e1rki el tudja kezdeni most, hogy \u00faj befejez\u00e9st teremtsen.\u201d - Carl Bard[:en]o 19.000 HUF (50 EUR) 90 minutes \/ body + face o 11.900 HUF (31,50 EUR) 45 minutes \/ face only  The service can be purchased as an individual treatment or as a 5 \/ 10 suitable voucher. The 11th treatment is free with the purchase of 10 suitable voucher!  Allow yourself to be enchanted by the delicate fragrances of the products! One of our main criteria in the product selection process was to ensure that the cosmetics we offer are free of animal testing and are used by our professionals. The products use natural ingredients to restore our skin to the effects of our lifestyle and the external conditions of our age. After a skin diagnosis, even a facial massage precedes an effective and efficient treatment. Then, after a complex skin preparation phase, the treatment begins, which can be tailored to rejuvenate, deeply hydrate, firm, purify, revitalise or even do more in one!  &quot;Although no one can go back and start over, anyone can start now to create a new finish.&quot; - Carl Bard[:de]o 19.000 HUF (50 EUR) 90 Minuten \/ K\u00f6rper + Gesicht o 11.900 HUF (31,50 EUR) 45 Minuten \/ nur Gesicht  Die Dienstleistung kann als Einzelbehandlung oder als 5 \/ 10 passende Gutscheine gekauft werden. Die 11. Behandlung ist beim Kauf von 10 passenden Gutscheinen kostenlos!  Lassen Sie sich von den zarten D\u00fcften der Produkte verzaubern! Eines unserer Hauptkriterien bei der Produktauswahl war es, sicherzustellen, dass die von uns angebotenen Kosmetika frei von Tierversuchen sind und von unseren Fachleuten verwendet werden. Die Produkte verwenden nat\u00fcrliche Inhaltsstoffe, um unsere Haut auf die Auswirkungen unseres Lebensstils und die \u00e4u\u00dferen Bedingungen unseres Alters einzustellen. Nach einer Hautdiagnose geht auch eine Gesichtsmassage einer effektiven und effizienten Behandlung voraus. Nach einer komplexen Vorbereitungsphase der Haut beginnt die Behandlung, die auf Verj\u00fcngung, Tiefenhydratisierung, Straffung, Entschlackung, Revitalisierung oder sogar auf mehr in einem abgestimmt werden kann!  \u201eNiemand kann zur\u00fcckgehen und neu beginnen, aber jeder kann jetzt damit beginnen, ein neues Finish zu schaffen.\u201c - Carl Bard[:]\" \/>\n<meta property=\"og:url\" content=\"https:\/\/bassiana.hu\/wellness-hotel\/bodylab\/arckezelesek\/\" \/>\n<meta property=\"og:site_name\" content=\"Hotel Bassiana\" \/>\n<meta property=\"article:modified_time\" content=\"2025-01-08T11:28:45+00:00\" \/>\n<meta property=\"og:image\" content=\"https:\/\/bassiana.hu\/wp-content\/uploads\/2024\/10\/Germaine-de-Capuccini.png\" \/>\n\t<meta property=\"og:image:width\" content=\"632\" \/>\n\t<meta property=\"og:image:height\" content=\"802\" \/>\n\t<meta property=\"og:image:type\" content=\"image\/png\" \/>\n<meta name=\"twitter:card\" content=\"summary_large_image\" \/>\n<meta name=\"twitter:label1\" content=\"Est. reading time\" \/>\n\t<meta name=\"twitter:data1\" content=\"1 minute\" \/>\n<script type=\"application\/ld+json\" class=\"yoast-schema-graph\">{\"@context\":\"https:\\\/\\\/schema.org\",\"@graph\":[{\"@type\":\"WebPage\",\"@id\":\"https:\\\/\\\/bassiana.hu\\\/wellness-hotel\\\/bodylab\\\/arckezelesek\\\/\",\"url\":\"https:\\\/\\\/bassiana.hu\\\/wellness-hotel\\\/bodylab\\\/arckezelesek\\\/\",\"name\":\"[:hu]Germaine de Capuccini kezel\u00e9sek[:en]Germaine de Capuccini treatments[:de]Germaine de Capuccini Behandlungen[:] - Hotel Bassiana\",\"isPartOf\":{\"@id\":\"https:\\\/\\\/bassiana.hu\\\/#website\"},\"primaryImageOfPage\":{\"@id\":\"https:\\\/\\\/bassiana.hu\\\/wellness-hotel\\\/bodylab\\\/arckezelesek\\\/#primaryimage\"},\"image\":{\"@id\":\"https:\\\/\\\/bassiana.hu\\\/wellness-hotel\\\/bodylab\\\/arckezelesek\\\/#primaryimage\"},\"thumbnailUrl\":\"https:\\\/\\\/bassiana.hu\\\/wp-content\\\/uploads\\\/2024\\\/10\\\/Germaine-de-Capuccini.png\",\"datePublished\":\"2024-09-10T10:04:38+00:00\",\"dateModified\":\"2025-01-08T11:28:45+00:00\",\"breadcrumb\":{\"@id\":\"https:\\\/\\\/bassiana.hu\\\/wellness-hotel\\\/bodylab\\\/arckezelesek\\\/#breadcrumb\"},\"inLanguage\":\"en-US\",\"potentialAction\":[{\"@type\":\"ReadAction\",\"target\":[\"https:\\\/\\\/bassiana.hu\\\/wellness-hotel\\\/bodylab\\\/arckezelesek\\\/\"]}]},{\"@type\":\"ImageObject\",\"inLanguage\":\"en-US\",\"@id\":\"https:\\\/\\\/bassiana.hu\\\/wellness-hotel\\\/bodylab\\\/arckezelesek\\\/#primaryimage\",\"url\":\"https:\\\/\\\/bassiana.hu\\\/wp-content\\\/uploads\\\/2024\\\/10\\\/Germaine-de-Capuccini.png\",\"contentUrl\":\"https:\\\/\\\/bassiana.hu\\\/wp-content\\\/uploads\\\/2024\\\/10\\\/Germaine-de-Capuccini.png\",\"width\":632,\"height\":802},{\"@type\":\"BreadcrumbList\",\"@id\":\"https:\\\/\\\/bassiana.hu\\\/wellness-hotel\\\/bodylab\\\/arckezelesek\\\/#breadcrumb\",\"itemListElement\":[{\"@type\":\"ListItem\",\"position\":1,\"name\":\"Kezd\u0151lap\",\"item\":\"https:\\\/\\\/bassiana.hu\\\/\"},{\"@type\":\"ListItem\",\"position\":2,\"name\":\"Wellness\",\"item\":\"https:\\\/\\\/bassiana.hu\\\/wellness-hotel\\\/\"},{\"@type\":\"ListItem\",\"position\":3,\"name\":\"bodyLAB &#038; Beauty\",\"item\":\"https:\\\/\\\/bassiana.hu\\\/wellness-hotel\\\/bodylab\\\/\"},{\"@type\":\"ListItem\",\"position\":4,\"name\":\"Germaine de Capuccini kezel\u00e9sek\"}]},{\"@type\":\"WebSite\",\"@id\":\"https:\\\/\\\/bassiana.hu\\\/#website\",\"url\":\"https:\\\/\\\/bassiana.hu\\\/\",\"name\":\"Hotel Bassiana\",\"description\":\"S\u00e1rv\u00e1r\",\"publisher\":{\"@id\":\"https:\\\/\\\/bassiana.hu\\\/#organization\"},\"potentialAction\":[{\"@type\":\"SearchAction\",\"target\":{\"@type\":\"EntryPoint\",\"urlTemplate\":\"https:\\\/\\\/bassiana.hu\\\/?s={search_term_string}\"},\"query-input\":{\"@type\":\"PropertyValueSpecification\",\"valueRequired\":true,\"valueName\":\"search_term_string\"}}],\"inLanguage\":\"en-US\"},{\"@type\":\"Organization\",\"@id\":\"https:\\\/\\\/bassiana.hu\\\/#organization\",\"name\":\"Hotel Bassiana\",\"url\":\"https:\\\/\\\/bassiana.hu\\\/\",\"logo\":{\"@type\":\"ImageObject\",\"inLanguage\":\"en-US\",\"@id\":\"https:\\\/\\\/bassiana.hu\\\/#\\\/schema\\\/logo\\\/image\\\/\",\"url\":\"https:\\\/\\\/bassiana.hu\\\/wp-content\\\/uploads\\\/2025\\\/04\\\/RGBbassiana_logo_RGB_bassiana_boutique_logo_csillaggal_szines_feher_felirat.svg\",\"contentUrl\":\"https:\\\/\\\/bassiana.hu\\\/wp-content\\\/uploads\\\/2025\\\/04\\\/RGBbassiana_logo_RGB_bassiana_boutique_logo_csillaggal_szines_feher_felirat.svg\",\"caption\":\"Hotel Bassiana\"},\"image\":{\"@id\":\"https:\\\/\\\/bassiana.hu\\\/#\\\/schema\\\/logo\\\/image\\\/\"}}]}<\/script>\n<!-- \/ Yoast SEO plugin. -->","yoast_head_json":{"title":"[:hu]Germaine de Capuccini kezel\u00e9sek[:en]Germaine de Capuccini treatments[:de]Germaine de Capuccini Behandlungen[:] - Hotel Bassiana","robots":{"index":"index","follow":"follow","max-snippet":"max-snippet:-1","max-image-preview":"max-image-preview:large","max-video-preview":"max-video-preview:-1"},"canonical":"https:\/\/bassiana.hu\/wellness-hotel\/bodylab\/arckezelesek\/","og_locale":"en_US","og_type":"article","og_title":"Germaine de Capuccini treatments - Hotel Bassiana","og_description":"[:hu]o 19.000 HUF (50 EUR) 90 perc \/ arc + testkezel\u00e9s o 11.900 HUF (31,50 EUR) 45 perc \/ csak arckezel\u00e9s  A szolg\u00e1ltat\u00e1s egy\u00e9ni kezel\u00e9sk\u00e9nt, vagy 5 \/ 10 alkalmas b\u00e9rletben v\u00e1s\u00e1rolhat\u00f3 meg. A 10 alkalmas b\u00e9rlet v\u00e1s\u00e1rl\u00e1sa set\u00e9n a 11. alkalom aj\u00e1nd\u00e9k!  Engedje meg, hogy elvar\u00e1zsolja a term\u00e9kek finom illatvil\u00e1gga! A term\u00e9kv\u00e1laszt\u00e1sn\u00e1l az egyik f\u0151 szempontunk volt, hogy \u00e1llatk\u00eds\u00e9rletmentesek legyenek a k\u00edn\u00e1lt kozmetikumok, melyekkel szakembereink dolgoznak. A term\u00e9kek term\u00e9szetes alapanyagok felhaszn\u00e1l\u00e1s\u00e1val igyekeznek vissza\u00e1ll\u00edtani b\u0151r\u00fcnk\u00f6n az \u00e9letvitel\u00fcnkb\u0151l \u00e9s a korunkb\u00f3l ad\u00f3d\u00f3 k\u00fcls\u0151 k\u00f6r\u00fclm\u00e9nyek hat\u00e1sait. A b\u0151rdiagnosztik\u00e1t k\u00f6vet\u0151en m\u00e9g egy arcmassz\u00e1zs is megel\u0151zi az effekt\u00edv \u00e9s eredm\u00e9nyes kezel\u00e9st. Ezut\u00e1n a komplex b\u0151rel\u0151k\u00e9sz\u00edt\u0151 f\u00e1zis ut\u00e1n indul a kezel\u00e9s, amely szem\u00e9lyre szabottan b\u0151rfiatal\u00edt\u00f3, m\u00e9lyhidrat\u00e1l\u00f3, feszes\u00edt\u0151, tiszt\u00edt\u00f3, revitaliz\u00e1l\u00f3, vagy ak\u00e1r t\u00f6bb az egyben is el\u00e9rhet\u0151!  \u201eHab\u00e1r senki sem tud visszamenni \u00e9s \u00fajrakezdeni, b\u00e1rki el tudja kezdeni most, hogy \u00faj befejez\u00e9st teremtsen.\u201d - Carl Bard[:en]o 19.000 HUF (50 EUR) 90 minutes \/ body + face o 11.900 HUF (31,50 EUR) 45 minutes \/ face only  The service can be purchased as an individual treatment or as a 5 \/ 10 suitable voucher. The 11th treatment is free with the purchase of 10 suitable voucher!  Allow yourself to be enchanted by the delicate fragrances of the products! One of our main criteria in the product selection process was to ensure that the cosmetics we offer are free of animal testing and are used by our professionals. The products use natural ingredients to restore our skin to the effects of our lifestyle and the external conditions of our age. After a skin diagnosis, even a facial massage precedes an effective and efficient treatment. Then, after a complex skin preparation phase, the treatment begins, which can be tailored to rejuvenate, deeply hydrate, firm, purify, revitalise or even do more in one!  \"Although no one can go back and start over, anyone can start now to create a new finish.\" - Carl Bard[:de]o 19.000 HUF (50 EUR) 90 Minuten \/ K\u00f6rper + Gesicht o 11.900 HUF (31,50 EUR) 45 Minuten \/ nur Gesicht  Die Dienstleistung kann als Einzelbehandlung oder als 5 \/ 10 passende Gutscheine gekauft werden. Die 11. Behandlung ist beim Kauf von 10 passenden Gutscheinen kostenlos!  Lassen Sie sich von den zarten D\u00fcften der Produkte verzaubern! Eines unserer Hauptkriterien bei der Produktauswahl war es, sicherzustellen, dass die von uns angebotenen Kosmetika frei von Tierversuchen sind und von unseren Fachleuten verwendet werden. Die Produkte verwenden nat\u00fcrliche Inhaltsstoffe, um unsere Haut auf die Auswirkungen unseres Lebensstils und die \u00e4u\u00dferen Bedingungen unseres Alters einzustellen. Nach einer Hautdiagnose geht auch eine Gesichtsmassage einer effektiven und effizienten Behandlung voraus. Nach einer komplexen Vorbereitungsphase der Haut beginnt die Behandlung, die auf Verj\u00fcngung, Tiefenhydratisierung, Straffung, Entschlackung, Revitalisierung oder sogar auf mehr in einem abgestimmt werden kann!  \u201eNiemand kann zur\u00fcckgehen und neu beginnen, aber jeder kann jetzt damit beginnen, ein neues Finish zu schaffen.\u201c - Carl Bard[:]","og_url":"https:\/\/bassiana.hu\/wellness-hotel\/bodylab\/arckezelesek\/","og_site_name":"Hotel Bassiana","article_modified_time":"2025-01-08T11:28:45+00:00","og_image":[{"width":632,"height":802,"url":"https:\/\/bassiana.hu\/wp-content\/uploads\/2024\/10\/Germaine-de-Capuccini.png","type":"image\/png"}],"twitter_card":"summary_large_image","twitter_misc":{"Est. reading time":"1 minute"},"schema":{"@context":"https:\/\/schema.org","@graph":[{"@type":"WebPage","@id":"https:\/\/bassiana.hu\/wellness-hotel\/bodylab\/arckezelesek\/","url":"https:\/\/bassiana.hu\/wellness-hotel\/bodylab\/arckezelesek\/","name":"[:hu]Germaine de Capuccini kezel\u00e9sek[:en]Germaine de Capuccini treatments[:de]Germaine de Capuccini Behandlungen[:] - Hotel Bassiana","isPartOf":{"@id":"https:\/\/bassiana.hu\/#website"},"primaryImageOfPage":{"@id":"https:\/\/bassiana.hu\/wellness-hotel\/bodylab\/arckezelesek\/#primaryimage"},"image":{"@id":"https:\/\/bassiana.hu\/wellness-hotel\/bodylab\/arckezelesek\/#primaryimage"},"thumbnailUrl":"https:\/\/bassiana.hu\/wp-content\/uploads\/2024\/10\/Germaine-de-Capuccini.png","datePublished":"2024-09-10T10:04:38+00:00","dateModified":"2025-01-08T11:28:45+00:00","breadcrumb":{"@id":"https:\/\/bassiana.hu\/wellness-hotel\/bodylab\/arckezelesek\/#breadcrumb"},"inLanguage":"en-US","potentialAction":[{"@type":"ReadAction","target":["https:\/\/bassiana.hu\/wellness-hotel\/bodylab\/arckezelesek\/"]}]},{"@type":"ImageObject","inLanguage":"en-US","@id":"https:\/\/bassiana.hu\/wellness-hotel\/bodylab\/arckezelesek\/#primaryimage","url":"https:\/\/bassiana.hu\/wp-content\/uploads\/2024\/10\/Germaine-de-Capuccini.png","contentUrl":"https:\/\/bassiana.hu\/wp-content\/uploads\/2024\/10\/Germaine-de-Capuccini.png","width":632,"height":802},{"@type":"BreadcrumbList","@id":"https:\/\/bassiana.hu\/wellness-hotel\/bodylab\/arckezelesek\/#breadcrumb","itemListElement":[{"@type":"ListItem","position":1,"name":"Kezd\u0151lap","item":"https:\/\/bassiana.hu\/"},{"@type":"ListItem","position":2,"name":"Wellness","item":"https:\/\/bassiana.hu\/wellness-hotel\/"},{"@type":"ListItem","position":3,"name":"bodyLAB &#038; Beauty","item":"https:\/\/bassiana.hu\/wellness-hotel\/bodylab\/"},{"@type":"ListItem","position":4,"name":"Germaine de Capuccini kezel\u00e9sek"}]},{"@type":"WebSite","@id":"https:\/\/bassiana.hu\/#website","url":"https:\/\/bassiana.hu\/","name":"Hotel Bassiana","description":"S\u00e1rv\u00e1r","publisher":{"@id":"https:\/\/bassiana.hu\/#organization"},"potentialAction":[{"@type":"SearchAction","target":{"@type":"EntryPoint","urlTemplate":"https:\/\/bassiana.hu\/?s={search_term_string}"},"query-input":{"@type":"PropertyValueSpecification","valueRequired":true,"valueName":"search_term_string"}}],"inLanguage":"en-US"},{"@type":"Organization","@id":"https:\/\/bassiana.hu\/#organization","name":"Hotel Bassiana","url":"https:\/\/bassiana.hu\/","logo":{"@type":"ImageObject","inLanguage":"en-US","@id":"https:\/\/bassiana.hu\/#\/schema\/logo\/image\/","url":"https:\/\/bassiana.hu\/wp-content\/uploads\/2025\/04\/RGBbassiana_logo_RGB_bassiana_boutique_logo_csillaggal_szines_feher_felirat.svg","contentUrl":"https:\/\/bassiana.hu\/wp-content\/uploads\/2025\/04\/RGBbassiana_logo_RGB_bassiana_boutique_logo_csillaggal_szines_feher_felirat.svg","caption":"Hotel Bassiana"},"image":{"@id":"https:\/\/bassiana.hu\/#\/schema\/logo\/image\/"}}]}},"_links":{"self":[{"href":"https:\/\/bassiana.hu\/en\/wp-json\/wp\/v2\/pages\/214","targetHints":{"allow":["GET"]}}],"collection":[{"href":"https:\/\/bassiana.hu\/en\/wp-json\/wp\/v2\/pages"}],"about":[{"href":"https:\/\/bassiana.hu\/en\/wp-json\/wp\/v2\/types\/page"}],"author":[{"embeddable":true,"href":"https:\/\/bassiana.hu\/en\/wp-json\/wp\/v2\/users\/1"}],"replies":[{"embeddable":true,"href":"https:\/\/bassiana.hu\/en\/wp-json\/wp\/v2\/comments?post=214"}],"version-history":[{"count":15,"href":"https:\/\/bassiana.hu\/en\/wp-json\/wp\/v2\/pages\/214\/revisions"}],"predecessor-version":[{"id":1477,"href":"https:\/\/bassiana.hu\/en\/wp-json\/wp\/v2\/pages\/214\/revisions\/1477"}],"up":[{"embeddable":true,"href":"https:\/\/bassiana.hu\/en\/wp-json\/wp\/v2\/pages\/35"}],"wp:featuredmedia":[{"embeddable":true,"href":"https:\/\/bassiana.hu\/en\/wp-json\/wp\/v2\/media\/1194"}],"wp:attachment":[{"href":"https:\/\/bassiana.hu\/en\/wp-json\/wp\/v2\/media?parent=214"}],"curies":[{"name":"wp","href":"https:\/\/api.w.org\/{rel}","templated":true}]}}