{"id":226,"date":"2024-09-10T10:37:19","date_gmt":"2024-09-10T10:37:19","guid":{"rendered":"http:\/\/dev.bassiana.hu\/?page_id=226"},"modified":"2024-10-30T09:49:45","modified_gmt":"2024-10-30T09:49:45","slug":"pezsgofurdo","status":"publish","type":"page","link":"https:\/\/bassiana.hu\/en\/wellness-hotel\/wellness\/pezsgofurdo\/","title":{"rendered":"Jacuzzi"},"content":{"rendered":"","protected":false},"excerpt":{"rendered":"<p>The jacuzzi is the most effective stress relieving wellness service and it is also very good for your health.The jacuzzi does all this without you even noticing. The tiny air bubbles trigger the body&#8217;s self-healing processes. As the massaging action of the bubbles relaxes the mind, the body can focus even more on healing. And in the process, a balance between body and mind is achieved, leaving you feeling recharged after a bath. Important information: hot tub bathing is also particularly beneficial for diabetics. One study found that people with diabetes who regularly relaxed in a hot tub reported feeling much better. The high temperature of jacuzzi water regenerates muscles by default. It also relieves pressure on the joints.<\/p>\n","protected":false},"author":1,"featured_media":879,"parent":409,"menu_order":34,"comment_status":"closed","ping_status":"closed","template":"","meta":{"_acf_changed":false,"inline_featured_image":false,"pgc_sgb_lightbox_settings":"","footnotes":""},"class_list":["post-226","page","type-page","status-publish","has-post-thumbnail","hentry"],"acf":[],"yoast_head":"<!-- This site is optimized with the Yoast SEO plugin v27.4 - https:\/\/yoast.com\/product\/yoast-seo-wordpress\/ -->\n<title>Jacuzzi - Hotel Bassiana<\/title>\n<meta name=\"robots\" content=\"index, follow, max-snippet:-1, max-image-preview:large, max-video-preview:-1\" \/>\n<link rel=\"canonical\" href=\"https:\/\/bassiana.hu\/wellness-hotel\/wellness\/pezsgofurdo\/\" \/>\n<meta property=\"og:locale\" content=\"en_US\" \/>\n<meta property=\"og:type\" content=\"article\" \/>\n<meta property=\"og:title\" content=\"Jacuzzi - Hotel Bassiana\" \/>\n<meta property=\"og:description\" content=\"[:hu]A pezsg\u0151f\u00fcrd\u0151z\u00e9s (jacuzzi) a leghat\u00e9konyabb stressz\u0171z\u0151 wellness szolg\u00e1ltat\u00e1s, valamint az eg\u00e9szs\u00e9g\u00fcnkre is nagyon j\u00f3 hat\u00e1ssal van.A pezsg\u0151 v\u00edz r\u00e1ad\u00e1sul mindezt \u00fagy teszi, hogy \u00e9szre se vessz\u00fck. Az apr\u00f3 l\u00e9gbubor\u00e9kok ugyanis elind\u00edtj\u00e1k a szervezet \u00f6ngy\u00f3gy\u00edt\u00f3 folyamatait. Mivel a l\u00e9gbubor\u00e9kok massz\u00edroz\u00f3 tev\u00e9kenys\u00e9g\u00e9nek k\u00f6sz\u00f6nhet\u0151en az elme teljesen ellazul, a szervezet m\u00e9g jobban k\u00e9pes f\u00f3kusz\u00e1lni a gy\u00f3gyul\u00e1sra. A folyamat k\u00f6zben pedig kialakul a test \u00e9s a l\u00e9lek k\u00f6zti egyens\u00faly, aminek a hat\u00e1s\u00e1ra felt\u00f6lt\u0151dve \u00e9rezz\u00fck magunkat a f\u00fcrd\u0151z\u00e9s ut\u00e1n. L\u00e9nyeges inform\u00e1ci\u00f3: a pezsg\u0151f\u00fcrd\u0151z\u00e9s a cukorbetegekre is k\u00fcl\u00f6n\u00f6sen j\u00f3 hat\u00e1ssal van. Egy tanulm\u00e1ny szerint azok a diab\u00e9tesszel k\u00fczd\u0151k, akik rendszeresen laz\u00edtottak pezsg\u0151f\u00fcrd\u0151ben, sokkal jobb k\u00f6z\u00e9rzetr\u0151l sz\u00e1moltak be. A jacuzzi vize a magas h\u0151m\u00e9rs\u00e9klet\u00e9n\u00e9l fogva alapb\u00f3l regener\u00e1lja az izmokat. \u00c9s az \u00edz\u00fcleteket is tehermentes\u00edti.[:en]The jacuzzi is the most effective stress relieving wellness service and it is also very good for your health.The jacuzzi does all this without you even noticing. The tiny air bubbles trigger the body&#039;s self-healing processes. As the massaging action of the bubbles relaxes the mind, the body can focus even more on healing. And in the process, a balance between body and mind is achieved, leaving you feeling recharged after a bath. Important information: hot tub bathing is also particularly beneficial for diabetics. One study found that people with diabetes who regularly relaxed in a hot tub reported feeling much better. The high temperature of jacuzzi water regenerates muscles by default. It also relieves pressure on the joints.[:de]Der Whirlpool ist der effektivste Wellness-Service zum Stressabbau und sehr gut f\u00fcr die Gesundheit - und das alles, ohne dass Sie es merken. Die winzigen Luftbl\u00e4schen regen die Selbstheilungskr\u00e4fte des K\u00f6rpers an. Da die massierende Wirkung der Luftblasen den Geist entspannt, kann sich der K\u00f6rper noch mehr auf die Heilung konzentrieren. Auf diese Weise entsteht ein Gleichgewicht zwischen K\u00f6rper und Geist, so dass Sie sich nach dem Bad wie neu geboren f\u00fchlen. Wichtige Information: Ein Bad im Whirlpool ist auch f\u00fcr Diabetiker besonders vorteilhaft. Eine Studie ergab, dass sich Diabetiker, die regelm\u00e4\u00dfig in einem Whirlpool entspannen, deutlich besser f\u00fchlen. Die hohe Temperatur des Whirlpoolwassers regeneriert die Muskeln von selbst. Au\u00dferdem entlastet es die Gelenke.[:]\" \/>\n<meta property=\"og:url\" content=\"https:\/\/bassiana.hu\/wellness-hotel\/wellness\/pezsgofurdo\/\" \/>\n<meta property=\"og:site_name\" content=\"Hotel Bassiana\" \/>\n<meta property=\"article:modified_time\" content=\"2024-10-30T09:49:45+00:00\" \/>\n<meta property=\"og:image\" content=\"https:\/\/bassiana.hu\/wp-content\/uploads\/2024\/10\/wellness-honlap-jacuzzi-scaled-e1728378939858.jpg\" \/>\n\t<meta property=\"og:image:width\" content=\"2095\" \/>\n\t<meta property=\"og:image:height\" content=\"1466\" \/>\n\t<meta property=\"og:image:type\" content=\"image\/jpeg\" \/>\n<meta name=\"twitter:card\" content=\"summary_large_image\" \/>\n<meta name=\"twitter:label1\" content=\"Est. reading time\" \/>\n\t<meta name=\"twitter:data1\" content=\"1 minute\" \/>\n<script type=\"application\/ld+json\" class=\"yoast-schema-graph\">{\"@context\":\"https:\\\/\\\/schema.org\",\"@graph\":[{\"@type\":\"WebPage\",\"@id\":\"https:\\\/\\\/bassiana.hu\\\/wellness-hotel\\\/wellness\\\/pezsgofurdo\\\/\",\"url\":\"https:\\\/\\\/bassiana.hu\\\/wellness-hotel\\\/wellness\\\/pezsgofurdo\\\/\",\"name\":\"[:hu]Pezsg\u0151f\u00fcrd\u0151[:en]Jacuzzi[:de]Whirlpool[:] - Hotel Bassiana\",\"isPartOf\":{\"@id\":\"https:\\\/\\\/bassiana.hu\\\/#website\"},\"primaryImageOfPage\":{\"@id\":\"https:\\\/\\\/bassiana.hu\\\/wellness-hotel\\\/wellness\\\/pezsgofurdo\\\/#primaryimage\"},\"image\":{\"@id\":\"https:\\\/\\\/bassiana.hu\\\/wellness-hotel\\\/wellness\\\/pezsgofurdo\\\/#primaryimage\"},\"thumbnailUrl\":\"https:\\\/\\\/bassiana.hu\\\/wp-content\\\/uploads\\\/2024\\\/10\\\/wellness-honlap-jacuzzi-scaled-e1728378939858.jpg\",\"datePublished\":\"2024-09-10T10:37:19+00:00\",\"dateModified\":\"2024-10-30T09:49:45+00:00\",\"breadcrumb\":{\"@id\":\"https:\\\/\\\/bassiana.hu\\\/wellness-hotel\\\/wellness\\\/pezsgofurdo\\\/#breadcrumb\"},\"inLanguage\":\"en-US\",\"potentialAction\":[{\"@type\":\"ReadAction\",\"target\":[\"https:\\\/\\\/bassiana.hu\\\/wellness-hotel\\\/wellness\\\/pezsgofurdo\\\/\"]}]},{\"@type\":\"ImageObject\",\"inLanguage\":\"en-US\",\"@id\":\"https:\\\/\\\/bassiana.hu\\\/wellness-hotel\\\/wellness\\\/pezsgofurdo\\\/#primaryimage\",\"url\":\"https:\\\/\\\/bassiana.hu\\\/wp-content\\\/uploads\\\/2024\\\/10\\\/wellness-honlap-jacuzzi-scaled-e1728378939858.jpg\",\"contentUrl\":\"https:\\\/\\\/bassiana.hu\\\/wp-content\\\/uploads\\\/2024\\\/10\\\/wellness-honlap-jacuzzi-scaled-e1728378939858.jpg\",\"width\":2095,\"height\":1466},{\"@type\":\"BreadcrumbList\",\"@id\":\"https:\\\/\\\/bassiana.hu\\\/wellness-hotel\\\/wellness\\\/pezsgofurdo\\\/#breadcrumb\",\"itemListElement\":[{\"@type\":\"ListItem\",\"position\":1,\"name\":\"Kezd\u0151lap\",\"item\":\"https:\\\/\\\/bassiana.hu\\\/\"},{\"@type\":\"ListItem\",\"position\":2,\"name\":\"Wellness\",\"item\":\"https:\\\/\\\/bassiana.hu\\\/wellness-hotel\\\/\"},{\"@type\":\"ListItem\",\"position\":3,\"name\":\"Wellness &#038; Health\",\"item\":\"https:\\\/\\\/bassiana.hu\\\/wellness-hotel\\\/wellness\\\/\"},{\"@type\":\"ListItem\",\"position\":4,\"name\":\"Pezsg\u0151f\u00fcrd\u0151\"}]},{\"@type\":\"WebSite\",\"@id\":\"https:\\\/\\\/bassiana.hu\\\/#website\",\"url\":\"https:\\\/\\\/bassiana.hu\\\/\",\"name\":\"Hotel Bassiana\",\"description\":\"S\u00e1rv\u00e1r\",\"publisher\":{\"@id\":\"https:\\\/\\\/bassiana.hu\\\/#organization\"},\"potentialAction\":[{\"@type\":\"SearchAction\",\"target\":{\"@type\":\"EntryPoint\",\"urlTemplate\":\"https:\\\/\\\/bassiana.hu\\\/?s={search_term_string}\"},\"query-input\":{\"@type\":\"PropertyValueSpecification\",\"valueRequired\":true,\"valueName\":\"search_term_string\"}}],\"inLanguage\":\"en-US\"},{\"@type\":\"Organization\",\"@id\":\"https:\\\/\\\/bassiana.hu\\\/#organization\",\"name\":\"Hotel Bassiana\",\"url\":\"https:\\\/\\\/bassiana.hu\\\/\",\"logo\":{\"@type\":\"ImageObject\",\"inLanguage\":\"en-US\",\"@id\":\"https:\\\/\\\/bassiana.hu\\\/#\\\/schema\\\/logo\\\/image\\\/\",\"url\":\"https:\\\/\\\/bassiana.hu\\\/wp-content\\\/uploads\\\/2025\\\/04\\\/RGBbassiana_logo_RGB_bassiana_boutique_logo_csillaggal_szines_feher_felirat.svg\",\"contentUrl\":\"https:\\\/\\\/bassiana.hu\\\/wp-content\\\/uploads\\\/2025\\\/04\\\/RGBbassiana_logo_RGB_bassiana_boutique_logo_csillaggal_szines_feher_felirat.svg\",\"caption\":\"Hotel Bassiana\"},\"image\":{\"@id\":\"https:\\\/\\\/bassiana.hu\\\/#\\\/schema\\\/logo\\\/image\\\/\"}}]}<\/script>\n<!-- \/ Yoast SEO plugin. -->","yoast_head_json":{"title":"[:hu]Pezsg\u0151f\u00fcrd\u0151[:en]Jacuzzi[:de]Whirlpool[:] - Hotel Bassiana","robots":{"index":"index","follow":"follow","max-snippet":"max-snippet:-1","max-image-preview":"max-image-preview:large","max-video-preview":"max-video-preview:-1"},"canonical":"https:\/\/bassiana.hu\/wellness-hotel\/wellness\/pezsgofurdo\/","og_locale":"en_US","og_type":"article","og_title":"Jacuzzi - Hotel Bassiana","og_description":"[:hu]A pezsg\u0151f\u00fcrd\u0151z\u00e9s (jacuzzi) a leghat\u00e9konyabb stressz\u0171z\u0151 wellness szolg\u00e1ltat\u00e1s, valamint az eg\u00e9szs\u00e9g\u00fcnkre is nagyon j\u00f3 hat\u00e1ssal van.A pezsg\u0151 v\u00edz r\u00e1ad\u00e1sul mindezt \u00fagy teszi, hogy \u00e9szre se vessz\u00fck. Az apr\u00f3 l\u00e9gbubor\u00e9kok ugyanis elind\u00edtj\u00e1k a szervezet \u00f6ngy\u00f3gy\u00edt\u00f3 folyamatait. Mivel a l\u00e9gbubor\u00e9kok massz\u00edroz\u00f3 tev\u00e9kenys\u00e9g\u00e9nek k\u00f6sz\u00f6nhet\u0151en az elme teljesen ellazul, a szervezet m\u00e9g jobban k\u00e9pes f\u00f3kusz\u00e1lni a gy\u00f3gyul\u00e1sra. A folyamat k\u00f6zben pedig kialakul a test \u00e9s a l\u00e9lek k\u00f6zti egyens\u00faly, aminek a hat\u00e1s\u00e1ra felt\u00f6lt\u0151dve \u00e9rezz\u00fck magunkat a f\u00fcrd\u0151z\u00e9s ut\u00e1n. L\u00e9nyeges inform\u00e1ci\u00f3: a pezsg\u0151f\u00fcrd\u0151z\u00e9s a cukorbetegekre is k\u00fcl\u00f6n\u00f6sen j\u00f3 hat\u00e1ssal van. Egy tanulm\u00e1ny szerint azok a diab\u00e9tesszel k\u00fczd\u0151k, akik rendszeresen laz\u00edtottak pezsg\u0151f\u00fcrd\u0151ben, sokkal jobb k\u00f6z\u00e9rzetr\u0151l sz\u00e1moltak be. A jacuzzi vize a magas h\u0151m\u00e9rs\u00e9klet\u00e9n\u00e9l fogva alapb\u00f3l regener\u00e1lja az izmokat. \u00c9s az \u00edz\u00fcleteket is tehermentes\u00edti.[:en]The jacuzzi is the most effective stress relieving wellness service and it is also very good for your health.The jacuzzi does all this without you even noticing. The tiny air bubbles trigger the body's self-healing processes. As the massaging action of the bubbles relaxes the mind, the body can focus even more on healing. And in the process, a balance between body and mind is achieved, leaving you feeling recharged after a bath. Important information: hot tub bathing is also particularly beneficial for diabetics. One study found that people with diabetes who regularly relaxed in a hot tub reported feeling much better. The high temperature of jacuzzi water regenerates muscles by default. It also relieves pressure on the joints.[:de]Der Whirlpool ist der effektivste Wellness-Service zum Stressabbau und sehr gut f\u00fcr die Gesundheit - und das alles, ohne dass Sie es merken. Die winzigen Luftbl\u00e4schen regen die Selbstheilungskr\u00e4fte des K\u00f6rpers an. Da die massierende Wirkung der Luftblasen den Geist entspannt, kann sich der K\u00f6rper noch mehr auf die Heilung konzentrieren. Auf diese Weise entsteht ein Gleichgewicht zwischen K\u00f6rper und Geist, so dass Sie sich nach dem Bad wie neu geboren f\u00fchlen. Wichtige Information: Ein Bad im Whirlpool ist auch f\u00fcr Diabetiker besonders vorteilhaft. Eine Studie ergab, dass sich Diabetiker, die regelm\u00e4\u00dfig in einem Whirlpool entspannen, deutlich besser f\u00fchlen. Die hohe Temperatur des Whirlpoolwassers regeneriert die Muskeln von selbst. Au\u00dferdem entlastet es die Gelenke.[:]","og_url":"https:\/\/bassiana.hu\/wellness-hotel\/wellness\/pezsgofurdo\/","og_site_name":"Hotel Bassiana","article_modified_time":"2024-10-30T09:49:45+00:00","og_image":[{"width":2095,"height":1466,"url":"https:\/\/bassiana.hu\/wp-content\/uploads\/2024\/10\/wellness-honlap-jacuzzi-scaled-e1728378939858.jpg","type":"image\/jpeg"}],"twitter_card":"summary_large_image","twitter_misc":{"Est. reading time":"1 minute"},"schema":{"@context":"https:\/\/schema.org","@graph":[{"@type":"WebPage","@id":"https:\/\/bassiana.hu\/wellness-hotel\/wellness\/pezsgofurdo\/","url":"https:\/\/bassiana.hu\/wellness-hotel\/wellness\/pezsgofurdo\/","name":"[:hu]Pezsg\u0151f\u00fcrd\u0151[:en]Jacuzzi[:de]Whirlpool[:] - Hotel Bassiana","isPartOf":{"@id":"https:\/\/bassiana.hu\/#website"},"primaryImageOfPage":{"@id":"https:\/\/bassiana.hu\/wellness-hotel\/wellness\/pezsgofurdo\/#primaryimage"},"image":{"@id":"https:\/\/bassiana.hu\/wellness-hotel\/wellness\/pezsgofurdo\/#primaryimage"},"thumbnailUrl":"https:\/\/bassiana.hu\/wp-content\/uploads\/2024\/10\/wellness-honlap-jacuzzi-scaled-e1728378939858.jpg","datePublished":"2024-09-10T10:37:19+00:00","dateModified":"2024-10-30T09:49:45+00:00","breadcrumb":{"@id":"https:\/\/bassiana.hu\/wellness-hotel\/wellness\/pezsgofurdo\/#breadcrumb"},"inLanguage":"en-US","potentialAction":[{"@type":"ReadAction","target":["https:\/\/bassiana.hu\/wellness-hotel\/wellness\/pezsgofurdo\/"]}]},{"@type":"ImageObject","inLanguage":"en-US","@id":"https:\/\/bassiana.hu\/wellness-hotel\/wellness\/pezsgofurdo\/#primaryimage","url":"https:\/\/bassiana.hu\/wp-content\/uploads\/2024\/10\/wellness-honlap-jacuzzi-scaled-e1728378939858.jpg","contentUrl":"https:\/\/bassiana.hu\/wp-content\/uploads\/2024\/10\/wellness-honlap-jacuzzi-scaled-e1728378939858.jpg","width":2095,"height":1466},{"@type":"BreadcrumbList","@id":"https:\/\/bassiana.hu\/wellness-hotel\/wellness\/pezsgofurdo\/#breadcrumb","itemListElement":[{"@type":"ListItem","position":1,"name":"Kezd\u0151lap","item":"https:\/\/bassiana.hu\/"},{"@type":"ListItem","position":2,"name":"Wellness","item":"https:\/\/bassiana.hu\/wellness-hotel\/"},{"@type":"ListItem","position":3,"name":"Wellness &#038; Health","item":"https:\/\/bassiana.hu\/wellness-hotel\/wellness\/"},{"@type":"ListItem","position":4,"name":"Pezsg\u0151f\u00fcrd\u0151"}]},{"@type":"WebSite","@id":"https:\/\/bassiana.hu\/#website","url":"https:\/\/bassiana.hu\/","name":"Hotel Bassiana","description":"S\u00e1rv\u00e1r","publisher":{"@id":"https:\/\/bassiana.hu\/#organization"},"potentialAction":[{"@type":"SearchAction","target":{"@type":"EntryPoint","urlTemplate":"https:\/\/bassiana.hu\/?s={search_term_string}"},"query-input":{"@type":"PropertyValueSpecification","valueRequired":true,"valueName":"search_term_string"}}],"inLanguage":"en-US"},{"@type":"Organization","@id":"https:\/\/bassiana.hu\/#organization","name":"Hotel Bassiana","url":"https:\/\/bassiana.hu\/","logo":{"@type":"ImageObject","inLanguage":"en-US","@id":"https:\/\/bassiana.hu\/#\/schema\/logo\/image\/","url":"https:\/\/bassiana.hu\/wp-content\/uploads\/2025\/04\/RGBbassiana_logo_RGB_bassiana_boutique_logo_csillaggal_szines_feher_felirat.svg","contentUrl":"https:\/\/bassiana.hu\/wp-content\/uploads\/2025\/04\/RGBbassiana_logo_RGB_bassiana_boutique_logo_csillaggal_szines_feher_felirat.svg","caption":"Hotel Bassiana"},"image":{"@id":"https:\/\/bassiana.hu\/#\/schema\/logo\/image\/"}}]}},"_links":{"self":[{"href":"https:\/\/bassiana.hu\/en\/wp-json\/wp\/v2\/pages\/226","targetHints":{"allow":["GET"]}}],"collection":[{"href":"https:\/\/bassiana.hu\/en\/wp-json\/wp\/v2\/pages"}],"about":[{"href":"https:\/\/bassiana.hu\/en\/wp-json\/wp\/v2\/types\/page"}],"author":[{"embeddable":true,"href":"https:\/\/bassiana.hu\/en\/wp-json\/wp\/v2\/users\/1"}],"replies":[{"embeddable":true,"href":"https:\/\/bassiana.hu\/en\/wp-json\/wp\/v2\/comments?post=226"}],"version-history":[{"count":2,"href":"https:\/\/bassiana.hu\/en\/wp-json\/wp\/v2\/pages\/226\/revisions"}],"predecessor-version":[{"id":626,"href":"https:\/\/bassiana.hu\/en\/wp-json\/wp\/v2\/pages\/226\/revisions\/626"}],"up":[{"embeddable":true,"href":"https:\/\/bassiana.hu\/en\/wp-json\/wp\/v2\/pages\/409"}],"wp:featuredmedia":[{"embeddable":true,"href":"https:\/\/bassiana.hu\/en\/wp-json\/wp\/v2\/media\/879"}],"wp:attachment":[{"href":"https:\/\/bassiana.hu\/en\/wp-json\/wp\/v2\/media?parent=226"}],"curies":[{"name":"wp","href":"https:\/\/api.w.org\/{rel}","templated":true}]}}