{"id":27,"date":"2024-08-13T14:09:05","date_gmt":"2024-08-13T14:09:05","guid":{"rendered":"http:\/\/dev.bassiana.hu\/?page_id=27"},"modified":"2025-07-04T07:33:46","modified_gmt":"2025-07-04T07:33:46","slug":"wellness-hotel","status":"publish","type":"page","link":"https:\/\/bassiana.hu\/en\/wellness-hotel\/","title":{"rendered":"Wellness"},"content":{"rendered":"<p style=\"text-align: center;\"><span style=\"font-size: 18pt;\"><strong>A true oasis of relaxation and rejuvenation<\/strong><\/span><\/p>\r\n<p style=\"text-align: center;\">\u00a0<\/p>\r\n<p style=\"text-align: center;\"><br \/><span style=\"font-size: 14pt;\">The wellness area of Hotel Bassiana is where modern comfort meets the tranquillity of nature. Our wellness centre, designed with a unique colour scheme and design, offers a wide range of facilities to help our guests enjoy every moment of relaxation to the fullest. With a Jacuzzi, Kneipp treading pool, Finnish and infra saunas, a jet shower, cardio machines and a heated outdoor pool, there are special therapeutic services to offer our guests. All elements of our wellness area are designed to maintain and restore harmony between body and soul, so that our guests can return home recharged and renewed.<\/span><\/p>","protected":false},"excerpt":{"rendered":"<p>A true oasis of relaxation and rejuvenation \u00a0 The wellness area of Hotel Bassiana is where modern comfort meets the tranquillity of nature. Our wellness&#8230;<\/p>\n","protected":false},"author":1,"featured_media":515,"parent":0,"menu_order":3,"comment_status":"closed","ping_status":"closed","template":"","meta":{"_acf_changed":false,"inline_featured_image":false,"pgc_sgb_lightbox_settings":"","footnotes":""},"class_list":["post-27","page","type-page","status-publish","has-post-thumbnail","hentry"],"acf":[],"yoast_head":"<!-- This site is optimized with the Yoast SEO plugin v27.3 - https:\/\/yoast.com\/product\/yoast-seo-wordpress\/ -->\n<title>Wellness - Hotel Bassiana<\/title>\n<meta name=\"description\" content=\"Wellness hotel S\u00e1rv\u00e1r sz\u00edv\u00e9ben, jakuzzival, szaun\u00e1kkal \u00e9s k\u00fclt\u00e9ri medenc\u00e9vel. Teljes testi-lelki felt\u00f6lt\u0151d\u00e9s term\u00e9szetk\u00f6zeli k\u00f6rnyezetben.\" \/>\n<meta name=\"robots\" content=\"index, follow, max-snippet:-1, max-image-preview:large, max-video-preview:-1\" \/>\n<link rel=\"canonical\" href=\"https:\/\/bassiana.hu\/wellness-hotel\/\" \/>\n<meta property=\"og:locale\" content=\"en_US\" \/>\n<meta property=\"og:type\" content=\"article\" \/>\n<meta property=\"og:title\" content=\"Wellness - Hotel Bassiana\" \/>\n<meta property=\"og:description\" content=\"Wellness hotel S\u00e1rv\u00e1r sz\u00edv\u00e9ben, jakuzzival, szaun\u00e1kkal \u00e9s k\u00fclt\u00e9ri medenc\u00e9vel. Teljes testi-lelki felt\u00f6lt\u0151d\u00e9s term\u00e9szetk\u00f6zeli k\u00f6rnyezetben.\" \/>\n<meta property=\"og:url\" content=\"https:\/\/bassiana.hu\/wellness-hotel\/\" \/>\n<meta property=\"og:site_name\" content=\"Hotel Bassiana\" \/>\n<meta property=\"article:modified_time\" content=\"2025-07-04T07:33:46+00:00\" \/>\n<meta property=\"og:image\" content=\"https:\/\/bassiana.hu\/wp-content\/uploads\/2024\/09\/jakuzzi_2-scaled.jpg\" \/>\n\t<meta property=\"og:image:width\" content=\"2560\" \/>\n\t<meta property=\"og:image:height\" content=\"1706\" \/>\n\t<meta property=\"og:image:type\" content=\"image\/jpeg\" \/>\n<meta name=\"twitter:card\" content=\"summary_large_image\" \/>\n<meta name=\"twitter:label1\" content=\"Est. reading time\" \/>\n\t<meta name=\"twitter:data1\" content=\"1 minute\" \/>\n<script type=\"application\/ld+json\" class=\"yoast-schema-graph\">{\"@context\":\"https:\\\/\\\/schema.org\",\"@graph\":[{\"@type\":\"WebPage\",\"@id\":\"https:\\\/\\\/bassiana.hu\\\/wellness-hotel\\\/\",\"url\":\"https:\\\/\\\/bassiana.hu\\\/wellness-hotel\\\/\",\"name\":\"Wellness - Hotel Bassiana\",\"isPartOf\":{\"@id\":\"https:\\\/\\\/bassiana.hu\\\/#website\"},\"primaryImageOfPage\":{\"@id\":\"https:\\\/\\\/bassiana.hu\\\/wellness-hotel\\\/#primaryimage\"},\"image\":{\"@id\":\"https:\\\/\\\/bassiana.hu\\\/wellness-hotel\\\/#primaryimage\"},\"thumbnailUrl\":\"https:\\\/\\\/bassiana.hu\\\/wp-content\\\/uploads\\\/2024\\\/09\\\/jakuzzi_2-scaled.jpg\",\"datePublished\":\"2024-08-13T14:09:05+00:00\",\"dateModified\":\"2025-07-04T07:33:46+00:00\",\"description\":\"Wellness hotel S\u00e1rv\u00e1r sz\u00edv\u00e9ben, jakuzzival, szaun\u00e1kkal \u00e9s k\u00fclt\u00e9ri medenc\u00e9vel. Teljes testi-lelki felt\u00f6lt\u0151d\u00e9s term\u00e9szetk\u00f6zeli k\u00f6rnyezetben.\",\"breadcrumb\":{\"@id\":\"https:\\\/\\\/bassiana.hu\\\/wellness-hotel\\\/#breadcrumb\"},\"inLanguage\":\"en-US\",\"potentialAction\":[{\"@type\":\"ReadAction\",\"target\":[\"https:\\\/\\\/bassiana.hu\\\/wellness-hotel\\\/\"]}]},{\"@type\":\"ImageObject\",\"inLanguage\":\"en-US\",\"@id\":\"https:\\\/\\\/bassiana.hu\\\/wellness-hotel\\\/#primaryimage\",\"url\":\"https:\\\/\\\/bassiana.hu\\\/wp-content\\\/uploads\\\/2024\\\/09\\\/jakuzzi_2-scaled.jpg\",\"contentUrl\":\"https:\\\/\\\/bassiana.hu\\\/wp-content\\\/uploads\\\/2024\\\/09\\\/jakuzzi_2-scaled.jpg\",\"width\":2560,\"height\":1706,\"caption\":\"wellness hotel s\u00e1rv\u00e1r\"},{\"@type\":\"BreadcrumbList\",\"@id\":\"https:\\\/\\\/bassiana.hu\\\/wellness-hotel\\\/#breadcrumb\",\"itemListElement\":[{\"@type\":\"ListItem\",\"position\":1,\"name\":\"Kezd\u0151lap\",\"item\":\"https:\\\/\\\/bassiana.hu\\\/\"},{\"@type\":\"ListItem\",\"position\":2,\"name\":\"Wellness\"}]},{\"@type\":\"WebSite\",\"@id\":\"https:\\\/\\\/bassiana.hu\\\/#website\",\"url\":\"https:\\\/\\\/bassiana.hu\\\/\",\"name\":\"Hotel Bassiana\",\"description\":\"S\u00e1rv\u00e1r\",\"publisher\":{\"@id\":\"https:\\\/\\\/bassiana.hu\\\/#organization\"},\"potentialAction\":[{\"@type\":\"SearchAction\",\"target\":{\"@type\":\"EntryPoint\",\"urlTemplate\":\"https:\\\/\\\/bassiana.hu\\\/?s={search_term_string}\"},\"query-input\":{\"@type\":\"PropertyValueSpecification\",\"valueRequired\":true,\"valueName\":\"search_term_string\"}}],\"inLanguage\":\"en-US\"},{\"@type\":\"Organization\",\"@id\":\"https:\\\/\\\/bassiana.hu\\\/#organization\",\"name\":\"Hotel Bassiana\",\"url\":\"https:\\\/\\\/bassiana.hu\\\/\",\"logo\":{\"@type\":\"ImageObject\",\"inLanguage\":\"en-US\",\"@id\":\"https:\\\/\\\/bassiana.hu\\\/#\\\/schema\\\/logo\\\/image\\\/\",\"url\":\"https:\\\/\\\/bassiana.hu\\\/wp-content\\\/uploads\\\/2025\\\/04\\\/RGBbassiana_logo_RGB_bassiana_boutique_logo_csillaggal_szines_feher_felirat.svg\",\"contentUrl\":\"https:\\\/\\\/bassiana.hu\\\/wp-content\\\/uploads\\\/2025\\\/04\\\/RGBbassiana_logo_RGB_bassiana_boutique_logo_csillaggal_szines_feher_felirat.svg\",\"caption\":\"Hotel Bassiana\"},\"image\":{\"@id\":\"https:\\\/\\\/bassiana.hu\\\/#\\\/schema\\\/logo\\\/image\\\/\"}}]}<\/script>\n<!-- \/ Yoast SEO plugin. -->","yoast_head_json":{"title":"Wellness - Hotel Bassiana","description":"Wellness hotel S\u00e1rv\u00e1r sz\u00edv\u00e9ben, jakuzzival, szaun\u00e1kkal \u00e9s k\u00fclt\u00e9ri medenc\u00e9vel. Teljes testi-lelki felt\u00f6lt\u0151d\u00e9s term\u00e9szetk\u00f6zeli k\u00f6rnyezetben.","robots":{"index":"index","follow":"follow","max-snippet":"max-snippet:-1","max-image-preview":"max-image-preview:large","max-video-preview":"max-video-preview:-1"},"canonical":"https:\/\/bassiana.hu\/wellness-hotel\/","og_locale":"en_US","og_type":"article","og_title":"Wellness - Hotel Bassiana","og_description":"Wellness hotel S\u00e1rv\u00e1r sz\u00edv\u00e9ben, jakuzzival, szaun\u00e1kkal \u00e9s k\u00fclt\u00e9ri medenc\u00e9vel. Teljes testi-lelki felt\u00f6lt\u0151d\u00e9s term\u00e9szetk\u00f6zeli k\u00f6rnyezetben.","og_url":"https:\/\/bassiana.hu\/wellness-hotel\/","og_site_name":"Hotel Bassiana","article_modified_time":"2025-07-04T07:33:46+00:00","og_image":[{"width":2560,"height":1706,"url":"https:\/\/bassiana.hu\/wp-content\/uploads\/2024\/09\/jakuzzi_2-scaled.jpg","type":"image\/jpeg"}],"twitter_card":"summary_large_image","twitter_misc":{"Est. reading time":"1 minute"},"schema":{"@context":"https:\/\/schema.org","@graph":[{"@type":"WebPage","@id":"https:\/\/bassiana.hu\/wellness-hotel\/","url":"https:\/\/bassiana.hu\/wellness-hotel\/","name":"Wellness - Hotel Bassiana","isPartOf":{"@id":"https:\/\/bassiana.hu\/#website"},"primaryImageOfPage":{"@id":"https:\/\/bassiana.hu\/wellness-hotel\/#primaryimage"},"image":{"@id":"https:\/\/bassiana.hu\/wellness-hotel\/#primaryimage"},"thumbnailUrl":"https:\/\/bassiana.hu\/wp-content\/uploads\/2024\/09\/jakuzzi_2-scaled.jpg","datePublished":"2024-08-13T14:09:05+00:00","dateModified":"2025-07-04T07:33:46+00:00","description":"Wellness hotel S\u00e1rv\u00e1r sz\u00edv\u00e9ben, jakuzzival, szaun\u00e1kkal \u00e9s k\u00fclt\u00e9ri medenc\u00e9vel. Teljes testi-lelki felt\u00f6lt\u0151d\u00e9s term\u00e9szetk\u00f6zeli k\u00f6rnyezetben.","breadcrumb":{"@id":"https:\/\/bassiana.hu\/wellness-hotel\/#breadcrumb"},"inLanguage":"en-US","potentialAction":[{"@type":"ReadAction","target":["https:\/\/bassiana.hu\/wellness-hotel\/"]}]},{"@type":"ImageObject","inLanguage":"en-US","@id":"https:\/\/bassiana.hu\/wellness-hotel\/#primaryimage","url":"https:\/\/bassiana.hu\/wp-content\/uploads\/2024\/09\/jakuzzi_2-scaled.jpg","contentUrl":"https:\/\/bassiana.hu\/wp-content\/uploads\/2024\/09\/jakuzzi_2-scaled.jpg","width":2560,"height":1706,"caption":"wellness hotel s\u00e1rv\u00e1r"},{"@type":"BreadcrumbList","@id":"https:\/\/bassiana.hu\/wellness-hotel\/#breadcrumb","itemListElement":[{"@type":"ListItem","position":1,"name":"Kezd\u0151lap","item":"https:\/\/bassiana.hu\/"},{"@type":"ListItem","position":2,"name":"Wellness"}]},{"@type":"WebSite","@id":"https:\/\/bassiana.hu\/#website","url":"https:\/\/bassiana.hu\/","name":"Hotel Bassiana","description":"S\u00e1rv\u00e1r","publisher":{"@id":"https:\/\/bassiana.hu\/#organization"},"potentialAction":[{"@type":"SearchAction","target":{"@type":"EntryPoint","urlTemplate":"https:\/\/bassiana.hu\/?s={search_term_string}"},"query-input":{"@type":"PropertyValueSpecification","valueRequired":true,"valueName":"search_term_string"}}],"inLanguage":"en-US"},{"@type":"Organization","@id":"https:\/\/bassiana.hu\/#organization","name":"Hotel Bassiana","url":"https:\/\/bassiana.hu\/","logo":{"@type":"ImageObject","inLanguage":"en-US","@id":"https:\/\/bassiana.hu\/#\/schema\/logo\/image\/","url":"https:\/\/bassiana.hu\/wp-content\/uploads\/2025\/04\/RGBbassiana_logo_RGB_bassiana_boutique_logo_csillaggal_szines_feher_felirat.svg","contentUrl":"https:\/\/bassiana.hu\/wp-content\/uploads\/2025\/04\/RGBbassiana_logo_RGB_bassiana_boutique_logo_csillaggal_szines_feher_felirat.svg","caption":"Hotel Bassiana"},"image":{"@id":"https:\/\/bassiana.hu\/#\/schema\/logo\/image\/"}}]}},"_links":{"self":[{"href":"https:\/\/bassiana.hu\/en\/wp-json\/wp\/v2\/pages\/27","targetHints":{"allow":["GET"]}}],"collection":[{"href":"https:\/\/bassiana.hu\/en\/wp-json\/wp\/v2\/pages"}],"about":[{"href":"https:\/\/bassiana.hu\/en\/wp-json\/wp\/v2\/types\/page"}],"author":[{"embeddable":true,"href":"https:\/\/bassiana.hu\/en\/wp-json\/wp\/v2\/users\/1"}],"replies":[{"embeddable":true,"href":"https:\/\/bassiana.hu\/en\/wp-json\/wp\/v2\/comments?post=27"}],"version-history":[{"count":30,"href":"https:\/\/bassiana.hu\/en\/wp-json\/wp\/v2\/pages\/27\/revisions"}],"predecessor-version":[{"id":2043,"href":"https:\/\/bassiana.hu\/en\/wp-json\/wp\/v2\/pages\/27\/revisions\/2043"}],"wp:featuredmedia":[{"embeddable":true,"href":"https:\/\/bassiana.hu\/en\/wp-json\/wp\/v2\/media\/515"}],"wp:attachment":[{"href":"https:\/\/bassiana.hu\/en\/wp-json\/wp\/v2\/media?parent=27"}],"curies":[{"name":"wp","href":"https:\/\/api.w.org\/{rel}","templated":true}]}}