{"id":35,"date":"2024-08-14T08:41:19","date_gmt":"2024-08-14T08:41:19","guid":{"rendered":"http:\/\/dev.bassiana.hu\/?page_id=35"},"modified":"2025-07-04T07:40:01","modified_gmt":"2025-07-04T07:40:01","slug":"bodylab","status":"publish","type":"page","link":"https:\/\/bassiana.hu\/en\/wellness-hotel\/bodylab\/","title":{"rendered":"bodyLab &#038; Beauty"},"content":{"rendered":"<p><\/p>\n<p style=\"text-align: center;\"><span style=\"font-size: 14pt;\">Would you like to break away from the hustle and bustle of everyday life in the hope of renewal? Are you looking for an exclusive, close-to-nature getaway? The renewed Hotel Bassiana offers a special bodyLab programme that warms both body and soul, offering a wide range of services for both hotel guests and visitors to the area: aromatherapy body wraps and wood massage, lymphatic massage, radiofrequency, mesotherapy and ultrasound facials, whether you are single for a pampering session or with your partner for a romantic getaway! Health is inner beauty!<\/span><\/p>\n<p>&nbsp;<\/p>\n<p style=\"text-align: center;\"><span style=\"font-size: 14pt;\">Exclusive facial and body treatments<\/span><\/p>\n<p style=\"text-align: center;\"><span style=\"font-size: 14pt;\">Professional cosmetics<\/span><\/p>\n<p style=\"text-align: center;\"><span style=\"font-size: 14pt;\">Shaping machines from the world&#8217;s leading brands<\/span><\/p>\n<p>&nbsp;<\/p>\n<p style=\"text-align: center;\"><span style=\"font-size: 14pt;\"><strong>Inquiry and appointment: +36 70 788 1188<\/strong><\/span><\/p>\n<p style=\"text-align: center;\"><span style=\"font-size: 14pt;\"><strong>Email: reservation@bassiana.hu<\/strong><\/span><\/p>\n<p><\/p>","protected":false},"excerpt":{"rendered":"<p>Would you like to break away from the hustle and bustle of everyday life in the hope of renewal? Are you looking for an exclusive,&#8230;<\/p>\n","protected":false},"author":1,"featured_media":351,"parent":27,"menu_order":12,"comment_status":"closed","ping_status":"closed","template":"","meta":{"_acf_changed":false,"inline_featured_image":false,"pgc_sgb_lightbox_settings":"","footnotes":""},"class_list":["post-35","page","type-page","status-publish","has-post-thumbnail","hentry"],"acf":[],"yoast_head":"<!-- This site is optimized with the Yoast SEO plugin v27.3 - https:\/\/yoast.com\/product\/yoast-seo-wordpress\/ -->\n<title>bodyLab &amp; Beauty - Hotel Bassiana<\/title>\n<meta name=\"description\" content=\"Hotel Bassiana k\u00fcl\u00f6nlegess\u00e9ge a testet \u00e9s lelket egyar\u00e1nt melenget\u0151 bodyLAB program, amely sz\u00e9les palett\u00e1n k\u00edn\u00e1lja szolg\u00e1ltat\u00e1sait.\" \/>\n<meta name=\"robots\" content=\"index, follow, max-snippet:-1, max-image-preview:large, max-video-preview:-1\" \/>\n<link rel=\"canonical\" href=\"https:\/\/bassiana.hu\/wellness-hotel\/bodylab\/\" \/>\n<meta property=\"og:locale\" content=\"en_US\" \/>\n<meta property=\"og:type\" content=\"article\" \/>\n<meta property=\"og:title\" content=\"bodyLab &amp; Beauty - Hotel Bassiana\" \/>\n<meta property=\"og:description\" content=\"Hotel Bassiana k\u00fcl\u00f6nlegess\u00e9ge a testet \u00e9s lelket egyar\u00e1nt melenget\u0151 bodyLAB program, amely sz\u00e9les palett\u00e1n k\u00edn\u00e1lja szolg\u00e1ltat\u00e1sait.\" \/>\n<meta property=\"og:url\" content=\"https:\/\/bassiana.hu\/wellness-hotel\/bodylab\/\" \/>\n<meta property=\"og:site_name\" content=\"Hotel Bassiana\" \/>\n<meta property=\"article:modified_time\" content=\"2025-07-04T07:40:01+00:00\" \/>\n<meta property=\"og:image\" content=\"https:\/\/bassiana.hu\/wp-content\/uploads\/2024\/09\/Hotel_Bassiana_portfolio-0359-1.jpg\" \/>\n\t<meta property=\"og:image:width\" content=\"1728\" \/>\n\t<meta property=\"og:image:height\" content=\"1152\" \/>\n\t<meta property=\"og:image:type\" content=\"image\/jpeg\" \/>\n<meta name=\"twitter:card\" content=\"summary_large_image\" \/>\n<meta name=\"twitter:label1\" content=\"Est. reading time\" \/>\n\t<meta name=\"twitter:data1\" content=\"1 minute\" \/>\n<script type=\"application\/ld+json\" class=\"yoast-schema-graph\">{\"@context\":\"https:\\\/\\\/schema.org\",\"@graph\":[{\"@type\":\"WebPage\",\"@id\":\"https:\\\/\\\/bassiana.hu\\\/wellness-hotel\\\/bodylab\\\/\",\"url\":\"https:\\\/\\\/bassiana.hu\\\/wellness-hotel\\\/bodylab\\\/\",\"name\":\"[:hu]bodyLAB & Beauty[:en]bodyLab & Beauty[:de]bodyLab & Beauty[:] - Hotel Bassiana\",\"isPartOf\":{\"@id\":\"https:\\\/\\\/bassiana.hu\\\/#website\"},\"primaryImageOfPage\":{\"@id\":\"https:\\\/\\\/bassiana.hu\\\/wellness-hotel\\\/bodylab\\\/#primaryimage\"},\"image\":{\"@id\":\"https:\\\/\\\/bassiana.hu\\\/wellness-hotel\\\/bodylab\\\/#primaryimage\"},\"thumbnailUrl\":\"https:\\\/\\\/bassiana.hu\\\/wp-content\\\/uploads\\\/2024\\\/09\\\/Hotel_Bassiana_portfolio-0359-1.jpg\",\"datePublished\":\"2024-08-14T08:41:19+00:00\",\"dateModified\":\"2025-07-04T07:40:01+00:00\",\"description\":\"Hotel Bassiana k\u00fcl\u00f6nlegess\u00e9ge a testet \u00e9s lelket egyar\u00e1nt melenget\u0151 bodyLAB program, amely sz\u00e9les palett\u00e1n k\u00edn\u00e1lja szolg\u00e1ltat\u00e1sait.\",\"breadcrumb\":{\"@id\":\"https:\\\/\\\/bassiana.hu\\\/wellness-hotel\\\/bodylab\\\/#breadcrumb\"},\"inLanguage\":\"en-US\",\"potentialAction\":[{\"@type\":\"ReadAction\",\"target\":[\"https:\\\/\\\/bassiana.hu\\\/wellness-hotel\\\/bodylab\\\/\"]}]},{\"@type\":\"ImageObject\",\"inLanguage\":\"en-US\",\"@id\":\"https:\\\/\\\/bassiana.hu\\\/wellness-hotel\\\/bodylab\\\/#primaryimage\",\"url\":\"https:\\\/\\\/bassiana.hu\\\/wp-content\\\/uploads\\\/2024\\\/09\\\/Hotel_Bassiana_portfolio-0359-1.jpg\",\"contentUrl\":\"https:\\\/\\\/bassiana.hu\\\/wp-content\\\/uploads\\\/2024\\\/09\\\/Hotel_Bassiana_portfolio-0359-1.jpg\",\"width\":1728,\"height\":1152,\"caption\":\"bodylab S\u00e1rv\u00e1r\"},{\"@type\":\"BreadcrumbList\",\"@id\":\"https:\\\/\\\/bassiana.hu\\\/wellness-hotel\\\/bodylab\\\/#breadcrumb\",\"itemListElement\":[{\"@type\":\"ListItem\",\"position\":1,\"name\":\"Kezd\u0151lap\",\"item\":\"https:\\\/\\\/bassiana.hu\\\/\"},{\"@type\":\"ListItem\",\"position\":2,\"name\":\"Wellness\",\"item\":\"https:\\\/\\\/bassiana.hu\\\/wellness-hotel\\\/\"},{\"@type\":\"ListItem\",\"position\":3,\"name\":\"bodyLAB &#038; Beauty\"}]},{\"@type\":\"WebSite\",\"@id\":\"https:\\\/\\\/bassiana.hu\\\/#website\",\"url\":\"https:\\\/\\\/bassiana.hu\\\/\",\"name\":\"Hotel Bassiana\",\"description\":\"S\u00e1rv\u00e1r\",\"publisher\":{\"@id\":\"https:\\\/\\\/bassiana.hu\\\/#organization\"},\"potentialAction\":[{\"@type\":\"SearchAction\",\"target\":{\"@type\":\"EntryPoint\",\"urlTemplate\":\"https:\\\/\\\/bassiana.hu\\\/?s={search_term_string}\"},\"query-input\":{\"@type\":\"PropertyValueSpecification\",\"valueRequired\":true,\"valueName\":\"search_term_string\"}}],\"inLanguage\":\"en-US\"},{\"@type\":\"Organization\",\"@id\":\"https:\\\/\\\/bassiana.hu\\\/#organization\",\"name\":\"Hotel Bassiana\",\"url\":\"https:\\\/\\\/bassiana.hu\\\/\",\"logo\":{\"@type\":\"ImageObject\",\"inLanguage\":\"en-US\",\"@id\":\"https:\\\/\\\/bassiana.hu\\\/#\\\/schema\\\/logo\\\/image\\\/\",\"url\":\"https:\\\/\\\/bassiana.hu\\\/wp-content\\\/uploads\\\/2025\\\/04\\\/RGBbassiana_logo_RGB_bassiana_boutique_logo_csillaggal_szines_feher_felirat.svg\",\"contentUrl\":\"https:\\\/\\\/bassiana.hu\\\/wp-content\\\/uploads\\\/2025\\\/04\\\/RGBbassiana_logo_RGB_bassiana_boutique_logo_csillaggal_szines_feher_felirat.svg\",\"caption\":\"Hotel Bassiana\"},\"image\":{\"@id\":\"https:\\\/\\\/bassiana.hu\\\/#\\\/schema\\\/logo\\\/image\\\/\"}}]}<\/script>\n<!-- \/ Yoast SEO plugin. -->","yoast_head_json":{"title":"[:hu]bodyLAB & Beauty[:en]bodyLab & Beauty[:de]bodyLab & Beauty[:] - Hotel Bassiana","description":"Hotel Bassiana k\u00fcl\u00f6nlegess\u00e9ge a testet \u00e9s lelket egyar\u00e1nt melenget\u0151 bodyLAB program, amely sz\u00e9les palett\u00e1n k\u00edn\u00e1lja szolg\u00e1ltat\u00e1sait.","robots":{"index":"index","follow":"follow","max-snippet":"max-snippet:-1","max-image-preview":"max-image-preview:large","max-video-preview":"max-video-preview:-1"},"canonical":"https:\/\/bassiana.hu\/wellness-hotel\/bodylab\/","og_locale":"en_US","og_type":"article","og_title":"bodyLab & Beauty - Hotel Bassiana","og_description":"Hotel Bassiana k\u00fcl\u00f6nlegess\u00e9ge a testet \u00e9s lelket egyar\u00e1nt melenget\u0151 bodyLAB program, amely sz\u00e9les palett\u00e1n k\u00edn\u00e1lja szolg\u00e1ltat\u00e1sait.","og_url":"https:\/\/bassiana.hu\/wellness-hotel\/bodylab\/","og_site_name":"Hotel Bassiana","article_modified_time":"2025-07-04T07:40:01+00:00","og_image":[{"width":1728,"height":1152,"url":"https:\/\/bassiana.hu\/wp-content\/uploads\/2024\/09\/Hotel_Bassiana_portfolio-0359-1.jpg","type":"image\/jpeg"}],"twitter_card":"summary_large_image","twitter_misc":{"Est. reading time":"1 minute"},"schema":{"@context":"https:\/\/schema.org","@graph":[{"@type":"WebPage","@id":"https:\/\/bassiana.hu\/wellness-hotel\/bodylab\/","url":"https:\/\/bassiana.hu\/wellness-hotel\/bodylab\/","name":"[:hu]bodyLAB & Beauty[:en]bodyLab & Beauty[:de]bodyLab & Beauty[:] - Hotel Bassiana","isPartOf":{"@id":"https:\/\/bassiana.hu\/#website"},"primaryImageOfPage":{"@id":"https:\/\/bassiana.hu\/wellness-hotel\/bodylab\/#primaryimage"},"image":{"@id":"https:\/\/bassiana.hu\/wellness-hotel\/bodylab\/#primaryimage"},"thumbnailUrl":"https:\/\/bassiana.hu\/wp-content\/uploads\/2024\/09\/Hotel_Bassiana_portfolio-0359-1.jpg","datePublished":"2024-08-14T08:41:19+00:00","dateModified":"2025-07-04T07:40:01+00:00","description":"Hotel Bassiana k\u00fcl\u00f6nlegess\u00e9ge a testet \u00e9s lelket egyar\u00e1nt melenget\u0151 bodyLAB program, amely sz\u00e9les palett\u00e1n k\u00edn\u00e1lja szolg\u00e1ltat\u00e1sait.","breadcrumb":{"@id":"https:\/\/bassiana.hu\/wellness-hotel\/bodylab\/#breadcrumb"},"inLanguage":"en-US","potentialAction":[{"@type":"ReadAction","target":["https:\/\/bassiana.hu\/wellness-hotel\/bodylab\/"]}]},{"@type":"ImageObject","inLanguage":"en-US","@id":"https:\/\/bassiana.hu\/wellness-hotel\/bodylab\/#primaryimage","url":"https:\/\/bassiana.hu\/wp-content\/uploads\/2024\/09\/Hotel_Bassiana_portfolio-0359-1.jpg","contentUrl":"https:\/\/bassiana.hu\/wp-content\/uploads\/2024\/09\/Hotel_Bassiana_portfolio-0359-1.jpg","width":1728,"height":1152,"caption":"bodylab S\u00e1rv\u00e1r"},{"@type":"BreadcrumbList","@id":"https:\/\/bassiana.hu\/wellness-hotel\/bodylab\/#breadcrumb","itemListElement":[{"@type":"ListItem","position":1,"name":"Kezd\u0151lap","item":"https:\/\/bassiana.hu\/"},{"@type":"ListItem","position":2,"name":"Wellness","item":"https:\/\/bassiana.hu\/wellness-hotel\/"},{"@type":"ListItem","position":3,"name":"bodyLAB &#038; Beauty"}]},{"@type":"WebSite","@id":"https:\/\/bassiana.hu\/#website","url":"https:\/\/bassiana.hu\/","name":"Hotel Bassiana","description":"S\u00e1rv\u00e1r","publisher":{"@id":"https:\/\/bassiana.hu\/#organization"},"potentialAction":[{"@type":"SearchAction","target":{"@type":"EntryPoint","urlTemplate":"https:\/\/bassiana.hu\/?s={search_term_string}"},"query-input":{"@type":"PropertyValueSpecification","valueRequired":true,"valueName":"search_term_string"}}],"inLanguage":"en-US"},{"@type":"Organization","@id":"https:\/\/bassiana.hu\/#organization","name":"Hotel Bassiana","url":"https:\/\/bassiana.hu\/","logo":{"@type":"ImageObject","inLanguage":"en-US","@id":"https:\/\/bassiana.hu\/#\/schema\/logo\/image\/","url":"https:\/\/bassiana.hu\/wp-content\/uploads\/2025\/04\/RGBbassiana_logo_RGB_bassiana_boutique_logo_csillaggal_szines_feher_felirat.svg","contentUrl":"https:\/\/bassiana.hu\/wp-content\/uploads\/2025\/04\/RGBbassiana_logo_RGB_bassiana_boutique_logo_csillaggal_szines_feher_felirat.svg","caption":"Hotel Bassiana"},"image":{"@id":"https:\/\/bassiana.hu\/#\/schema\/logo\/image\/"}}]}},"_links":{"self":[{"href":"https:\/\/bassiana.hu\/en\/wp-json\/wp\/v2\/pages\/35","targetHints":{"allow":["GET"]}}],"collection":[{"href":"https:\/\/bassiana.hu\/en\/wp-json\/wp\/v2\/pages"}],"about":[{"href":"https:\/\/bassiana.hu\/en\/wp-json\/wp\/v2\/types\/page"}],"author":[{"embeddable":true,"href":"https:\/\/bassiana.hu\/en\/wp-json\/wp\/v2\/users\/1"}],"replies":[{"embeddable":true,"href":"https:\/\/bassiana.hu\/en\/wp-json\/wp\/v2\/comments?post=35"}],"version-history":[{"count":35,"href":"https:\/\/bassiana.hu\/en\/wp-json\/wp\/v2\/pages\/35\/revisions"}],"predecessor-version":[{"id":1901,"href":"https:\/\/bassiana.hu\/en\/wp-json\/wp\/v2\/pages\/35\/revisions\/1901"}],"up":[{"embeddable":true,"href":"https:\/\/bassiana.hu\/en\/wp-json\/wp\/v2\/pages\/27"}],"wp:featuredmedia":[{"embeddable":true,"href":"https:\/\/bassiana.hu\/en\/wp-json\/wp\/v2\/media\/351"}],"wp:attachment":[{"href":"https:\/\/bassiana.hu\/en\/wp-json\/wp\/v2\/media?parent=35"}],"curies":[{"name":"wp","href":"https:\/\/api.w.org\/{rel}","templated":true}]}}