{"id":409,"date":"2024-09-16T06:43:07","date_gmt":"2024-09-16T06:43:07","guid":{"rendered":"http:\/\/dev.bassiana.hu\/?page_id=409"},"modified":"2025-07-04T07:35:53","modified_gmt":"2025-07-04T07:35:53","slug":"wellness","status":"publish","type":"page","link":"https:\/\/bassiana.hu\/en\/wellness-hotel\/wellness\/","title":{"rendered":"Wellness &#038; Health"},"content":{"rendered":"<p><\/p>\n<p style=\"text-align: center;\"><span style=\"font-size: 14pt;\">Our hotel&#8217;s wellness area is the epitome of natural tranquillity and a relaxing atmosphere. <\/span><br \/>\n<span style=\"font-size: 14pt;\">Visit our special wellness world, where you will find traditional and exclusive wellness elements and sauna activities.<\/span><\/p>\n<p>&nbsp;<\/p>\n<table>\n<tbody>\n<tr>\n<td style=\"text-align: center;\" width=\"604\">Daily spa prices (for external guests):<\/td>\n<\/tr>\n<tr>\n<td style=\"text-align: center;\" width=\"604\">Daily ticket (a.m. 8:00 &#8211; p.m. 8:00): 5.900 HUF \/ person \/ occasion<\/td>\n<\/tr>\n<tr>\n<td style=\"text-align: center;\" width=\"604\">Afternoon ticket (after p.m. 6:00): 2.950 HUF \/ person \/ occasion<\/td>\n<\/tr>\n<\/tbody>\n<\/table>\n<p><strong>Inquiry and appointment: +36 70 788 1188<\/strong><\/p>\n<p><strong>Further information:<\/strong><\/p>\n<p>\u2022 We welcome children above 14 years. For children over 14 years there are adults ticket available.<br \/>\n\u2022 Admission is subject to capacity and must be arranged in advance with the reception team (+36 70 788 1188)!<br \/>\n\u2022 The infrared sauna (for 2 persons) and the Finnish sauna (for 2 persons) are textile-free areas.<\/p>","protected":false},"excerpt":{"rendered":"<p>Our hotel&#8217;s wellness area is the epitome of natural tranquillity and a relaxing atmosphere. Visit our special wellness world, where you will find traditional and&#8230;<\/p>\n","protected":false},"author":1,"featured_media":515,"parent":27,"menu_order":8,"comment_status":"closed","ping_status":"closed","template":"","meta":{"_acf_changed":false,"inline_featured_image":false,"pgc_sgb_lightbox_settings":"","footnotes":""},"class_list":["post-409","page","type-page","status-publish","has-post-thumbnail","hentry"],"acf":[],"yoast_head":"<!-- This site is optimized with the Yoast SEO plugin v27.3 - https:\/\/yoast.com\/product\/yoast-seo-wordpress\/ -->\n<title>Wellness &amp; Health - Hotel Bassiana S\u00e1rv\u00e1r<\/title>\n<meta name=\"description\" content=\"A Hotel Bassiana wellness r\u00e9szlege jakuzzival, szaun\u00e1kkal, ter\u00e1pi\u00e1s kezel\u00e9sekkel v\u00e1rja a felt\u00f6lt\u0151d\u00e9sre v\u00e1gy\u00f3kat.\" \/>\n<meta name=\"robots\" content=\"index, follow, max-snippet:-1, max-image-preview:large, max-video-preview:-1\" \/>\n<link rel=\"canonical\" href=\"https:\/\/bassiana.hu\/wellness-hotel\/wellness\/\" \/>\n<meta property=\"og:locale\" content=\"en_US\" \/>\n<meta property=\"og:type\" content=\"article\" \/>\n<meta property=\"og:title\" content=\"Wellness &amp; Health - Hotel Bassiana S\u00e1rv\u00e1r\" \/>\n<meta property=\"og:description\" content=\"A Hotel Bassiana wellness r\u00e9szlege jakuzzival, szaun\u00e1kkal, ter\u00e1pi\u00e1s kezel\u00e9sekkel v\u00e1rja a felt\u00f6lt\u0151d\u00e9sre v\u00e1gy\u00f3kat.\" \/>\n<meta property=\"og:url\" content=\"https:\/\/bassiana.hu\/wellness-hotel\/wellness\/\" \/>\n<meta property=\"og:site_name\" content=\"Hotel Bassiana\" \/>\n<meta property=\"article:modified_time\" content=\"2025-07-04T07:35:53+00:00\" \/>\n<meta property=\"og:image\" content=\"https:\/\/bassiana.hu\/wp-content\/uploads\/2024\/09\/jakuzzi_2-scaled.jpg\" \/>\n\t<meta property=\"og:image:width\" content=\"2560\" \/>\n\t<meta property=\"og:image:height\" content=\"1706\" \/>\n\t<meta property=\"og:image:type\" content=\"image\/jpeg\" \/>\n<meta name=\"twitter:card\" content=\"summary_large_image\" \/>\n<meta name=\"twitter:label1\" content=\"Est. reading time\" \/>\n\t<meta name=\"twitter:data1\" content=\"1 minute\" \/>\n<script type=\"application\/ld+json\" class=\"yoast-schema-graph\">{\"@context\":\"https:\\\/\\\/schema.org\",\"@graph\":[{\"@type\":\"WebPage\",\"@id\":\"https:\\\/\\\/bassiana.hu\\\/wellness-hotel\\\/wellness\\\/\",\"url\":\"https:\\\/\\\/bassiana.hu\\\/wellness-hotel\\\/wellness\\\/\",\"name\":\"Wellness & Health - Hotel Bassiana S\u00e1rv\u00e1r\",\"isPartOf\":{\"@id\":\"https:\\\/\\\/bassiana.hu\\\/#website\"},\"primaryImageOfPage\":{\"@id\":\"https:\\\/\\\/bassiana.hu\\\/wellness-hotel\\\/wellness\\\/#primaryimage\"},\"image\":{\"@id\":\"https:\\\/\\\/bassiana.hu\\\/wellness-hotel\\\/wellness\\\/#primaryimage\"},\"thumbnailUrl\":\"https:\\\/\\\/bassiana.hu\\\/wp-content\\\/uploads\\\/2024\\\/09\\\/jakuzzi_2-scaled.jpg\",\"datePublished\":\"2024-09-16T06:43:07+00:00\",\"dateModified\":\"2025-07-04T07:35:53+00:00\",\"description\":\"A Hotel Bassiana wellness r\u00e9szlege jakuzzival, szaun\u00e1kkal, ter\u00e1pi\u00e1s kezel\u00e9sekkel v\u00e1rja a felt\u00f6lt\u0151d\u00e9sre v\u00e1gy\u00f3kat.\",\"breadcrumb\":{\"@id\":\"https:\\\/\\\/bassiana.hu\\\/wellness-hotel\\\/wellness\\\/#breadcrumb\"},\"inLanguage\":\"en-US\",\"potentialAction\":[{\"@type\":\"ReadAction\",\"target\":[\"https:\\\/\\\/bassiana.hu\\\/wellness-hotel\\\/wellness\\\/\"]}]},{\"@type\":\"ImageObject\",\"inLanguage\":\"en-US\",\"@id\":\"https:\\\/\\\/bassiana.hu\\\/wellness-hotel\\\/wellness\\\/#primaryimage\",\"url\":\"https:\\\/\\\/bassiana.hu\\\/wp-content\\\/uploads\\\/2024\\\/09\\\/jakuzzi_2-scaled.jpg\",\"contentUrl\":\"https:\\\/\\\/bassiana.hu\\\/wp-content\\\/uploads\\\/2024\\\/09\\\/jakuzzi_2-scaled.jpg\",\"width\":2560,\"height\":1706,\"caption\":\"wellness hotel s\u00e1rv\u00e1r\"},{\"@type\":\"BreadcrumbList\",\"@id\":\"https:\\\/\\\/bassiana.hu\\\/wellness-hotel\\\/wellness\\\/#breadcrumb\",\"itemListElement\":[{\"@type\":\"ListItem\",\"position\":1,\"name\":\"Kezd\u0151lap\",\"item\":\"https:\\\/\\\/bassiana.hu\\\/\"},{\"@type\":\"ListItem\",\"position\":2,\"name\":\"Wellness\",\"item\":\"https:\\\/\\\/bassiana.hu\\\/wellness-hotel\\\/\"},{\"@type\":\"ListItem\",\"position\":3,\"name\":\"Wellness &#038; Health\"}]},{\"@type\":\"WebSite\",\"@id\":\"https:\\\/\\\/bassiana.hu\\\/#website\",\"url\":\"https:\\\/\\\/bassiana.hu\\\/\",\"name\":\"Hotel Bassiana\",\"description\":\"S\u00e1rv\u00e1r\",\"publisher\":{\"@id\":\"https:\\\/\\\/bassiana.hu\\\/#organization\"},\"potentialAction\":[{\"@type\":\"SearchAction\",\"target\":{\"@type\":\"EntryPoint\",\"urlTemplate\":\"https:\\\/\\\/bassiana.hu\\\/?s={search_term_string}\"},\"query-input\":{\"@type\":\"PropertyValueSpecification\",\"valueRequired\":true,\"valueName\":\"search_term_string\"}}],\"inLanguage\":\"en-US\"},{\"@type\":\"Organization\",\"@id\":\"https:\\\/\\\/bassiana.hu\\\/#organization\",\"name\":\"Hotel Bassiana\",\"url\":\"https:\\\/\\\/bassiana.hu\\\/\",\"logo\":{\"@type\":\"ImageObject\",\"inLanguage\":\"en-US\",\"@id\":\"https:\\\/\\\/bassiana.hu\\\/#\\\/schema\\\/logo\\\/image\\\/\",\"url\":\"https:\\\/\\\/bassiana.hu\\\/wp-content\\\/uploads\\\/2025\\\/04\\\/RGBbassiana_logo_RGB_bassiana_boutique_logo_csillaggal_szines_feher_felirat.svg\",\"contentUrl\":\"https:\\\/\\\/bassiana.hu\\\/wp-content\\\/uploads\\\/2025\\\/04\\\/RGBbassiana_logo_RGB_bassiana_boutique_logo_csillaggal_szines_feher_felirat.svg\",\"caption\":\"Hotel Bassiana\"},\"image\":{\"@id\":\"https:\\\/\\\/bassiana.hu\\\/#\\\/schema\\\/logo\\\/image\\\/\"}}]}<\/script>\n<!-- \/ Yoast SEO plugin. -->","yoast_head_json":{"title":"Wellness & Health - Hotel Bassiana S\u00e1rv\u00e1r","description":"A Hotel Bassiana wellness r\u00e9szlege jakuzzival, szaun\u00e1kkal, ter\u00e1pi\u00e1s kezel\u00e9sekkel v\u00e1rja a felt\u00f6lt\u0151d\u00e9sre v\u00e1gy\u00f3kat.","robots":{"index":"index","follow":"follow","max-snippet":"max-snippet:-1","max-image-preview":"max-image-preview:large","max-video-preview":"max-video-preview:-1"},"canonical":"https:\/\/bassiana.hu\/wellness-hotel\/wellness\/","og_locale":"en_US","og_type":"article","og_title":"Wellness & Health - Hotel Bassiana S\u00e1rv\u00e1r","og_description":"A Hotel Bassiana wellness r\u00e9szlege jakuzzival, szaun\u00e1kkal, ter\u00e1pi\u00e1s kezel\u00e9sekkel v\u00e1rja a felt\u00f6lt\u0151d\u00e9sre v\u00e1gy\u00f3kat.","og_url":"https:\/\/bassiana.hu\/wellness-hotel\/wellness\/","og_site_name":"Hotel Bassiana","article_modified_time":"2025-07-04T07:35:53+00:00","og_image":[{"width":2560,"height":1706,"url":"https:\/\/bassiana.hu\/wp-content\/uploads\/2024\/09\/jakuzzi_2-scaled.jpg","type":"image\/jpeg"}],"twitter_card":"summary_large_image","twitter_misc":{"Est. reading time":"1 minute"},"schema":{"@context":"https:\/\/schema.org","@graph":[{"@type":"WebPage","@id":"https:\/\/bassiana.hu\/wellness-hotel\/wellness\/","url":"https:\/\/bassiana.hu\/wellness-hotel\/wellness\/","name":"Wellness & Health - Hotel Bassiana S\u00e1rv\u00e1r","isPartOf":{"@id":"https:\/\/bassiana.hu\/#website"},"primaryImageOfPage":{"@id":"https:\/\/bassiana.hu\/wellness-hotel\/wellness\/#primaryimage"},"image":{"@id":"https:\/\/bassiana.hu\/wellness-hotel\/wellness\/#primaryimage"},"thumbnailUrl":"https:\/\/bassiana.hu\/wp-content\/uploads\/2024\/09\/jakuzzi_2-scaled.jpg","datePublished":"2024-09-16T06:43:07+00:00","dateModified":"2025-07-04T07:35:53+00:00","description":"A Hotel Bassiana wellness r\u00e9szlege jakuzzival, szaun\u00e1kkal, ter\u00e1pi\u00e1s kezel\u00e9sekkel v\u00e1rja a felt\u00f6lt\u0151d\u00e9sre v\u00e1gy\u00f3kat.","breadcrumb":{"@id":"https:\/\/bassiana.hu\/wellness-hotel\/wellness\/#breadcrumb"},"inLanguage":"en-US","potentialAction":[{"@type":"ReadAction","target":["https:\/\/bassiana.hu\/wellness-hotel\/wellness\/"]}]},{"@type":"ImageObject","inLanguage":"en-US","@id":"https:\/\/bassiana.hu\/wellness-hotel\/wellness\/#primaryimage","url":"https:\/\/bassiana.hu\/wp-content\/uploads\/2024\/09\/jakuzzi_2-scaled.jpg","contentUrl":"https:\/\/bassiana.hu\/wp-content\/uploads\/2024\/09\/jakuzzi_2-scaled.jpg","width":2560,"height":1706,"caption":"wellness hotel s\u00e1rv\u00e1r"},{"@type":"BreadcrumbList","@id":"https:\/\/bassiana.hu\/wellness-hotel\/wellness\/#breadcrumb","itemListElement":[{"@type":"ListItem","position":1,"name":"Kezd\u0151lap","item":"https:\/\/bassiana.hu\/"},{"@type":"ListItem","position":2,"name":"Wellness","item":"https:\/\/bassiana.hu\/wellness-hotel\/"},{"@type":"ListItem","position":3,"name":"Wellness &#038; Health"}]},{"@type":"WebSite","@id":"https:\/\/bassiana.hu\/#website","url":"https:\/\/bassiana.hu\/","name":"Hotel Bassiana","description":"S\u00e1rv\u00e1r","publisher":{"@id":"https:\/\/bassiana.hu\/#organization"},"potentialAction":[{"@type":"SearchAction","target":{"@type":"EntryPoint","urlTemplate":"https:\/\/bassiana.hu\/?s={search_term_string}"},"query-input":{"@type":"PropertyValueSpecification","valueRequired":true,"valueName":"search_term_string"}}],"inLanguage":"en-US"},{"@type":"Organization","@id":"https:\/\/bassiana.hu\/#organization","name":"Hotel Bassiana","url":"https:\/\/bassiana.hu\/","logo":{"@type":"ImageObject","inLanguage":"en-US","@id":"https:\/\/bassiana.hu\/#\/schema\/logo\/image\/","url":"https:\/\/bassiana.hu\/wp-content\/uploads\/2025\/04\/RGBbassiana_logo_RGB_bassiana_boutique_logo_csillaggal_szines_feher_felirat.svg","contentUrl":"https:\/\/bassiana.hu\/wp-content\/uploads\/2025\/04\/RGBbassiana_logo_RGB_bassiana_boutique_logo_csillaggal_szines_feher_felirat.svg","caption":"Hotel Bassiana"},"image":{"@id":"https:\/\/bassiana.hu\/#\/schema\/logo\/image\/"}}]}},"_links":{"self":[{"href":"https:\/\/bassiana.hu\/en\/wp-json\/wp\/v2\/pages\/409","targetHints":{"allow":["GET"]}}],"collection":[{"href":"https:\/\/bassiana.hu\/en\/wp-json\/wp\/v2\/pages"}],"about":[{"href":"https:\/\/bassiana.hu\/en\/wp-json\/wp\/v2\/types\/page"}],"author":[{"embeddable":true,"href":"https:\/\/bassiana.hu\/en\/wp-json\/wp\/v2\/users\/1"}],"replies":[{"embeddable":true,"href":"https:\/\/bassiana.hu\/en\/wp-json\/wp\/v2\/comments?post=409"}],"version-history":[{"count":44,"href":"https:\/\/bassiana.hu\/en\/wp-json\/wp\/v2\/pages\/409\/revisions"}],"predecessor-version":[{"id":2042,"href":"https:\/\/bassiana.hu\/en\/wp-json\/wp\/v2\/pages\/409\/revisions\/2042"}],"up":[{"embeddable":true,"href":"https:\/\/bassiana.hu\/en\/wp-json\/wp\/v2\/pages\/27"}],"wp:featuredmedia":[{"embeddable":true,"href":"https:\/\/bassiana.hu\/en\/wp-json\/wp\/v2\/media\/515"}],"wp:attachment":[{"href":"https:\/\/bassiana.hu\/en\/wp-json\/wp\/v2\/media?parent=409"}],"curies":[{"name":"wp","href":"https:\/\/api.w.org\/{rel}","templated":true}]}}