{"id":427,"date":"2024-09-18T09:20:36","date_gmt":"2024-09-18T09:20:36","guid":{"rendered":"http:\/\/dev.bassiana.hu\/?page_id=427"},"modified":"2026-03-12T11:40:51","modified_gmt":"2026-03-12T11:40:51","slug":"cafe-blue-terrace","status":"publish","type":"page","link":"https:\/\/bassiana.hu\/en\/etterem\/cafe-blue-terrace\/","title":{"rendered":"Caf\u00e9 Blue &#038; blueBISTRO"},"content":{"rendered":"<p class=\"qtranxs-available-languages-message qtranxs-available-languages-message-en\">Sorry, this entry is only available in <a href=\"https:\/\/bassiana.hu\/hu\/wp-json\/wp\/v2\/pages\/427\" class=\"qtranxs-available-language-link qtranxs-available-language-link-hu\" title=\"Magyar\">Magyar<\/a>.<\/p>","protected":false},"excerpt":{"rendered":"<p>Our gastronomy has been shaped by a focus on providing quality dishes made with local, fresh ingredients, which is the basis of our preservative-free and organic cuisine. Our restaurant not only pays special attention to nutritional preservation, but also caters to the needs of our guests following special diets!<\/p>\n<p>The fineBISTRO menu of our Caf\u00e9 Blue restaurant represents the values of traditional Hungarian cuisine with elegant plates and special food compositions, as well as international specialities.<\/p>\n<p>Our elegant 46-seat restaurant and 24-seat terrace, available in fine weather, provide the perfect setting for our guests. Our young, well-trained and dedicated team ensures that every meal is a real experience.<\/p>\n<p>Reservation: + 36 70 788 11 88<br \/>\nEmail: reservation@bassiana.hu<\/p>\n","protected":false},"author":1,"featured_media":790,"parent":43,"menu_order":56,"comment_status":"closed","ping_status":"closed","template":"","meta":{"_acf_changed":false,"inline_featured_image":false,"pgc_sgb_lightbox_settings":"","footnotes":""},"class_list":["post-427","page","type-page","status-publish","has-post-thumbnail","hentry"],"acf":[],"yoast_head":"<!-- This site is optimized with the Yoast SEO plugin v27.3 - https:\/\/yoast.com\/product\/yoast-seo-wordpress\/ -->\n<title>Caf\u00e9 Blue &amp; blueBISTRO - Hotel Bassiana<\/title>\n<meta name=\"robots\" content=\"index, follow, max-snippet:-1, max-image-preview:large, max-video-preview:-1\" \/>\n<link rel=\"canonical\" href=\"https:\/\/bassiana.hu\/etterem\/cafe-blue-terrace\/\" \/>\n<meta property=\"og:locale\" content=\"en_US\" \/>\n<meta property=\"og:type\" content=\"article\" \/>\n<meta property=\"og:title\" content=\"Caf\u00e9 Blue &amp; blueBISTRO - Hotel Bassiana\" \/>\n<meta property=\"og:description\" content=\"[:hu]Gasztron\u00f3mi\u00e1nk kialak\u00edt\u00e1s\u00e1ban kiemelten fontos szerepet j\u00e1tszott a lok\u00e1lis, friss alapanyagok felhaszn\u00e1l\u00e1s\u00e1val k\u00e9sz\u00fclt, min\u0151s\u00e9gi fog\u00e1sok biztos\u00edt\u00e1sa, amely a tart\u00f3s\u00edt\u00f3szermentes \u00e9s organikus konyh\u00e1nk alapjait adja. \u00c9tterm\u00fcnk nemcsak a t\u00e1panyagmeg\u0151rz\u00e9sre ford\u00edt kiemelt figyelmet a modern konyhatechnol\u00f3gi\u00e1k alkalmaz\u00e1s\u00e1val, hanem a speci\u00e1lis di\u00e9t\u00e1t k\u00f6vet\u0151 vend\u00e9geink ig\u00e9nyeit is kiel\u00e9g\u00edt\u0151 k\u00edn\u00e1lattal v\u00e1rja!  Caf\u00e9 Blue term\u00fcnk blueBISTRO \u00e9tlapja az eleg\u00e1ns t\u00e1ny\u00e9rok \u00e9s k\u00fcl\u00f6nleges \u00e9telkompoz\u00edci\u00f3k mellett k\u00e9pviseli a tradicion\u00e1lis magyar konyha \u00e9rt\u00e9keit, valamint felvonultat nemzetk\u00f6zi \u00e9telspecialit\u00e1sokat is.  Eleg\u00e1ns, 46 f\u0151s Caf\u00e9 Blue term\u00fcnk \u00e9s a kellemes id\u0151j\u00e1r\u00e1s eset\u00e9n el\u00e9rhet\u0151, 24 f\u0151s teraszunk t\u00f6k\u00e9letes k\u00f6rnyezetet biztos\u00edtanak vend\u00e9geink sz\u00e1m\u00e1ra. Fiatal, j\u00f3l k\u00e9pzett \u00e9s elhivatott csapatunk gondoskodik arr\u00f3l, hogy minden \u00e9tkez\u00e9s val\u00f3di \u00e9lm\u00e9nny\u00e9 v\u00e1ljon.  Asztalfoglal\u00e1s: + 36 70 788 11 88  Email: reservation@bassiana.hu[:en]Our gastronomy has been shaped by a focus on providing quality dishes made with local, fresh ingredients, which is the basis of our preservative-free and organic cuisine. Our restaurant not only pays special attention to nutritional preservation, but also caters to the needs of our guests following special diets!  The fineBISTRO menu of our Caf\u00e9 Blue restaurant represents the values of traditional Hungarian cuisine with elegant plates and special food compositions, as well as international specialities.  Our elegant 46-seat restaurant and 24-seat terrace, available in fine weather, provide the perfect setting for our guests. Our young, well-trained and dedicated team ensures that every meal is a real experience.  Reservation: + 36 70 788 11 88  Email: reservation@bassiana.hu[:de]Unsere Gastronomie ist gepr\u00e4gt von der Fokussierung auf Qualit\u00e4tsgerichte aus lokalen, frischen Zutaten, die die Grundlage f\u00fcr unsere konservierungsmittelfreie und biologische K\u00fcche bilden. Unser Restaurant achtet nicht nur auf die Erhaltung der N\u00e4hrstoffe, sondern geht auch auf die Bed\u00fcrfnisse unserer G\u00e4ste ein, die spezielle Di\u00e4ten einhalten!  Die fineBISTRO-Speisekarte unseres Restaurants Caf\u00e9 Blue repr\u00e4sentiert die Werte der traditionellen ungarischen K\u00fcche mit eleganten Tellern und besonderen Speisenkompositionen, aber auch internationale Spezialit\u00e4ten.  Unser elegantes Restaurant mit 46 Pl\u00e4tzen und die Terrasse mit 24 Pl\u00e4tzen, die bei sch\u00f6nem Wetter zur Verf\u00fcgung steht, bieten den perfekten Rahmen f\u00fcr unsere G\u00e4ste. Unser junges, gut ausgebildetes und engagiertes Team sorgt daf\u00fcr, dass jede Mahlzeit zu einem echten Erlebnis wird.   Reservierung: + 36 70 788 11 88  Email: reservation@bassiana.hu[:]\" \/>\n<meta property=\"og:url\" content=\"https:\/\/bassiana.hu\/etterem\/cafe-blue-terrace\/\" \/>\n<meta property=\"og:site_name\" content=\"Hotel Bassiana\" \/>\n<meta property=\"article:modified_time\" content=\"2026-03-12T11:40:51+00:00\" \/>\n<meta property=\"og:image\" content=\"https:\/\/bassiana.hu\/wp-content\/uploads\/2024\/10\/Hotel_Bassiana_portfolio-0538.jpg\" \/>\n\t<meta property=\"og:image:width\" content=\"1600\" \/>\n\t<meta property=\"og:image:height\" content=\"1067\" \/>\n\t<meta property=\"og:image:type\" content=\"image\/jpeg\" \/>\n<meta name=\"twitter:card\" content=\"summary_large_image\" \/>\n<meta name=\"twitter:label1\" content=\"Est. reading time\" \/>\n\t<meta name=\"twitter:data1\" content=\"1 minute\" \/>\n<script type=\"application\/ld+json\" class=\"yoast-schema-graph\">{\"@context\":\"https:\\\/\\\/schema.org\",\"@graph\":[{\"@type\":\"WebPage\",\"@id\":\"https:\\\/\\\/bassiana.hu\\\/etterem\\\/cafe-blue-terrace\\\/\",\"url\":\"https:\\\/\\\/bassiana.hu\\\/etterem\\\/cafe-blue-terrace\\\/\",\"name\":\"Caf\u00e9 Blue & blueBISTRO - Hotel Bassiana\",\"isPartOf\":{\"@id\":\"https:\\\/\\\/bassiana.hu\\\/#website\"},\"primaryImageOfPage\":{\"@id\":\"https:\\\/\\\/bassiana.hu\\\/etterem\\\/cafe-blue-terrace\\\/#primaryimage\"},\"image\":{\"@id\":\"https:\\\/\\\/bassiana.hu\\\/etterem\\\/cafe-blue-terrace\\\/#primaryimage\"},\"thumbnailUrl\":\"https:\\\/\\\/bassiana.hu\\\/wp-content\\\/uploads\\\/2024\\\/10\\\/Hotel_Bassiana_portfolio-0538.jpg\",\"datePublished\":\"2024-09-18T09:20:36+00:00\",\"dateModified\":\"2026-03-12T11:40:51+00:00\",\"breadcrumb\":{\"@id\":\"https:\\\/\\\/bassiana.hu\\\/etterem\\\/cafe-blue-terrace\\\/#breadcrumb\"},\"inLanguage\":\"en-US\",\"potentialAction\":[{\"@type\":\"ReadAction\",\"target\":[\"https:\\\/\\\/bassiana.hu\\\/etterem\\\/cafe-blue-terrace\\\/\"]}]},{\"@type\":\"ImageObject\",\"inLanguage\":\"en-US\",\"@id\":\"https:\\\/\\\/bassiana.hu\\\/etterem\\\/cafe-blue-terrace\\\/#primaryimage\",\"url\":\"https:\\\/\\\/bassiana.hu\\\/wp-content\\\/uploads\\\/2024\\\/10\\\/Hotel_Bassiana_portfolio-0538.jpg\",\"contentUrl\":\"https:\\\/\\\/bassiana.hu\\\/wp-content\\\/uploads\\\/2024\\\/10\\\/Hotel_Bassiana_portfolio-0538.jpg\",\"width\":1600,\"height\":1067},{\"@type\":\"BreadcrumbList\",\"@id\":\"https:\\\/\\\/bassiana.hu\\\/etterem\\\/cafe-blue-terrace\\\/#breadcrumb\",\"itemListElement\":[{\"@type\":\"ListItem\",\"position\":1,\"name\":\"Kezd\u0151lap\",\"item\":\"https:\\\/\\\/bassiana.hu\\\/\"},{\"@type\":\"ListItem\",\"position\":2,\"name\":\"Gasztron\u00f3mia\",\"item\":\"https:\\\/\\\/bassiana.hu\\\/etterem\\\/\"},{\"@type\":\"ListItem\",\"position\":3,\"name\":\"Caf\u00e9 Blue &#038; blueBISTRO\"}]},{\"@type\":\"WebSite\",\"@id\":\"https:\\\/\\\/bassiana.hu\\\/#website\",\"url\":\"https:\\\/\\\/bassiana.hu\\\/\",\"name\":\"Hotel Bassiana\",\"description\":\"S\u00e1rv\u00e1r\",\"publisher\":{\"@id\":\"https:\\\/\\\/bassiana.hu\\\/#organization\"},\"potentialAction\":[{\"@type\":\"SearchAction\",\"target\":{\"@type\":\"EntryPoint\",\"urlTemplate\":\"https:\\\/\\\/bassiana.hu\\\/?s={search_term_string}\"},\"query-input\":{\"@type\":\"PropertyValueSpecification\",\"valueRequired\":true,\"valueName\":\"search_term_string\"}}],\"inLanguage\":\"en-US\"},{\"@type\":\"Organization\",\"@id\":\"https:\\\/\\\/bassiana.hu\\\/#organization\",\"name\":\"Hotel Bassiana\",\"url\":\"https:\\\/\\\/bassiana.hu\\\/\",\"logo\":{\"@type\":\"ImageObject\",\"inLanguage\":\"en-US\",\"@id\":\"https:\\\/\\\/bassiana.hu\\\/#\\\/schema\\\/logo\\\/image\\\/\",\"url\":\"https:\\\/\\\/bassiana.hu\\\/wp-content\\\/uploads\\\/2025\\\/04\\\/RGBbassiana_logo_RGB_bassiana_boutique_logo_csillaggal_szines_feher_felirat.svg\",\"contentUrl\":\"https:\\\/\\\/bassiana.hu\\\/wp-content\\\/uploads\\\/2025\\\/04\\\/RGBbassiana_logo_RGB_bassiana_boutique_logo_csillaggal_szines_feher_felirat.svg\",\"caption\":\"Hotel Bassiana\"},\"image\":{\"@id\":\"https:\\\/\\\/bassiana.hu\\\/#\\\/schema\\\/logo\\\/image\\\/\"}}]}<\/script>\n<!-- \/ Yoast SEO plugin. -->","yoast_head_json":{"title":"Caf\u00e9 Blue & blueBISTRO - Hotel Bassiana","robots":{"index":"index","follow":"follow","max-snippet":"max-snippet:-1","max-image-preview":"max-image-preview:large","max-video-preview":"max-video-preview:-1"},"canonical":"https:\/\/bassiana.hu\/etterem\/cafe-blue-terrace\/","og_locale":"en_US","og_type":"article","og_title":"Caf\u00e9 Blue & blueBISTRO - Hotel Bassiana","og_description":"[:hu]Gasztron\u00f3mi\u00e1nk kialak\u00edt\u00e1s\u00e1ban kiemelten fontos szerepet j\u00e1tszott a lok\u00e1lis, friss alapanyagok felhaszn\u00e1l\u00e1s\u00e1val k\u00e9sz\u00fclt, min\u0151s\u00e9gi fog\u00e1sok biztos\u00edt\u00e1sa, amely a tart\u00f3s\u00edt\u00f3szermentes \u00e9s organikus konyh\u00e1nk alapjait adja. \u00c9tterm\u00fcnk nemcsak a t\u00e1panyagmeg\u0151rz\u00e9sre ford\u00edt kiemelt figyelmet a modern konyhatechnol\u00f3gi\u00e1k alkalmaz\u00e1s\u00e1val, hanem a speci\u00e1lis di\u00e9t\u00e1t k\u00f6vet\u0151 vend\u00e9geink ig\u00e9nyeit is kiel\u00e9g\u00edt\u0151 k\u00edn\u00e1lattal v\u00e1rja!  Caf\u00e9 Blue term\u00fcnk blueBISTRO \u00e9tlapja az eleg\u00e1ns t\u00e1ny\u00e9rok \u00e9s k\u00fcl\u00f6nleges \u00e9telkompoz\u00edci\u00f3k mellett k\u00e9pviseli a tradicion\u00e1lis magyar konyha \u00e9rt\u00e9keit, valamint felvonultat nemzetk\u00f6zi \u00e9telspecialit\u00e1sokat is.  Eleg\u00e1ns, 46 f\u0151s Caf\u00e9 Blue term\u00fcnk \u00e9s a kellemes id\u0151j\u00e1r\u00e1s eset\u00e9n el\u00e9rhet\u0151, 24 f\u0151s teraszunk t\u00f6k\u00e9letes k\u00f6rnyezetet biztos\u00edtanak vend\u00e9geink sz\u00e1m\u00e1ra. Fiatal, j\u00f3l k\u00e9pzett \u00e9s elhivatott csapatunk gondoskodik arr\u00f3l, hogy minden \u00e9tkez\u00e9s val\u00f3di \u00e9lm\u00e9nny\u00e9 v\u00e1ljon.  Asztalfoglal\u00e1s: + 36 70 788 11 88  Email: reservation@bassiana.hu[:en]Our gastronomy has been shaped by a focus on providing quality dishes made with local, fresh ingredients, which is the basis of our preservative-free and organic cuisine. Our restaurant not only pays special attention to nutritional preservation, but also caters to the needs of our guests following special diets!  The fineBISTRO menu of our Caf\u00e9 Blue restaurant represents the values of traditional Hungarian cuisine with elegant plates and special food compositions, as well as international specialities.  Our elegant 46-seat restaurant and 24-seat terrace, available in fine weather, provide the perfect setting for our guests. Our young, well-trained and dedicated team ensures that every meal is a real experience.  Reservation: + 36 70 788 11 88  Email: reservation@bassiana.hu[:de]Unsere Gastronomie ist gepr\u00e4gt von der Fokussierung auf Qualit\u00e4tsgerichte aus lokalen, frischen Zutaten, die die Grundlage f\u00fcr unsere konservierungsmittelfreie und biologische K\u00fcche bilden. Unser Restaurant achtet nicht nur auf die Erhaltung der N\u00e4hrstoffe, sondern geht auch auf die Bed\u00fcrfnisse unserer G\u00e4ste ein, die spezielle Di\u00e4ten einhalten!  Die fineBISTRO-Speisekarte unseres Restaurants Caf\u00e9 Blue repr\u00e4sentiert die Werte der traditionellen ungarischen K\u00fcche mit eleganten Tellern und besonderen Speisenkompositionen, aber auch internationale Spezialit\u00e4ten.  Unser elegantes Restaurant mit 46 Pl\u00e4tzen und die Terrasse mit 24 Pl\u00e4tzen, die bei sch\u00f6nem Wetter zur Verf\u00fcgung steht, bieten den perfekten Rahmen f\u00fcr unsere G\u00e4ste. Unser junges, gut ausgebildetes und engagiertes Team sorgt daf\u00fcr, dass jede Mahlzeit zu einem echten Erlebnis wird.   Reservierung: + 36 70 788 11 88  Email: reservation@bassiana.hu[:]","og_url":"https:\/\/bassiana.hu\/etterem\/cafe-blue-terrace\/","og_site_name":"Hotel Bassiana","article_modified_time":"2026-03-12T11:40:51+00:00","og_image":[{"width":1600,"height":1067,"url":"https:\/\/bassiana.hu\/wp-content\/uploads\/2024\/10\/Hotel_Bassiana_portfolio-0538.jpg","type":"image\/jpeg"}],"twitter_card":"summary_large_image","twitter_misc":{"Est. reading time":"1 minute"},"schema":{"@context":"https:\/\/schema.org","@graph":[{"@type":"WebPage","@id":"https:\/\/bassiana.hu\/etterem\/cafe-blue-terrace\/","url":"https:\/\/bassiana.hu\/etterem\/cafe-blue-terrace\/","name":"Caf\u00e9 Blue & blueBISTRO - Hotel Bassiana","isPartOf":{"@id":"https:\/\/bassiana.hu\/#website"},"primaryImageOfPage":{"@id":"https:\/\/bassiana.hu\/etterem\/cafe-blue-terrace\/#primaryimage"},"image":{"@id":"https:\/\/bassiana.hu\/etterem\/cafe-blue-terrace\/#primaryimage"},"thumbnailUrl":"https:\/\/bassiana.hu\/wp-content\/uploads\/2024\/10\/Hotel_Bassiana_portfolio-0538.jpg","datePublished":"2024-09-18T09:20:36+00:00","dateModified":"2026-03-12T11:40:51+00:00","breadcrumb":{"@id":"https:\/\/bassiana.hu\/etterem\/cafe-blue-terrace\/#breadcrumb"},"inLanguage":"en-US","potentialAction":[{"@type":"ReadAction","target":["https:\/\/bassiana.hu\/etterem\/cafe-blue-terrace\/"]}]},{"@type":"ImageObject","inLanguage":"en-US","@id":"https:\/\/bassiana.hu\/etterem\/cafe-blue-terrace\/#primaryimage","url":"https:\/\/bassiana.hu\/wp-content\/uploads\/2024\/10\/Hotel_Bassiana_portfolio-0538.jpg","contentUrl":"https:\/\/bassiana.hu\/wp-content\/uploads\/2024\/10\/Hotel_Bassiana_portfolio-0538.jpg","width":1600,"height":1067},{"@type":"BreadcrumbList","@id":"https:\/\/bassiana.hu\/etterem\/cafe-blue-terrace\/#breadcrumb","itemListElement":[{"@type":"ListItem","position":1,"name":"Kezd\u0151lap","item":"https:\/\/bassiana.hu\/"},{"@type":"ListItem","position":2,"name":"Gasztron\u00f3mia","item":"https:\/\/bassiana.hu\/etterem\/"},{"@type":"ListItem","position":3,"name":"Caf\u00e9 Blue &#038; blueBISTRO"}]},{"@type":"WebSite","@id":"https:\/\/bassiana.hu\/#website","url":"https:\/\/bassiana.hu\/","name":"Hotel Bassiana","description":"S\u00e1rv\u00e1r","publisher":{"@id":"https:\/\/bassiana.hu\/#organization"},"potentialAction":[{"@type":"SearchAction","target":{"@type":"EntryPoint","urlTemplate":"https:\/\/bassiana.hu\/?s={search_term_string}"},"query-input":{"@type":"PropertyValueSpecification","valueRequired":true,"valueName":"search_term_string"}}],"inLanguage":"en-US"},{"@type":"Organization","@id":"https:\/\/bassiana.hu\/#organization","name":"Hotel Bassiana","url":"https:\/\/bassiana.hu\/","logo":{"@type":"ImageObject","inLanguage":"en-US","@id":"https:\/\/bassiana.hu\/#\/schema\/logo\/image\/","url":"https:\/\/bassiana.hu\/wp-content\/uploads\/2025\/04\/RGBbassiana_logo_RGB_bassiana_boutique_logo_csillaggal_szines_feher_felirat.svg","contentUrl":"https:\/\/bassiana.hu\/wp-content\/uploads\/2025\/04\/RGBbassiana_logo_RGB_bassiana_boutique_logo_csillaggal_szines_feher_felirat.svg","caption":"Hotel Bassiana"},"image":{"@id":"https:\/\/bassiana.hu\/#\/schema\/logo\/image\/"}}]}},"_links":{"self":[{"href":"https:\/\/bassiana.hu\/en\/wp-json\/wp\/v2\/pages\/427","targetHints":{"allow":["GET"]}}],"collection":[{"href":"https:\/\/bassiana.hu\/en\/wp-json\/wp\/v2\/pages"}],"about":[{"href":"https:\/\/bassiana.hu\/en\/wp-json\/wp\/v2\/types\/page"}],"author":[{"embeddable":true,"href":"https:\/\/bassiana.hu\/en\/wp-json\/wp\/v2\/users\/1"}],"replies":[{"embeddable":true,"href":"https:\/\/bassiana.hu\/en\/wp-json\/wp\/v2\/comments?post=427"}],"version-history":[{"count":3,"href":"https:\/\/bassiana.hu\/en\/wp-json\/wp\/v2\/pages\/427\/revisions"}],"predecessor-version":[{"id":982,"href":"https:\/\/bassiana.hu\/en\/wp-json\/wp\/v2\/pages\/427\/revisions\/982"}],"up":[{"embeddable":true,"href":"https:\/\/bassiana.hu\/en\/wp-json\/wp\/v2\/pages\/43"}],"wp:featuredmedia":[{"embeddable":true,"href":"https:\/\/bassiana.hu\/en\/wp-json\/wp\/v2\/media\/790"}],"wp:attachment":[{"href":"https:\/\/bassiana.hu\/en\/wp-json\/wp\/v2\/media?parent=427"}],"curies":[{"name":"wp","href":"https:\/\/api.w.org\/{rel}","templated":true}]}}