{"id":53,"date":"2024-08-15T08:36:18","date_gmt":"2024-08-15T08:36:18","guid":{"rendered":"http:\/\/dev.bassiana.hu\/?page_id=53"},"modified":"2025-03-20T07:04:49","modified_gmt":"2025-03-20T07:04:49","slug":"sarvar","status":"publish","type":"page","link":"https:\/\/bassiana.hu\/en\/programok\/sarvar\/","title":{"rendered":"S\u00e1rv\u00e1r"},"content":{"rendered":"<p style=\"text-align: center;\">The city of S\u00e1rv\u00e1r is particularly rich in history dating back to Roman times, as well as in its tourist significance.<\/p>\r\n<p style=\"text-align: center;\">The area has been inhabited since Neolithic times thanks to its favourable natural and geographical conditions. The Romans founded a settlement nearby called Bassiana. The town takes its name from its \u00c1rp\u00e1d castle, surrounded by water and marshes. Later, with minor interruptions, the Kanizsa family owned the castle and the settlement. After the marriage of Tam\u00e1s N\u00e1dasdy and Orsolya Kanizsai, S\u00e1rv\u00e1r and the other Kanizsai estates became the property of the N\u00e1dasdy family, which was attacked by the Turks several times. Under the leadership of Ferenc N\u00e1dasdy, the population, together with the people of the area who had fled to the area, successfully repelled the enemy. The siege of 15 August 1532 was the most serious of the Turkish attacks, when about 200 defenders died heroically.<\/p>\r\n<p style=\"text-align: center;\">After the siege, Tam\u00e1s N\u00e1dasdy, a humanist, established one of the cultural centres of the decaying country in S\u00e1rv\u00e1r.In 1534 he founded a school and a printing press. It was during the N\u00e1dasdy family&#8217;s possession of the castle for nearly a century and a half that it acquired the late Renaissance appearance that is still recognisable today. To ward off Turkish attack, the castle&#8217;s pentagonal defence system with bastions can still be admired today. The age of the N\u00e1dasdy family still defines the structure of the town today. Settlements such as Friday Village, Thirteen Towns and the Mountaineer&#8217;s Village began to be settled at this time.<br \/>In the 1970s, S\u00e1rv\u00e1r was enriched with new factories, the lake and the park forest, as well as schools. After the renovation of the N\u00e1dasdy Castle in 1978, it became, together with the museum, the centre of the town&#8217;s public culture.<\/p>\r\n<p style=\"text-align: center;\">In the first decade of the 21st century, the development of the municipality was determined by the boom in health tourism, in addition to industrial capacity. In 1961, oil explorers discovered medicinal water, and the first thermal baths were built in 1968 to exploit it. The investment paved the way for a series of huge developments: in 2004, S\u00e1rv\u00e1r became a member of the European Association of Royal Spa Towns, and the four-star Bassiana Hotel opened. On 19 October 2012, S\u00e1rv\u00e1r was awarded the spa certificate at a ceremony to mark its accession to the European Spa Association. After a year-long process, two areas of the town were awarded the spa status, &#8220;S\u00e1rv\u00e1r &#8211; Spa Gardens&#8221; and &#8220;S\u00e1rv\u00e1r &#8211; Arboretum&#8221;.<br \/>S\u00e1rv\u00e1r&#8217;s economic life, its leading role in tourism and its rich cultural life and offer have made it one of the most popular settlements in Hungary, and one of the TOP10 settlements in the country in terms of the number of overnight stays.<\/p>","protected":false},"excerpt":{"rendered":"<p>The city of S\u00e1rv\u00e1r is particularly rich in history dating back to Roman times, as well as in its tourist significance. The area has been&#8230;<\/p>\n","protected":false},"author":1,"featured_media":373,"parent":153,"menu_order":59,"comment_status":"closed","ping_status":"closed","template":"","meta":{"_acf_changed":false,"inline_featured_image":false,"pgc_sgb_lightbox_settings":"","footnotes":""},"class_list":["post-53","page","type-page","status-publish","has-post-thumbnail","hentry"],"acf":[],"yoast_head":"<!-- This site is optimized with the Yoast SEO plugin v27.4 - https:\/\/yoast.com\/product\/yoast-seo-wordpress\/ -->\n<title>S\u00e1rv\u00e1r - Hotel Bassiana<\/title>\n<meta name=\"robots\" content=\"index, follow, max-snippet:-1, max-image-preview:large, max-video-preview:-1\" \/>\n<link rel=\"canonical\" href=\"https:\/\/bassiana.hu\/programok\/sarvar\/\" \/>\n<meta property=\"og:locale\" content=\"en_US\" \/>\n<meta property=\"og:type\" content=\"article\" \/>\n<meta property=\"og:title\" content=\"S\u00e1rv\u00e1r - Hotel Bassiana\" \/>\n<meta property=\"og:description\" content=\"The city of S\u00e1rv\u00e1r is particularly rich in history dating back to Roman times, as well as in its tourist significance. The area has been...\" \/>\n<meta property=\"og:url\" content=\"https:\/\/bassiana.hu\/programok\/sarvar\/\" \/>\n<meta property=\"og:site_name\" content=\"Hotel Bassiana\" \/>\n<meta property=\"article:modified_time\" content=\"2025-03-20T07:04:49+00:00\" \/>\n<meta property=\"og:image\" content=\"https:\/\/bassiana.hu\/wp-content\/uploads\/2024\/09\/Hotel_Bassiana_portfolio-0092-1-738x1024.jpg\" \/>\n\t<meta property=\"og:image:width\" content=\"738\" \/>\n\t<meta property=\"og:image:height\" content=\"1024\" \/>\n\t<meta property=\"og:image:type\" content=\"image\/jpeg\" \/>\n<meta name=\"twitter:card\" content=\"summary_large_image\" \/>\n<meta name=\"twitter:label1\" content=\"Est. reading time\" \/>\n\t<meta name=\"twitter:data1\" content=\"2 minutes\" \/>\n<script type=\"application\/ld+json\" class=\"yoast-schema-graph\">{\"@context\":\"https:\\\/\\\/schema.org\",\"@graph\":[{\"@type\":\"WebPage\",\"@id\":\"https:\\\/\\\/bassiana.hu\\\/programok\\\/sarvar\\\/\",\"url\":\"https:\\\/\\\/bassiana.hu\\\/programok\\\/sarvar\\\/\",\"name\":\"S\u00e1rv\u00e1r - Hotel Bassiana\",\"isPartOf\":{\"@id\":\"https:\\\/\\\/bassiana.hu\\\/#website\"},\"primaryImageOfPage\":{\"@id\":\"https:\\\/\\\/bassiana.hu\\\/programok\\\/sarvar\\\/#primaryimage\"},\"image\":{\"@id\":\"https:\\\/\\\/bassiana.hu\\\/programok\\\/sarvar\\\/#primaryimage\"},\"thumbnailUrl\":\"https:\\\/\\\/bassiana.hu\\\/wp-content\\\/uploads\\\/2024\\\/09\\\/Hotel_Bassiana_portfolio-0092-1.jpg\",\"datePublished\":\"2024-08-15T08:36:18+00:00\",\"dateModified\":\"2025-03-20T07:04:49+00:00\",\"breadcrumb\":{\"@id\":\"https:\\\/\\\/bassiana.hu\\\/programok\\\/sarvar\\\/#breadcrumb\"},\"inLanguage\":\"en-US\",\"potentialAction\":[{\"@type\":\"ReadAction\",\"target\":[\"https:\\\/\\\/bassiana.hu\\\/programok\\\/sarvar\\\/\"]}]},{\"@type\":\"ImageObject\",\"inLanguage\":\"en-US\",\"@id\":\"https:\\\/\\\/bassiana.hu\\\/programok\\\/sarvar\\\/#primaryimage\",\"url\":\"https:\\\/\\\/bassiana.hu\\\/wp-content\\\/uploads\\\/2024\\\/09\\\/Hotel_Bassiana_portfolio-0092-1.jpg\",\"contentUrl\":\"https:\\\/\\\/bassiana.hu\\\/wp-content\\\/uploads\\\/2024\\\/09\\\/Hotel_Bassiana_portfolio-0092-1.jpg\",\"width\":1566,\"height\":2172},{\"@type\":\"BreadcrumbList\",\"@id\":\"https:\\\/\\\/bassiana.hu\\\/programok\\\/sarvar\\\/#breadcrumb\",\"itemListElement\":[{\"@type\":\"ListItem\",\"position\":1,\"name\":\"Kezd\u0151lap\",\"item\":\"https:\\\/\\\/bassiana.hu\\\/\"},{\"@type\":\"ListItem\",\"position\":2,\"name\":\"L\u00e1tnival\u00f3k\",\"item\":\"https:\\\/\\\/bassiana.hu\\\/programok\\\/\"},{\"@type\":\"ListItem\",\"position\":3,\"name\":\"S\u00e1rv\u00e1r\"}]},{\"@type\":\"WebSite\",\"@id\":\"https:\\\/\\\/bassiana.hu\\\/#website\",\"url\":\"https:\\\/\\\/bassiana.hu\\\/\",\"name\":\"Hotel Bassiana\",\"description\":\"S\u00e1rv\u00e1r\",\"publisher\":{\"@id\":\"https:\\\/\\\/bassiana.hu\\\/#organization\"},\"potentialAction\":[{\"@type\":\"SearchAction\",\"target\":{\"@type\":\"EntryPoint\",\"urlTemplate\":\"https:\\\/\\\/bassiana.hu\\\/?s={search_term_string}\"},\"query-input\":{\"@type\":\"PropertyValueSpecification\",\"valueRequired\":true,\"valueName\":\"search_term_string\"}}],\"inLanguage\":\"en-US\"},{\"@type\":\"Organization\",\"@id\":\"https:\\\/\\\/bassiana.hu\\\/#organization\",\"name\":\"Hotel Bassiana\",\"url\":\"https:\\\/\\\/bassiana.hu\\\/\",\"logo\":{\"@type\":\"ImageObject\",\"inLanguage\":\"en-US\",\"@id\":\"https:\\\/\\\/bassiana.hu\\\/#\\\/schema\\\/logo\\\/image\\\/\",\"url\":\"https:\\\/\\\/bassiana.hu\\\/wp-content\\\/uploads\\\/2025\\\/04\\\/RGBbassiana_logo_RGB_bassiana_boutique_logo_csillaggal_szines_feher_felirat.svg\",\"contentUrl\":\"https:\\\/\\\/bassiana.hu\\\/wp-content\\\/uploads\\\/2025\\\/04\\\/RGBbassiana_logo_RGB_bassiana_boutique_logo_csillaggal_szines_feher_felirat.svg\",\"caption\":\"Hotel Bassiana\"},\"image\":{\"@id\":\"https:\\\/\\\/bassiana.hu\\\/#\\\/schema\\\/logo\\\/image\\\/\"}}]}<\/script>\n<!-- \/ Yoast SEO plugin. -->","yoast_head_json":{"title":"S\u00e1rv\u00e1r - Hotel Bassiana","robots":{"index":"index","follow":"follow","max-snippet":"max-snippet:-1","max-image-preview":"max-image-preview:large","max-video-preview":"max-video-preview:-1"},"canonical":"https:\/\/bassiana.hu\/programok\/sarvar\/","og_locale":"en_US","og_type":"article","og_title":"S\u00e1rv\u00e1r - Hotel Bassiana","og_description":"The city of S\u00e1rv\u00e1r is particularly rich in history dating back to Roman times, as well as in its tourist significance. The area has been...","og_url":"https:\/\/bassiana.hu\/programok\/sarvar\/","og_site_name":"Hotel Bassiana","article_modified_time":"2025-03-20T07:04:49+00:00","og_image":[{"width":738,"height":1024,"url":"https:\/\/bassiana.hu\/wp-content\/uploads\/2024\/09\/Hotel_Bassiana_portfolio-0092-1-738x1024.jpg","type":"image\/jpeg"}],"twitter_card":"summary_large_image","twitter_misc":{"Est. reading time":"2 minutes"},"schema":{"@context":"https:\/\/schema.org","@graph":[{"@type":"WebPage","@id":"https:\/\/bassiana.hu\/programok\/sarvar\/","url":"https:\/\/bassiana.hu\/programok\/sarvar\/","name":"S\u00e1rv\u00e1r - Hotel Bassiana","isPartOf":{"@id":"https:\/\/bassiana.hu\/#website"},"primaryImageOfPage":{"@id":"https:\/\/bassiana.hu\/programok\/sarvar\/#primaryimage"},"image":{"@id":"https:\/\/bassiana.hu\/programok\/sarvar\/#primaryimage"},"thumbnailUrl":"https:\/\/bassiana.hu\/wp-content\/uploads\/2024\/09\/Hotel_Bassiana_portfolio-0092-1.jpg","datePublished":"2024-08-15T08:36:18+00:00","dateModified":"2025-03-20T07:04:49+00:00","breadcrumb":{"@id":"https:\/\/bassiana.hu\/programok\/sarvar\/#breadcrumb"},"inLanguage":"en-US","potentialAction":[{"@type":"ReadAction","target":["https:\/\/bassiana.hu\/programok\/sarvar\/"]}]},{"@type":"ImageObject","inLanguage":"en-US","@id":"https:\/\/bassiana.hu\/programok\/sarvar\/#primaryimage","url":"https:\/\/bassiana.hu\/wp-content\/uploads\/2024\/09\/Hotel_Bassiana_portfolio-0092-1.jpg","contentUrl":"https:\/\/bassiana.hu\/wp-content\/uploads\/2024\/09\/Hotel_Bassiana_portfolio-0092-1.jpg","width":1566,"height":2172},{"@type":"BreadcrumbList","@id":"https:\/\/bassiana.hu\/programok\/sarvar\/#breadcrumb","itemListElement":[{"@type":"ListItem","position":1,"name":"Kezd\u0151lap","item":"https:\/\/bassiana.hu\/"},{"@type":"ListItem","position":2,"name":"L\u00e1tnival\u00f3k","item":"https:\/\/bassiana.hu\/programok\/"},{"@type":"ListItem","position":3,"name":"S\u00e1rv\u00e1r"}]},{"@type":"WebSite","@id":"https:\/\/bassiana.hu\/#website","url":"https:\/\/bassiana.hu\/","name":"Hotel Bassiana","description":"S\u00e1rv\u00e1r","publisher":{"@id":"https:\/\/bassiana.hu\/#organization"},"potentialAction":[{"@type":"SearchAction","target":{"@type":"EntryPoint","urlTemplate":"https:\/\/bassiana.hu\/?s={search_term_string}"},"query-input":{"@type":"PropertyValueSpecification","valueRequired":true,"valueName":"search_term_string"}}],"inLanguage":"en-US"},{"@type":"Organization","@id":"https:\/\/bassiana.hu\/#organization","name":"Hotel Bassiana","url":"https:\/\/bassiana.hu\/","logo":{"@type":"ImageObject","inLanguage":"en-US","@id":"https:\/\/bassiana.hu\/#\/schema\/logo\/image\/","url":"https:\/\/bassiana.hu\/wp-content\/uploads\/2025\/04\/RGBbassiana_logo_RGB_bassiana_boutique_logo_csillaggal_szines_feher_felirat.svg","contentUrl":"https:\/\/bassiana.hu\/wp-content\/uploads\/2025\/04\/RGBbassiana_logo_RGB_bassiana_boutique_logo_csillaggal_szines_feher_felirat.svg","caption":"Hotel Bassiana"},"image":{"@id":"https:\/\/bassiana.hu\/#\/schema\/logo\/image\/"}}]}},"_links":{"self":[{"href":"https:\/\/bassiana.hu\/en\/wp-json\/wp\/v2\/pages\/53","targetHints":{"allow":["GET"]}}],"collection":[{"href":"https:\/\/bassiana.hu\/en\/wp-json\/wp\/v2\/pages"}],"about":[{"href":"https:\/\/bassiana.hu\/en\/wp-json\/wp\/v2\/types\/page"}],"author":[{"embeddable":true,"href":"https:\/\/bassiana.hu\/en\/wp-json\/wp\/v2\/users\/1"}],"replies":[{"embeddable":true,"href":"https:\/\/bassiana.hu\/en\/wp-json\/wp\/v2\/comments?post=53"}],"version-history":[{"count":17,"href":"https:\/\/bassiana.hu\/en\/wp-json\/wp\/v2\/pages\/53\/revisions"}],"predecessor-version":[{"id":986,"href":"https:\/\/bassiana.hu\/en\/wp-json\/wp\/v2\/pages\/53\/revisions\/986"}],"up":[{"embeddable":true,"href":"https:\/\/bassiana.hu\/en\/wp-json\/wp\/v2\/pages\/153"}],"wp:featuredmedia":[{"embeddable":true,"href":"https:\/\/bassiana.hu\/en\/wp-json\/wp\/v2\/media\/373"}],"wp:attachment":[{"href":"https:\/\/bassiana.hu\/en\/wp-json\/wp\/v2\/media?parent=53"}],"curies":[{"name":"wp","href":"https:\/\/api.w.org\/{rel}","templated":true}]}}