{"id":55,"date":"2024-08-15T08:36:28","date_gmt":"2024-08-15T08:36:28","guid":{"rendered":"http:\/\/dev.bassiana.hu\/?page_id=55"},"modified":"2025-03-20T07:05:08","modified_gmt":"2025-03-20T07:05:08","slug":"arboretum","status":"publish","type":"page","link":"https:\/\/bassiana.hu\/en\/programok\/arboretum\/","title":{"rendered":"Arboretum"},"content":{"rendered":"<!-- wp:paragraph -->\r\n<p style=\"text-align: center;\"><span style=\"font-size: 14pt;\"><strong>In the embrace of nature<\/strong> <\/span><br \/><span style=\"font-size: 14pt;\">Our hotel offers guests direct access to the centuries-old arboretum in the heart of S\u00e1rv\u00e1r, where the harmony of nature and timeless beauty offer a unique experience. The arboretum&#8217;s unique collection of plants, including 300-year-old oaks and 200-year-old plane trees, reflect the intertwining of nature and history, making it the perfect place for physical and spiritual rejuvenation. Stroll along the quiet paths, enjoy the tranquillity of the groves and immerse yourself in the special atmosphere of the garden, where memories of the past and the closeness of nature help you to feel completely renewed.<\/span><\/p>\r\n<p style=\"text-align: center;\"><span style=\"font-size: 14pt;\">For more information: www.sarvariarboretum.hu<\/span><\/p>\r\n<p style=\"text-align: center;\"><span style=\"font-size: 14pt;\">Opening hours:<\/span><br \/><span style=\"font-size: 14pt;\">1 April &#8211; 31 October: 9:00 a.m. &#8211; 07:00 p.m.<\/span><br \/><span style=\"font-size: 14pt;\">1 November &#8211; 31 March: 9:00 a.m. &#8211; 05:00 p.m.<\/span><br \/><br \/><span style=\"font-size: 14pt;\">Contact:<\/span><br \/><span style=\"font-size: 14pt;\">SOE &#8211; ERTI Centre, Research Station and Arboretum<\/span><br \/><span style=\"font-size: 14pt;\">9600 S\u00e1rv\u00e1r, V\u00e1rker\u00fclet 30\/A.<\/span><br \/><span style=\"font-size: 14pt;\">06-95\/320-070<\/span><br \/><span style=\"font-size: 14pt;\">erti@uni-sopron.hu<\/span><\/p>\r\n<!-- \/wp:paragraph -->","protected":false},"excerpt":{"rendered":"<p>In the embrace of nature Our hotel offers guests direct access to the centuries-old arboretum in the heart of S\u00e1rv\u00e1r, where the harmony of nature&#8230;<\/p>\n","protected":false},"author":1,"featured_media":0,"parent":153,"menu_order":41,"comment_status":"closed","ping_status":"closed","template":"","meta":{"_acf_changed":false,"inline_featured_image":false,"pgc_sgb_lightbox_settings":"","footnotes":""},"class_list":["post-55","page","type-page","status-publish","hentry"],"acf":[],"yoast_head":"<!-- This site is optimized with the Yoast SEO plugin v27.4 - https:\/\/yoast.com\/product\/yoast-seo-wordpress\/ -->\n<title>Arboretum - Hotel Bassiana<\/title>\n<meta name=\"robots\" content=\"index, follow, max-snippet:-1, max-image-preview:large, max-video-preview:-1\" \/>\n<link rel=\"canonical\" href=\"https:\/\/bassiana.hu\/programok\/arboretum\/\" \/>\n<meta property=\"og:locale\" content=\"en_US\" \/>\n<meta property=\"og:type\" content=\"article\" \/>\n<meta property=\"og:title\" content=\"Arboretum - Hotel Bassiana\" \/>\n<meta property=\"og:description\" content=\"In the embrace of nature Our hotel offers guests direct access to the centuries-old arboretum in the heart of S\u00e1rv\u00e1r, where the harmony of nature...\" \/>\n<meta property=\"og:url\" content=\"https:\/\/bassiana.hu\/programok\/arboretum\/\" \/>\n<meta property=\"og:site_name\" content=\"Hotel Bassiana\" \/>\n<meta property=\"article:modified_time\" content=\"2025-03-20T07:05:08+00:00\" \/>\n<meta name=\"twitter:card\" content=\"summary_large_image\" \/>\n<meta name=\"twitter:label1\" content=\"Est. reading time\" \/>\n\t<meta name=\"twitter:data1\" content=\"1 minute\" \/>\n<script type=\"application\/ld+json\" class=\"yoast-schema-graph\">{\"@context\":\"https:\\\/\\\/schema.org\",\"@graph\":[{\"@type\":\"WebPage\",\"@id\":\"https:\\\/\\\/bassiana.hu\\\/programok\\\/arboretum\\\/\",\"url\":\"https:\\\/\\\/bassiana.hu\\\/programok\\\/arboretum\\\/\",\"name\":\"[:hu]Arbor\u00e9tum[:en]Arboretum[:de]Arboretum[:] - Hotel Bassiana\",\"isPartOf\":{\"@id\":\"https:\\\/\\\/bassiana.hu\\\/#website\"},\"datePublished\":\"2024-08-15T08:36:28+00:00\",\"dateModified\":\"2025-03-20T07:05:08+00:00\",\"breadcrumb\":{\"@id\":\"https:\\\/\\\/bassiana.hu\\\/programok\\\/arboretum\\\/#breadcrumb\"},\"inLanguage\":\"en-US\",\"potentialAction\":[{\"@type\":\"ReadAction\",\"target\":[\"https:\\\/\\\/bassiana.hu\\\/programok\\\/arboretum\\\/\"]}]},{\"@type\":\"BreadcrumbList\",\"@id\":\"https:\\\/\\\/bassiana.hu\\\/programok\\\/arboretum\\\/#breadcrumb\",\"itemListElement\":[{\"@type\":\"ListItem\",\"position\":1,\"name\":\"Kezd\u0151lap\",\"item\":\"https:\\\/\\\/bassiana.hu\\\/\"},{\"@type\":\"ListItem\",\"position\":2,\"name\":\"L\u00e1tnival\u00f3k\",\"item\":\"https:\\\/\\\/bassiana.hu\\\/programok\\\/\"},{\"@type\":\"ListItem\",\"position\":3,\"name\":\"Arbor\u00e9tum\"}]},{\"@type\":\"WebSite\",\"@id\":\"https:\\\/\\\/bassiana.hu\\\/#website\",\"url\":\"https:\\\/\\\/bassiana.hu\\\/\",\"name\":\"Hotel Bassiana\",\"description\":\"S\u00e1rv\u00e1r\",\"publisher\":{\"@id\":\"https:\\\/\\\/bassiana.hu\\\/#organization\"},\"potentialAction\":[{\"@type\":\"SearchAction\",\"target\":{\"@type\":\"EntryPoint\",\"urlTemplate\":\"https:\\\/\\\/bassiana.hu\\\/?s={search_term_string}\"},\"query-input\":{\"@type\":\"PropertyValueSpecification\",\"valueRequired\":true,\"valueName\":\"search_term_string\"}}],\"inLanguage\":\"en-US\"},{\"@type\":\"Organization\",\"@id\":\"https:\\\/\\\/bassiana.hu\\\/#organization\",\"name\":\"Hotel Bassiana\",\"url\":\"https:\\\/\\\/bassiana.hu\\\/\",\"logo\":{\"@type\":\"ImageObject\",\"inLanguage\":\"en-US\",\"@id\":\"https:\\\/\\\/bassiana.hu\\\/#\\\/schema\\\/logo\\\/image\\\/\",\"url\":\"https:\\\/\\\/bassiana.hu\\\/wp-content\\\/uploads\\\/2025\\\/04\\\/RGBbassiana_logo_RGB_bassiana_boutique_logo_csillaggal_szines_feher_felirat.svg\",\"contentUrl\":\"https:\\\/\\\/bassiana.hu\\\/wp-content\\\/uploads\\\/2025\\\/04\\\/RGBbassiana_logo_RGB_bassiana_boutique_logo_csillaggal_szines_feher_felirat.svg\",\"caption\":\"Hotel Bassiana\"},\"image\":{\"@id\":\"https:\\\/\\\/bassiana.hu\\\/#\\\/schema\\\/logo\\\/image\\\/\"}}]}<\/script>\n<!-- \/ Yoast SEO plugin. -->","yoast_head_json":{"title":"[:hu]Arbor\u00e9tum[:en]Arboretum[:de]Arboretum[:] - Hotel Bassiana","robots":{"index":"index","follow":"follow","max-snippet":"max-snippet:-1","max-image-preview":"max-image-preview:large","max-video-preview":"max-video-preview:-1"},"canonical":"https:\/\/bassiana.hu\/programok\/arboretum\/","og_locale":"en_US","og_type":"article","og_title":"Arboretum - Hotel Bassiana","og_description":"In the embrace of nature Our hotel offers guests direct access to the centuries-old arboretum in the heart of S\u00e1rv\u00e1r, where the harmony of nature...","og_url":"https:\/\/bassiana.hu\/programok\/arboretum\/","og_site_name":"Hotel Bassiana","article_modified_time":"2025-03-20T07:05:08+00:00","twitter_card":"summary_large_image","twitter_misc":{"Est. reading time":"1 minute"},"schema":{"@context":"https:\/\/schema.org","@graph":[{"@type":"WebPage","@id":"https:\/\/bassiana.hu\/programok\/arboretum\/","url":"https:\/\/bassiana.hu\/programok\/arboretum\/","name":"[:hu]Arbor\u00e9tum[:en]Arboretum[:de]Arboretum[:] - Hotel Bassiana","isPartOf":{"@id":"https:\/\/bassiana.hu\/#website"},"datePublished":"2024-08-15T08:36:28+00:00","dateModified":"2025-03-20T07:05:08+00:00","breadcrumb":{"@id":"https:\/\/bassiana.hu\/programok\/arboretum\/#breadcrumb"},"inLanguage":"en-US","potentialAction":[{"@type":"ReadAction","target":["https:\/\/bassiana.hu\/programok\/arboretum\/"]}]},{"@type":"BreadcrumbList","@id":"https:\/\/bassiana.hu\/programok\/arboretum\/#breadcrumb","itemListElement":[{"@type":"ListItem","position":1,"name":"Kezd\u0151lap","item":"https:\/\/bassiana.hu\/"},{"@type":"ListItem","position":2,"name":"L\u00e1tnival\u00f3k","item":"https:\/\/bassiana.hu\/programok\/"},{"@type":"ListItem","position":3,"name":"Arbor\u00e9tum"}]},{"@type":"WebSite","@id":"https:\/\/bassiana.hu\/#website","url":"https:\/\/bassiana.hu\/","name":"Hotel Bassiana","description":"S\u00e1rv\u00e1r","publisher":{"@id":"https:\/\/bassiana.hu\/#organization"},"potentialAction":[{"@type":"SearchAction","target":{"@type":"EntryPoint","urlTemplate":"https:\/\/bassiana.hu\/?s={search_term_string}"},"query-input":{"@type":"PropertyValueSpecification","valueRequired":true,"valueName":"search_term_string"}}],"inLanguage":"en-US"},{"@type":"Organization","@id":"https:\/\/bassiana.hu\/#organization","name":"Hotel Bassiana","url":"https:\/\/bassiana.hu\/","logo":{"@type":"ImageObject","inLanguage":"en-US","@id":"https:\/\/bassiana.hu\/#\/schema\/logo\/image\/","url":"https:\/\/bassiana.hu\/wp-content\/uploads\/2025\/04\/RGBbassiana_logo_RGB_bassiana_boutique_logo_csillaggal_szines_feher_felirat.svg","contentUrl":"https:\/\/bassiana.hu\/wp-content\/uploads\/2025\/04\/RGBbassiana_logo_RGB_bassiana_boutique_logo_csillaggal_szines_feher_felirat.svg","caption":"Hotel Bassiana"},"image":{"@id":"https:\/\/bassiana.hu\/#\/schema\/logo\/image\/"}}]}},"_links":{"self":[{"href":"https:\/\/bassiana.hu\/en\/wp-json\/wp\/v2\/pages\/55","targetHints":{"allow":["GET"]}}],"collection":[{"href":"https:\/\/bassiana.hu\/en\/wp-json\/wp\/v2\/pages"}],"about":[{"href":"https:\/\/bassiana.hu\/en\/wp-json\/wp\/v2\/types\/page"}],"author":[{"embeddable":true,"href":"https:\/\/bassiana.hu\/en\/wp-json\/wp\/v2\/users\/1"}],"replies":[{"embeddable":true,"href":"https:\/\/bassiana.hu\/en\/wp-json\/wp\/v2\/comments?post=55"}],"version-history":[{"count":11,"href":"https:\/\/bassiana.hu\/en\/wp-json\/wp\/v2\/pages\/55\/revisions"}],"predecessor-version":[{"id":992,"href":"https:\/\/bassiana.hu\/en\/wp-json\/wp\/v2\/pages\/55\/revisions\/992"}],"up":[{"embeddable":true,"href":"https:\/\/bassiana.hu\/en\/wp-json\/wp\/v2\/pages\/153"}],"wp:attachment":[{"href":"https:\/\/bassiana.hu\/en\/wp-json\/wp\/v2\/media?parent=55"}],"curies":[{"name":"wp","href":"https:\/\/api.w.org\/{rel}","templated":true}]}}