{"id":576,"date":"2024-10-01T11:03:12","date_gmt":"2024-10-01T11:03:12","guid":{"rendered":"https:\/\/bassiana.hu\/?page_id=576"},"modified":"2025-01-08T11:26:17","modified_gmt":"2025-01-08T11:26:17","slug":"dr-life-hullammasszazs","status":"publish","type":"page","link":"https:\/\/bassiana.hu\/en\/wellness-hotel\/bodylab\/dr-life-hullammasszazs\/","title":{"rendered":"DR. LIFE WAVE MASSAGE"},"content":{"rendered":"","protected":false},"excerpt":{"rendered":"<p>8.800 HUF (23 EUR)  \/ 45 minutes<br \/>\nThe service can be purchased as an individual treatment or as a 5 \/ 10 suitable voucher. The 11th treatment is free with the purchase of 10 suitable voucher!<\/p>\n<p>The principle of the Dr. Life wave massage is that the successive inflation of the air chambers in the treatment units, which can be placed on the limbs, produces a continuously alternating precise massage effect, a wave massage effect in the tissues, mimicking the &#8220;muscle pump&#8221; necessary for healthy blood circulation in the leg. Problems associated with impaired circulation begin at an increasingly younger age. In the long term, vasodilatation and varicose veins appear around the ankle, in the knee and thigh. If you want to prevent these problems or get rid of existing problems, or if you want to lose weight and slim down, choose a professional treatment that ensures positive well-being! We help you restore essential physiological processes!<\/p>\n<p>&#8220;I discovered that if I love life, life loves me back&#8221; &#8211; Arthur Rubinstein<\/p>\n","protected":false},"author":1,"featured_media":577,"parent":35,"menu_order":27,"comment_status":"closed","ping_status":"closed","template":"","meta":{"_acf_changed":false,"inline_featured_image":false,"pgc_sgb_lightbox_settings":"","footnotes":""},"class_list":["post-576","page","type-page","status-publish","has-post-thumbnail","hentry"],"acf":[],"yoast_head":"<!-- This site is optimized with the Yoast SEO plugin v27.4 - https:\/\/yoast.com\/product\/yoast-seo-wordpress\/ -->\n<title>DR. LIFE WAVE MASSAGE - Hotel Bassiana<\/title>\n<meta name=\"robots\" content=\"index, follow, max-snippet:-1, max-image-preview:large, max-video-preview:-1\" \/>\n<link rel=\"canonical\" href=\"https:\/\/bassiana.hu\/wellness-hotel\/bodylab\/dr-life-hullammasszazs\/\" \/>\n<meta property=\"og:locale\" content=\"en_US\" \/>\n<meta property=\"og:type\" content=\"article\" \/>\n<meta property=\"og:title\" content=\"DR. LIFE WAVE MASSAGE - Hotel Bassiana\" \/>\n<meta property=\"og:description\" content=\"[:hu]8.800 HUF (23 EUR) \/ 45 perc A szolg\u00e1ltat\u00e1s egy\u00e9ni kezel\u00e9sk\u00e9nt, vagy 5 \/ 10 alkalmas b\u00e9rletben v\u00e1s\u00e1rolhat\u00f3 meg. A 10 alkalmas b\u00e9rlet v\u00e1s\u00e1rl\u00e1sa set\u00e9n a 11. alkalom aj\u00e1nd\u00e9k!   A Dr. Life hull\u00e1mmassz\u00e1zs elve, hogy a v\u00e9gtagokra felhelyezhet\u0151 kezel\u0151 egys\u00e9gekben a l\u00e9gkamr\u00e1k egym\u00e1s ut\u00e1n t\u00f6rt\u00e9n\u0151 felf\u00fav\u00f3d\u00e1sa folyamatosan v\u00e1ltakoz\u00f3 prec\u00edz massz\u00e1zshat\u00e1st, hull\u00e1mmassz\u00e1zs effektust id\u00e9z el\u0151 a sz\u00f6vetekben, ut\u00e1nozva ezzel a l\u00e1b eg\u00e9szs\u00e9ges v\u00e9rkering\u00e9s\u00e9hez sz\u00fcks\u00e9ges \u201c izompump\u00e1t\u201d. Egyre fiatalabb korban kezd\u0151dnek a v\u00e9rkering\u00e9s k\u00e1rosod\u00e1s\u00e1val \u00f6sszef\u00fcgg\u0151 probl\u00e9m\u00e1k. Hossz\u00fa t\u00e1von megjelennek az \u00e9rt\u00e1gulatok, sepr\u0171v\u00e9n\u00e1k a boka k\u00f6r\u00fcl a t\u00e9rdhajlatban \u00e9s a combon. Ha szeretn\u00e9 megel\u0151zni ezeket a probl\u00e9m\u00e1kat vagy a m\u00e1r megl\u00e9v\u0151 probl\u00e9m\u00e1kt\u00f3l megszabadulni, illetve ha salaktalan\u00edt\u00e1s, karcs\u00fas\u00edt\u00e1s a c\u00e9l, v\u00e1lassza a pozit\u00edv k\u00f6z\u00e9rzetet biztos\u00edt\u00f3 szakszer\u0171 kezel\u00e9st! Seg\u00edt\u00fcnk helyre\u00e1ll\u00edtani az alapvet\u0151en fontos \u00e9lettani folyamatokat!  \u201eFelfedeztem, hogy ha szeretem az \u00e9letet, az \u00e9let viszontszeret.\u201d - Arthur Rubinstein[:en]8.800 HUF (23 EUR) \/ 45 minutes The service can be purchased as an individual treatment or as a 5 \/ 10 suitable voucher. The 11th treatment is free with the purchase of 10 suitable voucher!  The principle of the Dr. Life wave massage is that the successive inflation of the air chambers in the treatment units, which can be placed on the limbs, produces a continuously alternating precise massage effect, a wave massage effect in the tissues, mimicking the &quot;muscle pump&quot; necessary for healthy blood circulation in the leg. Problems associated with impaired circulation begin at an increasingly younger age. In the long term, vasodilatation and varicose veins appear around the ankle, in the knee and thigh. If you want to prevent these problems or get rid of existing problems, or if you want to lose weight and slim down, choose a professional treatment that ensures positive well-being! We help you restore essential physiological processes!  &quot;I discovered that if I love life, life loves me back&quot; - Arthur Rubinstein[:de]8.800 HUF (23 EUR) \/ 45 Minuten Die Dienstleistung kann als Einzelbehandlung oder als 5 \/ 10 passende Gutscheine gekauft werden. Die 11. Behandlung ist kostenlos mit dem Kauf von 10 passenden Gutschein!  Das Prinzip der Dr. Life-Wellenmassage besteht darin, dass das sukzessive Aufblasen der Luftkammern in den Behandlungseinheiten, die an den Gliedma\u00dfen angebracht werden k\u00f6nnen, einen kontinuierlich wechselnden, pr\u00e4zisen Massageeffekt, einen Wellenmassageeffekt im Gewebe, erzeugt, der die f\u00fcr eine gesunde Blutzirkulation im Bein notwendige \u201eMuskelpumpe\u201c nachahmt. Die Probleme, die mit einer gest\u00f6rten Durchblutung einhergehen, beginnen in einem immer j\u00fcngeren Alter. Langfristig kommt es zu Gef\u00e4\u00dferweiterungen und Krampfadern am Kn\u00f6chel, im Knie und am Oberschenkel. Wenn Sie diesen Problemen vorbeugen oder bestehende Probleme beseitigen wollen, oder wenn Sie abnehmen und schlanker werden wollen, w\u00e4hlen Sie eine professionelle Behandlung, die f\u00fcr ein positives Wohlbefinden sorgt! Wir helfen Ihnen, wichtige physiologische Prozesse wiederherzustellen!  \u201eIch habe entdeckt, dass, wenn ich das Leben liebe, das Leben mich zur\u00fcck liebt\u201c - Arthur Rubinstein[:]\" \/>\n<meta property=\"og:url\" content=\"https:\/\/bassiana.hu\/wellness-hotel\/bodylab\/dr-life-hullammasszazs\/\" \/>\n<meta property=\"og:site_name\" content=\"Hotel Bassiana\" \/>\n<meta property=\"article:modified_time\" content=\"2025-01-08T11:26:17+00:00\" \/>\n<meta property=\"og:image\" content=\"https:\/\/bassiana.hu\/wp-content\/uploads\/2024\/10\/DR_life.jpeg\" \/>\n\t<meta property=\"og:image:width\" content=\"1068\" \/>\n\t<meta property=\"og:image:height\" content=\"653\" \/>\n\t<meta property=\"og:image:type\" content=\"image\/jpeg\" \/>\n<meta name=\"twitter:card\" content=\"summary_large_image\" \/>\n<meta name=\"twitter:label1\" content=\"Est. reading time\" \/>\n\t<meta name=\"twitter:data1\" content=\"1 minute\" \/>\n<script type=\"application\/ld+json\" class=\"yoast-schema-graph\">{\"@context\":\"https:\\\/\\\/schema.org\",\"@graph\":[{\"@type\":\"WebPage\",\"@id\":\"https:\\\/\\\/bassiana.hu\\\/wellness-hotel\\\/bodylab\\\/dr-life-hullammasszazs\\\/\",\"url\":\"https:\\\/\\\/bassiana.hu\\\/wellness-hotel\\\/bodylab\\\/dr-life-hullammasszazs\\\/\",\"name\":\"[:hu]Dr. Life hull\u00e1mmassz\u00e1zs[:en]DR. LIFE WAVE MASSAGE[:de]DR. LIFE WELLENMASSAGE[:] - Hotel Bassiana\",\"isPartOf\":{\"@id\":\"https:\\\/\\\/bassiana.hu\\\/#website\"},\"primaryImageOfPage\":{\"@id\":\"https:\\\/\\\/bassiana.hu\\\/wellness-hotel\\\/bodylab\\\/dr-life-hullammasszazs\\\/#primaryimage\"},\"image\":{\"@id\":\"https:\\\/\\\/bassiana.hu\\\/wellness-hotel\\\/bodylab\\\/dr-life-hullammasszazs\\\/#primaryimage\"},\"thumbnailUrl\":\"https:\\\/\\\/bassiana.hu\\\/wp-content\\\/uploads\\\/2024\\\/10\\\/DR_life.jpeg\",\"datePublished\":\"2024-10-01T11:03:12+00:00\",\"dateModified\":\"2025-01-08T11:26:17+00:00\",\"breadcrumb\":{\"@id\":\"https:\\\/\\\/bassiana.hu\\\/wellness-hotel\\\/bodylab\\\/dr-life-hullammasszazs\\\/#breadcrumb\"},\"inLanguage\":\"en-US\",\"potentialAction\":[{\"@type\":\"ReadAction\",\"target\":[\"https:\\\/\\\/bassiana.hu\\\/wellness-hotel\\\/bodylab\\\/dr-life-hullammasszazs\\\/\"]}]},{\"@type\":\"ImageObject\",\"inLanguage\":\"en-US\",\"@id\":\"https:\\\/\\\/bassiana.hu\\\/wellness-hotel\\\/bodylab\\\/dr-life-hullammasszazs\\\/#primaryimage\",\"url\":\"https:\\\/\\\/bassiana.hu\\\/wp-content\\\/uploads\\\/2024\\\/10\\\/DR_life.jpeg\",\"contentUrl\":\"https:\\\/\\\/bassiana.hu\\\/wp-content\\\/uploads\\\/2024\\\/10\\\/DR_life.jpeg\",\"width\":1068,\"height\":653},{\"@type\":\"BreadcrumbList\",\"@id\":\"https:\\\/\\\/bassiana.hu\\\/wellness-hotel\\\/bodylab\\\/dr-life-hullammasszazs\\\/#breadcrumb\",\"itemListElement\":[{\"@type\":\"ListItem\",\"position\":1,\"name\":\"Kezd\u0151lap\",\"item\":\"https:\\\/\\\/bassiana.hu\\\/\"},{\"@type\":\"ListItem\",\"position\":2,\"name\":\"Wellness\",\"item\":\"https:\\\/\\\/bassiana.hu\\\/wellness-hotel\\\/\"},{\"@type\":\"ListItem\",\"position\":3,\"name\":\"bodyLAB &#038; Beauty\",\"item\":\"https:\\\/\\\/bassiana.hu\\\/wellness-hotel\\\/bodylab\\\/\"},{\"@type\":\"ListItem\",\"position\":4,\"name\":\"Dr. Life hull\u00e1mmassz\u00e1zs\"}]},{\"@type\":\"WebSite\",\"@id\":\"https:\\\/\\\/bassiana.hu\\\/#website\",\"url\":\"https:\\\/\\\/bassiana.hu\\\/\",\"name\":\"Hotel Bassiana\",\"description\":\"S\u00e1rv\u00e1r\",\"publisher\":{\"@id\":\"https:\\\/\\\/bassiana.hu\\\/#organization\"},\"potentialAction\":[{\"@type\":\"SearchAction\",\"target\":{\"@type\":\"EntryPoint\",\"urlTemplate\":\"https:\\\/\\\/bassiana.hu\\\/?s={search_term_string}\"},\"query-input\":{\"@type\":\"PropertyValueSpecification\",\"valueRequired\":true,\"valueName\":\"search_term_string\"}}],\"inLanguage\":\"en-US\"},{\"@type\":\"Organization\",\"@id\":\"https:\\\/\\\/bassiana.hu\\\/#organization\",\"name\":\"Hotel Bassiana\",\"url\":\"https:\\\/\\\/bassiana.hu\\\/\",\"logo\":{\"@type\":\"ImageObject\",\"inLanguage\":\"en-US\",\"@id\":\"https:\\\/\\\/bassiana.hu\\\/#\\\/schema\\\/logo\\\/image\\\/\",\"url\":\"https:\\\/\\\/bassiana.hu\\\/wp-content\\\/uploads\\\/2025\\\/04\\\/RGBbassiana_logo_RGB_bassiana_boutique_logo_csillaggal_szines_feher_felirat.svg\",\"contentUrl\":\"https:\\\/\\\/bassiana.hu\\\/wp-content\\\/uploads\\\/2025\\\/04\\\/RGBbassiana_logo_RGB_bassiana_boutique_logo_csillaggal_szines_feher_felirat.svg\",\"caption\":\"Hotel Bassiana\"},\"image\":{\"@id\":\"https:\\\/\\\/bassiana.hu\\\/#\\\/schema\\\/logo\\\/image\\\/\"}}]}<\/script>\n<!-- \/ Yoast SEO plugin. -->","yoast_head_json":{"title":"[:hu]Dr. Life hull\u00e1mmassz\u00e1zs[:en]DR. LIFE WAVE MASSAGE[:de]DR. LIFE WELLENMASSAGE[:] - Hotel Bassiana","robots":{"index":"index","follow":"follow","max-snippet":"max-snippet:-1","max-image-preview":"max-image-preview:large","max-video-preview":"max-video-preview:-1"},"canonical":"https:\/\/bassiana.hu\/wellness-hotel\/bodylab\/dr-life-hullammasszazs\/","og_locale":"en_US","og_type":"article","og_title":"DR. LIFE WAVE MASSAGE - Hotel Bassiana","og_description":"[:hu]8.800 HUF (23 EUR) \/ 45 perc A szolg\u00e1ltat\u00e1s egy\u00e9ni kezel\u00e9sk\u00e9nt, vagy 5 \/ 10 alkalmas b\u00e9rletben v\u00e1s\u00e1rolhat\u00f3 meg. A 10 alkalmas b\u00e9rlet v\u00e1s\u00e1rl\u00e1sa set\u00e9n a 11. alkalom aj\u00e1nd\u00e9k!   A Dr. Life hull\u00e1mmassz\u00e1zs elve, hogy a v\u00e9gtagokra felhelyezhet\u0151 kezel\u0151 egys\u00e9gekben a l\u00e9gkamr\u00e1k egym\u00e1s ut\u00e1n t\u00f6rt\u00e9n\u0151 felf\u00fav\u00f3d\u00e1sa folyamatosan v\u00e1ltakoz\u00f3 prec\u00edz massz\u00e1zshat\u00e1st, hull\u00e1mmassz\u00e1zs effektust id\u00e9z el\u0151 a sz\u00f6vetekben, ut\u00e1nozva ezzel a l\u00e1b eg\u00e9szs\u00e9ges v\u00e9rkering\u00e9s\u00e9hez sz\u00fcks\u00e9ges \u201c izompump\u00e1t\u201d. Egyre fiatalabb korban kezd\u0151dnek a v\u00e9rkering\u00e9s k\u00e1rosod\u00e1s\u00e1val \u00f6sszef\u00fcgg\u0151 probl\u00e9m\u00e1k. Hossz\u00fa t\u00e1von megjelennek az \u00e9rt\u00e1gulatok, sepr\u0171v\u00e9n\u00e1k a boka k\u00f6r\u00fcl a t\u00e9rdhajlatban \u00e9s a combon. Ha szeretn\u00e9 megel\u0151zni ezeket a probl\u00e9m\u00e1kat vagy a m\u00e1r megl\u00e9v\u0151 probl\u00e9m\u00e1kt\u00f3l megszabadulni, illetve ha salaktalan\u00edt\u00e1s, karcs\u00fas\u00edt\u00e1s a c\u00e9l, v\u00e1lassza a pozit\u00edv k\u00f6z\u00e9rzetet biztos\u00edt\u00f3 szakszer\u0171 kezel\u00e9st! Seg\u00edt\u00fcnk helyre\u00e1ll\u00edtani az alapvet\u0151en fontos \u00e9lettani folyamatokat!  \u201eFelfedeztem, hogy ha szeretem az \u00e9letet, az \u00e9let viszontszeret.\u201d - Arthur Rubinstein[:en]8.800 HUF (23 EUR) \/ 45 minutes The service can be purchased as an individual treatment or as a 5 \/ 10 suitable voucher. The 11th treatment is free with the purchase of 10 suitable voucher!  The principle of the Dr. Life wave massage is that the successive inflation of the air chambers in the treatment units, which can be placed on the limbs, produces a continuously alternating precise massage effect, a wave massage effect in the tissues, mimicking the \"muscle pump\" necessary for healthy blood circulation in the leg. Problems associated with impaired circulation begin at an increasingly younger age. In the long term, vasodilatation and varicose veins appear around the ankle, in the knee and thigh. If you want to prevent these problems or get rid of existing problems, or if you want to lose weight and slim down, choose a professional treatment that ensures positive well-being! We help you restore essential physiological processes!  \"I discovered that if I love life, life loves me back\" - Arthur Rubinstein[:de]8.800 HUF (23 EUR) \/ 45 Minuten Die Dienstleistung kann als Einzelbehandlung oder als 5 \/ 10 passende Gutscheine gekauft werden. Die 11. Behandlung ist kostenlos mit dem Kauf von 10 passenden Gutschein!  Das Prinzip der Dr. Life-Wellenmassage besteht darin, dass das sukzessive Aufblasen der Luftkammern in den Behandlungseinheiten, die an den Gliedma\u00dfen angebracht werden k\u00f6nnen, einen kontinuierlich wechselnden, pr\u00e4zisen Massageeffekt, einen Wellenmassageeffekt im Gewebe, erzeugt, der die f\u00fcr eine gesunde Blutzirkulation im Bein notwendige \u201eMuskelpumpe\u201c nachahmt. Die Probleme, die mit einer gest\u00f6rten Durchblutung einhergehen, beginnen in einem immer j\u00fcngeren Alter. Langfristig kommt es zu Gef\u00e4\u00dferweiterungen und Krampfadern am Kn\u00f6chel, im Knie und am Oberschenkel. Wenn Sie diesen Problemen vorbeugen oder bestehende Probleme beseitigen wollen, oder wenn Sie abnehmen und schlanker werden wollen, w\u00e4hlen Sie eine professionelle Behandlung, die f\u00fcr ein positives Wohlbefinden sorgt! Wir helfen Ihnen, wichtige physiologische Prozesse wiederherzustellen!  \u201eIch habe entdeckt, dass, wenn ich das Leben liebe, das Leben mich zur\u00fcck liebt\u201c - Arthur Rubinstein[:]","og_url":"https:\/\/bassiana.hu\/wellness-hotel\/bodylab\/dr-life-hullammasszazs\/","og_site_name":"Hotel Bassiana","article_modified_time":"2025-01-08T11:26:17+00:00","og_image":[{"width":1068,"height":653,"url":"https:\/\/bassiana.hu\/wp-content\/uploads\/2024\/10\/DR_life.jpeg","type":"image\/jpeg"}],"twitter_card":"summary_large_image","twitter_misc":{"Est. reading time":"1 minute"},"schema":{"@context":"https:\/\/schema.org","@graph":[{"@type":"WebPage","@id":"https:\/\/bassiana.hu\/wellness-hotel\/bodylab\/dr-life-hullammasszazs\/","url":"https:\/\/bassiana.hu\/wellness-hotel\/bodylab\/dr-life-hullammasszazs\/","name":"[:hu]Dr. Life hull\u00e1mmassz\u00e1zs[:en]DR. LIFE WAVE MASSAGE[:de]DR. LIFE WELLENMASSAGE[:] - Hotel Bassiana","isPartOf":{"@id":"https:\/\/bassiana.hu\/#website"},"primaryImageOfPage":{"@id":"https:\/\/bassiana.hu\/wellness-hotel\/bodylab\/dr-life-hullammasszazs\/#primaryimage"},"image":{"@id":"https:\/\/bassiana.hu\/wellness-hotel\/bodylab\/dr-life-hullammasszazs\/#primaryimage"},"thumbnailUrl":"https:\/\/bassiana.hu\/wp-content\/uploads\/2024\/10\/DR_life.jpeg","datePublished":"2024-10-01T11:03:12+00:00","dateModified":"2025-01-08T11:26:17+00:00","breadcrumb":{"@id":"https:\/\/bassiana.hu\/wellness-hotel\/bodylab\/dr-life-hullammasszazs\/#breadcrumb"},"inLanguage":"en-US","potentialAction":[{"@type":"ReadAction","target":["https:\/\/bassiana.hu\/wellness-hotel\/bodylab\/dr-life-hullammasszazs\/"]}]},{"@type":"ImageObject","inLanguage":"en-US","@id":"https:\/\/bassiana.hu\/wellness-hotel\/bodylab\/dr-life-hullammasszazs\/#primaryimage","url":"https:\/\/bassiana.hu\/wp-content\/uploads\/2024\/10\/DR_life.jpeg","contentUrl":"https:\/\/bassiana.hu\/wp-content\/uploads\/2024\/10\/DR_life.jpeg","width":1068,"height":653},{"@type":"BreadcrumbList","@id":"https:\/\/bassiana.hu\/wellness-hotel\/bodylab\/dr-life-hullammasszazs\/#breadcrumb","itemListElement":[{"@type":"ListItem","position":1,"name":"Kezd\u0151lap","item":"https:\/\/bassiana.hu\/"},{"@type":"ListItem","position":2,"name":"Wellness","item":"https:\/\/bassiana.hu\/wellness-hotel\/"},{"@type":"ListItem","position":3,"name":"bodyLAB &#038; Beauty","item":"https:\/\/bassiana.hu\/wellness-hotel\/bodylab\/"},{"@type":"ListItem","position":4,"name":"Dr. Life hull\u00e1mmassz\u00e1zs"}]},{"@type":"WebSite","@id":"https:\/\/bassiana.hu\/#website","url":"https:\/\/bassiana.hu\/","name":"Hotel Bassiana","description":"S\u00e1rv\u00e1r","publisher":{"@id":"https:\/\/bassiana.hu\/#organization"},"potentialAction":[{"@type":"SearchAction","target":{"@type":"EntryPoint","urlTemplate":"https:\/\/bassiana.hu\/?s={search_term_string}"},"query-input":{"@type":"PropertyValueSpecification","valueRequired":true,"valueName":"search_term_string"}}],"inLanguage":"en-US"},{"@type":"Organization","@id":"https:\/\/bassiana.hu\/#organization","name":"Hotel Bassiana","url":"https:\/\/bassiana.hu\/","logo":{"@type":"ImageObject","inLanguage":"en-US","@id":"https:\/\/bassiana.hu\/#\/schema\/logo\/image\/","url":"https:\/\/bassiana.hu\/wp-content\/uploads\/2025\/04\/RGBbassiana_logo_RGB_bassiana_boutique_logo_csillaggal_szines_feher_felirat.svg","contentUrl":"https:\/\/bassiana.hu\/wp-content\/uploads\/2025\/04\/RGBbassiana_logo_RGB_bassiana_boutique_logo_csillaggal_szines_feher_felirat.svg","caption":"Hotel Bassiana"},"image":{"@id":"https:\/\/bassiana.hu\/#\/schema\/logo\/image\/"}}]}},"_links":{"self":[{"href":"https:\/\/bassiana.hu\/en\/wp-json\/wp\/v2\/pages\/576","targetHints":{"allow":["GET"]}}],"collection":[{"href":"https:\/\/bassiana.hu\/en\/wp-json\/wp\/v2\/pages"}],"about":[{"href":"https:\/\/bassiana.hu\/en\/wp-json\/wp\/v2\/types\/page"}],"author":[{"embeddable":true,"href":"https:\/\/bassiana.hu\/en\/wp-json\/wp\/v2\/users\/1"}],"replies":[{"embeddable":true,"href":"https:\/\/bassiana.hu\/en\/wp-json\/wp\/v2\/comments?post=576"}],"version-history":[{"count":10,"href":"https:\/\/bassiana.hu\/en\/wp-json\/wp\/v2\/pages\/576\/revisions"}],"predecessor-version":[{"id":1475,"href":"https:\/\/bassiana.hu\/en\/wp-json\/wp\/v2\/pages\/576\/revisions\/1475"}],"up":[{"embeddable":true,"href":"https:\/\/bassiana.hu\/en\/wp-json\/wp\/v2\/pages\/35"}],"wp:featuredmedia":[{"embeddable":true,"href":"https:\/\/bassiana.hu\/en\/wp-json\/wp\/v2\/media\/577"}],"wp:attachment":[{"href":"https:\/\/bassiana.hu\/en\/wp-json\/wp\/v2\/media?parent=576"}],"curies":[{"name":"wp","href":"https:\/\/api.w.org\/{rel}","templated":true}]}}